{"id":612,"date":"2021-03-04T14:34:14","date_gmt":"2021-03-04T13:34:14","guid":{"rendered":"http:\/\/image-bible.ch\/?page_id=612"},"modified":"2021-09-21T11:26:34","modified_gmt":"2021-09-21T09:26:34","slug":"a7-1-la-bible-des-pauvres","status":"publish","type":"page","link":"http:\/\/image-bible.ch\/?page_id=612","title":{"rendered":"A7.1 \/ La Bible des pauvres"},"content":{"rendered":"<p><\/p>\r\n<p style=\"text-align: center;\"><span style=\"font-size: 14pt; font-family: 'comic sans ms', sans-serif;\">A7. La chute des idoles \/ La Bible des pauvres<\/span><\/p>\r\n<p><img loading=\"lazy\" decoding=\"async\" class=\"alignnone  wp-image-5491\" src=\"http:\/\/image-bible.ch\/wp-content\/uploads\/2021\/05\/7.-Chute-des-idoles-en-Egypte-193x300.jpg\" alt=\"\" width=\"275\" height=\"427\" srcset=\"http:\/\/image-bible.ch\/wp-content\/uploads\/2021\/05\/7.-Chute-des-idoles-en-Egypte-193x300.jpg 193w, http:\/\/image-bible.ch\/wp-content\/uploads\/2021\/05\/7.-Chute-des-idoles-en-Egypte.jpg 633w\" sizes=\"(max-width: 275px) 100vw, 275px\" \/><\/p>\r\n<p>Types : <strong>Mo\u00efse brise les tables de la loi &#8211; le dieu Dagon bris\u00e9<\/strong><\/p>\r\n<p>Antitype : <strong>La chute des idoles<\/strong><\/p>\r\n<p>Dans<strong> l\u2019Exode<\/strong> on lit : Mo\u00efse lorsqu\u2019il descendit du sommet de la montagne, vit <em>un veau d\u2019or<\/em>, que <strong>Aaron<\/strong> avait model\u00e9. Mo\u00efse<strong> brisa<\/strong> lui-m\u00eame <em>les tables de la loi et le veau<\/em>. Ce fait, comme on dit, est une bonne pr\u00e9figuration de la <em>chute de toutes les idoles<\/em> lorsque le <strong>Christ<\/strong> p\u00e9n\u00e9tra en <strong>Egypte<\/strong>.<\/p>\r\n<p><i>Ex 32,15-20 : \u00a0\u00a0Mo\u00efse se retourna et descendit de la montagne avec, en main, les deux tables du T\u00e9moignage, tables \u00e9crites des deux c\u00f4t\u00e9s, \u00e9crites sur l&rsquo;une et l&rsquo;autre face.16.\u00a0Les tables \u00e9taient l&rsquo;\u0153uvre de Dieu et l&rsquo;\u00e9criture \u00e9tait celle de Dieu, grav\u00e9e sur les tables.17.\u00a0Josu\u00e9 entendit le bruit du peuple qui poussait des cris et il dit \u00e0 Mo\u00efse : \u00ab Il y a un bruit de bataille dans le camp !\u00bb18.\u00a0Mais il dit :\u00ab Ce n&rsquo;est pas le bruit de chants de victoire, ce n&rsquo;est pas le bruit de chants de d\u00e9faite, c&rsquo;est le bruit de chants altern\u00e9s que j&rsquo;entends. \u00bb19.\u00a0Et voici qu&rsquo;en approchant du camp il aper\u00e7ut le veau et des ch\u0153urs de danse. Mo\u00efse s&rsquo;enflamma de col\u00e8re ; il jeta de sa main les tables et les brisa au pied de la montagne.20.\u00a0Il prit le veau qu&rsquo;ils avaient fabriqu\u00e9, le br\u00fbla au feu, le moulut en poudre fine, et en saupoudra la surface de l&rsquo;eau qu&rsquo;il fit boire aux Isra\u00e9lites.<\/i><\/p>\r\n<p><i>\u00a0<\/i><\/p>\r\n<p>Dans le <strong>livre des Rois<\/strong> on lit : les <strong>philistins<\/strong> au lendemain o\u00f9 ils avaient plac\u00e9 l\u2019arche \u00e0 c\u00f4t\u00e9 de leur<strong> dieu Dagon<\/strong>, d\u00e9couvrirent en p\u00e9n\u00e9trant dans le temple <strong>Dagon<\/strong> avec sa <em>main bris\u00e9<strong>e<\/strong><\/em><strong> et sa <em>t\u00eate d\u00e9capit\u00e9e<\/em>. Cette pr\u00e9figuration fut vraiment accomplie lorsque l\u2019Arche de Dieu, c\u2019est le Christ arriva en Egypte.<\/strong><\/p>\r\n<p><i>1Sm 5,1-5 : Lorsque les Philistins se furent empar\u00e9s de l&rsquo;arche de Dieu, ils la conduisirent d&rsquo;\u00c9ben-ha-\u00c9z\u00e8r \u00e0 Ashod.2.\u00a0Les Philistins prirent l&rsquo;arche de Dieu, l&rsquo;introduisirent dans le temple de Dag\u00f4n et la d\u00e9pos\u00e8rent \u00e0 c\u00f4t\u00e9 de Dag\u00f4n.3.\u00a0Quand les Ashdodites se lev\u00e8rent le lendemain matin et vinrent au temple de Dag\u00f4n, voil\u00e0 que Dag\u00f4n \u00e9tait tomb\u00e9 sur sa face, par terre, devant l&rsquo;arche de Yahv\u00e9. Ils relev\u00e8rent Dag\u00f4n et le remirent \u00e0 sa place.4.\u00a0Mais, quand ils se lev\u00e8rent le lendemain de bon matin, voil\u00e0 que Dag\u00f4n \u00e9tait tomb\u00e9 sur sa face, par terre, devant l&rsquo;arche de Yahv\u00e9, et la t\u00eate de Dag\u00f4n et ses deux mains gisaient coup\u00e9es sur le seuil : il ne restait \u00e0 sa place que le tronc de Dag\u00f4n.5.\u00a0C&rsquo;est pourquoi les pr\u00eatres de Dag\u00f4n et tous ceux qui entrent dans le temple de Dag\u00f4n ne foulent pas du pied le seuil de Dag\u00f4n \u00e0 Ashdod, encore aujourd&rsquo;hui.<\/i><\/p>\r\n<p><i>\u00a0<\/i><i><strong>Isa\u00efe :<\/strong> Es 2,11 : <\/i><i>Les regards arrogants des humains seront abaiss\u00e9s, et la pr\u00e9tention des hommes sera humili\u00e9e. Seul le Seigneur sera exalt\u00e9 en ce jour-l\u00e0.<\/i><\/p>\r\n<p><i><strong>Os\u00e9e :<\/strong> Os 10,2 : <\/i><i>Son c\u0153ur est partag\u00e9 ; maintenant il va expier : le Seigneur renversera ses autels ; les st\u00e8les, il les d\u00e9truira.<\/i><\/p>\r\n<p><i><strong>Nahum :<\/strong> Na 1,14 : <\/i><i>Voici ce que le Seigneur a d\u00e9cr\u00e9t\u00e9 contre le roi de Ninive : De la maison de tes dieux je supprimerai les idoles, qu\u2019elles soient sculpt\u00e9es ou en m\u00e9tal fondu.<\/i><\/p>\r\n<p><i><strong>Zacharie :<\/strong> Za 13,2\u00a0 : <\/i><i>\u00a0Il arrivera, en ce jour-l\u00e0 \u2013 oracle du Seigneur de l\u2019univers \u2013, que je retrancherai du pays les noms des idoles : on n\u2019en fera plus m\u00e9moire. <\/i><\/p>\r\n<p>&nbsp;<\/p>\r\n<p>&nbsp;<\/p>\r\n","protected":false},"excerpt":{"rendered":"<p>A7. La chute des idoles \/ La Bible des pauvres Types : Mo\u00efse brise les tables de la loi &#8211; le dieu Dagon bris\u00e9 Antitype : La chute des idoles Dans l\u2019Exode on lit : Mo\u00efse lorsqu\u2019il descendit du sommet<\/p>\n","protected":false},"author":1,"featured_media":0,"parent":33,"menu_order":1,"comment_status":"closed","ping_status":"closed","template":"","meta":{"footnotes":""},"_links":{"self":[{"href":"http:\/\/image-bible.ch\/index.php?rest_route=\/wp\/v2\/pages\/612"}],"collection":[{"href":"http:\/\/image-bible.ch\/index.php?rest_route=\/wp\/v2\/pages"}],"about":[{"href":"http:\/\/image-bible.ch\/index.php?rest_route=\/wp\/v2\/types\/page"}],"author":[{"embeddable":true,"href":"http:\/\/image-bible.ch\/index.php?rest_route=\/wp\/v2\/users\/1"}],"replies":[{"embeddable":true,"href":"http:\/\/image-bible.ch\/index.php?rest_route=%2Fwp%2Fv2%2Fcomments&post=612"}],"version-history":[{"count":6,"href":"http:\/\/image-bible.ch\/index.php?rest_route=\/wp\/v2\/pages\/612\/revisions"}],"predecessor-version":[{"id":6224,"href":"http:\/\/image-bible.ch\/index.php?rest_route=\/wp\/v2\/pages\/612\/revisions\/6224"}],"up":[{"embeddable":true,"href":"http:\/\/image-bible.ch\/index.php?rest_route=\/wp\/v2\/pages\/33"}],"wp:attachment":[{"href":"http:\/\/image-bible.ch\/index.php?rest_route=%2Fwp%2Fv2%2Fmedia&parent=612"}],"curies":[{"name":"wp","href":"https:\/\/api.w.org\/{rel}","templated":true}]}}