{"id":626,"date":"2021-03-04T14:42:29","date_gmt":"2021-03-04T13:42:29","guid":{"rendered":"http:\/\/image-bible.ch\/?page_id=626"},"modified":"2021-09-21T11:27:11","modified_gmt":"2021-09-21T09:27:11","slug":"a7-4-ancien-testament","status":"publish","type":"page","link":"http:\/\/image-bible.ch\/?page_id=626","title":{"rendered":"A7.4 \/ Ancien-Testament"},"content":{"rendered":"<p style=\"text-align: center;\"><span style=\"font-size: 14pt; font-family: 'comic sans ms', sans-serif;\">A7. La chute des idoles \/ Ancien-Testament<\/span><\/p>\n<p><img loading=\"lazy\" decoding=\"async\" class=\"alignnone size-medium wp-image-5487\" src=\"http:\/\/image-bible.ch\/wp-content\/uploads\/2021\/05\/7.-Chute-des-idoles-en-Egypte-A-Moise-189x300.jpg\" alt=\"\" width=\"189\" height=\"300\" srcset=\"http:\/\/image-bible.ch\/wp-content\/uploads\/2021\/05\/7.-Chute-des-idoles-en-Egypte-A-Moise-189x300.jpg 189w, http:\/\/image-bible.ch\/wp-content\/uploads\/2021\/05\/7.-Chute-des-idoles-en-Egypte-A-Moise.jpg 311w\" sizes=\"(max-width: 189px) 100vw, 189px\" \/><\/p>\n<p><strong>Mo\u00efse brise les tables de la loi<\/strong><\/p>\n<p>Dans<strong> l\u2019Exode<\/strong> on lit : Mo\u00efse lorsqu\u2019il descendit du sommet de la montagne, vit <em>un veau d\u2019or<\/em>, que <strong>Aaron<\/strong> avait model\u00e9. Mo\u00efse<strong> brisa<\/strong> lui-m\u00eame <em>les tables de la loi et le veau<\/em>. Ce fait, comme on dit, est une bonne pr\u00e9figuration de la <em>chute de toutes les idoles<\/em> lorsque le <strong>Christ<\/strong> p\u00e9n\u00e9tra en <strong>Egypte<\/strong>.<\/p>\n<p><i>Ex 32,9-25 : <\/i><\/p>\n<p><sup><span class=\"verse_number\" style=\"color: #0000ff;\">9<\/span><\/sup> Le Seigneur dit encore \u00e0 Mo\u00efse\u00a0: \u00ab\u00a0Je vois que ce peuple est un peuple \u00e0 la nuque raide.<\/p>\n<p><sup><span class=\"verse_number\" style=\"color: #0000ff;\">10<\/span><\/sup> Maintenant, laisse-moi faire\u00a0; ma col\u00e8re va s\u2019enflammer contre eux et je vais les exterminer\u00a0! Mais, de toi, je ferai une grande nation.\u00a0\u00bb<\/p>\n<p><sup><span class=\"verse_number\" style=\"color: #0000ff;\">11<\/span><\/sup> Mo\u00efse apaisa le visage du Seigneur son Dieu en disant\u00a0: \u00ab\u00a0Pourquoi, Seigneur, ta col\u00e8re s\u2019enflammerait-elle contre ton peuple, que tu as fait sortir du pays d\u2019\u00c9gypte par ta grande force et ta main puissante\u00a0?<\/p>\n<p><sup><span class=\"verse_number\" style=\"color: #0000ff;\">12<\/span><\/sup> Pourquoi donner aux \u00c9gyptiens l\u2019occasion de dire\u00a0: \u201cC\u2019est par m\u00e9chancet\u00e9 qu\u2019il les a fait sortir\u00a0; il voulait les tuer dans les montagnes et les exterminer \u00e0 la surface de la terre\u201d\u00a0? Reviens de l\u2019ardeur de ta col\u00e8re, renonce au mal que tu veux faire \u00e0 ton peuple.<\/p>\n<p><sup><span class=\"verse_number\" style=\"color: #0000ff;\">13<\/span><\/sup> Souviens-toi de tes serviteurs, Abraham, Isaac et Isra\u00ebl, \u00e0 qui tu as jur\u00e9 par toi-m\u00eame\u00a0: \u201cJe multiplierai votre descendance comme les \u00e9toiles du ciel\u00a0; je donnerai, comme je l\u2019ai dit, tout ce pays \u00e0 vos descendants, et il sera pour toujours leur h\u00e9ritage.\u201d\u00a0\u00bb<\/p>\n<p><sup><span class=\"verse_number\" style=\"color: #0000ff;\">14<\/span><\/sup> Le Seigneur renon\u00e7a au mal qu\u2019il avait voulu faire \u00e0 son peuple.<\/p>\n<p><sup><span class=\"verse_number\" style=\"color: #0000ff;\">15<\/span><\/sup> Mo\u00efse redescendit de la montagne. Il portait les deux tables du T\u00e9moignage ; ces tables \u00e9taient \u00e9crites sur les deux faces ; <sup><span class=\"verse_number\" style=\"color: #0000ff;\">16<\/span><\/sup> elles \u00e9taient l\u2019\u0153uvre de Dieu, et l\u2019\u00e9criture, c\u2019\u00e9tait l\u2019\u00e9criture de Dieu, grav\u00e9e sur ces tables.<\/p>\n<p><sup><span class=\"verse_number\" style=\"color: #0000ff;\">17<\/span><\/sup> Josu\u00e9 entendit le bruit et le tumulte du peuple et dit \u00e0 Mo\u00efse\u00a0: \u00ab\u00a0Bruit de bataille dans le camp.\u00a0\u00bb<\/p>\n<p><sup><span class=\"verse_number\" style=\"color: #0000ff;\">18<\/span><\/sup> Mo\u00efse r\u00e9pliqua\u00a0: \u00ab\u00a0Ces bruits, ce ne sont pas des chants de victoire ni de d\u00e9faite\u00a0; ce que j\u2019entends, ce sont des cantiques qui se r\u00e9pondent.\u00a0\u00bb<\/p>\n<p><sup><span class=\"verse_number\" style=\"color: #0000ff;\">19<\/span><\/sup> Comme il approchait du camp, il aper\u00e7ut le veau et les danses. Il s\u2019enflamma de col\u00e8re, il jeta les tables qu\u2019il portait, et les brisa au bas de la montagne.<\/p>\n<p><sup><span class=\"verse_number\" style=\"color: #0000ff;\">20<\/span><\/sup> Il se saisit du veau qu\u2019ils avaient fait, le br\u00fbla, le r\u00e9duisit en poussi\u00e8re, qu\u2019il r\u00e9pandit \u00e0 la surface de l\u2019eau. Et cette eau, il la fit boire aux fils d\u2019Isra\u00ebl.<\/p>\n<p><sup><span class=\"verse_number\" style=\"color: #0000ff;\">21<\/span><\/sup> Mo\u00efse dit \u00e0 Aaron\u00a0: \u00ab\u00a0Qu\u2019est-ce que ce peuple t\u2019avait donc fait, pour que tu l\u2019aies entra\u00een\u00e9 dans un si grand p\u00e9ch\u00e9\u00a0?\u00a0\u00bb<\/p>\n<p><sup><span class=\"verse_number\" style=\"color: #0000ff;\">22<\/span><\/sup> Aaron r\u00e9pondit\u00a0: \u00ab\u00a0Que mon seigneur ne s\u2019enflamme pas de col\u00e8re\u00a0! Tu sais bien que ce peuple est port\u00e9 au mal\u00a0!<\/p>\n<p><sup><span class=\"verse_number\" style=\"color: #0000ff;\">23 <\/span><\/sup>C\u2019est eux qui m\u2019ont dit\u00a0: \u201cFais-nous des dieux qui marchent devant nous. Car ce Mo\u00efse, l\u2019homme qui nous a fait monter du pays d\u2019\u00c9gypte, nous ne savons pas ce qui lui est arriv\u00e9.\u201d<\/p>\n<p><sup><span class=\"verse_number\" style=\"color: #0000ff;\">24<\/span><\/sup> Je leur ai dit\u00a0: \u201cCeux d\u2019entre vous qui ont de l\u2019or, qu\u2019ils s\u2019en d\u00e9pouillent.\u201d Ils me l\u2019ont donn\u00e9, je l\u2019ai jet\u00e9 au feu, et il en est sorti ce veau.\u00a0\u00bb<\/p>\n<p><sup><span class=\"verse_number\" style=\"color: #0000ff;\">25<\/span><\/sup> Mo\u00efse vit que le peuple \u00e9tait d\u00e9brid\u00e9, car Aaron leur avait laiss\u00e9 la bride sur le cou, les exposant aux moqueries de leurs adversaires.<\/p>\n<p><span style=\"color: #993300;\"><strong>Vocabulaire :<\/strong><\/span><\/p>\n<p>&nbsp;<\/p>\n<p><span style=\"color: #0000ff;\"><strong>Questions :<\/strong><\/span><\/p>\n<p>&nbsp;<\/p>\n<p>&nbsp;<\/p>\n<p><strong>Commentaire :<\/strong><\/p>\n<p>&nbsp;<\/p>\n<p>&nbsp;<\/p>\n<p><img loading=\"lazy\" decoding=\"async\" class=\"alignnone size-medium wp-image-5488\" src=\"http:\/\/image-bible.ch\/wp-content\/uploads\/2021\/05\/7.-Chute-des-idoles-en-Egypte-B-Dagon-arche-195x300.jpg\" alt=\"\" width=\"195\" height=\"300\" srcset=\"http:\/\/image-bible.ch\/wp-content\/uploads\/2021\/05\/7.-Chute-des-idoles-en-Egypte-B-Dagon-arche-195x300.jpg 195w, http:\/\/image-bible.ch\/wp-content\/uploads\/2021\/05\/7.-Chute-des-idoles-en-Egypte-B-Dagon-arche.jpg 321w\" sizes=\"(max-width: 195px) 100vw, 195px\" \/><\/p>\n<p>Dans le <strong>livre des Rois<\/strong> on lit : les <strong>philistins<\/strong> au lendemain o\u00f9 ils avaient plac\u00e9 l\u2019arche \u00e0 c\u00f4t\u00e9 de leur<strong> dieu Dagon<\/strong>, d\u00e9couvrirent en p\u00e9n\u00e9trant dans le temple <strong>Dagon<\/strong> avec sa <em>main bris\u00e9<strong>e<\/strong><\/em><strong> et sa <em>t\u00eate d\u00e9capit\u00e9e<\/em>. Cette pr\u00e9figuration fut vraiment accomplie lorsque l\u2019Arche de Dieu, c\u2019est le Christ arriva en Egypte.<\/strong><\/p>\n<p><i>1Sm 5,1-5 :<\/i><\/p>\n<p><sup><span class=\"verse_number\" style=\"color: #0000ff;\">1<\/span><\/sup> Les Philistins avaient donc pris l\u2019arche de Dieu. Ils la firent venir d\u2019\u00c9b\u00e8ne-\u00c9z\u00e8r \u00e0 Ashdod.<\/p>\n<p><sup><span class=\"verse_number\" style=\"color: #0000ff;\">2<\/span><\/sup> Ils prirent l\u2019arche de Dieu pour l\u2019introduire dans la maison du dieu Dagone\u00a0; ils la plac\u00e8rent \u00e0 c\u00f4t\u00e9 de Dagone.<\/p>\n<p><sup><span class=\"verse_number\" style=\"color: #0000ff;\">3<\/span><\/sup> Mais lorsque les gens d\u2019Ashdod se lev\u00e8rent t\u00f4t le lendemain, voici que Dagone \u00e9tait tomb\u00e9 face contre terre devant l\u2019arche du Seigneur. Ils prirent Dagone et le remirent \u00e0 sa place.<\/p>\n<p><sup><span class=\"verse_number\" style=\"color: #0000ff;\">4<\/span><\/sup> Ils se lev\u00e8rent t\u00f4t le lendemain matin, et voici que Dagone \u00e9tait tomb\u00e9 face contre terre devant l\u2019arche du Seigneur\u00a0; la t\u00eate de Dagone et les deux paumes de ses mains, coup\u00e9es, se trouvaient sur le seuil. De Dagone, seul le corps \u00e9tait rest\u00e9 \u00e0 sa place.<\/p>\n<p><sup><span class=\"verse_number\" style=\"color: #0000ff;\">5<\/span><\/sup> Voil\u00e0 pourquoi, aujourd\u2019hui encore, \u00e0 Ashdod, les pr\u00eatres de Dagone et tous ceux qui entrent dans la maison de Dagone \u00e9vitent de fouler le seuil.<\/p>\n<p><sup><span class=\"verse_number\" style=\"color: #0000ff;\">6<\/span><\/sup> La main du Seigneur pesa lourdement sur les gens d\u2019Ashdod. Il fit chez eux des ravages, il frappa de tumeurs Ashdod et son territoire.<\/p>\n<p><sup><span class=\"verse_number\" style=\"color: #0000ff;\">7<\/span><\/sup> Lorsque les gens d\u2019Ashdod virent ce qu\u2019il en \u00e9tait, ils dirent\u00a0: \u00ab\u00a0Que l\u2019arche du Dieu d\u2019Isra\u00ebl ne reste pas chez nous, car sa main s\u2019est faite dure contre nous et contre Dagone notre dieu\u00a0!\u00a0\u00bb<\/p>\n<p><span style=\"color: #993300;\"><strong>Vocabulaire :<\/strong><\/span><\/p>\n<p>&nbsp;<\/p>\n<p><span style=\"color: #0000ff;\"><strong>Questions :<\/strong><\/span><\/p>\n<p>&nbsp;<\/p>\n<p>&nbsp;<\/p>\n<p><strong>Commentaire :<\/strong><\/p>\n<p>&nbsp;<\/p>\n<p><strong>Proph\u00e8tes :<\/strong><\/p>\n<p><img loading=\"lazy\" decoding=\"async\" class=\"alignnone size-medium wp-image-5490\" src=\"http:\/\/image-bible.ch\/wp-content\/uploads\/2021\/05\/7.-Chute-des-idoles-en-Egypte-D-300x236.jpg\" alt=\"\" width=\"300\" height=\"236\" srcset=\"http:\/\/image-bible.ch\/wp-content\/uploads\/2021\/05\/7.-Chute-des-idoles-en-Egypte-D-300x236.jpg 300w, http:\/\/image-bible.ch\/wp-content\/uploads\/2021\/05\/7.-Chute-des-idoles-en-Egypte-D.jpg 632w\" sizes=\"(max-width: 300px) 100vw, 300px\" \/><\/p>\n<p><i>\u00a0<\/i><i><strong>Isa\u00efe :<\/strong> Es 2,11 : <\/i><i>Les regards arrogants des humains seront abaiss\u00e9s, et la pr\u00e9tention des hommes sera humili\u00e9e. Seul le Seigneur sera exalt\u00e9 en ce jour-l\u00e0.<\/i><\/p>\n<p><i><strong>Os\u00e9e :<\/strong> Os 10,2 : <\/i><i>Son c\u0153ur est partag\u00e9 ; maintenant il va expier : le Seigneur renversera ses autels ; les st\u00e8les, il les d\u00e9truira.<\/i><\/p>\n<p><i><strong>Nahum :<\/strong> Na 1,14 : <\/i><i>Voici ce que le Seigneur a d\u00e9cr\u00e9t\u00e9 contre le roi de Ninive : De la maison de tes dieux je supprimerai les idoles, qu\u2019elles soient sculpt\u00e9es ou en m\u00e9tal fondu.<\/i><\/p>\n<p><i><strong>Zacharie :<\/strong> Za 13,2\u00a0 : <\/i><i>\u00a0Il arrivera, en ce jour-l\u00e0 \u2013 oracle du Seigneur de l\u2019univers \u2013, que je retrancherai du pays les noms des idoles : on n\u2019en fera plus m\u00e9moire. <\/i><\/p>\n<p>&nbsp;<\/p>\n","protected":false},"excerpt":{"rendered":"<p>A7. La chute des idoles \/ Ancien-Testament Mo\u00efse brise les tables de la loi Dans l\u2019Exode on lit : Mo\u00efse lorsqu\u2019il descendit du sommet de la montagne, vit un veau d\u2019or, que Aaron avait model\u00e9. Mo\u00efse brisa lui-m\u00eame les tables<\/p>\n","protected":false},"author":1,"featured_media":0,"parent":33,"menu_order":4,"comment_status":"closed","ping_status":"closed","template":"","meta":{"footnotes":""},"_links":{"self":[{"href":"http:\/\/image-bible.ch\/index.php?rest_route=\/wp\/v2\/pages\/626"}],"collection":[{"href":"http:\/\/image-bible.ch\/index.php?rest_route=\/wp\/v2\/pages"}],"about":[{"href":"http:\/\/image-bible.ch\/index.php?rest_route=\/wp\/v2\/types\/page"}],"author":[{"embeddable":true,"href":"http:\/\/image-bible.ch\/index.php?rest_route=\/wp\/v2\/users\/1"}],"replies":[{"embeddable":true,"href":"http:\/\/image-bible.ch\/index.php?rest_route=%2Fwp%2Fv2%2Fcomments&post=626"}],"version-history":[{"count":7,"href":"http:\/\/image-bible.ch\/index.php?rest_route=\/wp\/v2\/pages\/626\/revisions"}],"predecessor-version":[{"id":6225,"href":"http:\/\/image-bible.ch\/index.php?rest_route=\/wp\/v2\/pages\/626\/revisions\/6225"}],"up":[{"embeddable":true,"href":"http:\/\/image-bible.ch\/index.php?rest_route=\/wp\/v2\/pages\/33"}],"wp:attachment":[{"href":"http:\/\/image-bible.ch\/index.php?rest_route=%2Fwp%2Fv2%2Fmedia&parent=626"}],"curies":[{"name":"wp","href":"https:\/\/api.w.org\/{rel}","templated":true}]}}