{"id":630,"date":"2021-03-04T14:43:36","date_gmt":"2021-03-04T13:43:36","guid":{"rendered":"http:\/\/image-bible.ch\/?page_id=630"},"modified":"2021-09-15T18:18:43","modified_gmt":"2021-09-15T16:18:43","slug":"a7-6-icone","status":"publish","type":"page","link":"http:\/\/image-bible.ch\/?page_id=630","title":{"rendered":"A7.6 \/ Ic\u00f4ne"},"content":{"rendered":"<p style=\"text-align: center;\"><span style=\"font-size: 14pt; font-family: 'comic sans ms', sans-serif;\">A7. La chute des idoles \/ Ic\u00f4ne<\/span><\/p>\n<p>Pas d&rsquo;ic\u00f4ne de ce r\u00e9cit \u00e0 notre connaissance.<\/p>\n","protected":false},"excerpt":{"rendered":"<p>A7. La chute des idoles \/ Ic\u00f4ne Pas d&rsquo;ic\u00f4ne de ce r\u00e9cit \u00e0 notre connaissance.<\/p>\n","protected":false},"author":1,"featured_media":0,"parent":33,"menu_order":6,"comment_status":"closed","ping_status":"closed","template":"","meta":{"footnotes":""},"_links":{"self":[{"href":"http:\/\/image-bible.ch\/index.php?rest_route=\/wp\/v2\/pages\/630"}],"collection":[{"href":"http:\/\/image-bible.ch\/index.php?rest_route=\/wp\/v2\/pages"}],"about":[{"href":"http:\/\/image-bible.ch\/index.php?rest_route=\/wp\/v2\/types\/page"}],"author":[{"embeddable":true,"href":"http:\/\/image-bible.ch\/index.php?rest_route=\/wp\/v2\/users\/1"}],"replies":[{"embeddable":true,"href":"http:\/\/image-bible.ch\/index.php?rest_route=%2Fwp%2Fv2%2Fcomments&post=630"}],"version-history":[{"count":4,"href":"http:\/\/image-bible.ch\/index.php?rest_route=\/wp\/v2\/pages\/630\/revisions"}],"predecessor-version":[{"id":5910,"href":"http:\/\/image-bible.ch\/index.php?rest_route=\/wp\/v2\/pages\/630\/revisions\/5910"}],"up":[{"embeddable":true,"href":"http:\/\/image-bible.ch\/index.php?rest_route=\/wp\/v2\/pages\/33"}],"wp:attachment":[{"href":"http:\/\/image-bible.ch\/index.php?rest_route=%2Fwp%2Fv2%2Fmedia&parent=630"}],"curies":[{"name":"wp","href":"https:\/\/api.w.org\/{rel}","templated":true}]}}