{"id":649,"date":"2021-03-04T15:10:23","date_gmt":"2021-03-04T14:10:23","guid":{"rendered":"http:\/\/image-bible.ch\/?page_id=649"},"modified":"2021-05-25T14:36:00","modified_gmt":"2021-05-25T12:36:00","slug":"a8-1-la-bible-des-pauvres","status":"publish","type":"page","link":"http:\/\/image-bible.ch\/?page_id=649","title":{"rendered":"A8.1 \/ La Bible des pauvres"},"content":{"rendered":"<p style=\"text-align: center;\"><span style=\"font-size: 14pt; font-family: 'comic sans ms', sans-serif;\">A8. Le massacre des innocents \/ La Bible des pauvres<\/span><\/p>\n<p><img loading=\"lazy\" decoding=\"async\" class=\"alignnone  wp-image-5499\" src=\"http:\/\/image-bible.ch\/wp-content\/uploads\/2021\/05\/8.-Massacre-des-innocents--195x300.jpg\" alt=\"\" width=\"254\" height=\"391\" srcset=\"http:\/\/image-bible.ch\/wp-content\/uploads\/2021\/05\/8.-Massacre-des-innocents--195x300.jpg 195w, http:\/\/image-bible.ch\/wp-content\/uploads\/2021\/05\/8.-Massacre-des-innocents--666x1024.jpg 666w, http:\/\/image-bible.ch\/wp-content\/uploads\/2021\/05\/8.-Massacre-des-innocents--768x1180.jpg 768w, http:\/\/image-bible.ch\/wp-content\/uploads\/2021\/05\/8.-Massacre-des-innocents-.jpg 844w\" sizes=\"(max-width: 254px) 100vw, 254px\" \/><\/p>\n<p>Types : <strong>David laisse tuer les pr\u00eatres par Sa\u00fcl &#8211; la reine Athalie fait tuer tous les fils du roi<\/strong><\/p>\n<p>Antitype : <strong>Le massacre des innocents<\/strong><\/p>\n<p><strong>David laisse tuer les pr\u00eatres par Sa\u00fcl<\/strong><\/p>\n<p>Dans le livre des Rois on li : le roi <strong>Sa\u00fcl<\/strong> fit p\u00e9rir <strong>\u00e0 Nov<\/strong> <strong>tous les pr\u00eatres<\/strong>, parce qu\u2019ils avaient accueillit <strong>David<\/strong> dans sa fuite et l\u2019avaient nourrit des pains consacr\u00e9s. <strong>Sa\u00fcl<\/strong> est une pr\u00e9figuration de <strong>H\u00e9rode<\/strong>, <strong>David<\/strong> signifie <strong>le Christ<\/strong>, <strong>les pr\u00eatres<\/strong> signifient <strong>les enfants<\/strong> que H\u00e9rode fit p\u00e9rir \u00e0 cause du Christ.<\/p>\n<p><i>1 Sm 22,18 : \u00a0\u00a0Le roi ordonna aux coureurs qui se tenaient pr\u00e8s de lui : \u00ab Approchez et mettez \u00e0 mort les pr\u00eatres de Yahv\u00e9, car ils ont eux aussi pr\u00eat\u00e9 la main \u00e0 David, ils ont su qu&rsquo;il fuyait et ils ne m&rsquo;ont pas averti. \u00bb Mais les gardes du roi ne voulurent pas porter la main sur les pr\u00eatres de Yahv\u00e9 et les frapper.18.\u00a0Alors, le roi dit \u00e0 Do\u00e8g : \u00ab Toi, approche et frappe les pr\u00eatres. \u00bb Do\u00e8g l&rsquo;\u00c9domite s&rsquo;approcha et frappa lui-m\u00eame les pr\u00eatres : il mit \u00e0 mort ce jour-l\u00e0 quatre-vingt-cinq hommes qui portaient le pagne de lin.19.\u00a0Quant \u00e0 Nob, la ville des pr\u00eatres, Sa\u00fcl la passa au fil de l&rsquo;\u00e9p\u00e9e, hommes et femmes, enfants et nourrissons, b\u0153ufs, \u00e2nes, brebis..<\/i><\/p>\n<p><i> L<strong>a reine Athalie fait tuer tous les fils du roi<\/strong><\/i><\/p>\n<p style=\"text-align: justify;\">Dans <strong>le livre des Rois<\/strong> on lit : la reine <strong>Athalie<\/strong>, lorsqu\u2019elle vit que son fils <strong>Ochozias<\/strong> \u00e9tait mort, fit p\u00e9rir tous les fils du roi. Apr\u00e8s cela elle <em>r\u00e9gna seule<\/em> \u00e0 la place de son fils. De ce massacre la fille du roi sauva le plus jeune fils <strong>Joram<\/strong> qui devint roi plus tard. <strong>L\u2019affreuse reine signifie H\u00e9rode<\/strong>, qui fit p\u00e9rir les enfants \u00e0 cause du Christ. L\u2019enfant sauv\u00e9 du massacre est une <strong>pr\u00e9figuration du Christ<\/strong>.<\/p>\n<p><i>2R 11,1-3 : Lorsque la m\u00e8re d&rsquo;Ochozias, Athalie, eut appris que son fils \u00e9tait mort, elle entreprit d&rsquo;exterminer toute la descendance royale.2.\u00a0Mais Yehosh\u00e9ba fille du roi Joram et s\u0153ur d&rsquo;Ochozias, retira furtivement Joas, son neveu, du groupe des fils du roi qu&rsquo;on massacrait et elle le mit, avec sa nourrice, dans la chambre des lits; elle le d\u00e9roba ainsi \u00e0 Athalie et il ne fut pas mis \u00e0 mort.3.\u00a0Il resta six ans avec elle, cach\u00e9 dans le Temple de Yahv\u00e9, pendant qu&rsquo;Athalie r\u00e9gnait sur le pays.<\/i><\/p>\n<p><i>\u00a0<\/i><\/p>\n<p><i><strong>David :<\/strong> Ps 78,3 (79,13)<\/i><\/p>\n<p><i><strong>Isa\u00efe :<\/strong>\u00a0 (Os 8,4)<\/i><\/p>\n<p><i><strong>Salomon :<\/strong> Pr 28,15<\/i><\/p>\n<p><i><strong>J\u00e9r\u00e9mie :<\/strong> Jr 31,15 \/ Mt 2,18<\/i><\/p>\n<p>&nbsp;<\/p>\n<p>&nbsp;<\/p>\n","protected":false},"excerpt":{"rendered":"<p>A8. Le massacre des innocents \/ La Bible des pauvres Types : David laisse tuer les pr\u00eatres par Sa\u00fcl &#8211; la reine Athalie fait tuer tous les fils du roi Antitype : Le massacre des innocents David laisse tuer les<\/p>\n","protected":false},"author":1,"featured_media":0,"parent":35,"menu_order":1,"comment_status":"closed","ping_status":"closed","template":"","meta":{"footnotes":""},"_links":{"self":[{"href":"http:\/\/image-bible.ch\/index.php?rest_route=\/wp\/v2\/pages\/649"}],"collection":[{"href":"http:\/\/image-bible.ch\/index.php?rest_route=\/wp\/v2\/pages"}],"about":[{"href":"http:\/\/image-bible.ch\/index.php?rest_route=\/wp\/v2\/types\/page"}],"author":[{"embeddable":true,"href":"http:\/\/image-bible.ch\/index.php?rest_route=\/wp\/v2\/users\/1"}],"replies":[{"embeddable":true,"href":"http:\/\/image-bible.ch\/index.php?rest_route=%2Fwp%2Fv2%2Fcomments&post=649"}],"version-history":[{"count":5,"href":"http:\/\/image-bible.ch\/index.php?rest_route=\/wp\/v2\/pages\/649\/revisions"}],"predecessor-version":[{"id":5503,"href":"http:\/\/image-bible.ch\/index.php?rest_route=\/wp\/v2\/pages\/649\/revisions\/5503"}],"up":[{"embeddable":true,"href":"http:\/\/image-bible.ch\/index.php?rest_route=\/wp\/v2\/pages\/35"}],"wp:attachment":[{"href":"http:\/\/image-bible.ch\/index.php?rest_route=%2Fwp%2Fv2%2Fmedia&parent=649"}],"curies":[{"name":"wp","href":"https:\/\/api.w.org\/{rel}","templated":true}]}}