{"id":655,"date":"2021-03-04T15:11:23","date_gmt":"2021-03-04T14:11:23","guid":{"rendered":"http:\/\/image-bible.ch\/?page_id=655"},"modified":"2021-09-21T11:22:23","modified_gmt":"2021-09-21T09:22:23","slug":"a8-4-ancien-testament","status":"publish","type":"page","link":"http:\/\/image-bible.ch\/?page_id=655","title":{"rendered":"A8.4 \/ Ancien-Testament"},"content":{"rendered":"<p style=\"text-align: center;\"><span style=\"font-size: 14pt; font-family: 'comic sans ms', sans-serif;\">A8. Le massacre des innocents \/ Ancien-Testament<\/span><\/p>\n<p><img loading=\"lazy\" decoding=\"async\" class=\"alignnone size-medium wp-image-5506\" src=\"http:\/\/image-bible.ch\/wp-content\/uploads\/2021\/05\/8.-Massacre-des-innocents-C--190x300.jpg\" alt=\"\" width=\"190\" height=\"300\" srcset=\"http:\/\/image-bible.ch\/wp-content\/uploads\/2021\/05\/8.-Massacre-des-innocents-C--190x300.jpg 190w, http:\/\/image-bible.ch\/wp-content\/uploads\/2021\/05\/8.-Massacre-des-innocents-C-.jpg 412w\" sizes=\"(max-width: 190px) 100vw, 190px\" \/><\/p>\n<h3><strong>David laisse tuer les pr\u00eatres par Sa\u00fcl<\/strong><\/h3>\n<p><i>1 Sm 22,11-21: <\/i><\/p>\n<p><sup><span class=\"verse_number\" style=\"color: #0000ff;\">11<\/span><\/sup> Alors le roi fit convoquer le pr\u00eatre Ahim\u00e9lek, fils d\u2019Ahitoub, et toute la maison de son p\u00e8re, c\u2019est-\u00e0-dire les pr\u00eatres qui \u00e9taient \u00e0 Nob. Ils vinrent tous aupr\u00e8s du roi.<\/p>\n<p><sup><span class=\"verse_number\" style=\"color: #0000ff;\">12<\/span><\/sup> Sa\u00fcl dit\u00a0: \u00ab\u00a0\u00c9coute bien, fils d\u2019Ahitoub\u00a0!\u00a0\u00bb Et celui-ci d\u00e9clara\u00a0: \u00ab\u00a0Me voici, mon seigneur.\u00a0\u00bb<\/p>\n<p><sup><span class=\"verse_number\" style=\"color: #0000ff;\">13<\/span><\/sup> Sa\u00fcl lui dit\u00a0: \u00ab\u00a0Pourquoi avez-vous conspir\u00e9 contre moi, toi et le fils de Jess\u00e9, quand tu lui as fourni du pain et une \u00e9p\u00e9e, quand tu as consult\u00e9 Dieu en sa faveur, pour qu\u2019il se dresse contre moi et me tende une embuscade, comme aujourd\u2019hui\u00a0?\u00a0\u00bb<\/p>\n<p><sup><span class=\"verse_number\" style=\"color: #0000ff;\">14 <\/span><\/sup>Ahim\u00e9lek r\u00e9pondit au roi\u00a0: \u00ab\u00a0Y a-t-il parmi tous tes serviteurs quelqu\u2019un de s\u00fbr comme David, le gendre du roi, lui qui est affect\u00e9 \u00e0 ta garde personnelle et qui est honor\u00e9 dans ta maison\u00a0?<\/p>\n<p><sup><span class=\"verse_number\" style=\"color: #0000ff;\">15 <\/span><\/sup>Est-ce aujourd\u2019hui que j\u2019ai commenc\u00e9 \u00e0 consulter Dieu pour lui\u00a0? Quelle horreur\u00a0! Que le roi ne charge en rien son serviteur ni la maison de mon p\u00e8re, car ton serviteur ignorait absolument tout de cette affaire.\u00a0\u00bb<\/p>\n<p><sup><span class=\"verse_number\" style=\"color: #0000ff;\">16<\/span><\/sup> Mais le roi lui dit\u00a0: \u00ab\u00a0Tu vas mourir, Ahim\u00e9lek, tu vas mourir, toi et toute la maison de ton p\u00e8re.\u00a0\u00bb<\/p>\n<p><sup><span class=\"verse_number\" style=\"color: #0000ff;\">17<\/span><\/sup> Le roi dit aux gardes qui \u00e9taient debout pr\u00e8s de lui\u00a0: \u00ab\u00a0Tournez-vous et mettez \u00e0 mort les pr\u00eatres du Seigneur, puisqu\u2019ils pr\u00eatent main forte, eux aussi, \u00e0 David\u00a0: ils le savaient en fuite et ne m\u2019ont pas averti\u00a0!\u00a0\u00bb Mais les serviteurs du roi refus\u00e8rent de lever la main pour frapper les pr\u00eatres du Seigneur.<\/p>\n<p><sup><span class=\"verse_number\" style=\"color: #0000ff;\">18<\/span><\/sup> Le roi dit alors \u00e0 Do\u00ebg\u00a0: \u00ab\u00a0Tourne-toi et frappe les pr\u00eatres\u00a0!\u00a0\u00bb Do\u00ebg l\u2019\u00c9domite se retourna, et c\u2019est lui qui frappa les pr\u00eatres. Il fit mourir, ce jour-l\u00e0, quatre-vingt-cinq hommes qui portaient l\u2019\u00e9phod de lin.<\/p>\n<p><sup><span class=\"verse_number\" style=\"color: #0000ff;\">19<\/span><\/sup> Et la ville des pr\u00eatres, Nob, on la passa au fil de l\u2019\u00e9p\u00e9e\u00a0: hommes et femmes, enfants et nourrissons, b\u0153ufs, \u00e2nes et moutons, au fil de l\u2019\u00e9p\u00e9e\u00a0!<\/p>\n<p><sup><span class=\"verse_number\" style=\"color: #0000ff;\">20<\/span><\/sup> Un seul des fils d\u2019Ahim\u00e9lek, fils d\u2019Ahitoub, put se sauver. Il s\u2019appelait Abiatar. Il prit la fuite pour rejoindre David.<\/p>\n<p><sup><span class=\"verse_number\" style=\"color: #0000ff;\">21<\/span><\/sup> Abiatar rapporta \u00e0 David que Sa\u00fcl avait massacr\u00e9 les pr\u00eatres du Seigneur.<\/p>\n<p><span style=\"color: #993300;\"><strong>Vocabulaire :<\/strong><\/span><\/p>\n<p>&nbsp;<\/p>\n<p><span style=\"color: #0000ff;\"><strong>Questions :<\/strong><\/span><\/p>\n<p>&nbsp;<\/p>\n<p>&nbsp;<\/p>\n<p><strong>Commentaire :<\/strong><\/p>\n<p>&nbsp;<\/p>\n<p>&nbsp;<\/p>\n<p><img loading=\"lazy\" decoding=\"async\" class=\"alignnone size-medium wp-image-5501\" src=\"http:\/\/image-bible.ch\/wp-content\/uploads\/2021\/05\/8.-Massacre-des-innocents-B-Josabet-Attalia-193x300.jpg\" alt=\"\" width=\"193\" height=\"300\" srcset=\"http:\/\/image-bible.ch\/wp-content\/uploads\/2021\/05\/8.-Massacre-des-innocents-B-Josabet-Attalia-193x300.jpg 193w, http:\/\/image-bible.ch\/wp-content\/uploads\/2021\/05\/8.-Massacre-des-innocents-B-Josabet-Attalia.jpg 306w\" sizes=\"(max-width: 193px) 100vw, 193px\" \/><\/p>\n<h3><i><strong> La reine Athalie fait tuer tous les fils du roi<\/strong><\/i><\/h3>\n<p><i>2R 11,1-3 : <\/i><\/p>\n<p><sup><span class=\"verse_number\" style=\"color: #0000ff;\">1<\/span><\/sup> Lorsque Athalie, m\u00e8re d\u2019Ocozias, apprit que son fils \u00e9tait mort, elle entreprit de faire p\u00e9rir toute la descendance royale.<\/p>\n<p><sup><span class=\"verse_number\" style=\"color: #0000ff;\">2<\/span><\/sup> Mais Josabeth, fille du roi Joram et s\u0153ur d\u2019Ocozias, prit Joas, un des fils du roi Ocozias, pour le soustraire au massacre. Elle le cacha, lui et sa nourrice, dans une chambre de la maison du Seigneur, pour le dissimuler aux regards d\u2019Athalie\u00a0; c\u2019est ainsi qu\u2019il \u00e9vita la mort.<\/p>\n<p><sup><span class=\"verse_number\" style=\"color: #0000ff;\">3<\/span><\/sup> Il demeura avec Josabeth pendant six ans, cach\u00e9 dans la maison du Seigneur, tandis qu\u2019Athalie r\u00e9gnait sur le pays.<\/p>\n<p><span style=\"color: #993300;\"><strong>Vocabulaire :<\/strong><\/span><\/p>\n<p>&nbsp;<\/p>\n<p><span style=\"color: #0000ff;\"><strong>Questions :<\/strong><\/span><\/p>\n<p>&nbsp;<\/p>\n<p>&nbsp;<\/p>\n<p><strong>Commentaire :<\/strong><\/p>\n<p>&nbsp;<\/p>\n<p>&nbsp;<\/p>\n<p>&nbsp;<\/p>\n<p><strong>Proph\u00e8tes :<\/strong><\/p>\n<p><img loading=\"lazy\" decoding=\"async\" class=\"alignnone size-medium wp-image-5502\" src=\"http:\/\/image-bible.ch\/wp-content\/uploads\/2021\/05\/8.-Massacre-des-innocents-C-300x240.jpg\" alt=\"\" width=\"300\" height=\"240\" srcset=\"http:\/\/image-bible.ch\/wp-content\/uploads\/2021\/05\/8.-Massacre-des-innocents-C-300x240.jpg 300w, http:\/\/image-bible.ch\/wp-content\/uploads\/2021\/05\/8.-Massacre-des-innocents-C.jpg 624w\" sizes=\"(max-width: 300px) 100vw, 300px\" \/><\/p>\n<p><i><strong>David :<\/strong> Ps 78,3 (79,13) : <\/i><em>Pourquoi as-tu perc\u00e9 sa cl\u00f4ture ? Tous les passants y grappillent en chemin ;<\/em><\/p>\n<p><i><strong>Isa\u00efe :<\/strong>\u00a0 (Os 8,4) : <\/i><em>Les fils d\u2019Isra\u00ebl ont \u00e9tabli des rois sans me consulter, ils ont nomm\u00e9 des princes sans mon accord ; avec leur argent et leur or, ils se sont fabriqu\u00e9 des idoles. Ils seront an\u00e9antis.<\/em><\/p>\n<p><i><strong>Salomon :<\/strong> Pr 28,15 : <\/i><em>Un lion qui rugit, un ours qui charge, ainsi le criminel qui domine un peuple faible !<\/em><\/p>\n<p><i><strong>J\u00e9r\u00e9mie :<\/strong> Jr 31,15 \/ Mt 2,18 : <\/i><em>Ainsi parle le Seigneur : Un cri s\u2019\u00e9l\u00e8ve dans Rama, une plainte et des pleurs d\u2019amertume. C\u2019est Rachel qui pleure ses fils ; elle refuse d\u2019\u00eatre consol\u00e9e, car ses fils ne sont plus.<\/em><\/p>\n","protected":false},"excerpt":{"rendered":"<p>A8. Le massacre des innocents \/ Ancien-Testament David laisse tuer les pr\u00eatres par Sa\u00fcl 1 Sm 22,11-21: 11 Alors le roi fit convoquer le pr\u00eatre Ahim\u00e9lek, fils d\u2019Ahitoub, et toute la maison de son p\u00e8re, c\u2019est-\u00e0-dire les pr\u00eatres qui \u00e9taient<\/p>\n","protected":false},"author":1,"featured_media":0,"parent":35,"menu_order":4,"comment_status":"closed","ping_status":"closed","template":"","meta":{"footnotes":""},"_links":{"self":[{"href":"http:\/\/image-bible.ch\/index.php?rest_route=\/wp\/v2\/pages\/655"}],"collection":[{"href":"http:\/\/image-bible.ch\/index.php?rest_route=\/wp\/v2\/pages"}],"about":[{"href":"http:\/\/image-bible.ch\/index.php?rest_route=\/wp\/v2\/types\/page"}],"author":[{"embeddable":true,"href":"http:\/\/image-bible.ch\/index.php?rest_route=\/wp\/v2\/users\/1"}],"replies":[{"embeddable":true,"href":"http:\/\/image-bible.ch\/index.php?rest_route=%2Fwp%2Fv2%2Fcomments&post=655"}],"version-history":[{"count":8,"href":"http:\/\/image-bible.ch\/index.php?rest_route=\/wp\/v2\/pages\/655\/revisions"}],"predecessor-version":[{"id":6221,"href":"http:\/\/image-bible.ch\/index.php?rest_route=\/wp\/v2\/pages\/655\/revisions\/6221"}],"up":[{"embeddable":true,"href":"http:\/\/image-bible.ch\/index.php?rest_route=\/wp\/v2\/pages\/35"}],"wp:attachment":[{"href":"http:\/\/image-bible.ch\/index.php?rest_route=%2Fwp%2Fv2%2Fmedia&parent=655"}],"curies":[{"name":"wp","href":"https:\/\/api.w.org\/{rel}","templated":true}]}}