{"id":657,"date":"2021-03-04T15:11:45","date_gmt":"2021-03-04T14:11:45","guid":{"rendered":"http:\/\/image-bible.ch\/?page_id=657"},"modified":"2021-09-21T11:25:14","modified_gmt":"2021-09-21T09:25:14","slug":"a8-5-interpretation","status":"publish","type":"page","link":"http:\/\/image-bible.ch\/?page_id=657","title":{"rendered":"A8.5 \/ Interpr\u00e9tation"},"content":{"rendered":"<p style=\"text-align: center;\"><span style=\"font-size: 14pt; font-family: 'comic sans ms', sans-serif;\">A8. Le massacre des innocents \/ Interpr\u00e9tation<\/span><\/p>\n<p>Comme le roi <strong>Sa\u00fcl<\/strong> fit p\u00e9rir <strong>\u00e0 Nov<\/strong> <strong>tous les pr\u00eatres<\/strong>, parce qu\u2019ils avaient accueillit <strong>David<\/strong> dans sa fuite et l\u2019avaient nourrit des pains consacr\u00e9s. Ainsi <strong>H\u00e9rode<\/strong>, fait massacrer tous <strong>les enfants<\/strong> de Bethl\u00e9em cause du Christ.<\/p>\n<p>Comme la reine <strong>Athalie<\/strong>, lorsqu\u2019elle vit que son fils <strong>Ochozias<\/strong> \u00e9tait mort, fit p\u00e9rir tous les fils du roi. Apr\u00e8s cela elle <em>r\u00e9gna seule<\/em> \u00e0 la place de son fils. De ce massacre la fille du roi sauva le plus jeune fils <strong>Joram<\/strong> qui devint roi plus tard. Ainsi <strong>H\u00e9rode<\/strong>, fait p\u00e9rir les enfants \u00e0 cause du Christ. L\u2019enfant sauv\u00e9 du massacre est une <strong>pr\u00e9figuration du Christ<\/strong>.<\/p>\n","protected":false},"excerpt":{"rendered":"<p>A8. Le massacre des innocents \/ Interpr\u00e9tation Comme le roi Sa\u00fcl fit p\u00e9rir \u00e0 Nov tous les pr\u00eatres, parce qu\u2019ils avaient accueillit David dans sa fuite et l\u2019avaient nourrit des pains consacr\u00e9s. Ainsi H\u00e9rode, fait massacrer tous les enfants de<\/p>\n","protected":false},"author":1,"featured_media":0,"parent":35,"menu_order":5,"comment_status":"closed","ping_status":"closed","template":"","meta":{"footnotes":""},"_links":{"self":[{"href":"http:\/\/image-bible.ch\/index.php?rest_route=\/wp\/v2\/pages\/657"}],"collection":[{"href":"http:\/\/image-bible.ch\/index.php?rest_route=\/wp\/v2\/pages"}],"about":[{"href":"http:\/\/image-bible.ch\/index.php?rest_route=\/wp\/v2\/types\/page"}],"author":[{"embeddable":true,"href":"http:\/\/image-bible.ch\/index.php?rest_route=\/wp\/v2\/users\/1"}],"replies":[{"embeddable":true,"href":"http:\/\/image-bible.ch\/index.php?rest_route=%2Fwp%2Fv2%2Fcomments&post=657"}],"version-history":[{"count":6,"href":"http:\/\/image-bible.ch\/index.php?rest_route=\/wp\/v2\/pages\/657\/revisions"}],"predecessor-version":[{"id":6223,"href":"http:\/\/image-bible.ch\/index.php?rest_route=\/wp\/v2\/pages\/657\/revisions\/6223"}],"up":[{"embeddable":true,"href":"http:\/\/image-bible.ch\/index.php?rest_route=\/wp\/v2\/pages\/35"}],"wp:attachment":[{"href":"http:\/\/image-bible.ch\/index.php?rest_route=%2Fwp%2Fv2%2Fmedia&parent=657"}],"curies":[{"name":"wp","href":"https:\/\/api.w.org\/{rel}","templated":true}]}}