{"id":667,"date":"2021-03-04T15:13:23","date_gmt":"2021-03-04T14:13:23","guid":{"rendered":"http:\/\/image-bible.ch\/?page_id=667"},"modified":"2021-09-15T19:26:22","modified_gmt":"2021-09-15T17:26:22","slug":"a8-10-divers-video-references","status":"publish","type":"page","link":"http:\/\/image-bible.ch\/?page_id=667","title":{"rendered":"A8.10 \/ Divers Vid\u00e9o &#8211; R\u00e9f\u00e9rences"},"content":{"rendered":"<p style=\"text-align: center;\"><span style=\"font-size: 14pt; font-family: 'comic sans ms', sans-serif;\">A8. Le massacre des innocents \/ Divers Vid\u00e9o &#8211; R\u00e9f\u00e9rences<\/span><\/p>\n<p>Un tableau c\u00e9l\u00e8bre de Breughel repr\u00e9sente ce r\u00e9cit en l&rsquo;actualisant dans la r\u00e9alit\u00e9 de l&rsquo;artiste du 16<sup>e<\/sup> s.<\/p>\n<p><img decoding=\"async\" class=\"overflowingVertical\" src=\"https:\/\/upload.wikimedia.org\/wikipedia\/commons\/0\/05\/Bruegel_the_Elder_Massacre_of_the_Innocents.jpg\" alt=\"https:\/\/upload.wikimedia.org\/wikipedia\/commons\/0\/05\/Bruegel_the_Elder_Massacre_of_the_Innocents.jpg\" \/><\/p>\n<p><a href=\"https:\/\/fr.wikipedia.org\/wiki\/Le_Massacre_des_innocents_(Brueghel)\">Description et pr\u00e9sentation du tableau<\/a><\/p>\n<p><a href=\"https:\/\/www.youtube.com\/watch?v=bN5HRIwV6AE\">Vid\u00e9o des d\u00e9tails<\/a><\/p>\n","protected":false},"excerpt":{"rendered":"<p>A8. Le massacre des innocents \/ Divers Vid\u00e9o &#8211; R\u00e9f\u00e9rences Un tableau c\u00e9l\u00e8bre de Breughel repr\u00e9sente ce r\u00e9cit en l&rsquo;actualisant dans la r\u00e9alit\u00e9 de l&rsquo;artiste du 16e s. Description et pr\u00e9sentation du tableau Vid\u00e9o des d\u00e9tails<\/p>\n","protected":false},"author":1,"featured_media":0,"parent":35,"menu_order":10,"comment_status":"closed","ping_status":"closed","template":"","meta":{"footnotes":""},"_links":{"self":[{"href":"http:\/\/image-bible.ch\/index.php?rest_route=\/wp\/v2\/pages\/667"}],"collection":[{"href":"http:\/\/image-bible.ch\/index.php?rest_route=\/wp\/v2\/pages"}],"about":[{"href":"http:\/\/image-bible.ch\/index.php?rest_route=\/wp\/v2\/types\/page"}],"author":[{"embeddable":true,"href":"http:\/\/image-bible.ch\/index.php?rest_route=\/wp\/v2\/users\/1"}],"replies":[{"embeddable":true,"href":"http:\/\/image-bible.ch\/index.php?rest_route=%2Fwp%2Fv2%2Fcomments&post=667"}],"version-history":[{"count":5,"href":"http:\/\/image-bible.ch\/index.php?rest_route=\/wp\/v2\/pages\/667\/revisions"}],"predecessor-version":[{"id":5919,"href":"http:\/\/image-bible.ch\/index.php?rest_route=\/wp\/v2\/pages\/667\/revisions\/5919"}],"up":[{"embeddable":true,"href":"http:\/\/image-bible.ch\/index.php?rest_route=\/wp\/v2\/pages\/35"}],"wp:attachment":[{"href":"http:\/\/image-bible.ch\/index.php?rest_route=%2Fwp%2Fv2%2Fmedia&parent=667"}],"curies":[{"name":"wp","href":"https:\/\/api.w.org\/{rel}","templated":true}]}}