{"id":687,"date":"2021-03-04T15:53:33","date_gmt":"2021-03-04T14:53:33","guid":{"rendered":"http:\/\/image-bible.ch\/?page_id=687"},"modified":"2021-05-25T15:49:20","modified_gmt":"2021-05-25T13:49:20","slug":"a9-1-la-bible-des-pauvres","status":"publish","type":"page","link":"http:\/\/image-bible.ch\/?page_id=687","title":{"rendered":"A9.1 \/ La Bible des pauvres"},"content":{"rendered":"\r\n<p style=\"text-align: center;\"><span style=\"font-family: 'comic sans ms', sans-serif; font-size: 14pt;\">A9. J\u00e9sus revient d\u2019Egypte \/ La Bible des pauvres<\/span><\/p>\r\n<p><img loading=\"lazy\" decoding=\"async\" class=\"alignnone  wp-image-5513\" src=\"http:\/\/image-bible.ch\/wp-content\/uploads\/2021\/05\/9.-Retour-de-lEgypte-203x300.jpg\" alt=\"\" width=\"249\" height=\"368\" srcset=\"http:\/\/image-bible.ch\/wp-content\/uploads\/2021\/05\/9.-Retour-de-lEgypte-203x300.jpg 203w, http:\/\/image-bible.ch\/wp-content\/uploads\/2021\/05\/9.-Retour-de-lEgypte.jpg 659w\" sizes=\"(max-width: 249px) 100vw, 249px\" \/><\/p>\r\n<p>Types : <strong>Le retour de Jacob et sa famille &#8211; le retour de David \u00e0 H\u00e9bron<\/strong><\/p>\r\n<p>Antitype :<strong> J\u00e9sus revient d\u2019Egypte<\/strong><\/p>\r\n<p><strong>Le retour de Jacob et sa famille<\/strong><\/p>\r\n<p style=\"text-align: justify;\">Dans<strong> la Gen\u00e8se<\/strong> on lit : <strong>Jacob<\/strong>, lorsqu\u2019il <em>fuyait<\/em> devant son fr\u00e8re<strong> \u00c9sa\u00fc<\/strong> pour retourner \u00e0 la maison, envoya en avant de lui des boucs, des brebis, des b\u00e9liers et des chamelles et des \u00e2nesses et finalement suivit avec sa femme et ses fils. <strong>Jacob<\/strong> qui fuit devant son fr\u00e8re c\u2019est <strong>le Christ <\/strong>en fuite devant <strong>H\u00e9rode<\/strong> qui signifie <strong>\u00c9sa\u00fc<\/strong>; ainsi lorsque celui-ci, c&rsquo;est-\u00e0-dire H\u00e9rode, fut mort, Christ lui-m\u00eame retourna dans le pays de Juda.<\/p>\r\n<p style=\"text-align: justify;\"><i>Gn 32,14-22 : \u00a0\u00a0Et Jacob passa la nuit en cet endroit. De ce qu&rsquo;il avait en main, il prit de quoi faire un pr\u00e9sent \u00e0 son fr\u00e8re \u00c9sa\u00fc : deux cents ch\u00e8vres et vingt boucs, deux cents brebis et vingt b\u00e9liers, trente chamelles qui allaitaient, avec leurs petits, quarante vaches et dix taureaux, vingt \u00e2nesses et dix \u00e2nons. Il les confia \u00e0 ses serviteurs, chaque troupeau \u00e0 part, et il dit \u00e0 ses serviteurs : Passez devant moi et laissez du champ entre les troupeaux. Au premier il donna cet ordre : Lorsque mon fr\u00e8re \u00c9sa\u00fc te rencontrera et te demandera : A qui es-tu ? O\u00f9 vas-tu ? A qui appartient ce qui est devant toi ? tu r\u00e9pondras : C&rsquo;est \u00e0 ton serviteur Jacob, c&rsquo;est un pr\u00e9sent envoy\u00e9 \u00e0 Monseigneur \u00c9sa\u00fc, et lui-m\u00eame arrive derri\u00e8re nous. Il donna le m\u00eame ordre au second et au troisi\u00e8me et \u00e0 tous ceux qui marchaient derri\u00e8re les troupeaux : Voil\u00e0, leur dit-il, comment vous parlerez \u00e0 \u00c9sa\u00fc quand vous le trouverez, et vous direz : Et m\u00eame, ton serviteur Jacob arrive derri\u00e8re nous. Il s&rsquo;\u00e9tait dit en effet : Je me le concilierai par un pr\u00e9sent qui me pr\u00e9c\u00e9dera, ensuite je me pr\u00e9senterai \u00e0 lui, peut-\u00eatre me fera-t-il gr\u00e2ce. Le pr\u00e9sent passa en avant et lui-m\u00eame demeura cette nuit-l\u00e0 au camp. Cette m\u00eame nuit, il se leva, prit ses deux femmes, ses deux servantes, ses onze enfants et passa le gu\u00e9 du Yabboq. Il les prit et leur fit passer le torrent, et il fit passer aussi tout ce qu&rsquo;il poss\u00e9dait.<\/i><\/p>\r\n<p><strong> Le retour de David \u00e0 H\u00e9bron<\/strong><\/p>\r\n<p style=\"text-align: justify;\">Dans le livre des Rois on lit : <strong>David<\/strong> apr\u00e8s <em>la mort<\/em> de <strong>Sa\u00fcl<\/strong> interrogea le Seigneur. Celui-ci lui r\u00e9pondit de <em>retourner dans sa patrie<\/em>. <strong>David<\/strong> est une pr\u00e9figuration du <strong>Christ<\/strong>, qui apr\u00e8s la mort de H\u00e9rode retourna dans le pays de Juda. Ainsi l\u2019\u00c9vangile le confirme : l\u2019ange du Seigneur apparu \u00e0 Joseph en songe.<\/p>\r\n<p style=\"text-align: justify;\"><i>2 Sm 2,1 : \u00a0\u00a0Apr\u00e8s cela, David consulta Yahv\u00e9 en ces termes : \u00ab Monterai-je dans l&rsquo;une des villes de Juda ? \u00bb, et Yahv\u00e9 lui r\u00e9pondit : \u00ab Monte! \u00bb David demanda : \u00ab O\u00f9 monterai-je ? \u00bb, et la r\u00e9ponse fut : \u00ab A H\u00e9bron. \u00bb2.\u00a0David y monta et aussi ses deux femmes, Ahinoam de Yizr\u00e9el et Abigayil, la femme de Nabal de Karmel.<\/i><\/p>\r\n<p><i>\u00a0<\/i><\/p>\r\n<p><i><strong>David :<\/strong> Ps 105,4<\/i><\/p>\r\n<p>Souviens-toi de moi, Seigneur, dans ta bienveillance pour ton peuple ; toi qui le sauves, visite-moi<\/p>\r\n<p><i><strong>Os\u00e9e :<\/strong> Os 11,1<\/i><\/p>\r\n<p>Oui, j\u2019ai aim\u00e9 Isra\u00ebl d\u00e8s son enfance, et, pour le faire sortir d\u2019\u00c9gypte, j\u2019ai appel\u00e9 mon fils.<\/p>\r\n<p><i><strong>Os\u00e9e :<\/strong> Os 11,7<\/i><\/p>\r\n<p>Mon peuple s\u2019accroche \u00e0 son infid\u00e9lit\u00e9 ; on l\u2019appelle vers le haut ; aucun ne s\u2019\u00e9l\u00e8ve.<\/p>\r\n<p><i><strong>Zacharie<\/strong> : Za 1,16<\/i><\/p>\r\n<p>C\u2019est pourquoi, ainsi parle le Seigneur\u00a0: De nouveau je me tourne vers J\u00e9rusalem avec compassion\u00a0; ma Maison y sera reb\u00e2tie \u2013\u00a0oracle du Seigneur de l\u2019univers\u00a0\u2013, et le cordeau \u00e0 mesurer sera tendu sur J\u00e9rusalem.<\/p>\r\n<p>&nbsp;<\/p>\r\n","protected":false},"excerpt":{"rendered":"<p>A9. J\u00e9sus revient d\u2019Egypte \/ La Bible des pauvres Types : Le retour de Jacob et sa famille &#8211; le retour de David \u00e0 H\u00e9bron Antitype : J\u00e9sus revient d\u2019Egypte Le retour de Jacob et sa famille Dans la Gen\u00e8se<\/p>\n","protected":false},"author":1,"featured_media":0,"parent":37,"menu_order":1,"comment_status":"closed","ping_status":"closed","template":"","meta":{"footnotes":""},"_links":{"self":[{"href":"http:\/\/image-bible.ch\/index.php?rest_route=\/wp\/v2\/pages\/687"}],"collection":[{"href":"http:\/\/image-bible.ch\/index.php?rest_route=\/wp\/v2\/pages"}],"about":[{"href":"http:\/\/image-bible.ch\/index.php?rest_route=\/wp\/v2\/types\/page"}],"author":[{"embeddable":true,"href":"http:\/\/image-bible.ch\/index.php?rest_route=\/wp\/v2\/users\/1"}],"replies":[{"embeddable":true,"href":"http:\/\/image-bible.ch\/index.php?rest_route=%2Fwp%2Fv2%2Fcomments&post=687"}],"version-history":[{"count":7,"href":"http:\/\/image-bible.ch\/index.php?rest_route=\/wp\/v2\/pages\/687\/revisions"}],"predecessor-version":[{"id":5518,"href":"http:\/\/image-bible.ch\/index.php?rest_route=\/wp\/v2\/pages\/687\/revisions\/5518"}],"up":[{"embeddable":true,"href":"http:\/\/image-bible.ch\/index.php?rest_route=\/wp\/v2\/pages\/37"}],"wp:attachment":[{"href":"http:\/\/image-bible.ch\/index.php?rest_route=%2Fwp%2Fv2%2Fmedia&parent=687"}],"curies":[{"name":"wp","href":"https:\/\/api.w.org\/{rel}","templated":true}]}}