{"id":691,"date":"2021-03-04T15:54:09","date_gmt":"2021-03-04T14:54:09","guid":{"rendered":"http:\/\/image-bible.ch\/?page_id=691"},"modified":"2021-09-20T20:56:01","modified_gmt":"2021-09-20T18:56:01","slug":"a9-3-nouveau-testament","status":"publish","type":"page","link":"http:\/\/image-bible.ch\/?page_id=691","title":{"rendered":"A9.3 \/ Nouveau-Testament"},"content":{"rendered":"<p style=\"text-align: center;\"><span style=\"font-family: 'comic sans ms', sans-serif; font-size: 14pt;\">A9. J\u00e9sus revient d\u2019Egypte \/ Nouveau-Testament<\/span><\/p>\n<p><img loading=\"lazy\" decoding=\"async\" class=\"alignnone wp-image-5521\" src=\"http:\/\/image-bible.ch\/wp-content\/uploads\/2021\/05\/9.-Retour-de-lEgypte-C-1-241x300.jpg\" alt=\"\" width=\"285\" height=\"355\" srcset=\"http:\/\/image-bible.ch\/wp-content\/uploads\/2021\/05\/9.-Retour-de-lEgypte-C-1-241x300.jpg 241w, http:\/\/image-bible.ch\/wp-content\/uploads\/2021\/05\/9.-Retour-de-lEgypte-C-1.jpg 388w\" sizes=\"(max-width: 285px) 100vw, 285px\" \/><\/p>\n<p style=\"text-align: justify;\"><em>Mt 2,19-23<\/em><\/p>\n<p style=\"text-align: justify;\"><sup><span class=\"verse_number\" style=\"color: #0000ff;\">19<\/span><\/sup> Apr\u00e8s la mort d\u2019<strong>H\u00e9rode<\/strong>, voici que l<strong>\u2019ange du Seigneur<\/strong> appara\u00eet <span style=\"color: #ff0000;\">en songe<\/span> \u00e0<strong> Joseph<\/strong> en <span style=\"color: #008080;\">\u00c9gypte<\/span> <sup><span class=\"verse_number\" style=\"color: #0000ff;\">20<\/span><\/sup> et lui dit\u00a0: \u00ab\u00a0<em>L\u00e8ve-toi\u00a0<\/em>; prends l\u2019enfant et sa m\u00e8re, et <em>pars<\/em> pour <span style=\"color: #008080;\">le pays d\u2019Isra\u00ebl<\/span>, car ils sont morts, ceux qui en voulaient \u00e0 la vie de l\u2019enfant.\u00a0\u00bb<\/p>\n<p style=\"text-align: justify;\"><sup><span class=\"verse_number\" style=\"color: #0000ff;\">21<\/span><\/sup> Joseph se <em>leva,<\/em> <em>prit l\u2019enfant<\/em> et sa m\u00e8re, et il <em>entra<\/em> dans <span style=\"color: #008080;\">le pays d\u2019Isra\u00ebl<\/span>.<\/p>\n<p style=\"text-align: justify;\"><sup><span class=\"verse_number\" style=\"color: #0000ff;\">22 <\/span><\/sup>Mais, apprenant qu\u2019<strong>Ark\u00e9la\u00fcs<\/strong> r\u00e9gnait sur <span style=\"color: #008080;\">la Jud\u00e9e<\/span> \u00e0 la place de son p\u00e8re <strong>H\u00e9rode<\/strong>, il eut peur de s\u2019y rendre. Averti <span style=\"color: #ff0000;\">en songe<\/span>, il se retira dans la<span style=\"color: #008080;\"> r\u00e9gion de Galil\u00e9e<\/span> <sup><span class=\"verse_number\" style=\"color: #0000ff;\">23 <\/span><\/sup>et vint habiter dans une ville appel\u00e9e <span style=\"color: #008080;\">Nazareth<\/span>, pour que soit <span style=\"color: #ff0000;\">accomplie<\/span> la parole dite par les proph\u00e8tes\u00a0: Il sera appel\u00e9 Nazar\u00e9en.<\/p>\n<p style=\"text-align: justify;\"><span style=\"color: #993300;\"><strong>Vocabulaire :<\/strong><\/span><\/p>\n<p style=\"text-align: justify;\"><span style=\"color: #993300;\"><strong>Ark\u00e9la\u00fcs :<\/strong> = \u00ab\u00a0prince du peuple\u00a0\u00bb l&rsquo;a\u00een\u00e9 des deux fils qu&rsquo;une Samaritaine donna \u00e0 H\u00e9rode le Grand. Le cadet \u00e9tait Antipas, qui devint H\u00e9rode le T\u00e9trarque. Apr\u00e8s la mort de son p\u00e8re, il fut ethnarque (gouverneur) de Jud\u00e9e, Samarie et Idum\u00e9e, \u00e0 l&rsquo;exception des villes de Gaza, Gadara et Hipo. Les Juifs et les Samaritains l&rsquo;ayant accus\u00e9 \u00e0 Rome de tyrannie, il fut banni par l&#8217;empereur Auguste \u00e0 Vienne dans les Allobroges, o\u00f9 il mourut.<\/span><\/p>\n<p style=\"text-align: justify;\"><span style=\"color: #993300;\"><strong>Egypte :<\/strong> \u00ab\u00a0double d\u00e9troit, oppresseur\u00a0\u00bb<\/span><\/p>\n<p style=\"text-align: justify;\"><span style=\"color: #993300;\"><strong>Galil\u00e9e :<\/strong> = \u00ab\u00a0Circuit\u00a0\u00bb nom d&rsquo;une r\u00e9gion du nord de la Palestine, limit\u00e9e au nord par la Syrie, \u00e0 l&rsquo;ouest par Sidon, Tyr, Ptol\u00e9ma\u00efs et leurs territoires et le promontoire du Carmel, au sud par la Samarie et \u00e0 l&rsquo;est par le Jourdain. La r\u00e9gion \u00e9tait divis\u00e9e en Haute et en Basse Galil\u00e9e<\/span><\/p>\n<p style=\"text-align: justify;\"><span style=\"color: #993300;\"><strong>H\u00e9rode :<\/strong>\u00a0 = \u00ab\u00a0h\u00e9ro\u00efque\u00a0\u00bb nom de plusieurs souverains de la Palestine et des r\u00e9gions voisines. Le NT mentionne 3 H\u00e9rode et un H\u00e9rode Agrippa.<\/span><\/p>\n<p style=\"text-align: justify;\"><span style=\"color: #993300;\">a. H\u00e9rode le Grand, 2\u00e8me fils de l&rsquo;Idum\u00e9en Antipas (Antipater) et de Cypros, princesse de m\u00eame race. Il devint roi de Jud\u00e9e en 37 av. J.C. Rendu \u00e0 moiti\u00e9 d\u00e9ment par des complots continuels de ses \u00e9pouses et de ses enfants, il commit de nombreux meurtres, ce qui explique sa col\u00e8re quand les mages lui demand\u00e8rent \u00ab\u00a0o\u00f9 est le roi des Juifs qui vient de na\u00eetre?\u00a0\u00bb. Il avait la passion des constructions grandioses, et contribua \u00e0 l&#8217;embellissement de J\u00e9rusalem.<\/span><\/p>\n<p style=\"text-align: justify;\"><span style=\"color: #993300;\">b. H\u00e9rode le T\u00e9trarque, fils d&rsquo;H\u00e9rode le Grand et de Malthace la Samaritaine, appel\u00e9 Antipas ou H\u00e9rode. Fr\u00e8re d&rsquo;Arch\u00e9la\u00fcs et demi fr\u00e8re de Philippe, il n&rsquo;obtint que la t\u00e9trarchie de Galil\u00e9e et de P\u00e9r\u00e9e. Il \u00e9pousa une fille d&rsquo;Ar\u00e9tas, roi des Arabes nabat\u00e9ens, puis il \u00e9pousa sa belle soeur H\u00e9rodias, femme de Philippe, ce qui provoqua la col\u00e8re d&rsquo;Ar\u00e9tas qui le vainquit. Notre Seigneur parle de lui en l&rsquo;appelant \u00ab\u00a0ce renard\u00a0\u00bb (Luc 13:31-32) et de son influence en parlant du \u00ab\u00a0levain d&rsquo;H\u00e9rode\u00a0\u00bb (Marc 8:15). Ennemi de Pilate, ils se r\u00e9concili\u00e8rent lors de la crucifixion de J\u00e9sus.<\/span><\/p>\n<p style=\"text-align: justify;\"><span style=\"color: #993300;\"><strong>Joseph<\/strong> : = \u00ab\u00a0il ajoutera\u00a0\u00bb<\/span><\/p>\n<p style=\"text-align: justify;\"><span style=\"color: #993300;\"><strong>Jud\u00e9e :<\/strong> = \u00ab\u00a0il sera lou\u00e9\u00a0\u00bb, \u00ab\u00a0louange\u00a0\u00bb au sens le plus strict, la partie sud de Palestine, situ\u00e9e de son c\u00f4t\u00e9 du Jourdain et de la Mer Morte, pour la distinguer de la Samarie, la Galil\u00e9e, la P\u00e9r\u00e9e, et l&rsquo;Idum\u00e9e<\/span><\/p>\n<p style=\"text-align: justify;\"><span style=\"color: #993300;\"><strong>Nazareth :<\/strong> = \u00ab\u00a0verdoyant, germe,\u00a0 rejeton \u00a0\u00bb ou \u00ab\u00a0protectrice, gardienne\u00a0\u00bb<\/span><\/p>\n<p style=\"text-align: justify;\"><span style=\"color: #993300;\"><strong>Pays d&rsquo;Isra\u00ebl :<\/strong> = \u00ab\u00a0il sera le prince de Dieu\u00a0\u00bb<\/span><\/p>\n<p style=\"text-align: justify;\"><span style=\"color: #993300;\"><strong>Songe :<\/strong> Dieu parle aux hommes masculin en endormant les sens, par un songe, pour \u00e9viter la mainmise.<\/span><\/p>\n<p style=\"text-align: justify;\"><img decoding=\"async\" src=\"https:\/\/assetsnffrgf-a.akamaihd.net\/assets\/m\/1001070230\/F\/wpub\/1001070230_F_sub_xl.jpg\" alt=\"\" \/><\/p>\n<p style=\"text-align: justify;\"><span style=\"color: #0000ff;\"><strong>Questions :<\/strong><\/span><\/p>\n<p style=\"text-align: justify;\">1\u00b0 Comment Joseph est averti de retourner au pays ? Pourquoi ?<\/p>\n<p style=\"text-align: justify;\">2\u00b0 Pour quoi le choix de Nazareth ?<\/p>\n<p style=\"text-align: justify;\"><strong>Commentaire :<\/strong><\/p>\n<p style=\"text-align: justify;\">J\u00e9sus refait le chemin du peuple h\u00e9reu descendu en Egypte \u00e0 cause de la famine. Puis devenu esclave pour construire les monuments de Pharaon. Il est lib\u00e9r\u00e9 par Dieu \u00e0 travers Mo\u00efse, traverse la mert rouge, vit dans le d\u00e9sert avant d&rsquo;arriver au pays de Canaan.<\/p>\n<p>Ainsi J\u00e9sus vient accomplir la route du peuple h\u00e9breu et r\u00e9aliser la lib\u00e9ration d\u00e9finitive de tout esclavage.<\/p>\n<p>Quelles est la citation de Mt 2,23 : <a href=\"http:\/\/www.interbible.org\/interBible\/decouverte\/insolite\/2019\/insolite_20190624.html\">Citation probl\u00e9matique<\/a><\/p>\n","protected":false},"excerpt":{"rendered":"<p>A9. J\u00e9sus revient d\u2019Egypte \/ Nouveau-Testament Mt 2,19-23 19 Apr\u00e8s la mort d\u2019H\u00e9rode, voici que l\u2019ange du Seigneur appara\u00eet en songe \u00e0 Joseph en \u00c9gypte 20 et lui dit\u00a0: \u00ab\u00a0L\u00e8ve-toi\u00a0; prends l\u2019enfant et sa m\u00e8re, et pars pour le pays<\/p>\n","protected":false},"author":1,"featured_media":0,"parent":37,"menu_order":3,"comment_status":"closed","ping_status":"closed","template":"","meta":{"footnotes":""},"_links":{"self":[{"href":"http:\/\/image-bible.ch\/index.php?rest_route=\/wp\/v2\/pages\/691"}],"collection":[{"href":"http:\/\/image-bible.ch\/index.php?rest_route=\/wp\/v2\/pages"}],"about":[{"href":"http:\/\/image-bible.ch\/index.php?rest_route=\/wp\/v2\/types\/page"}],"author":[{"embeddable":true,"href":"http:\/\/image-bible.ch\/index.php?rest_route=\/wp\/v2\/users\/1"}],"replies":[{"embeddable":true,"href":"http:\/\/image-bible.ch\/index.php?rest_route=%2Fwp%2Fv2%2Fcomments&post=691"}],"version-history":[{"count":6,"href":"http:\/\/image-bible.ch\/index.php?rest_route=\/wp\/v2\/pages\/691\/revisions"}],"predecessor-version":[{"id":6217,"href":"http:\/\/image-bible.ch\/index.php?rest_route=\/wp\/v2\/pages\/691\/revisions\/6217"}],"up":[{"embeddable":true,"href":"http:\/\/image-bible.ch\/index.php?rest_route=\/wp\/v2\/pages\/37"}],"wp:attachment":[{"href":"http:\/\/image-bible.ch\/index.php?rest_route=%2Fwp%2Fv2%2Fmedia&parent=691"}],"curies":[{"name":"wp","href":"https:\/\/api.w.org\/{rel}","templated":true}]}}