{"id":6988,"date":"2022-07-05T14:45:30","date_gmt":"2022-07-05T12:45:30","guid":{"rendered":"http:\/\/image-bible.ch\/?page_id=6988"},"modified":"2022-07-05T17:05:30","modified_gmt":"2022-07-05T15:05:30","slug":"la-guerison-du-lepreux-icones","status":"publish","type":"page","link":"http:\/\/image-bible.ch\/?page_id=6988","title":{"rendered":"La gu\u00e9rison du l\u00e9preux &#8211; Ic\u00f4nes"},"content":{"rendered":"<p style=\"text-align: center;\"><strong>La gu\u00e9rison du l\u00e9preux &#8211; Ic\u00f4nes<\/strong><\/p>\n<p><img loading=\"lazy\" decoding=\"async\" class=\"overflowingVertical\" src=\"https:\/\/iconeslamour.files.wordpress.com\/2012\/09\/guc3a9rison-du-lc3a9preux.jpg\" alt=\"https:\/\/iconeslamour.files.wordpress.com\/2012\/09\/guc3a9rison-du-lc3a9preux.jpg\" width=\"681\" height=\"886\" \/><\/p>\n<p>Ic\u00f4ne 21e s. Elisabeth Lamour.<\/p>\n<p><img loading=\"lazy\" decoding=\"async\" class=\"wt-max-width-full wt-horizontal-center wt-vertical-center carousel-image wt-rounded\" src=\"https:\/\/i.etsystatic.com\/9097906\/r\/il\/a84e9f\/1265097072\/il_794xN.1265097072_sh64.jpg\" srcset=\"https:\/\/i.etsystatic.com\/9097906\/r\/il\/a84e9f\/1265097072\/il_794xN.1265097072_sh64.jpg 1x, https:\/\/i.etsystatic.com\/9097906\/r\/il\/a84e9f\/1265097072\/il_1588xN.1265097072_sh64.jpg 2x\" alt=\"La gu\u00e9rison des dix l\u00e9preux peint \u00e0 la main ic\u00f4ne orthodoxe image 1\" width=\"832\" height=\"637\" data-carousel-first-image=\"\" data-original-image-width=\"1455\" data-src-zoom-image=\"https:\/\/i.etsystatic.com\/9097906\/r\/il\/a84e9f\/1265097072\/il_fullxfull.1265097072_sh64.jpg\" data-index=\"0\" \/>La gu\u00e9rison des dix l\u00e9preux<\/p>\n","protected":false},"excerpt":{"rendered":"<p>La gu\u00e9rison du l\u00e9preux &#8211; Ic\u00f4nes Ic\u00f4ne 21e s. Elisabeth Lamour. La gu\u00e9rison des dix l\u00e9preux<\/p>\n","protected":false},"author":1,"featured_media":0,"parent":0,"menu_order":0,"comment_status":"closed","ping_status":"closed","template":"","meta":{"footnotes":""},"_links":{"self":[{"href":"http:\/\/image-bible.ch\/index.php?rest_route=\/wp\/v2\/pages\/6988"}],"collection":[{"href":"http:\/\/image-bible.ch\/index.php?rest_route=\/wp\/v2\/pages"}],"about":[{"href":"http:\/\/image-bible.ch\/index.php?rest_route=\/wp\/v2\/types\/page"}],"author":[{"embeddable":true,"href":"http:\/\/image-bible.ch\/index.php?rest_route=\/wp\/v2\/users\/1"}],"replies":[{"embeddable":true,"href":"http:\/\/image-bible.ch\/index.php?rest_route=%2Fwp%2Fv2%2Fcomments&post=6988"}],"version-history":[{"count":4,"href":"http:\/\/image-bible.ch\/index.php?rest_route=\/wp\/v2\/pages\/6988\/revisions"}],"predecessor-version":[{"id":7045,"href":"http:\/\/image-bible.ch\/index.php?rest_route=\/wp\/v2\/pages\/6988\/revisions\/7045"}],"wp:attachment":[{"href":"http:\/\/image-bible.ch\/index.php?rest_route=%2Fwp%2Fv2%2Fmedia&parent=6988"}],"curies":[{"name":"wp","href":"https:\/\/api.w.org\/{rel}","templated":true}]}}