{"id":6990,"date":"2022-07-05T14:47:02","date_gmt":"2022-07-05T12:47:02","guid":{"rendered":"http:\/\/image-bible.ch\/?page_id=6990"},"modified":"2022-07-05T16:55:13","modified_gmt":"2022-07-05T14:55:13","slug":"la-guerison-du-lepreux-fetes-juives-et-chretiennes","status":"publish","type":"page","link":"http:\/\/image-bible.ch\/?page_id=6990","title":{"rendered":"D.24 La gu\u00e9rison du l\u00e9preux &#8211; F\u00eates juives et chr\u00e9tiennes"},"content":{"rendered":"<p style=\"text-align: center;\"><strong>D24 La gu\u00e9rison du l\u00e9preux &#8211; F\u00eates juives et chr\u00e9tiennes<\/strong><\/p>\n<p>Voir : <a href=\"http:\/\/image-bible.ch\/?page_id=2315\">L&rsquo;onction des malades<\/a><\/p>\n","protected":false},"excerpt":{"rendered":"<p>D24 La gu\u00e9rison du l\u00e9preux &#8211; F\u00eates juives et chr\u00e9tiennes Voir : L&rsquo;onction des malades<\/p>\n","protected":false},"author":1,"featured_media":0,"parent":0,"menu_order":0,"comment_status":"closed","ping_status":"closed","template":"","meta":{"footnotes":""},"_links":{"self":[{"href":"http:\/\/image-bible.ch\/index.php?rest_route=\/wp\/v2\/pages\/6990"}],"collection":[{"href":"http:\/\/image-bible.ch\/index.php?rest_route=\/wp\/v2\/pages"}],"about":[{"href":"http:\/\/image-bible.ch\/index.php?rest_route=\/wp\/v2\/types\/page"}],"author":[{"embeddable":true,"href":"http:\/\/image-bible.ch\/index.php?rest_route=\/wp\/v2\/users\/1"}],"replies":[{"embeddable":true,"href":"http:\/\/image-bible.ch\/index.php?rest_route=%2Fwp%2Fv2%2Fcomments&post=6990"}],"version-history":[{"count":3,"href":"http:\/\/image-bible.ch\/index.php?rest_route=\/wp\/v2\/pages\/6990\/revisions"}],"predecessor-version":[{"id":7040,"href":"http:\/\/image-bible.ch\/index.php?rest_route=\/wp\/v2\/pages\/6990\/revisions\/7040"}],"wp:attachment":[{"href":"http:\/\/image-bible.ch\/index.php?rest_route=%2Fwp%2Fv2%2Fmedia&parent=6990"}],"curies":[{"name":"wp","href":"https:\/\/api.w.org\/{rel}","templated":true}]}}