{"id":6994,"date":"2022-07-05T14:48:29","date_gmt":"2022-07-05T12:48:29","guid":{"rendered":"http:\/\/image-bible.ch\/?page_id=6994"},"modified":"2024-11-08T16:45:41","modified_gmt":"2024-11-08T15:45:41","slug":"d-24-la-guerison-du-lepreux-kt-enfant","status":"publish","type":"page","link":"http:\/\/image-bible.ch\/?page_id=6994","title":{"rendered":"D.24 La gu\u00e9rison du l\u00e9preux &#8211; KT enfant"},"content":{"rendered":"<p style=\"text-align: center;\"><strong>D.24 La gu\u00e9rison du l\u00e9preux &#8211; KT enfant<\/strong><\/p>\n<p>Voir id\u00e9es cat\u00e9 : <a href=\"http:\/\/www.idees-cate.com\/le_cate\/lepreux.html\">Gu\u00e9rison du l\u00e9preux<\/a><\/p>\n<p><a href=\"http:\/\/image-bible.ch\/wp-content\/uploads\/Jeu-des-dix-lepreux-numerote.docx\">Jeu des dix l\u00e9preux num\u00e9rot\u00e9<\/a><\/p>\n<p><img loading=\"lazy\" decoding=\"async\" class=\"alignnone  wp-image-9154\" src=\"http:\/\/image-bible.ch\/wp-content\/uploads\/Plateau-de-jeu-des-dix-lepreux.-numerotejpg-300x146.jpg\" alt=\"\" width=\"612\" height=\"298\" srcset=\"http:\/\/image-bible.ch\/wp-content\/uploads\/Plateau-de-jeu-des-dix-lepreux.-numerotejpg-300x146.jpg 300w, http:\/\/image-bible.ch\/wp-content\/uploads\/Plateau-de-jeu-des-dix-lepreux.-numerotejpg-1024x497.jpg 1024w, http:\/\/image-bible.ch\/wp-content\/uploads\/Plateau-de-jeu-des-dix-lepreux.-numerotejpg-1536x745.jpg 1536w, http:\/\/image-bible.ch\/wp-content\/uploads\/Plateau-de-jeu-des-dix-lepreux.-numerotejpg.jpg 1600w\" sizes=\"(max-width: 612px) 100vw, 612px\" \/><\/p>\n","protected":false},"excerpt":{"rendered":"<p>D.24 La gu\u00e9rison du l\u00e9preux &#8211; KT enfant Voir id\u00e9es cat\u00e9 : Gu\u00e9rison du l\u00e9preux Jeu des dix l\u00e9preux num\u00e9rot\u00e9<\/p>\n","protected":false},"author":1,"featured_media":0,"parent":0,"menu_order":0,"comment_status":"closed","ping_status":"closed","template":"","meta":{"footnotes":""},"_links":{"self":[{"href":"http:\/\/image-bible.ch\/index.php?rest_route=\/wp\/v2\/pages\/6994"}],"collection":[{"href":"http:\/\/image-bible.ch\/index.php?rest_route=\/wp\/v2\/pages"}],"about":[{"href":"http:\/\/image-bible.ch\/index.php?rest_route=\/wp\/v2\/types\/page"}],"author":[{"embeddable":true,"href":"http:\/\/image-bible.ch\/index.php?rest_route=\/wp\/v2\/users\/1"}],"replies":[{"embeddable":true,"href":"http:\/\/image-bible.ch\/index.php?rest_route=%2Fwp%2Fv2%2Fcomments&post=6994"}],"version-history":[{"count":5,"href":"http:\/\/image-bible.ch\/index.php?rest_route=\/wp\/v2\/pages\/6994\/revisions"}],"predecessor-version":[{"id":9156,"href":"http:\/\/image-bible.ch\/index.php?rest_route=\/wp\/v2\/pages\/6994\/revisions\/9156"}],"wp:attachment":[{"href":"http:\/\/image-bible.ch\/index.php?rest_route=%2Fwp%2Fv2%2Fmedia&parent=6994"}],"curies":[{"name":"wp","href":"https:\/\/api.w.org\/{rel}","templated":true}]}}