{"id":6996,"date":"2022-07-05T14:49:18","date_gmt":"2022-07-05T12:49:18","guid":{"rendered":"http:\/\/image-bible.ch\/?page_id=6996"},"modified":"2022-07-05T14:49:18","modified_gmt":"2022-07-05T12:49:18","slug":"d-24-la-guerison-du-lepreux-jeunes","status":"publish","type":"page","link":"http:\/\/image-bible.ch\/?page_id=6996","title":{"rendered":"D.24 La gu\u00e9rison du l\u00e9preux &#8211; Jeunes"},"content":{"rendered":"<p>D.24 La gu\u00e9rison du l\u00e9preux &#8211; Jeunes<\/p>\n","protected":false},"excerpt":{"rendered":"<p>D.24 La gu\u00e9rison du l\u00e9preux &#8211; Jeunes<\/p>\n","protected":false},"author":1,"featured_media":0,"parent":0,"menu_order":0,"comment_status":"closed","ping_status":"closed","template":"","meta":{"footnotes":""},"_links":{"self":[{"href":"http:\/\/image-bible.ch\/index.php?rest_route=\/wp\/v2\/pages\/6996"}],"collection":[{"href":"http:\/\/image-bible.ch\/index.php?rest_route=\/wp\/v2\/pages"}],"about":[{"href":"http:\/\/image-bible.ch\/index.php?rest_route=\/wp\/v2\/types\/page"}],"author":[{"embeddable":true,"href":"http:\/\/image-bible.ch\/index.php?rest_route=\/wp\/v2\/users\/1"}],"replies":[{"embeddable":true,"href":"http:\/\/image-bible.ch\/index.php?rest_route=%2Fwp%2Fv2%2Fcomments&post=6996"}],"version-history":[{"count":1,"href":"http:\/\/image-bible.ch\/index.php?rest_route=\/wp\/v2\/pages\/6996\/revisions"}],"predecessor-version":[{"id":6997,"href":"http:\/\/image-bible.ch\/index.php?rest_route=\/wp\/v2\/pages\/6996\/revisions\/6997"}],"wp:attachment":[{"href":"http:\/\/image-bible.ch\/index.php?rest_route=%2Fwp%2Fv2%2Fmedia&parent=6996"}],"curies":[{"name":"wp","href":"https:\/\/api.w.org\/{rel}","templated":true}]}}