{"id":6998,"date":"2022-07-05T14:51:23","date_gmt":"2022-07-05T12:51:23","guid":{"rendered":"http:\/\/image-bible.ch\/?page_id=6998"},"modified":"2022-07-05T14:51:23","modified_gmt":"2022-07-05T12:51:23","slug":"d-24-la-guerison-du-lepreux-videos-jeux-divers-references","status":"publish","type":"page","link":"http:\/\/image-bible.ch\/?page_id=6998","title":{"rendered":"D.24 La gu\u00e9rison du l\u00e9preux &#8211; Vid\u00e9os &#8211; jeux &#8211; divers &#8211; r\u00e9f\u00e9rences"},"content":{"rendered":"<p style=\"text-align: center;\"><strong>D.24 La gu\u00e9rison du l\u00e9preux &#8211; D<\/strong><strong>ivers &#8211; V<\/strong><strong>id\u00e9o &#8211; R\u00e9f\u00e9rences<\/strong><\/p>\n","protected":false},"excerpt":{"rendered":"<p>D.24 La gu\u00e9rison du l\u00e9preux &#8211; Divers &#8211; Vid\u00e9o &#8211; R\u00e9f\u00e9rences<\/p>\n","protected":false},"author":1,"featured_media":0,"parent":0,"menu_order":0,"comment_status":"closed","ping_status":"closed","template":"","meta":{"footnotes":""},"_links":{"self":[{"href":"http:\/\/image-bible.ch\/index.php?rest_route=\/wp\/v2\/pages\/6998"}],"collection":[{"href":"http:\/\/image-bible.ch\/index.php?rest_route=\/wp\/v2\/pages"}],"about":[{"href":"http:\/\/image-bible.ch\/index.php?rest_route=\/wp\/v2\/types\/page"}],"author":[{"embeddable":true,"href":"http:\/\/image-bible.ch\/index.php?rest_route=\/wp\/v2\/users\/1"}],"replies":[{"embeddable":true,"href":"http:\/\/image-bible.ch\/index.php?rest_route=%2Fwp%2Fv2%2Fcomments&post=6998"}],"version-history":[{"count":1,"href":"http:\/\/image-bible.ch\/index.php?rest_route=\/wp\/v2\/pages\/6998\/revisions"}],"predecessor-version":[{"id":6999,"href":"http:\/\/image-bible.ch\/index.php?rest_route=\/wp\/v2\/pages\/6998\/revisions\/6999"}],"wp:attachment":[{"href":"http:\/\/image-bible.ch\/index.php?rest_route=%2Fwp%2Fv2%2Fmedia&parent=6998"}],"curies":[{"name":"wp","href":"https:\/\/api.w.org\/{rel}","templated":true}]}}