{"id":72,"date":"2021-03-01T16:26:46","date_gmt":"2021-03-01T15:26:46","guid":{"rendered":"http:\/\/image-bible.ch\/?page_id=72"},"modified":"2024-08-20T16:25:00","modified_gmt":"2024-08-20T14:25:00","slug":"les-vendeurs-chasses-du-temple","status":"publish","type":"page","link":"http:\/\/image-bible.ch\/?page_id=72","title":{"rendered":"B16. Les vendeurs chass\u00e9s du temple"},"content":{"rendered":"<p style=\"text-align: center;\"><span style=\"font-size: 14pt; font-family: 'comic sans ms', sans-serif;\">B16 &#8211; Les vendeurs chass\u00e9s du temple<\/span><\/p>\n<p><span style=\"font-family: 'comic sans ms', sans-serif;\">| <a href=\"http:\/\/image-bible.ch\/?page_id=972\" target=\"_blank\" rel=\"noreferrer noopener\">La Bible des Pauvres<\/a> | <a href=\"http:\/\/image-bible.ch\/?page_id=974\" target=\"_blank\" rel=\"noopener\"> Images<\/a> | <a href=\"http:\/\/image-bible.ch\/?page_id=976\" target=\"_blank\" rel=\"noreferrer noopener\">Nouveau-Testament<\/a> | <a href=\"http:\/\/image-bible.ch\/?page_id=978\" target=\"_blank\" rel=\"noreferrer noopener\">Ancien-Testament<\/a> | <a href=\"http:\/\/image-bible.ch\/?page_id=980\" target=\"_blank\" rel=\"noreferrer noopener\">Interpr\u00e9tation<\/a> | <a href=\"http:\/\/image-bible.ch\/?page_id=982\" target=\"_blank\" rel=\"noreferrer noopener\">Ic\u00f4ne<\/a> | <a href=\"http:\/\/image-bible.ch\/?page_id=984\" target=\"_blank\" rel=\"noreferrer noopener\">F\u00eate juive et chr\u00e9tienne<\/a> | <a href=\"http:\/\/image-bible.ch\/?page_id=986\" target=\"_blank\" rel=\"noreferrer noopener\">KT enfants<\/a> | <a href=\"http:\/\/image-bible.ch\/?page_id=988\" target=\"_blank\" rel=\"noreferrer noopener\">Jeunes<\/a> | <a href=\"http:\/\/image-bible.ch\/?page_id=990\" target=\"_blank\" rel=\"noreferrer noopener\">Divers Vid\u00e9o &#8211; R\u00e9f\u00e9rences<\/a> |<\/span><\/p>\n<hr \/>\n<p style=\"text-align: center;\"><strong><span style=\"font-family: 'book antiqua', palatino, serif;\">Page de pr\u00e9sentation<\/span><\/strong><\/p>\n<p>Diaporama de la bible des pauvres : <a href=\"http:\/\/image-bible.ch\/wp-content\/uploads\/16.-Les-vendeurs-chasses-du-Temple.pptx\">16. Les vendeurs chass\u00e9s du Temple<\/a><\/p>\n<p>Du livre les 40 clefs pour rencontrer J\u00e9sus : <a href=\"http:\/\/image-bible.ch\/wp-content\/uploads\/24.-Les-vendeurs-chasses-du-Temple.pdf\">24. Les vendeurs chass\u00e9s du Temple<\/a><\/p>\n<p><img loading=\"lazy\" decoding=\"async\" class=\"alignnone size-medium wp-image-5591\" src=\"http:\/\/image-bible.ch\/wp-content\/uploads\/2021\/05\/16.-Les-vendeurs-chasses-du-Temple-197x300.jpg\" alt=\"\" width=\"197\" height=\"300\" srcset=\"http:\/\/image-bible.ch\/wp-content\/uploads\/2021\/05\/16.-Les-vendeurs-chasses-du-Temple-197x300.jpg 197w, http:\/\/image-bible.ch\/wp-content\/uploads\/2021\/05\/16.-Les-vendeurs-chasses-du-Temple.jpg 640w\" sizes=\"(max-width: 197px) 100vw, 197px\" \/><\/p>\n<hr \/>\n<table style=\"border-collapse: collapse; width: 100%;\">\n<tbody>\n<tr>\n<td style=\"width: 100%;\"><span style=\"font-size: 10pt;\">B10.\u00a0<a href=\"http:\/\/image-bible.ch\/?page_id=59\">Le bapt\u00eame de J\u00e9sus<\/a>\u00a0\u2013 B11.<a href=\"http:\/\/image-bible.ch\/?page_id=61\">Les tentations<\/a>\u00a0\u2013 B12.\u00a0<a href=\"http:\/\/image-bible.ch\/?page_id=63\">La multiplication des pains<\/a>\u00a0 \u2013 B13.\u00a0<a href=\"http:\/\/image-bible.ch\/?page_id=65\">Repas chez le pharisien, le repentir de Marie-Madeleine<\/a>\u00a0\u2013 B14.\u00a0<a href=\"http:\/\/image-bible.ch\/?page_id=68\">Le r\u00e9veil (r\u00e9surrection) de Lazare<\/a>\u00a0\u2013 B15.\u00a0<a href=\"http:\/\/image-bible.ch\/?page_id=70\">La Transfiguration<\/a>\u00a0\u2013 B16.\u00a0<a href=\"http:\/\/image-bible.ch\/?page_id=72\">Les vendeurs chass\u00e9s du Temple<\/a>\u00a0 \u2013 B17.\u00a0<a href=\"http:\/\/image-bible.ch\/?page_id=2109\">Le discours sur la montagne : les b\u00e9atitudes<\/a><\/span><\/td>\n<\/tr>\n<\/tbody>\n<\/table>\n","protected":false},"excerpt":{"rendered":"<p>B16 &#8211; Les vendeurs chass\u00e9s du temple | La Bible des Pauvres | Images | Nouveau-Testament | Ancien-Testament | Interpr\u00e9tation | Ic\u00f4ne | F\u00eate juive et chr\u00e9tienne | KT enfants | Jeunes | Divers Vid\u00e9o &#8211; R\u00e9f\u00e9rences | Page de<\/p>\n","protected":false},"author":1,"featured_media":0,"parent":0,"menu_order":0,"comment_status":"closed","ping_status":"closed","template":"","meta":{"footnotes":""},"_links":{"self":[{"href":"http:\/\/image-bible.ch\/index.php?rest_route=\/wp\/v2\/pages\/72"}],"collection":[{"href":"http:\/\/image-bible.ch\/index.php?rest_route=\/wp\/v2\/pages"}],"about":[{"href":"http:\/\/image-bible.ch\/index.php?rest_route=\/wp\/v2\/types\/page"}],"author":[{"embeddable":true,"href":"http:\/\/image-bible.ch\/index.php?rest_route=\/wp\/v2\/users\/1"}],"replies":[{"embeddable":true,"href":"http:\/\/image-bible.ch\/index.php?rest_route=%2Fwp%2Fv2%2Fcomments&post=72"}],"version-history":[{"count":16,"href":"http:\/\/image-bible.ch\/index.php?rest_route=\/wp\/v2\/pages\/72\/revisions"}],"predecessor-version":[{"id":7350,"href":"http:\/\/image-bible.ch\/index.php?rest_route=\/wp\/v2\/pages\/72\/revisions\/7350"}],"wp:attachment":[{"href":"http:\/\/image-bible.ch\/index.php?rest_route=%2Fwp%2Fv2%2Fmedia&parent=72"}],"curies":[{"name":"wp","href":"https:\/\/api.w.org\/{rel}","templated":true}]}}