{"id":759,"date":"2021-03-05T10:50:32","date_gmt":"2021-03-05T09:50:32","guid":{"rendered":"http:\/\/image-bible.ch\/?page_id=759"},"modified":"2021-09-16T15:39:49","modified_gmt":"2021-09-16T13:39:49","slug":"b1-7-fete-juive","status":"publish","type":"page","link":"http:\/\/image-bible.ch\/?page_id=759","title":{"rendered":"B10.7 \/ F\u00eate juive et chr\u00e9tienne"},"content":{"rendered":"\r\n<p style=\"text-align: center;\"><span style=\"font-family: 'comic sans ms', sans-serif; font-size: 14pt;\">B10 &#8211; Bapt\u00eame de J\u00e9sus \/ F\u00eate juive et chr\u00e9tienne<\/span><\/p>\r\n<p style=\"text-align: justify;\"><span class=\"ILfuVd\"><span class=\"hgKElc\">L&rsquo;\u00c9glise catholique, dans le rite romain, <b>f\u00eate<\/b> le <b>bapt\u00eame<\/b> du Seigneur le dimanche qui suit l&rsquo;\u00c9piphanie. L\u00e0 o\u00f9 l&rsquo;\u00c9piphanie, n&rsquo;\u00e9tant pas de pr\u00e9cepte, est transf\u00e9r\u00e9e au dimanche 7 ou 8 janvier , le <b>bapt\u00eame<\/b> du Seigneur est c\u00e9l\u00e9br\u00e9 le lendemain (lundi 8 ou 9).<\/span><\/span><\/p>\r\n<p class=\"description\">Chez les orthodoxes le 6 Janvier f\u00eate la \u00ab\u00a0Manifestation de Dieu\u00a0\u00bb, soit le bapt\u00eame de J\u00e9sus dans les eaux du Jourdain. Pour les Orthodoxes cette date n&rsquo;est pas rattach\u00e9e aux Rois Mages, elle est li\u00e9e \u00e0 la manifestation de la Sainte Trinit\u00e9 lors du bapt\u00eame du Sauveur. Au d\u00e9part, la naissance de J\u00e9sus, la visite des Rois mages et le bapt\u00eame de J\u00e9sus \u00e9taient tous c\u00e9l\u00e9br\u00e9s le m\u00eame jour, le 6 janvier, mais au IV<sup>e<\/sup> si\u00e8cle, l&rsquo;Eglise Romaine \u00e0 d\u00e9plac\u00e9 la naissance du Christ au 25 d\u00e9cembre pour combattre les f\u00eates Pa\u00efennes.\u00a0 Dans certains pays, le 6 janvier, les fid\u00e8les creusent un trou dans la glace et se baignent dans l&rsquo;eau froide. Ces \u201cbains de la Th\u00e9ophanie\u201d sont un hommage et une comm\u00e9moration du bapt\u00eame du Christ.<\/p>\r\n<p>&nbsp;<\/p>\r\n<p><span class=\"ILfuVd\"><span class=\"hgKElc\">\u00a0<\/span><\/span><\/p>\r\n","protected":false},"excerpt":{"rendered":"<p>B10 &#8211; Bapt\u00eame de J\u00e9sus \/ F\u00eate juive et chr\u00e9tienne L&rsquo;\u00c9glise catholique, dans le rite romain, f\u00eate le bapt\u00eame du Seigneur le dimanche qui suit l&rsquo;\u00c9piphanie. L\u00e0 o\u00f9 l&rsquo;\u00c9piphanie, n&rsquo;\u00e9tant pas de pr\u00e9cepte, est transf\u00e9r\u00e9e au dimanche 7 ou 8<\/p>\n","protected":false},"author":1,"featured_media":0,"parent":59,"menu_order":7,"comment_status":"closed","ping_status":"closed","template":"","meta":{"footnotes":""},"_links":{"self":[{"href":"http:\/\/image-bible.ch\/index.php?rest_route=\/wp\/v2\/pages\/759"}],"collection":[{"href":"http:\/\/image-bible.ch\/index.php?rest_route=\/wp\/v2\/pages"}],"about":[{"href":"http:\/\/image-bible.ch\/index.php?rest_route=\/wp\/v2\/types\/page"}],"author":[{"embeddable":true,"href":"http:\/\/image-bible.ch\/index.php?rest_route=\/wp\/v2\/users\/1"}],"replies":[{"embeddable":true,"href":"http:\/\/image-bible.ch\/index.php?rest_route=%2Fwp%2Fv2%2Fcomments&post=759"}],"version-history":[{"count":7,"href":"http:\/\/image-bible.ch\/index.php?rest_route=\/wp\/v2\/pages\/759\/revisions"}],"predecessor-version":[{"id":5984,"href":"http:\/\/image-bible.ch\/index.php?rest_route=\/wp\/v2\/pages\/759\/revisions\/5984"}],"up":[{"embeddable":true,"href":"http:\/\/image-bible.ch\/index.php?rest_route=\/wp\/v2\/pages\/59"}],"wp:attachment":[{"href":"http:\/\/image-bible.ch\/index.php?rest_route=%2Fwp%2Fv2%2Fmedia&parent=759"}],"curies":[{"name":"wp","href":"https:\/\/api.w.org\/{rel}","templated":true}]}}