{"id":765,"date":"2021-03-05T10:51:57","date_gmt":"2021-03-05T09:51:57","guid":{"rendered":"http:\/\/image-bible.ch\/?page_id=765"},"modified":"2021-09-16T14:38:19","modified_gmt":"2021-09-16T12:38:19","slug":"b1-10-divers-video-references","status":"publish","type":"page","link":"http:\/\/image-bible.ch\/?page_id=765","title":{"rendered":"B10.10 \/ Divers Vid\u00e9o &#8211; R\u00e9f\u00e9rences"},"content":{"rendered":"\r\n<p style=\"text-align: center;\"><span style=\"font-family: 'comic sans ms', sans-serif; font-size: 14pt;\">B10 &#8211; Bapt\u00eame de J\u00e9sus \/ Divers Vid\u00e9o &#8211; R\u00e9f\u00e9rences<\/span><\/p>\r\n<p>A la chapelle Sixtine le lien entre Bapt\u00eame de J\u00e9sus et Circoncision : <a href=\"http:\/\/image-bible.ch\/wp-content\/uploads\/2021\/09\/1.-Bapteme-Circoncision-Chapelle-sixtine-Vatican.ppt\">1. Bapt\u00eame &#8211; Circoncision Chapelle sixtine Vatican<\/a><\/p>\r\n","protected":false},"excerpt":{"rendered":"<p>B10 &#8211; Bapt\u00eame de J\u00e9sus \/ Divers Vid\u00e9o &#8211; R\u00e9f\u00e9rences A la chapelle Sixtine le lien entre Bapt\u00eame de J\u00e9sus et Circoncision : 1. Bapt\u00eame &#8211; Circoncision Chapelle sixtine Vatican<\/p>\n","protected":false},"author":1,"featured_media":0,"parent":59,"menu_order":10,"comment_status":"closed","ping_status":"closed","template":"","meta":{"footnotes":""},"_links":{"self":[{"href":"http:\/\/image-bible.ch\/index.php?rest_route=\/wp\/v2\/pages\/765"}],"collection":[{"href":"http:\/\/image-bible.ch\/index.php?rest_route=\/wp\/v2\/pages"}],"about":[{"href":"http:\/\/image-bible.ch\/index.php?rest_route=\/wp\/v2\/types\/page"}],"author":[{"embeddable":true,"href":"http:\/\/image-bible.ch\/index.php?rest_route=\/wp\/v2\/users\/1"}],"replies":[{"embeddable":true,"href":"http:\/\/image-bible.ch\/index.php?rest_route=%2Fwp%2Fv2%2Fcomments&post=765"}],"version-history":[{"count":6,"href":"http:\/\/image-bible.ch\/index.php?rest_route=\/wp\/v2\/pages\/765\/revisions"}],"predecessor-version":[{"id":5966,"href":"http:\/\/image-bible.ch\/index.php?rest_route=\/wp\/v2\/pages\/765\/revisions\/5966"}],"up":[{"embeddable":true,"href":"http:\/\/image-bible.ch\/index.php?rest_route=\/wp\/v2\/pages\/59"}],"wp:attachment":[{"href":"http:\/\/image-bible.ch\/index.php?rest_route=%2Fwp%2Fv2%2Fmedia&parent=765"}],"curies":[{"name":"wp","href":"https:\/\/api.w.org\/{rel}","templated":true}]}}