{"id":786,"date":"2021-03-05T13:55:39","date_gmt":"2021-03-05T12:55:39","guid":{"rendered":"http:\/\/image-bible.ch\/?page_id=786"},"modified":"2024-11-03T20:55:23","modified_gmt":"2024-11-03T19:55:23","slug":"b11-2-images","status":"publish","type":"page","link":"http:\/\/image-bible.ch\/?page_id=786","title":{"rendered":"B11.2 \/ Images"},"content":{"rendered":"<p style=\"text-align: center;\"><span style=\"font-size: 14pt; font-family: 'comic sans ms', sans-serif;\">B11. Les tentations \/\u00a0 Images<\/span><\/p>\n<p><img loading=\"lazy\" decoding=\"async\" class=\"alignnone wp-image-6796\" src=\"http:\/\/image-bible.ch\/wp-content\/uploads\/11a_Tentations_Mt4-300x300.jpg\" alt=\"\" width=\"427\" height=\"427\" srcset=\"http:\/\/image-bible.ch\/wp-content\/uploads\/11a_Tentations_Mt4-300x300.jpg 300w, http:\/\/image-bible.ch\/wp-content\/uploads\/11a_Tentations_Mt4-1024x1024.jpg 1024w, http:\/\/image-bible.ch\/wp-content\/uploads\/11a_Tentations_Mt4-150x150.jpg 150w, http:\/\/image-bible.ch\/wp-content\/uploads\/11a_Tentations_Mt4-768x769.jpg 768w, http:\/\/image-bible.ch\/wp-content\/uploads\/11a_Tentations_Mt4-1534x1536.jpg 1534w, http:\/\/image-bible.ch\/wp-content\/uploads\/11a_Tentations_Mt4-270x270.jpg 270w, http:\/\/image-bible.ch\/wp-content\/uploads\/11a_Tentations_Mt4-230x230.jpg 230w, http:\/\/image-bible.ch\/wp-content\/uploads\/11a_Tentations_Mt4.jpg 1745w\" sizes=\"(max-width: 427px) 100vw, 427px\" \/><\/p>\n<p>Les tentations de J\u00e9sus<\/p>\n<p><img loading=\"lazy\" decoding=\"async\" class=\"alignnone wp-image-8948\" src=\"http:\/\/image-bible.ch\/wp-content\/uploads\/7.-Gn-3-1-6_Tentation-Eve-224x300.jpg\" alt=\"\" width=\"437\" height=\"585\" srcset=\"http:\/\/image-bible.ch\/wp-content\/uploads\/7.-Gn-3-1-6_Tentation-Eve-224x300.jpg 224w, http:\/\/image-bible.ch\/wp-content\/uploads\/7.-Gn-3-1-6_Tentation-Eve-763x1024.jpg 763w, http:\/\/image-bible.ch\/wp-content\/uploads\/7.-Gn-3-1-6_Tentation-Eve-768x1030.jpg 768w, http:\/\/image-bible.ch\/wp-content\/uploads\/7.-Gn-3-1-6_Tentation-Eve-1145x1536.jpg 1145w, http:\/\/image-bible.ch\/wp-content\/uploads\/7.-Gn-3-1-6_Tentation-Eve.jpg 1398w\" sizes=\"(max-width: 437px) 100vw, 437px\" \/><\/p>\n<p>La transgression de Eve et Adam<\/p>\n<p><img loading=\"lazy\" decoding=\"async\" class=\"alignnone wp-image-8949\" src=\"http:\/\/image-bible.ch\/wp-content\/uploads\/7.-Gn-25-29-34_Esau-vend-droit-ainesse-Jacob-224x300.jpg\" alt=\"\" width=\"404\" height=\"541\" srcset=\"http:\/\/image-bible.ch\/wp-content\/uploads\/7.-Gn-25-29-34_Esau-vend-droit-ainesse-Jacob-224x300.jpg 224w, http:\/\/image-bible.ch\/wp-content\/uploads\/7.-Gn-25-29-34_Esau-vend-droit-ainesse-Jacob-766x1024.jpg 766w, http:\/\/image-bible.ch\/wp-content\/uploads\/7.-Gn-25-29-34_Esau-vend-droit-ainesse-Jacob-768x1027.jpg 768w, http:\/\/image-bible.ch\/wp-content\/uploads\/7.-Gn-25-29-34_Esau-vend-droit-ainesse-Jacob-1149x1536.jpg 1149w, http:\/\/image-bible.ch\/wp-content\/uploads\/7.-Gn-25-29-34_Esau-vend-droit-ainesse-Jacob.jpg 1399w\" sizes=\"(max-width: 404px) 100vw, 404px\" \/><\/p>\n<p>Esa\u00fc vend son droit d&rsquo;a\u00eenesse<\/p>\n","protected":false},"excerpt":{"rendered":"<p>B11. Les tentations \/\u00a0 Images Les tentations de J\u00e9sus La transgression de Eve et Adam Esa\u00fc vend son droit d&rsquo;a\u00eenesse<\/p>\n","protected":false},"author":1,"featured_media":0,"parent":61,"menu_order":2,"comment_status":"closed","ping_status":"closed","template":"","meta":{"footnotes":""},"_links":{"self":[{"href":"http:\/\/image-bible.ch\/index.php?rest_route=\/wp\/v2\/pages\/786"}],"collection":[{"href":"http:\/\/image-bible.ch\/index.php?rest_route=\/wp\/v2\/pages"}],"about":[{"href":"http:\/\/image-bible.ch\/index.php?rest_route=\/wp\/v2\/types\/page"}],"author":[{"embeddable":true,"href":"http:\/\/image-bible.ch\/index.php?rest_route=\/wp\/v2\/users\/1"}],"replies":[{"embeddable":true,"href":"http:\/\/image-bible.ch\/index.php?rest_route=%2Fwp%2Fv2%2Fcomments&post=786"}],"version-history":[{"count":5,"href":"http:\/\/image-bible.ch\/index.php?rest_route=\/wp\/v2\/pages\/786\/revisions"}],"predecessor-version":[{"id":8950,"href":"http:\/\/image-bible.ch\/index.php?rest_route=\/wp\/v2\/pages\/786\/revisions\/8950"}],"up":[{"embeddable":true,"href":"http:\/\/image-bible.ch\/index.php?rest_route=\/wp\/v2\/pages\/61"}],"wp:attachment":[{"href":"http:\/\/image-bible.ch\/index.php?rest_route=%2Fwp%2Fv2%2Fmedia&parent=786"}],"curies":[{"name":"wp","href":"https:\/\/api.w.org\/{rel}","templated":true}]}}