{"id":829,"date":"2021-03-05T15:16:27","date_gmt":"2021-03-05T14:16:27","guid":{"rendered":"http:\/\/image-bible.ch\/?page_id=829"},"modified":"2021-09-21T20:24:00","modified_gmt":"2021-09-21T18:24:00","slug":"12-1-la-bible-des-pauvres","status":"publish","type":"page","link":"http:\/\/image-bible.ch\/?page_id=829","title":{"rendered":"B12.1 \/ La Bible des pauvres"},"content":{"rendered":"\r\n<p style=\"text-align: center;\"><span style=\"font-size: 14pt; font-family: 'comic sans ms', sans-serif;\">B12. La multiplication des pains \/\u00a0 Bible des pauvres<\/span><\/p>\r\n<p><img loading=\"lazy\" decoding=\"async\" class=\"alignnone size-medium wp-image-5563\" src=\"http:\/\/image-bible.ch\/wp-content\/uploads\/2021\/05\/12.-Multiplication-des-pains-194x300.jpg\" alt=\"\" width=\"194\" height=\"300\" srcset=\"http:\/\/image-bible.ch\/wp-content\/uploads\/2021\/05\/12.-Multiplication-des-pains-194x300.jpg 194w, http:\/\/image-bible.ch\/wp-content\/uploads\/2021\/05\/12.-Multiplication-des-pains.jpg 624w\" sizes=\"(max-width: 194px) 100vw, 194px\" \/><\/p>\r\n<p><strong>Types :<\/strong> Elie et la veuve de Sarepta &#8211; le miracle du repas d\u2019Elis\u00e9e<\/p>\r\n<p><strong>Antitype :<\/strong> Le repas des 5000 hommes<\/p>\r\n<p>Comme Dieu multiplia le peu de farine et d\u2019huile de la veuve\u00a0 pour sa famille et Elie, Ainsi J\u00e9sus va multiplier le peu de pain et de poisson pour nourrir une immense foule, signe de la surabondance de l\u2019amour de Dieu<\/p>\r\n<p><strong>Pr\u00e9figuration : Elie et la veuve de Sarepta : 1R 17,9-24<\/strong><\/p>\r\n<p><i>Alors la parole du Seigneur lui fut adress\u00e9e \u00e0 Elie : <br \/>\u00a0\u00ab L\u00e8ve-toi, va \u00e0 Sarepta, dans le pays de Sidon ; tu y habiteras ; il y a l\u00e0 une veuve que j\u2019ai charg\u00e9e de te nourrir. \u00bb<br \/>Le proph\u00e8te \u00c9lie partit pour Sarepta, et il parvint \u00e0 l\u2019entr\u00e9e de la ville. Une veuve ramassait du bois ; il l\u2019appela et lui dit : \u00ab Veux-tu me puiser, avec ta cruche, un peu d\u2019eau pour que je boive ? \u00bb<br \/>Elle alla en puiser. Il lui dit encore : \u00ab Apporte-moi aussi un morceau de pain. \u00bb<br \/>Elle r\u00e9pondit : \u00ab Je le jure par la vie du Seigneur ton Dieu : je n\u2019ai pas de pain. J\u2019ai seulement, dans une jarre, une poign\u00e9e de farine, et un peu d\u2019huile dans un vase. Je ramasse deux morceaux de bois, je rentre pr\u00e9parer pour moi et pour mon fils ce qui nous reste. Nous le mangerons, et puis nous mourrons. \u00bb<br \/>\u00c9lie lui dit alors : \u00ab N\u2019aie pas peur, va, fais ce que tu as dit. Mais d\u2019abord cuis-moi une petite galette et apporte-la moi ; ensuite tu en feras pour toi et ton fils. Car ainsi parle le Seigneur, Dieu d\u2019Isra\u00ebl : Jarre de farine point ne s\u2019\u00e9puisera, vase d\u2019huile point ne se videra, jusqu\u2019au jour o\u00f9 le Seigneur donnera la pluie pour arroser la terre. \u00bb<br \/>La femme alla faire ce qu\u2019\u00c9lie lui avait demand\u00e9, et pendant longtemps, le proph\u00e8te, elle-m\u00eame et son fils eurent \u00e0 manger \u2026<br \/>Le fils de la femme chez qui habitait \u00c9lie tomba malade ; le mal fut si violent que l\u2019enfant expira. \u00c9lie dit : \u00ab Donne-moi ton fils ! \u00bb Il le prit des bras de sa m\u00e8re, le porta dans sa chambre en haut de la maison et l\u2019\u00e9tendit sur son lit. Puis il invoqua le Seigneur : \u2026 \u00ab Seigneur, mon Dieu, je t\u2019en supplie, rends la vie \u00e0 cet enfant ! \u00bb<br \/>Le Seigneur entendit la pri\u00e8re d\u2019\u00c9lie ; le souffle de l\u2019enfant revint en lui : il \u00e9tait vivant !<br \/>\u00c9lie prit alors l\u2019enfant, \u2026 le remit \u00e0 sa m\u00e8re et dit : \u00ab Regarde, ton fils est vivant ! \u00bb<\/i><\/p>\r\n<p>Comme Dieu rend la soupe mangeable et multiplie les pains par \u00c9lis\u00e9e son proph\u00e8te pour nourrir 100 hommes. Ainsi J\u00e9sus multiplie les pains et les poissons pour nourrir 5000 hommes<i>.<\/i><\/p>\r\n<p><strong><i>Le miracle du repas d\u2019Elis\u00e9e : 2R 4,40-44<\/i><\/strong><\/p>\r\n<p><i>On servit \u00e0 manger aux hommes, mais d\u00e8s qu\u2019ils eurent mang\u00e9 de la soupe, ils ne pouss\u00e8rent qu\u2019un cri\u00a0: \u00ab\u00a0La mort est dans la marmite, homme de Dieu\u00a0!\u00a0\u00bb Et ils ne purent manger. \u00c9lis\u00e9e dit\u00a0: \u00ab\u00a0Apportez de la farine.\u00a0\u00bb Il la jeta dans la marmite et dit\u00a0: \u00ab\u00a0Sers les gens, et qu\u2019ils mangent\u00a0!\u00a0\u00bb Il n\u2019y avait plus rien de mauvais dans la marmite.<\/i><\/p>\r\n<p><i>Un homme vint de Baal-Shalisha et, prenant sur la r\u00e9colte nouvelle, il apporta \u00e0 \u00c9lis\u00e9e, l\u2019homme de Dieu, vingt pains d\u2019orge et du grain frais dans un sac. \u00c9lis\u00e9e dit alors\u00a0: \u00ab\u00a0Donne-le \u00e0 tous ces gens pour qu\u2019ils mangent.\u00a0\u00bbSon serviteur r\u00e9pondit\u00a0: \u00ab\u00a0Comment donner cela \u00e0 cent personnes\u00a0?\u00a0\u00bb \u00c9lis\u00e9e reprit\u00a0: \u00ab\u00a0Donne-le \u00e0 tous ces gens pour qu\u2019ils mangent, car ainsi parle le Seigneur\u00a0: On mangera, et il en restera.\u00a0\u00bb<\/i><\/p>\r\n<p><i>Alors, il le leur donna, ils mang\u00e8rent, et il en resta, selon la parole du Seigneur .<\/i><\/p>\r\n<p><strong>David :<\/strong><i> Ps 77,24-25 :<\/i><em>Pour les nourrir il fait pleuvoir la manne, il leur donne le froment du ciel ; chacun se nourrit du pain des Forts, il les pourvoit de vivres \u00e0 sati\u00e9t\u00e9.<\/em><\/p>\r\n<p><strong>Jo\u00ebl :<\/strong><i> (Ez 4,9) Prends du bl\u00e9, de l\u2019orge, des f\u00e8ves, des lentilles, du millet et de l\u2019\u00e9peautre : mets-les dans un m\u00eame r\u00e9cipient ; tu t\u2019en feras du pain. Tu en mangeras pendant les jours o\u00f9 tu seras couch\u00e9 sur le c\u00f4t\u00e9, soit 390 jours.<br \/><\/i><\/p>\r\n<p><strong>Job :<\/strong><i> Job 27,14 : Si ses enfants se multiplient, le glaive les attend ; ses descendants ne pourront se rassasier de pain.<br \/><\/i><\/p>\r\n<p><strong>Isa\u00efe :<\/strong><i> Es 36,17:\u00a0 jusqu\u2019\u00e0 ce que je vienne vous prendre pour vous emmener dans un pays comme le v\u00f4tre, un pays de froment et de vin nouveau, un pays de pain et de vignobles<\/i><\/p>\r\n","protected":false},"excerpt":{"rendered":"<p>B12. La multiplication des pains \/\u00a0 Bible des pauvres Types : Elie et la veuve de Sarepta &#8211; le miracle du repas d\u2019Elis\u00e9e Antitype : Le repas des 5000 hommes Comme Dieu multiplia le peu de farine et d\u2019huile de<\/p>\n","protected":false},"author":1,"featured_media":0,"parent":63,"menu_order":1,"comment_status":"closed","ping_status":"closed","template":"","meta":{"footnotes":""},"_links":{"self":[{"href":"http:\/\/image-bible.ch\/index.php?rest_route=\/wp\/v2\/pages\/829"}],"collection":[{"href":"http:\/\/image-bible.ch\/index.php?rest_route=\/wp\/v2\/pages"}],"about":[{"href":"http:\/\/image-bible.ch\/index.php?rest_route=\/wp\/v2\/types\/page"}],"author":[{"embeddable":true,"href":"http:\/\/image-bible.ch\/index.php?rest_route=\/wp\/v2\/users\/1"}],"replies":[{"embeddable":true,"href":"http:\/\/image-bible.ch\/index.php?rest_route=%2Fwp%2Fv2%2Fcomments&post=829"}],"version-history":[{"count":8,"href":"http:\/\/image-bible.ch\/index.php?rest_route=\/wp\/v2\/pages\/829\/revisions"}],"predecessor-version":[{"id":6262,"href":"http:\/\/image-bible.ch\/index.php?rest_route=\/wp\/v2\/pages\/829\/revisions\/6262"}],"up":[{"embeddable":true,"href":"http:\/\/image-bible.ch\/index.php?rest_route=\/wp\/v2\/pages\/63"}],"wp:attachment":[{"href":"http:\/\/image-bible.ch\/index.php?rest_route=%2Fwp%2Fv2%2Fmedia&parent=829"}],"curies":[{"name":"wp","href":"https:\/\/api.w.org\/{rel}","templated":true}]}}