{"id":835,"date":"2021-03-05T15:17:43","date_gmt":"2021-03-05T14:17:43","guid":{"rendered":"http:\/\/image-bible.ch\/?page_id=835"},"modified":"2024-11-03T21:16:00","modified_gmt":"2024-11-03T20:16:00","slug":"12-4-bible-aancien-testament","status":"publish","type":"page","link":"http:\/\/image-bible.ch\/?page_id=835","title":{"rendered":"B12.4 \/ Bible Aancien-Testament"},"content":{"rendered":"\r\n<p style=\"text-align: center;\"><span style=\"font-size: 14pt; font-family: 'comic sans ms', sans-serif;\">B12. La multiplication des pains \/\u00a0 Bible Ancien-Testament<\/span><\/p>\r\n<h3><strong>Elie et la veuve de Sarepta : <br \/><\/strong><\/h3>\r\n<p><strong><img loading=\"lazy\" decoding=\"async\" class=\"alignnone size-medium wp-image-5559\" src=\"http:\/\/image-bible.ch\/wp-content\/uploads\/2021\/05\/12.-Multiplication-des-pains-A-Elie-la-veuve-de-Sarepta-197x300.jpg\" alt=\"\" width=\"197\" height=\"300\" srcset=\"http:\/\/image-bible.ch\/wp-content\/uploads\/2021\/05\/12.-Multiplication-des-pains-A-Elie-la-veuve-de-Sarepta-197x300.jpg 197w, http:\/\/image-bible.ch\/wp-content\/uploads\/2021\/05\/12.-Multiplication-des-pains-A-Elie-la-veuve-de-Sarepta.jpg 311w\" sizes=\"(max-width: 197px) 100vw, 197px\" \/><\/strong><\/p>\r\n<p><em>1R 17,9-24 :<br \/><\/em><\/p>\r\n<p><sup><span class=\"verse_number\" style=\"color: #0000ff;\">8<\/span><\/sup> Alors la parole du Seigneur lui fut adress\u00e9e :<\/p>\r\n<p><sup><span class=\"verse_number\" style=\"color: #0000ff;\">9<\/span><\/sup> \u00ab L\u00e8ve-toi, va \u00e0 <span style=\"color: #008000;\">Sarepta<\/span>, dans le pays de <span style=\"color: #008000;\">Sidon<\/span> ; tu y habiteras ; il y a l\u00e0 une <span style=\"color: #ff0000;\"><strong>veuve<\/strong><\/span> que j\u2019ai charg\u00e9e de te nourrir. \u00bb<\/p>\r\n<p><sup><span class=\"verse_number\" style=\"color: #0000ff;\">10<\/span><\/sup> Le proph\u00e8te <strong>\u00c9lie<\/strong> partit pour <span style=\"color: #008000;\">Sarepta<\/span>, et il parvint \u00e0 l\u2019entr\u00e9e de la ville. Une veuve ramassait du bois ; il l\u2019appela et lui dit : \u00ab Veux-tu me <em>puiser, avec ta cruche<\/em>, un peu d<em>\u2019eau<\/em> pour que je boive ? \u00bb<\/p>\r\n<p><sup><span class=\"verse_number\" style=\"color: #0000ff;\">11<\/span><\/sup> Elle alla en puiser. Il lui dit encore : \u00ab Apporte-moi aussi <strong><span style=\"color: #ff0000;\">un morceau de pain<\/span><\/strong>. \u00bb<\/p>\r\n<p><sup><span class=\"verse_number\" style=\"color: #0000ff;\">12<\/span><\/sup> Elle r\u00e9pondit : \u00ab Je le jure par la vie du Seigneur ton Dieu :<em> je n\u2019ai pas de pain<\/em>. J\u2019ai seulement, dans une jarre, une <em>poign\u00e9e de farine<\/em>, et un peu d\u2019<em>huile dans un vase<\/em>. Je ramasse deux morceaux de bois, je rentre pr\u00e9parer pour moi et pour mon fils ce qui nous reste. Nous le <em>mangerons, et puis nous mourrons<\/em>. \u00bb<\/p>\r\n<p><sup><span class=\"verse_number\" style=\"color: #0000ff;\">13<\/span><\/sup> \u00c9lie lui dit alors : \u00ab <strong><span style=\"color: #ff0000;\">N\u2019aie pas peur<\/span><\/strong>, va, fais ce que tu as dit. Mais d\u2019abord cuis-moi une petite galette et apporte-la moi ; ensuite tu en feras pour toi et ton fils.<\/p>\r\n<p><sup><span class=\"verse_number\" style=\"color: #0000ff;\">14<\/span><\/sup> Car ainsi parle le Seigneur, Dieu d\u2019Isra\u00ebl : <em>Jarre de farine point ne s\u2019\u00e9puisera<\/em>,<em> vase d\u2019huile point ne se videra,<\/em> jusqu\u2019au jour o\u00f9 le Seigneur donnera <em>la pluie<\/em> pour <em>arroser la terre<\/em>. \u00bb<\/p>\r\n<p><sup><span class=\"verse_number\" style=\"color: #0000ff;\">15 <\/span><\/sup>La femme alla faire ce qu\u2019\u00c9lie lui avait demand\u00e9, et pendant longtemps, le proph\u00e8te, elle-m\u00eame et son fils eurent \u00e0 manger.<\/p>\r\n<p><sup><span class=\"verse_number\" style=\"color: #0000ff;\">16<\/span><\/sup> Et la jarre de <em>farine ne s\u2019\u00e9puisa pas<\/em>, et le <em>vase d\u2019huile ne se vida<\/em> pas, ainsi que le Seigneur l\u2019avait annonc\u00e9 par l\u2019interm\u00e9diaire d\u2019\u00c9lie.<\/p>\r\n<p><sup><span class=\"verse_number\" style=\"color: #0000ff;\">17<\/span><\/sup> Apr\u00e8s cela, <em>le fils<\/em> de la femme chez qui habitait \u00c9lie tomba malade ; le mal fut si violent que<em> l\u2019enfant expira<\/em>.<\/p>\r\n<p><sup><span class=\"verse_number\" style=\"color: #0000ff;\">18<\/span><\/sup> Alors la femme dit \u00e0 \u00c9lie : \u00ab Que me veux-tu, homme de Dieu ? Tu es venu chez moi pour rappeler mes fautes et faire mourir mon fils ! \u00bb<\/p>\r\n<p><sup><span class=\"verse_number\" style=\"color: #0000ff;\">19<\/span><\/sup> \u00c9lie r\u00e9pondit : \u00ab Donne-moi ton fils ! \u00bb Il le prit des bras de sa m\u00e8re, le porta dans sa chambre en haut de la maison et l\u2019\u00e9tendit sur son lit.<\/p>\r\n<p><sup><span class=\"verse_number\">20<\/span><\/sup> Puis il invoqua le Seigneur : \u00ab Seigneur, mon Dieu, cette veuve chez qui je loge, lui veux-tu du mal jusqu\u2019\u00e0 faire mourir son fils ? \u00bb<\/p>\r\n<p><sup><span class=\"verse_number\" style=\"color: #0000ff;\">21<\/span><\/sup> Par <em>trois fois<\/em>, il s\u2019<em>\u00e9tendit sur l\u2019enfant<\/em> en invoquant le Seigneur : \u00ab <em>Seigneur, mon Dieu, je t\u2019en supplie, rends la vie \u00e0 cet enfant !<\/em> \u00bb<\/p>\r\n<p><sup><span class=\"verse_number\" style=\"color: #0000ff;\">22<\/span><\/sup> Le Seigneur entendit la pri\u00e8re d\u2019\u00c9lie ; le souffle de l\u2019enfant revint en lui : il <strong><span style=\"color: #ff0000;\">\u00e9tait vivant<\/span> <\/strong>!<\/p>\r\n<p><sup><span class=\"verse_number\" style=\"color: #0000ff;\">23<\/span><\/sup> \u00c9lie prit alors l\u2019enfant, de sa chambre il le descendit dans la maison, le remit \u00e0 sa m\u00e8re et dit : \u00ab Regarde, ton fils est vivant ! \u00bb<\/p>\r\n<p><sup><span class=\"verse_number\" style=\"color: #0000ff;\">24<\/span><\/sup> La femme lui r\u00e9pondit : \u00ab Maintenant je sais que tu es un homme de Dieu, et que, dans ta bouche, la parole du Seigneur est v\u00e9ridique. \u00bb<\/p>\r\n<p><strong><span style=\"color: #993300;\">Vocabulaire :<\/span><\/strong><\/p>\r\n<p><span style=\"color: #993300;\"><strong>Deux morceaux de bois :<\/strong> les p\u00e8res de l&rsquo;Eglise y voient un signe de la croix<br \/><\/span><span style=\"color: #993300;\"><strong>N&rsquo;aie pas peur :<\/strong> une invitation \u00e0 la confiance et \u00e0 l&rsquo;abandon en Dieu.<br \/><strong>Par trois fois :<\/strong> est-ce un signe de la Trinit\u00e9 ? ou simplement une r\u00e9p\u00e9tition salutaire<br \/><strong>Ton fils est vivant :<\/strong> signe de la vie, de la vie \u00e9ternelle.<\/span><\/p>\r\n<p><strong><span style=\"color: #0000ff;\">Questions :<\/span><\/strong><\/p>\r\n<p><span style=\"color: #0000ff;\">Comment se fait le passage de la peur de la mort \u00e0 la joie de l&rsquo;esp\u00e9rance pour la veuve ?<br \/>Quel es le lien entre la jarre de farine qui ne s&rsquo;\u00e9puise pas, le <em>vase d\u2019huile qui ne se vide<\/em> pas et le fils qui retrouve la vie ?<\/span><\/p>\r\n<h3><strong>Commentaire :<\/strong><\/h3>\r\n<p class=\"Normallivre\"><span style=\"color: windowtext;\">Sur la terre d\u2019Isra\u00ebl, comme dans les pays avoisinants, c\u2019est un temps de s\u00e9cheresse et donc de famine. Le proph\u00e8te \u00c9lie a annonc\u00e9 que Dieu n\u2019accepterait de faire pleuvoir que lorsque le peuple se sera d\u00e9tourn\u00e9 de ses idoles. \u00c9lie fait partie des premi\u00e8res victimes de cette famine\u00a0: le torrent dans lequel il s\u2019abreuve habituellement est maintenant \u00e0 sec ; aussi, il fuit \u00e0 l\u2019\u00e9tranger, dans la ville de Sarepta (actuel Liban), pour qu\u00e9mander un peu de pain. Seule, une pauvre femme, une veuve, vient au-devant du proph\u00e8te ; seuls les pauvres savent accueillir les pauvres\u00a0; ensemble, ils ont le courage et la force d\u2019esp\u00e9rer que la b\u00e9n\u00e9diction de Dieu ne manquera pas \u00e0 ceux qui se confient en Lui. Et c\u2019est ainsi que cela se produit\u00a0: la jarre de farine ne fut point \u00e9puis\u00e9e, le vase d\u2019huile ne se vida point. <\/span><\/p>\r\n<p>Nous pouvons lire ce passage en cl\u00e9 de croix et de mort ou d&rsquo;esp\u00e9rance et de r\u00e9surrection.<br \/>En effet la veuve ramasse deux morceaux de bois (v.12), que les p\u00e8res de l\u2019\u00c9glise ont mis en lien comme une annonce de croix de J\u00e9sus. Elle annonce qu&rsquo;elle attend la mort car elle n&rsquo;a plus qu&rsquo;un peu d&rsquo;huile et de farine pour nourrir son fils et elle.<br \/>Elie va l&rsquo;inviter au contraire \u00e0 la confiance (v.13 : \u00ab\u00a0n&rsquo;aie pas peur\u00a0\u00bb) et lui annonce : \u00ab\u00a0<em>Jarre de farine point ne s\u2019\u00e9puisera<\/em>,<em> vase d\u2019huile point ne se videra,<\/em> jusqu\u2019au jour o\u00f9 le Seigneur donnera <em>la pluie<\/em> pour <em>arroser la terre<\/em>.\u00a0\u00bb<br \/>Ainsi la croix et la mort se transforment en esp\u00e9rance et en r\u00e9surrection. Effectivement ni l&rsquo;huile, ni la farine ne manque pour nourrir la veuve, son fils et Elie. Mais encore Elie va rendre la vie au fils qui est atteint d&rsquo;un mal si violent qu&rsquo;il a expir\u00e9.<\/p>\r\n<p>Pour \u00c9lie qui est accueilli par la veuve de Sarepta Dieu multiplie la jarre de farine et le vase d&rsquo;huile. \u00c9lie supplie Dieu de gu\u00e9rir et r\u00e9veiller le fils mort suite \u00e0 une maladie. Manifestation \u00e0 la fois de l&rsquo;abondance de Dieu et sa pr\u00e9sence agissante.<\/p>\r\n<h3><strong>Le miracle du repas d\u2019\u00c9lis\u00e9e : <\/strong><\/h3>\r\n<p><strong><img loading=\"lazy\" decoding=\"async\" class=\"alignnone size-medium wp-image-5560\" src=\"http:\/\/image-bible.ch\/wp-content\/uploads\/2021\/05\/12.-Multiplication-des-pains-B-Le-miracle-du-repas-dElisee-191x300.jpg\" alt=\"\" width=\"191\" height=\"300\" srcset=\"http:\/\/image-bible.ch\/wp-content\/uploads\/2021\/05\/12.-Multiplication-des-pains-B-Le-miracle-du-repas-dElisee-191x300.jpg 191w, http:\/\/image-bible.ch\/wp-content\/uploads\/2021\/05\/12.-Multiplication-des-pains-B-Le-miracle-du-repas-dElisee.jpg 294w\" sizes=\"(max-width: 191px) 100vw, 191px\" \/><\/strong><\/p>\r\n<p><em>2R 4,40-44 :<br \/><\/em><\/p>\r\n<p><sup><span class=\"verse_number\" style=\"color: #0000ff;\">40<\/span><\/sup> On servit \u00e0 manger aux <strong>hommes<\/strong>, mais d\u00e8s qu\u2019ils eurent mang\u00e9 de <em>la soupe<\/em>, ils ne pouss\u00e8rent qu\u2019un cri\u00a0: \u00ab\u00a0La mort est dans la marmite, <strong>homme de Dieu\u00a0<\/strong>!\u00a0\u00bb Et ils ne purent manger.<\/p>\r\n<p><sup><span class=\"verse_number\" style=\"color: #0000ff;\">41<\/span><\/sup> <strong>\u00c9lis\u00e9e<\/strong> dit\u00a0: \u00ab\u00a0Apportez de <em>la farine.<\/em> \u00bb Il la jeta dans <em>la marmite<\/em> et dit : \u00ab Sers les gens, et qu\u2019ils mangent ! \u00bb Il n\u2019y avait plus rien de mauvais dans la marmite.<\/p>\r\n<p><sup><span class=\"verse_number\" style=\"color: #0000ff;\">42<\/span><\/sup> Un homme vint de<span style=\"color: #008000;\"> Baal-Shalisha<\/span> et, prenant sur la r\u00e9colte nouvelle, il apporta \u00e0 \u00c9lis\u00e9e, l\u2019homme de Dieu, <span style=\"color: #ff0000;\"><strong>vingt pains d\u2019orge et du grain frais dans un sac<\/strong><\/span>. \u00c9lis\u00e9e dit alors\u00a0: \u00ab\u00a0Donne-le \u00e0 tous ces gens pour qu\u2019ils mangent.\u00a0\u00bb<\/p>\r\n<p><sup><span class=\"verse_number\" style=\"color: #0000ff;\">43<\/span><\/sup> Son serviteur r\u00e9pondit\u00a0: \u00ab\u00a0<span style=\"color: #ff0000;\">Comment<\/span> donner cela \u00e0 <span style=\"color: #ff0000;\">cent personnes\u00a0<\/span>?\u00a0\u00bb \u00c9lis\u00e9e reprit\u00a0: \u00ab\u00a0Donne-le \u00e0 tous ces gens pour qu\u2019ils mangent, car ainsi parle le Seigneur\u00a0: On mangera, et il en restera.\u00a0\u00bb<\/p>\r\n<p><sup><span class=\"verse_number\" style=\"color: #0000ff;\">44<\/span><\/sup> Alors, il le leur donna, ils <span style=\"color: #ff0000;\">mang\u00e8rent<\/span>, et il en <span style=\"color: #ff0000;\">resta,<\/span> <span style=\"color: #ff0000;\">selon la parole du Seigneur.<\/span><\/p>\r\n<p><span style=\"color: #993300;\"><strong>Vocabulaire :<br \/>La mort est dans la marmite : <\/strong>l&rsquo;association entre la soupe mauvaise et la mort\u00a0 est surprenante. Elle annonce comme une r\u00e9surrection \u00e0 venir.<strong><br \/>Homme de Dieu : <\/strong>\u00c9lis\u00e9e est consid\u00e9r\u00e9 comme un homme de Dieu, qui agit au nom de Dieu.<strong><br \/>Vingt pains : <\/strong><span class=\"ILfuVd\" lang=\"fr\"><span class=\"hgKElc\">Le chiffre 20 dans la Bible symbolise les cycles de compl\u00e9tude . Il n&rsquo;est pas tr\u00e8s utilis\u00e9, mais il est souvent associ\u00e9 \u00e0 une p\u00e9riode parfaite d&rsquo;attente, de travail ou de souffrance qui est compar\u00e9e \u00e0 une \u00e9preuve et r\u00e9compens\u00e9e. Jacob a attendu 20 ans pour obtenir ses femmes et ses biens et pour se lib\u00e9rer de son beau-p\u00e8re.<\/span><\/span><strong><br \/>On mangera et il en restera : <\/strong>est une annonce de vie, voire de vie \u00e9ternelle.<strong><br \/><\/strong><\/span><\/p>\r\n<p><strong><span style=\"color: #0000ff;\">Questions :<br \/><\/span><\/strong><span style=\"color: #0000ff;\">Comment se fait le passage de la mort dans la marmite \u00e0 la vie en abondance par la multiplication des 20 pains ?<\/span><strong><span style=\"color: #0000ff;\"><br \/><\/span><\/strong><span style=\"color: #0000ff;\">Quelle est la signification de ce double miracle ?<\/span><strong><span style=\"color: #0000ff;\"><br \/><\/span><\/strong><\/p>\r\n<h3><strong>Commentaire :<\/strong><\/h3>\r\n<p>Deux miracles s&rsquo;entrem\u00ealent. La soupe immangeable devenue par l&rsquo;intervention d\u2019\u00c9lis\u00e9e avec la farine un repas sans rien de mauvais et la multiplication des 20 pains d&rsquo;orge pour nourrir 100 personnes. Manifestation de la bont\u00e9 de Dieu et de sa surabondance.<\/p>\r\n<p>Ces deux miracles renvoient aussi bien \u00e0 la multiplication des pains et au dernier repas de J\u00e9sus (saine c\u00e8ne).<\/p>\r\n<p><img loading=\"lazy\" decoding=\"async\" class=\"alignnone size-medium wp-image-5562\" src=\"http:\/\/image-bible.ch\/wp-content\/uploads\/2021\/05\/12.-Multiplication-des-pains-D-300x243.jpg\" alt=\"\" width=\"300\" height=\"243\" srcset=\"http:\/\/image-bible.ch\/wp-content\/uploads\/2021\/05\/12.-Multiplication-des-pains-D-300x243.jpg 300w, http:\/\/image-bible.ch\/wp-content\/uploads\/2021\/05\/12.-Multiplication-des-pains-D.jpg 616w\" sizes=\"(max-width: 300px) 100vw, 300px\" \/><\/p>\r\n<p><strong>David :<\/strong><i> Ps 77,24-25 :<\/i><em>Pour les nourrir il fait pleuvoir la manne, il leur donne le froment du ciel ; chacun se nourrit du pain des Forts, il les pourvoit de vivres \u00e0 sati\u00e9t\u00e9.<\/em><\/p>\r\n<p><strong>Jo\u00ebl :<\/strong><i> (Ez 4,9) Prends du bl\u00e9, de l\u2019orge, des f\u00e8ves, des lentilles, du millet et de l\u2019\u00e9peautre : mets-les dans un m\u00eame r\u00e9cipient ; tu t\u2019en feras du pain. Tu en mangeras pendant les jours o\u00f9 tu seras couch\u00e9 sur le c\u00f4t\u00e9, soit 390 jours.<br \/><\/i><\/p>\r\n<p><strong>Job :<\/strong><i> Job 27,14 : Si ses enfants se multiplient, le glaive les attend ; ses descendants ne pourront se rassasier de pain.<br \/><\/i><\/p>\r\n<p><strong>Isa\u00efe :<\/strong><i> Es 36,17:\u00a0 jusqu\u2019\u00e0 ce que je vienne vous prendre pour vous emmener dans un pays comme le v\u00f4tre, un pays de froment et de vin nouveau, un pays de pain et de vignobles<\/i><\/p>\r\n","protected":false},"excerpt":{"rendered":"<p>B12. La multiplication des pains \/\u00a0 Bible Ancien-Testament Elie et la veuve de Sarepta : 1R 17,9-24 : 8 Alors la parole du Seigneur lui fut adress\u00e9e : 9 \u00ab L\u00e8ve-toi, va \u00e0 Sarepta, dans le pays de Sidon ;<\/p>\n","protected":false},"author":1,"featured_media":0,"parent":63,"menu_order":4,"comment_status":"closed","ping_status":"closed","template":"","meta":{"footnotes":""},"_links":{"self":[{"href":"http:\/\/image-bible.ch\/index.php?rest_route=\/wp\/v2\/pages\/835"}],"collection":[{"href":"http:\/\/image-bible.ch\/index.php?rest_route=\/wp\/v2\/pages"}],"about":[{"href":"http:\/\/image-bible.ch\/index.php?rest_route=\/wp\/v2\/types\/page"}],"author":[{"embeddable":true,"href":"http:\/\/image-bible.ch\/index.php?rest_route=\/wp\/v2\/users\/1"}],"replies":[{"embeddable":true,"href":"http:\/\/image-bible.ch\/index.php?rest_route=%2Fwp%2Fv2%2Fcomments&post=835"}],"version-history":[{"count":12,"href":"http:\/\/image-bible.ch\/index.php?rest_route=\/wp\/v2\/pages\/835\/revisions"}],"predecessor-version":[{"id":8961,"href":"http:\/\/image-bible.ch\/index.php?rest_route=\/wp\/v2\/pages\/835\/revisions\/8961"}],"up":[{"embeddable":true,"href":"http:\/\/image-bible.ch\/index.php?rest_route=\/wp\/v2\/pages\/63"}],"wp:attachment":[{"href":"http:\/\/image-bible.ch\/index.php?rest_route=%2Fwp%2Fv2%2Fmedia&parent=835"}],"curies":[{"name":"wp","href":"https:\/\/api.w.org\/{rel}","templated":true}]}}