{"id":841,"date":"2021-03-05T15:18:58","date_gmt":"2021-03-05T14:18:58","guid":{"rendered":"http:\/\/image-bible.ch\/?page_id=841"},"modified":"2021-09-17T12:31:49","modified_gmt":"2021-09-17T10:31:49","slug":"12-7-fete-juive","status":"publish","type":"page","link":"http:\/\/image-bible.ch\/?page_id=841","title":{"rendered":"B12.7 \/ F\u00eate juive"},"content":{"rendered":"\r\n<p style=\"text-align: center;\"><span style=\"font-size: 14pt; font-family: 'comic sans ms', sans-serif;\">B12. La multiplication des pains \/\u00a0 F\u00eate juive et chr\u00e9tienne<\/span><\/p>\r\n<p>La multiplication des pains annonce le dernier repas de J\u00e9sus et donc l&rsquo;eucharistie, le sacrement central de la pr\u00e9sence du Christ.<\/p>\r\n<p>&nbsp;<\/p>\r\n","protected":false},"excerpt":{"rendered":"<p>B12. La multiplication des pains \/\u00a0 F\u00eate juive et chr\u00e9tienne La multiplication des pains annonce le dernier repas de J\u00e9sus et donc l&rsquo;eucharistie, le sacrement central de la pr\u00e9sence du Christ. &nbsp;<\/p>\n","protected":false},"author":1,"featured_media":0,"parent":63,"menu_order":7,"comment_status":"closed","ping_status":"closed","template":"","meta":{"footnotes":""},"_links":{"self":[{"href":"http:\/\/image-bible.ch\/index.php?rest_route=\/wp\/v2\/pages\/841"}],"collection":[{"href":"http:\/\/image-bible.ch\/index.php?rest_route=\/wp\/v2\/pages"}],"about":[{"href":"http:\/\/image-bible.ch\/index.php?rest_route=\/wp\/v2\/types\/page"}],"author":[{"embeddable":true,"href":"http:\/\/image-bible.ch\/index.php?rest_route=\/wp\/v2\/users\/1"}],"replies":[{"embeddable":true,"href":"http:\/\/image-bible.ch\/index.php?rest_route=%2Fwp%2Fv2%2Fcomments&post=841"}],"version-history":[{"count":6,"href":"http:\/\/image-bible.ch\/index.php?rest_route=\/wp\/v2\/pages\/841\/revisions"}],"predecessor-version":[{"id":6010,"href":"http:\/\/image-bible.ch\/index.php?rest_route=\/wp\/v2\/pages\/841\/revisions\/6010"}],"up":[{"embeddable":true,"href":"http:\/\/image-bible.ch\/index.php?rest_route=\/wp\/v2\/pages\/63"}],"wp:attachment":[{"href":"http:\/\/image-bible.ch\/index.php?rest_route=%2Fwp%2Fv2%2Fmedia&parent=841"}],"curies":[{"name":"wp","href":"https:\/\/api.w.org\/{rel}","templated":true}]}}