{"id":843,"date":"2021-03-05T15:19:20","date_gmt":"2021-03-05T14:19:20","guid":{"rendered":"http:\/\/image-bible.ch\/?page_id=843"},"modified":"2022-08-10T08:26:16","modified_gmt":"2022-08-10T06:26:16","slug":"12-8-kt-enfants","status":"publish","type":"page","link":"http:\/\/image-bible.ch\/?page_id=843","title":{"rendered":"B12.8 \/ KT enfants"},"content":{"rendered":"\r\n<p style=\"text-align: center;\"><span style=\"font-size: 14pt; font-family: 'comic sans ms', sans-serif;\">B12. La multiplication des pains \/\u00a0 KT enfants<\/span><\/p>\r\n<p>Voir la pr\u00e9paration de la 1\u00e8re communion avec le th\u00e8me de la multiplication des pains :<\/p>\r\n<p><a href=\"https:\/\/frangelico.ch\/preparation-1ere-communion\/\">1\u00e8re communion : multiplication des pains<\/a><\/p>\r\n","protected":false},"excerpt":{"rendered":"<p>B12. La multiplication des pains \/\u00a0 KT enfants Voir la pr\u00e9paration de la 1\u00e8re communion avec le th\u00e8me de la multiplication des pains : 1\u00e8re communion : multiplication des pains<\/p>\n","protected":false},"author":1,"featured_media":0,"parent":63,"menu_order":8,"comment_status":"closed","ping_status":"closed","template":"","meta":{"footnotes":""},"_links":{"self":[{"href":"http:\/\/image-bible.ch\/index.php?rest_route=\/wp\/v2\/pages\/843"}],"collection":[{"href":"http:\/\/image-bible.ch\/index.php?rest_route=\/wp\/v2\/pages"}],"about":[{"href":"http:\/\/image-bible.ch\/index.php?rest_route=\/wp\/v2\/types\/page"}],"author":[{"embeddable":true,"href":"http:\/\/image-bible.ch\/index.php?rest_route=\/wp\/v2\/users\/1"}],"replies":[{"embeddable":true,"href":"http:\/\/image-bible.ch\/index.php?rest_route=%2Fwp%2Fv2%2Fcomments&post=843"}],"version-history":[{"count":6,"href":"http:\/\/image-bible.ch\/index.php?rest_route=\/wp\/v2\/pages\/843\/revisions"}],"predecessor-version":[{"id":7119,"href":"http:\/\/image-bible.ch\/index.php?rest_route=\/wp\/v2\/pages\/843\/revisions\/7119"}],"up":[{"embeddable":true,"href":"http:\/\/image-bible.ch\/index.php?rest_route=\/wp\/v2\/pages\/63"}],"wp:attachment":[{"href":"http:\/\/image-bible.ch\/index.php?rest_route=%2Fwp%2Fv2%2Fmedia&parent=843"}],"curies":[{"name":"wp","href":"https:\/\/api.w.org\/{rel}","templated":true}]}}