{"id":86,"date":"2021-03-01T16:31:11","date_gmt":"2021-03-01T15:31:11","guid":{"rendered":"http:\/\/image-bible.ch\/?page_id=86"},"modified":"2024-08-21T14:35:16","modified_gmt":"2024-08-21T12:35:16","slug":"mort-de-jesus-le-cote-transperce-du-christ","status":"publish","type":"page","link":"http:\/\/image-bible.ch\/?page_id=86","title":{"rendered":"F41. Mort de J\u00e9sus &#8211; Le c\u00f4t\u00e9 transperc\u00e9 du Christ"},"content":{"rendered":"<p style=\"text-align: center;\"><span style=\"font-size: 14pt; font-family: 'comic sans ms', sans-serif;\">F41 &#8211; Mort de J\u00e9sus &#8211; Le c\u00f4t\u00e9 transperc\u00e9 du Christ<\/span><\/p>\n<p><span style=\"font-family: 'comic sans ms', sans-serif;\">| <a href=\"http:\/\/image-bible.ch\/?page_id=1488\" target=\"_blank\" rel=\"noreferrer noopener\">La Bible des Pauvres<\/a> | <a href=\"http:\/\/image-bible.ch\/?page_id=1490\" target=\"_blank\" rel=\"noopener\"> Images<\/a> | <a href=\"http:\/\/image-bible.ch\/?page_id=1492\" target=\"_blank\" rel=\"noreferrer noopener\">Nouveau-Testament<\/a> | <a href=\"http:\/\/image-bible.ch\/?page_id=1494\" target=\"_blank\" rel=\"noreferrer noopener\">Ancien-Testament<\/a> | <a href=\"http:\/\/image-bible.ch\/?page_id=1496\" target=\"_blank\" rel=\"noreferrer noopener\">Interpr\u00e9tation<\/a> | <a href=\"http:\/\/image-bible.ch\/?page_id=1498\" target=\"_blank\" rel=\"noreferrer noopener\">Ic\u00f4ne<\/a> | <a href=\"http:\/\/image-bible.ch\/?page_id=1500\" target=\"_blank\" rel=\"noreferrer noopener\">F\u00eate juive et chr\u00e9tienne<\/a> | <a href=\"http:\/\/image-bible.ch\/?page_id=1502\" target=\"_blank\" rel=\"noreferrer noopener\">KT enfants<\/a> | <a href=\"http:\/\/image-bible.ch\/?page_id=1504\" target=\"_blank\" rel=\"noreferrer noopener\">Jeunes<\/a> | <a href=\"http:\/\/image-bible.ch\/?page_id=1506\" target=\"_blank\" rel=\"noreferrer noopener\">Divers Vid\u00e9o &#8211; R\u00e9f\u00e9rences<\/a> |<\/span><\/p>\n<hr \/>\n<p style=\"text-align: center;\"><strong><span style=\"font-family: 'book antiqua', palatino, serif;\">Page de pr\u00e9sentation<\/span><\/strong><\/p>\n<p>Du livre les 40 clefs pour rencontrer J\u00e9sus : <a href=\"http:\/\/image-bible.ch\/wp-content\/uploads\/33.-Le-cote-transperce.pdf\">33. Le c\u00f4t\u00e9 transperc\u00e9<\/a><\/p>\n<p>Biblia pauperum : <a href=\"http:\/\/image-bible.ch\/wp-content\/uploads\/30.-Mort-de-Jesus.pptx\">30. Mort de J\u00e9sus<\/a><\/p>\n<p><img loading=\"lazy\" decoding=\"async\" class=\"alignnone wp-image-5691\" src=\"http:\/\/image-bible.ch\/wp-content\/uploads\/2021\/05\/30.-Mort-de-Jesus-192x300.jpg\" alt=\"\" width=\"245\" height=\"383\" srcset=\"http:\/\/image-bible.ch\/wp-content\/uploads\/2021\/05\/30.-Mort-de-Jesus-192x300.jpg 192w, http:\/\/image-bible.ch\/wp-content\/uploads\/2021\/05\/30.-Mort-de-Jesus.jpg 646w\" sizes=\"(max-width: 245px) 100vw, 245px\" \/><\/p>\n<hr \/>\n<table style=\"border-collapse: collapse; width: 100%; height: 24px;\">\n<tbody>\n<tr style=\"height: 24px;\">\n<td style=\"width: 100%; height: 24px;\"><span style=\"font-size: 10pt;\">F28. <a href=\"http:\/\/image-bible.ch\/?page_id=113\">Entr\u00e9e de J\u00e9sus \u00e0 J\u00e9rusalem<\/a> \u2013 F29. <a href=\"http:\/\/image-bible.ch\/?page_id=2731\" target=\"_blank\" rel=\"noopener\">Derni\u00e8re C\u00e8ne<\/a> \u2013 F30. <a href=\"http:\/\/image-bible.ch\/?page_id=2719\" target=\"_blank\" rel=\"noopener\">Lavement des pieds<\/a> \u2013 F31. <a href=\"http:\/\/image-bible.ch\/?page_id=2721\" target=\"_blank\" rel=\"noopener\">Agonie du Christ \u00e0 Geths\u00e9mani<\/a> \u2013 F32. <a href=\"http:\/\/image-bible.ch\/?page_id=2723\" target=\"_blank\" rel=\"noopener\">Judas vend J\u00e9sus<\/a> \u2013 F33. <a href=\"http:\/\/image-bible.ch\/?page_id=2725\" target=\"_blank\" rel=\"noopener\">Judas prend l&rsquo;argent<\/a> \u2013 F34. <a href=\"http:\/\/image-bible.ch\/?page_id=2727\" target=\"_blank\" rel=\"noopener\">Baiser de Judas &#8211; Arrestation de J\u00e9sus<\/a> \u2013 F35. <a href=\"http:\/\/image-bible.ch\/?page_id=98\" target=\"_blank\" rel=\"noopener\">Judas se pend<\/a> \u2013 F36. <a href=\"http:\/\/image-bible.ch\/?page_id=96\" target=\"_blank\" rel=\"noopener\">J\u00e9sus devant Pilate<\/a> \u2013 F37. <a href=\"http:\/\/image-bible.ch\/?page_id=94\" target=\"_blank\" rel=\"noopener\">Couronne d&rsquo;\u00e9pine &#8211; Moquerie<\/a> \u2013 F38. <a href=\"http:\/\/image-bible.ch\/?page_id=92\" target=\"_blank\" rel=\"noopener\">La flagellation<\/a>\u2013 F39. <a href=\"http:\/\/image-bible.ch\/?page_id=90\" target=\"_blank\" rel=\"noopener\">J\u00e9sus porte sa croix<\/a> \u2013 F40. <a href=\"http:\/\/image-bible.ch\/?page_id=88\" target=\"_blank\" rel=\"noopener\">J\u00e9sus crucifi\u00e9 <\/a>\u00a0\u2013 F41. <a href=\"http:\/\/image-bible.ch\/?page_id=86\" target=\"_blank\" rel=\"noopener\">Mort de J\u00e9sus &#8211; C\u00f4t\u00e9 transperc\u00e9<\/a>\u00a0 \u2013 F42. <a href=\"http:\/\/image-bible.ch\/?page_id=84\" target=\"_blank\" rel=\"noopener\">Mise au tombeau<\/a> \u2013 F43. <a href=\"http:\/\/image-bible.ch\/?page_id=82\" target=\"_blank\" rel=\"noopener\">Descente au s\u00e9jour des morts<\/a><\/span><\/td>\n<\/tr>\n<\/tbody>\n<\/table>\n","protected":false},"excerpt":{"rendered":"<p>F41 &#8211; Mort de J\u00e9sus &#8211; Le c\u00f4t\u00e9 transperc\u00e9 du Christ | La Bible des Pauvres | Images | Nouveau-Testament | Ancien-Testament | Interpr\u00e9tation | Ic\u00f4ne | F\u00eate juive et chr\u00e9tienne | KT enfants | Jeunes | Divers Vid\u00e9o &#8211;<\/p>\n","protected":false},"author":1,"featured_media":0,"parent":0,"menu_order":0,"comment_status":"closed","ping_status":"closed","template":"","meta":{"footnotes":""},"_links":{"self":[{"href":"http:\/\/image-bible.ch\/index.php?rest_route=\/wp\/v2\/pages\/86"}],"collection":[{"href":"http:\/\/image-bible.ch\/index.php?rest_route=\/wp\/v2\/pages"}],"about":[{"href":"http:\/\/image-bible.ch\/index.php?rest_route=\/wp\/v2\/types\/page"}],"author":[{"embeddable":true,"href":"http:\/\/image-bible.ch\/index.php?rest_route=\/wp\/v2\/users\/1"}],"replies":[{"embeddable":true,"href":"http:\/\/image-bible.ch\/index.php?rest_route=%2Fwp%2Fv2%2Fcomments&post=86"}],"version-history":[{"count":12,"href":"http:\/\/image-bible.ch\/index.php?rest_route=\/wp\/v2\/pages\/86\/revisions"}],"predecessor-version":[{"id":7379,"href":"http:\/\/image-bible.ch\/index.php?rest_route=\/wp\/v2\/pages\/86\/revisions\/7379"}],"wp:attachment":[{"href":"http:\/\/image-bible.ch\/index.php?rest_route=%2Fwp%2Fv2%2Fmedia&parent=86"}],"curies":[{"name":"wp","href":"https:\/\/api.w.org\/{rel}","templated":true}]}}