{"id":873,"date":"2021-03-05T15:42:43","date_gmt":"2021-03-05T14:42:43","guid":{"rendered":"http:\/\/image-bible.ch\/?page_id=873"},"modified":"2021-09-21T20:31:35","modified_gmt":"2021-09-21T18:31:35","slug":"b13-1-la-bible-des-pauvres","status":"publish","type":"page","link":"http:\/\/image-bible.ch\/?page_id=873","title":{"rendered":"B13.1 \/ La Bible des pauvres"},"content":{"rendered":"\r\n<p style=\"text-align: center;\"><span style=\"font-size: 14pt; font-family: 'comic sans ms', sans-serif;\">B13. Repas chez le pharisien &#8211; Repentir de M.-Madeleine \/ Bible des pauvres<\/span><\/p>\r\n<p><img loading=\"lazy\" decoding=\"async\" class=\"alignnone size-medium wp-image-5568\" src=\"http:\/\/image-bible.ch\/wp-content\/uploads\/2021\/05\/13.-Repas-chez-Simeon-le-pharisien-194x300.jpg\" alt=\"\" width=\"194\" height=\"300\" srcset=\"http:\/\/image-bible.ch\/wp-content\/uploads\/2021\/05\/13.-Repas-chez-Simeon-le-pharisien-194x300.jpg 194w, http:\/\/image-bible.ch\/wp-content\/uploads\/2021\/05\/13.-Repas-chez-Simeon-le-pharisien.jpg 635w\" sizes=\"(max-width: 194px) 100vw, 194px\" \/><\/p>\r\n<p><strong>Types :<\/strong> Le repentir et la gu\u00e9rison de Myriam &#8211; Le repentir de David devant Nathan<\/p>\r\n<p><strong>Antitype :<\/strong> Le repentir de Marie-Madeleine<\/p>\r\n<p>On lit : Myriam la s\u0153ur de Mo\u00efse et d\u2019Aaron, \u00e0 cause de ses p\u00e9ch\u00e9s, fut atteinte de l\u00e8pre; par la pri\u00e8re de Mo\u00efse elle fut gu\u00e9rie de son impuret\u00e9. Mo\u00efse est en effet une pr\u00e9figuration du Christ qui a lib\u00e9r\u00e9 Marie-Madeleine de toutes les impuret\u00e9s de ses p\u00e9ch\u00e9s.<\/p>\r\n<p><i>Nb 12,1-15 : \u00a0Miryam, ainsi qu&rsquo;Aaron, parla contre Mo\u00efse \u00e0 cause de la femme kushite qu&rsquo;il avait prise. Car il avait \u00e9pous\u00e9 une femme kushite.2.\u00a0Et ils dirent : \u00ab Yahv\u00e9 ne parlerait-il donc qu&rsquo;\u00e0 Mo\u00efse ? N&rsquo;a-t-il pas parl\u00e9 \u00e0 nous aussi ? \u00bb Yahv\u00e9 entendit.3.\u00a0Or Mo\u00efse \u00e9tait un homme tr\u00e8s humble, l&rsquo;homme le plus humble que la terre ait port\u00e9.4.\u00a0Soudain, Yahv\u00e9 dit \u00e0 Mo\u00efse, \u00e0 Aaron et \u00e0 Miryam : \u00ab Venez-vous-en tous les trois \u00e0 la Tente du Rendez-vous. \u00bb Ils all\u00e8rent tous trois,5.\u00a0et Yahv\u00e9 descendit dans une colonne de nu\u00e9e et se tint \u00e0 l&rsquo;entr\u00e9e de la Tente. Il appela Aaron et Miryam ; tous deux s&rsquo;avanc\u00e8rent.6.\u00a0Yahv\u00e9 dit : \u00ab \u00c9coutez donc mes paroles :S&rsquo;il y a parmi vous un proph\u00e8te, c&rsquo;est en vision que je me r\u00e9v\u00e8le \u00e0 lui, c&rsquo;est dans un songe que je lui parle.7.\u00a0Il n&rsquo;en est pas ainsi de mon serviteur Mo\u00efse, toute ma maison lui est confi\u00e9e.8.\u00a0Je lui parle face \u00e0 face dans l&rsquo;\u00e9vidence, non en \u00e9nigmes, et il voit la forme de Yahv\u00e9. Pourquoi avez-vous os\u00e9 parler contre mon serviteur Mo\u00efse ? \u00bb9.\u00a0La col\u00e8re de Yahv\u00e9 s&rsquo;enflamma contre eux. Il partit10.\u00a0et la nu\u00e9e quitta la tente. Voil\u00e0 que Miryam \u00e9tait devenue l\u00e9preuse, blanche comme neige. Aaron se tourna vers elle : elle \u00e9tait devenue l\u00e9preuse.<\/i><\/p>\r\n<p>Dans le livre des Rois on lit : le roi David demanda mis\u00e9ricorde aupr\u00e8s du Seigneur par sa repentance lorsque le proph\u00e8te Nathan le r\u00e9primanda pour son p\u00e9ch\u00e9. David repentant signifie Marie-Madeleine repentante, elle, qui demanda par gr\u00e2ce \u00e0 son Seigneur le pardon de tous ses p\u00e9ch\u00e9s.<\/p>\r\n<p><i>2Sm 12,1-14 : \u00a0Le Seigneur envoya vers David le proph\u00e8te Nathan qui alla le trouver et lui dit\u00a0: \u00ab\u00a0Dans une m\u00eame ville, il y avait deux hommes\u00a0; l\u2019un \u00e9tait riche, l\u2019autre \u00e9tait pauvre. Le riche avait des moutons et des b\u0153ufs en tr\u00e8s grand nombre. Le pauvre n\u2019avait rien qu\u2019une brebis, une toute petite, qu\u2019il avait achet\u00e9e. Elle \u00e9tait comme sa fille. Un voyageur arriva chez l\u2019homme riche. Pour pr\u00e9parer le repas de son h\u00f4te, celui-ci \u00e9pargna ses moutons et ses b\u0153ufs. Il alla prendre la brebis du pauvre, et la pr\u00e9para pour l\u2019homme qui \u00e9tait arriv\u00e9 chez lui.\u00a0\u00bb Alors, David s\u2019enflamma d\u2019une grande col\u00e8re contre cet homme, et dit \u00e0 Nathan\u00a0: \u00ab\u00a0Par le Seigneur vivant, l\u2019homme qui a fait cela m\u00e9rite la mort\u00a0! \u2026 Pour avoir commis une telle action et n\u2019avoir pas \u00e9pargn\u00e9 le pauvre.\u00a0\u00bb Alors Nathan dit \u00e0 David\u00a0: \u00ab\u00a0Cet homme, c\u2019est toi\u00a0! Ainsi parle le Seigneur Dieu d\u2019Isra\u00ebl\u00a0: \u00ab\u00a0.. Je t\u2019ai d\u00e9livr\u00e9 de la main de Sa\u00fcl. Pourquoi donc as-tu m\u00e9pris\u00e9 le Seigneur \u2026 tu as frapp\u00e9 par l\u2019\u00e9p\u00e9e Ourias le Hittite\u00a0; sa femme, tu l\u2019as prise pour femme\u00a0; lui, tu l\u2019as fait p\u00e9rir par l\u2019\u00e9p\u00e9e\u2026 <\/i><\/p>\r\n<p><i>Toi, tu as agi en cachette, mais moi, j\u2019agirai \u00e0 la face de tout Isra\u00ebl, et \u00e0 la face du soleil\u00a0!\u00a0\u00bb David dit \u00e0 Nathan\u00a0: \u00ab\u00a0J\u2019ai p\u00e9ch\u00e9 contre le Seigneur\u00a0!\u00a0\u00bb Nathan lui r\u00e9pondit\u00a0: \u00ab\u00a0Le Seigneur a pass\u00e9 sur ton p\u00e9ch\u00e9, tu ne mourras pas. Cependant, parce que tu as bafou\u00e9 le Seigneur, le fils que tu viens d\u2019avoir mourra.\u00a0\u00bb Et Nathan retourna chez lui. Le Seigneur frappa l\u2019enfant que la femme d\u2019Ourias avait donn\u00e9 \u00e0 David, et il tomba gravement malade.<\/i><\/p>\r\n<p><i>David implora Dieu pour le petit enfant\u00a0: il je\u00fbna strictement, et, quand il rentrait chez lui, il passait la nuit couch\u00e9 par terre. Le septi\u00e8me jour l\u2019enfant mourut. <\/i><\/p>\r\n<p><strong>David :<\/strong> <em>Ps 50,19 : Le sacrifice qui pla\u00eet \u00e0 Dieu, c&rsquo;est un esprit bris\u00e9 ; tu ne repousses pas, \u00f4 mon Dieu, un coeur bris\u00e9 et broy\u00e9.<\/em><\/p>\r\n<p><strong>Mich\u00e9e<\/strong> : <em>(Za 1,3) : Mais tu leur diras : Ainsi parle le Seigneur de l\u2019univers : Revenez \u00e0 moi \u2013 oracle du Seigneur de l\u2019univers \u2013, et je reviendrai \u00e0 vous, dit le Seigneur de l\u2019univers.<\/em><\/p>\r\n<p><strong>Ez\u00e9chiel :<\/strong><em> Ez 18,32 : Je ne prends plaisir \u00e0 la mort de personne, \u2013 oracle du Seigneur Dieu \u2013 : convertissez-vous, et vous vivrez. \u00bb<\/em><\/p>\r\n<p><strong>Joel :<\/strong> <em>Jl 2,12 : Et maintenant \u2013 oracle du Seigneur \u2013 revenez \u00e0 moi de tout votre c\u0153ur, dans le je\u00fbne, les larmes et le deuil !<\/em><\/p>\r\n<p>&nbsp;<\/p>\r\n<p>&nbsp;<\/p>\r\n","protected":false},"excerpt":{"rendered":"<p>B13. Repas chez le pharisien &#8211; Repentir de M.-Madeleine \/ Bible des pauvres Types : Le repentir et la gu\u00e9rison de Myriam &#8211; Le repentir de David devant Nathan Antitype : Le repentir de Marie-Madeleine On lit : Myriam la<\/p>\n","protected":false},"author":1,"featured_media":0,"parent":65,"menu_order":1,"comment_status":"closed","ping_status":"closed","template":"","meta":{"footnotes":""},"_links":{"self":[{"href":"http:\/\/image-bible.ch\/index.php?rest_route=\/wp\/v2\/pages\/873"}],"collection":[{"href":"http:\/\/image-bible.ch\/index.php?rest_route=\/wp\/v2\/pages"}],"about":[{"href":"http:\/\/image-bible.ch\/index.php?rest_route=\/wp\/v2\/types\/page"}],"author":[{"embeddable":true,"href":"http:\/\/image-bible.ch\/index.php?rest_route=\/wp\/v2\/users\/1"}],"replies":[{"embeddable":true,"href":"http:\/\/image-bible.ch\/index.php?rest_route=%2Fwp%2Fv2%2Fcomments&post=873"}],"version-history":[{"count":7,"href":"http:\/\/image-bible.ch\/index.php?rest_route=\/wp\/v2\/pages\/873\/revisions"}],"predecessor-version":[{"id":6265,"href":"http:\/\/image-bible.ch\/index.php?rest_route=\/wp\/v2\/pages\/873\/revisions\/6265"}],"up":[{"embeddable":true,"href":"http:\/\/image-bible.ch\/index.php?rest_route=\/wp\/v2\/pages\/65"}],"wp:attachment":[{"href":"http:\/\/image-bible.ch\/index.php?rest_route=%2Fwp%2Fv2%2Fmedia&parent=873"}],"curies":[{"name":"wp","href":"https:\/\/api.w.org\/{rel}","templated":true}]}}