{"id":875,"date":"2021-03-05T15:43:06","date_gmt":"2021-03-05T14:43:06","guid":{"rendered":"http:\/\/image-bible.ch\/?page_id=875"},"modified":"2024-11-05T16:09:36","modified_gmt":"2024-11-05T15:09:36","slug":"b13-2-images","status":"publish","type":"page","link":"http:\/\/image-bible.ch\/?page_id=875","title":{"rendered":"B13.2 \/ Images"},"content":{"rendered":"\r\n<p style=\"text-align: center;\"><span style=\"font-size: 14pt; font-family: 'comic sans ms', sans-serif;\">B13. Repas chez le pharisien &#8211; Repentir de M.-Madeleine \/\u00a0 Images<\/span><\/p>\r\n<p><img loading=\"lazy\" decoding=\"async\" class=\"alignnone  wp-image-8967\" src=\"http:\/\/image-bible.ch\/wp-content\/uploads\/9_Repentir-MMadeleine_Mt26-300x175.jpg\" alt=\"\" width=\"603\" height=\"352\" srcset=\"http:\/\/image-bible.ch\/wp-content\/uploads\/9_Repentir-MMadeleine_Mt26-300x175.jpg 300w, http:\/\/image-bible.ch\/wp-content\/uploads\/9_Repentir-MMadeleine_Mt26-768x448.jpg 768w, http:\/\/image-bible.ch\/wp-content\/uploads\/9_Repentir-MMadeleine_Mt26.jpg 942w\" sizes=\"(max-width: 603px) 100vw, 603px\" \/><\/p>\r\n<p>Repas chez Simon et repentir de Marie-Madeleine.<\/p>\r\n<p><img loading=\"lazy\" decoding=\"async\" class=\"alignnone  wp-image-8969\" src=\"http:\/\/image-bible.ch\/wp-content\/uploads\/9.-Nb-12-1-15_Repentirguerison-Myriam-223x300.jpg\" alt=\"\" width=\"604\" height=\"813\" srcset=\"http:\/\/image-bible.ch\/wp-content\/uploads\/9.-Nb-12-1-15_Repentirguerison-Myriam-223x300.jpg 223w, http:\/\/image-bible.ch\/wp-content\/uploads\/9.-Nb-12-1-15_Repentirguerison-Myriam-762x1024.jpg 762w, http:\/\/image-bible.ch\/wp-content\/uploads\/9.-Nb-12-1-15_Repentirguerison-Myriam-768x1032.jpg 768w, http:\/\/image-bible.ch\/wp-content\/uploads\/9.-Nb-12-1-15_Repentirguerison-Myriam-1143x1536.jpg 1143w, http:\/\/image-bible.ch\/wp-content\/uploads\/9.-Nb-12-1-15_Repentirguerison-Myriam.jpg 1397w\" sizes=\"(max-width: 604px) 100vw, 604px\" \/><\/p>\r\n<p><em>Repentir et gu\u00e9rison de Myriam la s\u0153ur de Mo\u00efse<\/em><\/p>\r\n<p><img loading=\"lazy\" decoding=\"async\" class=\"alignnone  wp-image-8971\" src=\"http:\/\/image-bible.ch\/wp-content\/uploads\/9.-2Sm-12-1-14_Repentir-de-David-223x300.jpg\" alt=\"\" width=\"598\" height=\"804\" srcset=\"http:\/\/image-bible.ch\/wp-content\/uploads\/9.-2Sm-12-1-14_Repentir-de-David-223x300.jpg 223w, http:\/\/image-bible.ch\/wp-content\/uploads\/9.-2Sm-12-1-14_Repentir-de-David-761x1024.jpg 761w, http:\/\/image-bible.ch\/wp-content\/uploads\/9.-2Sm-12-1-14_Repentir-de-David-768x1033.jpg 768w, http:\/\/image-bible.ch\/wp-content\/uploads\/9.-2Sm-12-1-14_Repentir-de-David-1142x1536.jpg 1142w, http:\/\/image-bible.ch\/wp-content\/uploads\/9.-2Sm-12-1-14_Repentir-de-David.jpg 1395w\" sizes=\"(max-width: 598px) 100vw, 598px\" \/><\/p>\r\n<p><em>David reconna\u00eet son p\u00e9ch\u00e9.<\/em><\/p>\r\n","protected":false},"excerpt":{"rendered":"<p>B13. Repas chez le pharisien &#8211; Repentir de M.-Madeleine \/\u00a0 Images Repas chez Simon et repentir de Marie-Madeleine. Repentir et gu\u00e9rison de Myriam la s\u0153ur de Mo\u00efse David reconna\u00eet son p\u00e9ch\u00e9.<\/p>\n","protected":false},"author":1,"featured_media":0,"parent":65,"menu_order":2,"comment_status":"closed","ping_status":"closed","template":"","meta":{"footnotes":""},"_links":{"self":[{"href":"http:\/\/image-bible.ch\/index.php?rest_route=\/wp\/v2\/pages\/875"}],"collection":[{"href":"http:\/\/image-bible.ch\/index.php?rest_route=\/wp\/v2\/pages"}],"about":[{"href":"http:\/\/image-bible.ch\/index.php?rest_route=\/wp\/v2\/types\/page"}],"author":[{"embeddable":true,"href":"http:\/\/image-bible.ch\/index.php?rest_route=\/wp\/v2\/users\/1"}],"replies":[{"embeddable":true,"href":"http:\/\/image-bible.ch\/index.php?rest_route=%2Fwp%2Fv2%2Fcomments&post=875"}],"version-history":[{"count":7,"href":"http:\/\/image-bible.ch\/index.php?rest_route=\/wp\/v2\/pages\/875\/revisions"}],"predecessor-version":[{"id":8972,"href":"http:\/\/image-bible.ch\/index.php?rest_route=\/wp\/v2\/pages\/875\/revisions\/8972"}],"up":[{"embeddable":true,"href":"http:\/\/image-bible.ch\/index.php?rest_route=\/wp\/v2\/pages\/65"}],"wp:attachment":[{"href":"http:\/\/image-bible.ch\/index.php?rest_route=%2Fwp%2Fv2%2Fmedia&parent=875"}],"curies":[{"name":"wp","href":"https:\/\/api.w.org\/{rel}","templated":true}]}}