{"id":891,"date":"2021-03-05T15:46:28","date_gmt":"2021-03-05T14:46:28","guid":{"rendered":"http:\/\/image-bible.ch\/?page_id=891"},"modified":"2021-09-16T14:42:06","modified_gmt":"2021-09-16T12:42:06","slug":"b13-19-divers-video-references","status":"publish","type":"page","link":"http:\/\/image-bible.ch\/?page_id=891","title":{"rendered":"B13.10 \/ Divers Video &#8211; R\u00e9f\u00e9rences"},"content":{"rendered":"\r\n<p style=\"text-align: center;\"><span style=\"font-size: 14pt; font-family: 'comic sans ms', sans-serif;\">B13. Repas chez le pharisien &#8211; Repentir de M.-Madeleine \/\u00a0 Divers Vid\u00e9o &#8211; R\u00e9f\u00e9rences<\/span><\/p>\r\n<p>A la chapelle Sixtine le lien entre l&rsquo;appel des ap\u00f4tres et le passage de la mer rouge (P\u00e2que juive) : <a href=\"http:\/\/image-bible.ch\/wp-content\/uploads\/2021\/09\/3.-Appel-des-apotres-Passage-de-la-mer-avec-Moise-Chapelle-sixtine-Vatican.ppt\">3. Appel des ap\u00f4tres &#8211; Passage de la mer avec Mo\u00efse Chapelle sixtine Vatican<\/a><\/p>\r\n","protected":false},"excerpt":{"rendered":"<p>B13. Repas chez le pharisien &#8211; Repentir de M.-Madeleine \/\u00a0 Divers Vid\u00e9o &#8211; R\u00e9f\u00e9rences A la chapelle Sixtine le lien entre l&rsquo;appel des ap\u00f4tres et le passage de la mer rouge (P\u00e2que juive) : 3. Appel des ap\u00f4tres &#8211; Passage<\/p>\n","protected":false},"author":1,"featured_media":0,"parent":65,"menu_order":10,"comment_status":"closed","ping_status":"closed","template":"","meta":{"footnotes":""},"_links":{"self":[{"href":"http:\/\/image-bible.ch\/index.php?rest_route=\/wp\/v2\/pages\/891"}],"collection":[{"href":"http:\/\/image-bible.ch\/index.php?rest_route=\/wp\/v2\/pages"}],"about":[{"href":"http:\/\/image-bible.ch\/index.php?rest_route=\/wp\/v2\/types\/page"}],"author":[{"embeddable":true,"href":"http:\/\/image-bible.ch\/index.php?rest_route=\/wp\/v2\/users\/1"}],"replies":[{"embeddable":true,"href":"http:\/\/image-bible.ch\/index.php?rest_route=%2Fwp%2Fv2%2Fcomments&post=891"}],"version-history":[{"count":6,"href":"http:\/\/image-bible.ch\/index.php?rest_route=\/wp\/v2\/pages\/891\/revisions"}],"predecessor-version":[{"id":5969,"href":"http:\/\/image-bible.ch\/index.php?rest_route=\/wp\/v2\/pages\/891\/revisions\/5969"}],"up":[{"embeddable":true,"href":"http:\/\/image-bible.ch\/index.php?rest_route=\/wp\/v2\/pages\/65"}],"wp:attachment":[{"href":"http:\/\/image-bible.ch\/index.php?rest_route=%2Fwp%2Fv2%2Fmedia&parent=891"}],"curies":[{"name":"wp","href":"https:\/\/api.w.org\/{rel}","templated":true}]}}