{"id":907,"date":"2021-03-05T16:15:18","date_gmt":"2021-03-05T15:15:18","guid":{"rendered":"http:\/\/image-bible.ch\/?page_id=907"},"modified":"2021-09-21T20:41:30","modified_gmt":"2021-09-21T18:41:30","slug":"b14-1-la-bible-des-pauvres","status":"publish","type":"page","link":"http:\/\/image-bible.ch\/?page_id=907","title":{"rendered":"B14.1 \/ La Bible des pauvres"},"content":{"rendered":"\r\n<p style=\"text-align: center;\"><span style=\"font-size: 14pt; font-family: 'comic sans ms', sans-serif;\">B14. R\u00e9veil (r\u00e9surrection) de Lazare \/\u00a0 Bible des pauvres<\/span><\/p>\r\n<p><img loading=\"lazy\" decoding=\"async\" class=\"alignnone size-medium wp-image-5581\" src=\"http:\/\/image-bible.ch\/wp-content\/uploads\/2021\/05\/14.-Resurrection-de-Lazare-202x300.jpg\" alt=\"\" width=\"202\" height=\"300\" srcset=\"http:\/\/image-bible.ch\/wp-content\/uploads\/2021\/05\/14.-Resurrection-de-Lazare-202x300.jpg 202w, http:\/\/image-bible.ch\/wp-content\/uploads\/2021\/05\/14.-Resurrection-de-Lazare.jpg 649w\" sizes=\"(max-width: 202px) 100vw, 202px\" \/><\/p>\r\n<p><strong>Types :<\/strong> \u00c9lis\u00e9e r\u00e9veille le fils de la Sunamite &#8211; \u00c9lie r\u00e9veille le fils de la veuve de Sarepta<\/p>\r\n<p><strong>Antitype :<\/strong> r\u00e9surrection de Lazare<\/p>\r\n<p>Dans le 4e livre des Rois on lit : le proph\u00e8te monta le fils de la Sunamite dans sa chambre, il pria et dit :\u00ab\u00a0<i>mon Dieu, je t&rsquo;en prie, fais revenir en lui l&rsquo;\u00e2me de cet enfant !\u00a0\u00bb <\/i>C\u2019est ce qui arriva et il le rendit \u00e0 sa m\u00e8re. Cela est une bonne figure pour la r\u00e9surrection de Lazare, que le Christ a ressuscit\u00e9 et fit cadeau \u00e0 nouveau \u00e0 ses s\u0153urs.<\/p>\r\n<p><i>1R 17,17-24 : \u00a0Apr\u00e8s ces \u00e9v\u00e9nements, il arriva que le fils de la ma\u00eetresse de maison tomba malade, et sa maladie fut si violente qu&rsquo;enfin il expira.18.\u00a0Alors elle dit \u00e0 \u00c9lie : \u00ab Qu&rsquo;ai-je \u00e0 faire avec toi, homme de Dieu ? Tu es donc venu chez moi pour rappeler mes fautes et faire mourir mon fils ! \u00bb19.\u00a0Il lui dit : \u00ab Donne-moi ton fils \u00bb ; il l&rsquo;enleva de son sein, le monta dans la chambre haute o\u00f9 il habitait et le coucha sur son lit.20.\u00a0Puis il invoqua Yahv\u00e9 et dit : \u00ab Yahv\u00e9, mon Dieu, veux-tu donc aussi du mal \u00e0 la veuve qui m&rsquo;h\u00e9berge, pour que tu fasses mourir son fils ? \u00bb21.\u00a0Il s&rsquo;\u00e9tendit trois fois sur l&rsquo;enfant et il invoqua Yahv\u00e9 : \u00ab Yahv\u00e9, mon Dieu, je t&rsquo;en prie, fais revenir en lui l&rsquo;\u00e2me de cet enfant ! \u00bb22.\u00a0Yahv\u00e9 exau\u00e7a l&rsquo;appel d&rsquo;\u00c9lie, l&rsquo;\u00e2me de l&rsquo;enfant revint en lui et il reprit vie.23.\u00a0\u00c9lie le prit, le descendit de la chambre haute dans la maison et le remit \u00e0 sa m\u00e8re ; et \u00c9lie dit : \u00ab Voici, ton fils est vivant. \u00bb24.\u00a0La femme lui r\u00e9pondit : \u00ab Maintenant je sais que tu es un homme de Dieu et que la parole de Yahv\u00e9 dans ta bouche est v\u00e9rit\u00e9 ! \u00bb<\/i><\/p>\r\n<p><i>\u00a0<\/i><\/p>\r\n<p>Dans le 4e livre des Rois on lit : le proph\u00e8te \u00c9lis\u00e9e releva le fils de la veuve, il se plia sur lui et l\u2019enfant se r\u00e9chauffa et revint \u00e0 la vie. \u00c9lis\u00e9e signifie le Christ et l\u2019enfant qu\u2019il ressuscita d\u2019entre les morts, Lazare, que le Christ a rendu \u00e0 la vie devant les yeux des juifs.<\/p>\r\n<p><i>2R 4,32-38 : \u00a0\u00c9lis\u00e9e arriva \u00e0 la maison; l\u00e0 \u00e9tait l&rsquo;enfant, mort et couch\u00e9 sur son propre lit.33.\u00a0Il entra, ferma la porte sur eux deux et pria Yahv\u00e9.34.\u00a0Puis il monta sur le lit, s&rsquo;\u00e9tendit sur l&rsquo;enfant, mit sa bouche contre sa bouche, ses yeux contre ses yeux, ses mains contre ses mains, il se replia sur lui et la chair de l&rsquo;enfant se r\u00e9chauffa.35.\u00a0Il se remit \u00e0 marcher de long en large dans la maison, puis remonta et se replia sur lui, jusqu&rsquo;\u00e0 sept fois : alors l&rsquo;enfant \u00e9ternua et ouvrit les yeux.36.\u00a0Il appela G\u00e9hazi et lui dit : \u00abFais venir cette bonne Shunamite.\u00bb Il l&rsquo;appela. Lorsqu&rsquo;elle arriva pr\u00e8s de lui, il dit : \u00abPrends ton fils.\u00bb37.\u00a0Elle entra, tomba \u00e0 ses pieds et se prosterna \u00e0 terre, puis elle prit son fils et sortit.<\/i><\/p>\r\n<p><strong>David :<\/strong><i> Ps 29,4 : Seigneur, tu m&rsquo;as fait remonter de l&rsquo;ab\u00eeme et revivre quand je descendais \u00e0 la fosse.<br \/><\/i><\/p>\r\n<p><strong>Mo\u00efse :<\/strong><i> Dt 32,39 : Voyez-le, maintenant, c\u2019est moi, et moi seul ; pas d\u2019autre dieu que moi ; c\u2019est moi qui fais mourir et vivre, si j\u2019ai frapp\u00e9, c\u2019est moi qui gu\u00e9ris, et personne ne d\u00e9livre de ma main.<br \/><\/i><\/p>\r\n<p><strong>Job : <\/strong><i>Jb 14,14 : Mais l\u2019homme qui meurt va-t-il revivre ? Tous les jours de mon service, j\u2019attendrais, jusqu\u2019\u00e0 ce que vienne ma rel\u00e8ve.<br \/><\/i><\/p>\r\n<p><strong>Anne :<\/strong><i> 1Sm 2,6 : Le Seigneur fait mourir et vivre ; il fait descendre \u00e0 l\u2019ab\u00eeme et en ram\u00e8ne<\/i><\/p>\r\n<p>&nbsp;<\/p>\r\n","protected":false},"excerpt":{"rendered":"<p>B14. R\u00e9veil (r\u00e9surrection) de Lazare \/\u00a0 Bible des pauvres Types : \u00c9lis\u00e9e r\u00e9veille le fils de la Sunamite &#8211; \u00c9lie r\u00e9veille le fils de la veuve de Sarepta Antitype : r\u00e9surrection de Lazare Dans le 4e livre des Rois on<\/p>\n","protected":false},"author":1,"featured_media":0,"parent":68,"menu_order":1,"comment_status":"closed","ping_status":"closed","template":"","meta":{"footnotes":""},"_links":{"self":[{"href":"http:\/\/image-bible.ch\/index.php?rest_route=\/wp\/v2\/pages\/907"}],"collection":[{"href":"http:\/\/image-bible.ch\/index.php?rest_route=\/wp\/v2\/pages"}],"about":[{"href":"http:\/\/image-bible.ch\/index.php?rest_route=\/wp\/v2\/types\/page"}],"author":[{"embeddable":true,"href":"http:\/\/image-bible.ch\/index.php?rest_route=\/wp\/v2\/users\/1"}],"replies":[{"embeddable":true,"href":"http:\/\/image-bible.ch\/index.php?rest_route=%2Fwp%2Fv2%2Fcomments&post=907"}],"version-history":[{"count":7,"href":"http:\/\/image-bible.ch\/index.php?rest_route=\/wp\/v2\/pages\/907\/revisions"}],"predecessor-version":[{"id":6268,"href":"http:\/\/image-bible.ch\/index.php?rest_route=\/wp\/v2\/pages\/907\/revisions\/6268"}],"up":[{"embeddable":true,"href":"http:\/\/image-bible.ch\/index.php?rest_route=\/wp\/v2\/pages\/68"}],"wp:attachment":[{"href":"http:\/\/image-bible.ch\/index.php?rest_route=%2Fwp%2Fv2%2Fmedia&parent=907"}],"curies":[{"name":"wp","href":"https:\/\/api.w.org\/{rel}","templated":true}]}}