{"id":913,"date":"2021-03-05T16:16:46","date_gmt":"2021-03-05T15:16:46","guid":{"rendered":"http:\/\/image-bible.ch\/?page_id=913"},"modified":"2024-11-19T12:54:00","modified_gmt":"2024-11-19T11:54:00","slug":"b14-4-bible-ancien-testament","status":"publish","type":"page","link":"http:\/\/image-bible.ch\/?page_id=913","title":{"rendered":"B14.4 \/ Bible Ancien-Testament"},"content":{"rendered":"<p style=\"text-align: center;\"><span style=\"font-size: 14pt; font-family: 'comic sans ms', sans-serif;\">B14. R\u00e9veil (r\u00e9surrection) de Lazare \/\u00a0 Bible Ancien-Testament<\/span><\/p>\n<h3>\u00c9lis\u00e9e r\u00e9veille le fils de la Sunamite<\/h3>\n<p><img loading=\"lazy\" decoding=\"async\" class=\"alignnone size-medium wp-image-5577\" src=\"http:\/\/image-bible.ch\/wp-content\/uploads\/2021\/05\/14.-Resurrection-de-Lazare-A-Elisee-reveille-le-fils-de-la-Sunamite-209x300.jpg\" alt=\"\" width=\"209\" height=\"300\" srcset=\"http:\/\/image-bible.ch\/wp-content\/uploads\/2021\/05\/14.-Resurrection-de-Lazare-A-Elisee-reveille-le-fils-de-la-Sunamite-209x300.jpg 209w, http:\/\/image-bible.ch\/wp-content\/uploads\/2021\/05\/14.-Resurrection-de-Lazare-A-Elisee-reveille-le-fils-de-la-Sunamite.jpg 327w\" sizes=\"(max-width: 209px) 100vw, 209px\" \/><\/p>\n<p><i>1R 17,17-24 : <\/i><\/p>\n<p><sup><span class=\"verse_number\" style=\"color: #0000ff;\">17<\/span><\/sup> <span style=\"color: #993300;\">Apr\u00e8s<\/span> cela, <strong>le fils de la femme<\/strong> chez qui habitait <strong>\u00c9lie<\/strong> tomba <em>malade<\/em> ; le mal fut si violent que l\u2019enfant <em>expira<\/em>.<\/p>\n<p><sup><span class=\"verse_number\" style=\"color: #0000ff;\">18<\/span><\/sup> Alors la <strong>femme<\/strong> dit \u00e0 <strong>\u00c9lie<\/strong> : \u00ab Que me veux-tu, homme de Dieu ? Tu es venu chez moi pour <em>rappeler mes fautes<\/em> et faire <em>mourir mon fils<\/em> ! \u00bb<\/p>\n<p><sup><span class=\"verse_number\" style=\"color: #0000ff;\">19<\/span><\/sup> <strong>\u00c9lie<\/strong> r\u00e9pondit : \u00ab Donne-moi ton fils ! \u00bb Il le prit des bras de sa m\u00e8re, le porta dans sa <span style=\"color: #008000;\">chambre<\/span> <span style=\"color: #008000;\">en haut de la maison<\/span> et l\u2019\u00e9tendit sur son <span style=\"color: #008000;\">lit.<\/span><\/p>\n<p><sup><span class=\"verse_number\" style=\"color: #0000ff;\">20<\/span><\/sup> Puis il invoqua <strong>le Seigneur<\/strong> : \u00ab Seigneur, mon Dieu, cette veuve chez qui je loge, lui veux-tu du mal jusqu\u2019\u00e0 faire mourir son fils ? \u00bb<\/p>\n<p><sup><span class=\"verse_number\" style=\"color: #0000ff;\">21<\/span><\/sup> Par <em>trois fois, il s\u2019\u00e9tendit sur l\u2019enfant<\/em> en invoquant le Seigneur : \u00ab Seigneur, mon Dieu, je t\u2019en supplie, <strong><span style=\"color: #ff0000;\">rends la vie \u00e0 cet enfant !<\/span><\/strong> \u00bb<\/p>\n<p><sup><span class=\"verse_number\" style=\"color: #0000ff;\">22<\/span><\/sup> Le Seigneur entendit la pri\u00e8re d\u2019\u00c9lie ; le <strong><span style=\"color: #ff0000;\">souffle de l\u2019enfant revint<\/span> <\/strong>en lui : il \u00e9tait <strong><span style=\"color: #ff0000;\">vivant<\/span><\/strong> !<\/p>\n<p><sup><span class=\"verse_number\" style=\"color: #0000ff;\">23 <\/span><\/sup><strong>\u00c9lie<\/strong> prit alors <strong>l\u2019enfant<\/strong>, de sa <span style=\"color: #008000;\">chambre<\/span> il le descendit dans la maison, le remit \u00e0 sa m\u00e8re et dit : \u00ab Regarde, ton fils est vivant ! \u00bb<\/p>\n<p><sup><span class=\"verse_number\" style=\"color: #0000ff;\">24<\/span><\/sup> La femme lui r\u00e9pondit : \u00ab Maintenant je sais que <strong><span style=\"color: #ff0000;\">tu es un homme de Dieu<\/span><\/strong>, et que, dans ta bouche, la parole du Seigneur est v\u00e9ridique. \u00bb<\/p>\n<p><strong><span style=\"color: #993300;\">Vocabulaire :<\/span><\/strong><\/p>\n<p>&nbsp;<\/p>\n<p><strong><span style=\"color: #0000ff;\">Questions :<\/span><\/strong><\/p>\n<p>&nbsp;<\/p>\n<p><strong>Commentaire :<\/strong><\/p>\n<p><strong><em>\u00c9lis\u00e9e r\u00e9veille le fils de la Sunamite.<\/em><\/strong><\/p>\n<p>Une riche femme sunamite a fait construire une pi\u00e8ce suppl\u00e9mentaire dans sa maison et l&rsquo;a am\u00e9nag\u00e9e confortablement pour \u00c9lis\u00e9e. Lui et son serviteur Gehazi utilisaient la chambre chaque fois qu&rsquo;ils traversaient la r\u00e9gion de Sunem. En remerciement de l&rsquo;aide qu&rsquo;elle a apport\u00e9e \u00e0 la pr\u00e9dication de la Parole de Dieu, \u00c9lis\u00e9e dit \u00e0 la femme qu&rsquo;elle allait donner naissance \u00e0 un fils, m\u00eame si son mari \u00e9tait tr\u00e8s vieux. Elle a donn\u00e9 naissance \u00e0 un fils mais apr\u00e8s quelques ann\u00e9es, il est d\u00e9c\u00e9d\u00e9. La femme place le corps du gar\u00e7on dans la chambre sp\u00e9ciale d&rsquo;\u00c9lis\u00e9e puis va le chercher. \u00c9lis\u00e9e est venu, il s\u2019est couch\u00e9 sur le corps de l\u2019enfant et a ramen\u00e9 son fils d&rsquo;entre les morts.<\/p>\n<h3>\u00c9lie r\u00e9veille le fils de la veuve de Sarepta<\/h3>\n<p><img loading=\"lazy\" decoding=\"async\" class=\"alignnone size-medium wp-image-5578\" src=\"http:\/\/image-bible.ch\/wp-content\/uploads\/2021\/05\/14.-Resurrection-de-Lazare-B-Elie-reveille-le-fils-de-la-veuve-de-Sarepta-210x300.jpg\" alt=\"\" width=\"210\" height=\"300\" srcset=\"http:\/\/image-bible.ch\/wp-content\/uploads\/2021\/05\/14.-Resurrection-de-Lazare-B-Elie-reveille-le-fils-de-la-veuve-de-Sarepta-210x300.jpg 210w, http:\/\/image-bible.ch\/wp-content\/uploads\/2021\/05\/14.-Resurrection-de-Lazare-B-Elie-reveille-le-fils-de-la-veuve-de-Sarepta.jpg 324w\" sizes=\"(max-width: 210px) 100vw, 210px\" \/><\/p>\n<p><i>2R 4,32-38 : \u00a0<\/i><\/p>\n<p><sup><span class=\"verse_number\" style=\"color: #0000ff;\">32<\/span><\/sup> Quand <strong>\u00c9lis\u00e9e<\/strong> arriva dans la maison, il trouva <strong>l\u2019enfant <span style=\"color: #ff0000;\">mort<\/span><\/strong>, \u00e9tendu sur <span style=\"color: #008000;\">le lit.<\/span><\/p>\n<p><sup><span class=\"verse_number\" style=\"color: #0000ff;\">33<\/span><\/sup> Il entra, ferma la porte pour <em>\u00eatre seul<\/em> avec lui, et il se mit <em>\u00e0 prier<\/em> le Seigneur.<\/p>\n<p><sup><span class=\"verse_number\" style=\"color: #0000ff;\">34<\/span><\/sup> Il monta sur <span style=\"color: #008000;\">le lit<\/span>, se <span style=\"color: #ff0000;\"><em>coucha sur l\u2019enfant<\/em><\/span>, mit sa bouche sur sa bouche, ses yeux sur ses yeux et ses mains sur ses mains. Il resta \u00e9tendu sur lui, et le corps de l\u2019enfant <span style=\"color: #ff0000;\"><em>se r\u00e9chauffa<\/em><\/span>.<\/p>\n<p><sup><span class=\"verse_number\" style=\"color: #0000ff;\">35<\/span><\/sup> <strong>Le proph\u00e8te<\/strong> redescendit et marcha de long en large dans la maison. Puis il remonta <em>s\u2019\u00e9tendre sur l\u2019enfant<\/em>. Celui-ci <span style=\"color: #ff0000;\"><em>\u00e9ternua sept fois<\/em><\/span>, et <span style=\"color: #ff0000;\"><em>ouvrit les yeux<\/em><\/span>.<\/p>\n<p><sup><span class=\"verse_number\" style=\"color: #0000ff;\">36<\/span><\/sup> <strong>\u00c9lis\u00e9e<\/strong> appela son <strong>serviteur<\/strong> et lui dit\u00a0: \u00ab\u00a0Fais venir <strong>sa m\u00e8re<\/strong>.\u00a0\u00bb Le serviteur la fit venir. Lorsqu\u2019elle arriva aupr\u00e8s de lui, \u00c9lis\u00e9e lui dit\u00a0: \u00ab\u00a0Reprends ton fils.\u00a0\u00bb<\/p>\n<p><sup><span class=\"verse_number\" style=\"color: #0000ff;\">37<\/span><\/sup> Elle entra, tomba \u00e0 ses pieds et se prosterna jusqu\u2019\u00e0 terre. Elle reprit son fils et sortit.<\/p>\n<p><strong><span style=\"color: #993300;\">Vocabulaire :<\/span><\/strong><\/p>\n<p>&nbsp;<\/p>\n<p><strong><span style=\"color: #0000ff;\">Questions :<\/span><\/strong><\/p>\n<p>&nbsp;<\/p>\n<p><strong>Commentaire :<\/strong><\/p>\n<p><strong><em>\u00c9lie r\u00e9veille le fils de la veuve de Sarepta.<\/em><\/strong><\/p>\n<p>\u00c9lie le proph\u00e8te pose un geste g\u00e9n\u00e9reux qui reconstruit une famille. Ainsi, le r\u00e9cit raconte un changement radical. La logeuse d\u2019\u00c9lie l\u2019accuse vertement\u00a0: <em>\u00ab<\/em><em>\u00a0<\/em><em>Tu es venu chez moi pour rappeler mes fautes et faire mourir mon fils\u00a0!<\/em><em>\u00a0<\/em><em>\u00bb<\/em> (1 Rois 17, 18). Comme si le travail du proph\u00e8te consistait uniquement \u00e0 d\u00e9noncer le p\u00e9ch\u00e9 et \u00e0 punir les coupables\u2026\u00a0 Comme si le message des croyants devait se limiter \u00e0 accuser et \u00e0 pourfendre\u00a0!<br \/>\nMais la supplication d\u2019\u00c9lie aupr\u00e8s du Seigneur Dieu inverse les propos de la m\u00e8re\u00a0: <em>\u00ab<\/em><em>\u00a0<\/em><em>tu es un homme de Dieu <\/em><em>[<\/em><em>\u2026<\/em><em>]<\/em><em> dans ta bouche, la Parole du Seigneur est v\u00e9ridique<\/em><em>\u00a0<\/em><em>\u00bb<\/em> (1 Rois 17, 24). Le geste miraculeux n\u2019est pas une fin en soi. Il sert \u00e0 valider le r\u00f4le du proph\u00e8te.<br \/>\nLes miracles dans l\u2019A.T. ne sont pas l\u00e0 pour convaincre des non-croyants. Ils ont un but p\u00e9dagogique, celui de rafra\u00eechir la m\u00e9moire du peuple de Dieu afin de le rendre plus attach\u00e9 \u00e0 son Dieu, et plus fid\u00e8le \u00e0 l\u2019alliance.<\/p>\n<p><img loading=\"lazy\" decoding=\"async\" class=\"alignnone wp-image-5580\" src=\"http:\/\/image-bible.ch\/wp-content\/uploads\/2021\/05\/14.-Resurrection-de-Lazare-D-300x238.jpg\" alt=\"\" width=\"429\" height=\"340\" srcset=\"http:\/\/image-bible.ch\/wp-content\/uploads\/2021\/05\/14.-Resurrection-de-Lazare-D-300x238.jpg 300w, http:\/\/image-bible.ch\/wp-content\/uploads\/2021\/05\/14.-Resurrection-de-Lazare-D.jpg 641w\" sizes=\"(max-width: 429px) 100vw, 429px\" \/><\/p>\n<p><strong>David :<\/strong><i> Ps 29,4 : Seigneur, tu m&rsquo;as fait remonter de l&rsquo;ab\u00eeme et revivre quand je descendais \u00e0 la fosse.<br \/>\n<\/i><\/p>\n<p><strong>Mo\u00efse :<\/strong><i> Dt 32,39 : Voyez-le, maintenant, c\u2019est moi, et moi seul ; pas d\u2019autre dieu que moi ; c\u2019est moi qui fais mourir et vivre, si j\u2019ai frapp\u00e9, c\u2019est moi qui gu\u00e9ris, et personne ne d\u00e9livre de ma main.<br \/>\n<\/i><\/p>\n<p><strong>Job : <\/strong><i>Jb 14,14 : Mais l\u2019homme qui meurt va-t-il revivre ? Tous les jours de mon service, j\u2019attendrais, jusqu\u2019\u00e0 ce que vienne ma rel\u00e8ve.<br \/>\n<\/i><\/p>\n<p><strong>Anne :<\/strong><i> 1Sm 2,6 : Le Seigneur fait mourir et vivre ; il fait descendre \u00e0 l\u2019ab\u00eeme et en ram\u00e8ne<br \/>\n<\/i><\/p>\n<p>&nbsp;<\/p>\n<p>&nbsp;<\/p>\n<p>&nbsp;<\/p>\n","protected":false},"excerpt":{"rendered":"<p>B14. R\u00e9veil (r\u00e9surrection) de Lazare \/\u00a0 Bible Ancien-Testament \u00c9lis\u00e9e r\u00e9veille le fils de la Sunamite 1R 17,17-24 : 17 Apr\u00e8s cela, le fils de la femme chez qui habitait \u00c9lie tomba malade ; le mal fut si violent que l\u2019enfant<\/p>\n","protected":false},"author":1,"featured_media":0,"parent":68,"menu_order":3,"comment_status":"closed","ping_status":"closed","template":"","meta":{"footnotes":""},"_links":{"self":[{"href":"http:\/\/image-bible.ch\/index.php?rest_route=\/wp\/v2\/pages\/913"}],"collection":[{"href":"http:\/\/image-bible.ch\/index.php?rest_route=\/wp\/v2\/pages"}],"about":[{"href":"http:\/\/image-bible.ch\/index.php?rest_route=\/wp\/v2\/types\/page"}],"author":[{"embeddable":true,"href":"http:\/\/image-bible.ch\/index.php?rest_route=\/wp\/v2\/users\/1"}],"replies":[{"embeddable":true,"href":"http:\/\/image-bible.ch\/index.php?rest_route=%2Fwp%2Fv2%2Fcomments&post=913"}],"version-history":[{"count":10,"href":"http:\/\/image-bible.ch\/index.php?rest_route=\/wp\/v2\/pages\/913\/revisions"}],"predecessor-version":[{"id":9519,"href":"http:\/\/image-bible.ch\/index.php?rest_route=\/wp\/v2\/pages\/913\/revisions\/9519"}],"up":[{"embeddable":true,"href":"http:\/\/image-bible.ch\/index.php?rest_route=\/wp\/v2\/pages\/68"}],"wp:attachment":[{"href":"http:\/\/image-bible.ch\/index.php?rest_route=%2Fwp%2Fv2%2Fmedia&parent=913"}],"curies":[{"name":"wp","href":"https:\/\/api.w.org\/{rel}","templated":true}]}}