{"id":915,"date":"2021-03-05T16:17:12","date_gmt":"2021-03-05T15:17:12","guid":{"rendered":"http:\/\/image-bible.ch\/?page_id=915"},"modified":"2024-11-19T12:53:07","modified_gmt":"2024-11-19T11:53:07","slug":"b14-5-interpretation","status":"publish","type":"page","link":"http:\/\/image-bible.ch\/?page_id=915","title":{"rendered":"B14.5 \/ Interpr\u00e9tation"},"content":{"rendered":"\r\n<p style=\"text-align: center;\"><span style=\"font-size: 14pt; font-family: 'comic sans ms', sans-serif;\">B14. R\u00e9veil (r\u00e9surrection) de Lazare \/\u00a0 Interpr\u00e9tation<\/span><\/p>\r\n<h3><strong>Les liens entre Jean 11,1-45 et 1 Rois 17,17-24<\/strong><\/h3>\r\n<p>Le proph\u00e8te Elie monte le fils de la veuve de Sarepta dans sa chambre, et il prie \u00ab\u00a0Seigneur, mon Dieu, je t\u2019en supplie, <strong>rends la vie \u00e0 cet enfant\u00a0!<\/strong>\u00a0\u00bb Et le fils revient \u00e0 la vie.<br \/>De m\u00eame Lazare, est r\u00e9veill\u00e9 des morts, par le Christ et rendu vivant \u00e0 ses s\u0153urs.<\/p>\r\n<p>Le lien entre <strong>Jean 11,1-45<\/strong> (la r\u00e9surrection de Lazare) et <strong>1 Rois 17,17-24<\/strong> (la r\u00e9surrection du fils de la veuve de Sarepta par le proph\u00e8te \u00c9lie) r\u00e9side dans le th\u00e8me central de la <strong>victoire sur la mort<\/strong> gr\u00e2ce \u00e0 une intervention divine et dans la r\u00e9v\u00e9lation de la puissance de Dieu agissant \u00e0 travers un envoy\u00e9 (\u00c9lie ou J\u00e9sus).<\/p>\r\n<ol>\r\n<li>\r\n<p><strong>La victoire sur la mort :<\/strong><\/p>\r\n<ul>\r\n<li>Dans les deux r\u00e9cits, un mort est ramen\u00e9 \u00e0 la vie gr\u00e2ce \u00e0 l\u2019intervention divine.<\/li>\r\n<li>Dans <strong>Jean 11<\/strong>, J\u00e9sus ressuscite Lazare en montrant qu\u2019il est lui-m\u00eame la source de la vie.<\/li>\r\n<li>Dans <strong>1 Rois 17<\/strong>, Dieu r\u00e9pond \u00e0 la pri\u00e8re d\u2019\u00c9lie, d\u00e9montrant sa puissance sur la mort.<\/li>\r\n<\/ul>\r\n<\/li>\r\n<li>\r\n<p><strong>La r\u00e9v\u00e9lation de la gloire divine :<\/strong><\/p>\r\n<ul>\r\n<li>Dans <strong>Jean 11<\/strong>, J\u00e9sus annonce que le miracle servira \u00e0 r\u00e9v\u00e9ler \u00ab la gloire de Dieu \u00bb (v. 4).<\/li>\r\n<li>Dans <strong>1 Rois 17<\/strong>, la r\u00e9surrection de l\u2019enfant am\u00e8ne la veuve \u00e0 reconna\u00eetre \u00c9lie comme un v\u00e9ritable proph\u00e8te de Dieu.<\/li>\r\n<\/ul>\r\n<\/li>\r\n<li>\r\n<p><strong>La foi mise \u00e0 l\u2019\u00e9preuve :<\/strong><\/p>\r\n<ul>\r\n<li>Dans <strong>Jean 11<\/strong>, Marthe et Marie traversent un moment de doute et de douleur avant de voir la puissance de J\u00e9sus \u00e0 l\u2019\u0153uvre.<\/li>\r\n<li>Dans <strong>1 Rois 17<\/strong>, la veuve est d\u00e9sesp\u00e9r\u00e9e face \u00e0 la mort de son fils, mais sa foi est renforc\u00e9e apr\u00e8s le miracle.<\/li>\r\n<\/ul>\r\n<\/li>\r\n<li>\r\n<p><strong>Le r\u00f4le d\u2019un envoy\u00e9 de Dieu :<\/strong><\/p>\r\n<ul>\r\n<li>Dans <strong>1 Rois 17<\/strong>, \u00c9lie, proph\u00e8te de Dieu, agit comme intercesseur en demandant \u00e0 Dieu d\u2019intervenir.<\/li>\r\n<li>Dans <strong>Jean 11<\/strong>, J\u00e9sus agit de sa propre autorit\u00e9, r\u00e9v\u00e9lant qu\u2019il est le Messie et le Fils de Dieu.<\/li>\r\n<\/ul>\r\n<\/li>\r\n<li>\r\n<p><strong>Un t\u00e9moignage pour les autres :<\/strong><\/p>\r\n<ul>\r\n<li>Dans les deux r\u00e9cits, l\u2019intervention divine invite les t\u00e9moins \u00e0 croire.<\/li>\r\n<li>Dans <strong>Jean 11<\/strong>, de nombreux Juifs croient en J\u00e9sus apr\u00e8s la r\u00e9surrection de Lazare.<\/li>\r\n<li>Dans <strong>1 Rois 17<\/strong>, la veuve affirme sa foi en \u00c9lie comme proph\u00e8te de Dieu.<\/li>\r\n<\/ul>\r\n<\/li>\r\n<\/ol>\r\n<hr \/>\r\n<h3><strong>Les diff\u00e9rences principales<\/strong><\/h3>\r\n<ol>\r\n<li>\r\n<p><strong>L\u2019identit\u00e9 de l\u2019intervenant :<\/strong><\/p>\r\n<ul>\r\n<li>Dans <strong>1 Rois 17<\/strong>, \u00c9lie interc\u00e8de aupr\u00e8s de Dieu pour que le miracle se produise.<\/li>\r\n<li>Dans <strong>Jean 11<\/strong>, J\u00e9sus ressuscite Lazare par son propre pouvoir, affirmant sa divinit\u00e9.<\/li>\r\n<\/ul>\r\n<\/li>\r\n<li>\r\n<p><strong>La port\u00e9e du miracle :<\/strong><\/p>\r\n<ul>\r\n<li>La r\u00e9surrection de Lazare est publique et dramatique, marquant une \u00e9tape cl\u00e9 dans le minist\u00e8re de J\u00e9sus.<\/li>\r\n<li>La r\u00e9surrection du fils de la veuve est plus intime, destin\u00e9e \u00e0 fortifier la foi de cette femme et \u00e0 authentifier \u00c9lie comme proph\u00e8te.<\/li>\r\n<\/ul>\r\n<\/li>\r\n<li>\r\n<p><strong>Le message th\u00e9ologique :<\/strong><\/p>\r\n<ul>\r\n<li><strong>1 Rois 17<\/strong> met en avant l\u2019importance de la pri\u00e8re et de l\u2019intercession du proph\u00e8te.<\/li>\r\n<li><strong>Jean 11<\/strong> d\u00e9veloppe une th\u00e9ologie de la r\u00e9surrection et de la vie \u00e9ternelle, centr\u00e9e sur la personne de J\u00e9sus.<\/li>\r\n<\/ul>\r\n<\/li>\r\n<\/ol>\r\n<hr \/>\r\n<h3><strong>Conclusion<\/strong><\/h3>\r\n<p>Les deux r\u00e9cits montrent que Dieu est le ma\u00eetre de la vie et de la mort, intervenant pour r\u00e9v\u00e9ler sa gloire et fortifier la foi. Dans <strong>1 Rois 17,17-24<\/strong>, Dieu r\u00e9pond \u00e0 l\u2019intercession d\u2019\u00c9lie pour ressusciter le fils de la veuve, affirmant son r\u00f4le de proph\u00e8te. Dans <strong>Jean 11,1-45<\/strong>, J\u00e9sus ressuscite Lazare, r\u00e9v\u00e9lant qu\u2019il est le Fils de Dieu et la source de la vie \u00e9ternelle. Ces r\u00e9cits convergent dans l\u2019id\u00e9e que la vie est un don de Dieu, accessible par la foi en sa puissance et sa pr\u00e9sence active.<\/p>\r\n<h3><strong>Liens entre 2 Rois 4,32-38 (la r\u00e9surrection du fils de la Sunamite par le proph\u00e8te \u00c9lis\u00e9e) et Jean 11,1-45 (la r\u00e9surrection de Lazare par J\u00e9sus) <br \/><\/strong><\/h3>\r\n<p>Comme le proph\u00e8te \u00c9lis\u00e9e ram\u00e8ne \u00e0 la vie le fils de la veuve, en se couchant sur lui et en le r\u00e9chauffant, ainsi le Christ r\u00e9veille d\u2019entre les morts, Lazare, et le rend \u00e0 la vie devant les yeux \u00e9tonn\u00e9s de Marthe, Marie et des juifs.<\/p>\r\n<p>Le lien entre <strong>2 Rois 4,32-38<\/strong> (la r\u00e9surrection du fils de la Sunamite par le proph\u00e8te \u00c9lis\u00e9e) et <strong>Jean 11,1-45<\/strong> (la r\u00e9surrection de Lazare par J\u00e9sus) repose sur le th\u00e8me central de la <strong>victoire sur la mort<\/strong> par l&rsquo;intervention divine et le r\u00f4le des envoy\u00e9s de Dieu dans la r\u00e9v\u00e9lation de sa puissance et de sa mis\u00e9ricorde. Les deux r\u00e9cits mettent \u00e9galement en avant la foi et l&rsquo;esp\u00e9rance des proches dans des moments de d\u00e9sespoir.<\/p>\r\n<div class=\"flex max-w-full flex-col flex-grow\">\r\n<div class=\"min-h-8 text-message flex w-full flex-col items-end gap-2 whitespace-normal break-words [.text-message+&amp;]:mt-5\" dir=\"auto\" data-message-author-role=\"assistant\" data-message-id=\"780ff3e9-779d-4574-98fc-31786845f547\" data-message-model-slug=\"gpt-4o\">\r\n<div class=\"flex w-full flex-col gap-1 empty:hidden first:pt-[3px]\">\r\n<div class=\"markdown prose w-full break-words dark:prose-invert light\"><br \/>\r\n<ol>\r\n<li>\r\n<p><strong>La r\u00e9surrection comme signe de la puissance divine :<\/strong><\/p>\r\n<ul>\r\n<li>Dans les deux r\u00e9cits, la r\u00e9surrection montre que Dieu est ma\u00eetre de la vie et de la mort.<\/li>\r\n<li>Dans <strong>2 Rois 4<\/strong>, \u00c9lis\u00e9e est un instrument de Dieu pour accomplir ce miracle.<\/li>\r\n<li>Dans <strong>Jean 11<\/strong>, J\u00e9sus agit par sa propre autorit\u00e9, r\u00e9v\u00e9lant qu\u2019il est le Fils de Dieu.<\/li>\r\n<\/ul>\r\n<\/li>\r\n<li>\r\n<p><strong>Le r\u00f4le d\u2019un envoy\u00e9 de Dieu :<\/strong><\/p>\r\n<ul>\r\n<li>\u00c9lis\u00e9e, proph\u00e8te, est l\u2019intercesseur qui implore Dieu pour ramener l\u2019enfant \u00e0 la vie.<\/li>\r\n<li>J\u00e9sus, en tant que Fils de Dieu, agit directement pour ressusciter Lazare, sans interm\u00e9diaire.<\/li>\r\n<\/ul>\r\n<\/li>\r\n<li>\r\n<p><strong>La foi des proches :<\/strong><\/p>\r\n<ul>\r\n<li>La Sunamite montre une foi in\u00e9branlable en allant chercher \u00c9lis\u00e9e et en insistant sur son aide.<\/li>\r\n<li>Marthe et Marie sont appel\u00e9es \u00e0 renouveler leur foi en J\u00e9sus malgr\u00e9 leur deuil, en croyant qu\u2019il peut encore intervenir.<\/li>\r\n<\/ul>\r\n<\/li>\r\n<li>\r\n<p><strong>Le contexte de douleur et d\u2019espoir :<\/strong><\/p>\r\n<ul>\r\n<li>Dans les deux r\u00e9cits, les proches des d\u00e9funts expriment leur douleur, mais aussi leur esp\u00e9rance en l\u2019intervention divine.<\/li>\r\n<li>Ces histoires soulignent que la foi en Dieu peut transformer la d\u00e9solation en joie.<\/li>\r\n<\/ul>\r\n<\/li>\r\n<li>\r\n<p><strong>La r\u00e9v\u00e9lation de Dieu :<\/strong><\/p>\r\n<ul>\r\n<li>Dans <strong>2 Rois 4<\/strong>, la r\u00e9surrection confirme \u00c9lis\u00e9e comme homme de Dieu.<\/li>\r\n<li>Dans <strong>Jean 11<\/strong>, la r\u00e9surrection de Lazare r\u00e9v\u00e8le la divinit\u00e9 de J\u00e9sus et invite les t\u00e9moins \u00e0 croire.<\/li>\r\n<\/ul>\r\n<\/li>\r\n<\/ol>\r\n<hr \/>\r\n<h3><strong>Diff\u00e9rences principales<\/strong><\/h3>\r\n<ol>\r\n<li>\r\n<p><strong>L\u2019identit\u00e9 de l\u2019intervenant :<\/strong><\/p>\r\n<ul>\r\n<li>\u00c9lis\u00e9e agit comme un proph\u00e8te et interm\u00e9diaire de Dieu.<\/li>\r\n<li>J\u00e9sus agit comme le Fils de Dieu, avec une autorit\u00e9 directe sur la vie et la mort.<\/li>\r\n<\/ul>\r\n<\/li>\r\n<li>\r\n<p><strong>La port\u00e9e du miracle :<\/strong><\/p>\r\n<ul>\r\n<li>La r\u00e9surrection du fils de la Sunamite est un \u00e9v\u00e9nement priv\u00e9, principalement pour la famille.<\/li>\r\n<li>La r\u00e9surrection de Lazare est publique, destin\u00e9e \u00e0 manifester la gloire de J\u00e9sus \u00e0 un large groupe de t\u00e9moins.<\/li>\r\n<\/ul>\r\n<\/li>\r\n<li>\r\n<p><strong>Le message th\u00e9ologique :<\/strong><\/p>\r\n<ul>\r\n<li><strong>2 Rois 4<\/strong> met l\u2019accent sur l\u2019intercession du proph\u00e8te et la fid\u00e9lit\u00e9 de Dieu \u00e0 ses promesses.<\/li>\r\n<li><strong>Jean 11<\/strong> souligne que J\u00e9sus est la source de la r\u00e9surrection et de la vie \u00e9ternelle, r\u00e9v\u00e9lant une th\u00e9ologie christocentrique.<\/li>\r\n<\/ul>\r\n<\/li>\r\n<\/ol>\r\n<hr \/>\r\n<h3><strong>Conclusion<\/strong><\/h3>\r\n<p>Les r\u00e9cits de <strong>2 Rois 4,32-38<\/strong> et de <strong>Jean 11,1-45<\/strong> montrent tous deux que Dieu est le ma\u00eetre de la vie et de la mort. Dans le premier cas, \u00c9lis\u00e9e interc\u00e8de pour manifester la puissance de Dieu, renfor\u00e7ant la foi personnelle de la Sunamite. Dans le second, J\u00e9sus agit directement pour ressusciter Lazare, r\u00e9v\u00e9lant pleinement sa nature divine et son r\u00f4le de sauveur. Les deux r\u00e9cits invitent \u00e0 une foi profonde en Dieu, qui peut transformer la mort en vie et le d\u00e9sespoir en esp\u00e9rance.<\/p>\r\n<\/div>\r\n<\/div>\r\n<\/div>\r\n<\/div>\r\n<div class=\"mb-2 flex gap-3 empty:hidden -ml-2\">\r\n<div class=\"items-center justify-start rounded-xl p-1 flex\">\r\n<div class=\"flex items-center\">\u00a0<\/div>\r\n<\/div>\r\n<\/div>\r\n","protected":false},"excerpt":{"rendered":"<p>B14. R\u00e9veil (r\u00e9surrection) de Lazare \/\u00a0 Interpr\u00e9tation Les liens entre Jean 11,1-45 et 1 Rois 17,17-24 Le proph\u00e8te Elie monte le fils de la veuve de Sarepta dans sa chambre, et il prie \u00ab\u00a0Seigneur, mon Dieu, je t\u2019en supplie, rends<\/p>\n","protected":false},"author":1,"featured_media":0,"parent":68,"menu_order":5,"comment_status":"closed","ping_status":"closed","template":"","meta":{"footnotes":""},"_links":{"self":[{"href":"http:\/\/image-bible.ch\/index.php?rest_route=\/wp\/v2\/pages\/915"}],"collection":[{"href":"http:\/\/image-bible.ch\/index.php?rest_route=\/wp\/v2\/pages"}],"about":[{"href":"http:\/\/image-bible.ch\/index.php?rest_route=\/wp\/v2\/types\/page"}],"author":[{"embeddable":true,"href":"http:\/\/image-bible.ch\/index.php?rest_route=\/wp\/v2\/users\/1"}],"replies":[{"embeddable":true,"href":"http:\/\/image-bible.ch\/index.php?rest_route=%2Fwp%2Fv2%2Fcomments&post=915"}],"version-history":[{"count":7,"href":"http:\/\/image-bible.ch\/index.php?rest_route=\/wp\/v2\/pages\/915\/revisions"}],"predecessor-version":[{"id":9518,"href":"http:\/\/image-bible.ch\/index.php?rest_route=\/wp\/v2\/pages\/915\/revisions\/9518"}],"up":[{"embeddable":true,"href":"http:\/\/image-bible.ch\/index.php?rest_route=\/wp\/v2\/pages\/68"}],"wp:attachment":[{"href":"http:\/\/image-bible.ch\/index.php?rest_route=%2Fwp%2Fv2%2Fmedia&parent=915"}],"curies":[{"name":"wp","href":"https:\/\/api.w.org\/{rel}","templated":true}]}}