{"id":974,"date":"2021-03-05T16:52:35","date_gmt":"2021-03-05T15:52:35","guid":{"rendered":"http:\/\/image-bible.ch\/?page_id=974"},"modified":"2024-11-05T17:21:59","modified_gmt":"2024-11-05T16:21:59","slug":"b16-2-images","status":"publish","type":"page","link":"http:\/\/image-bible.ch\/?page_id=974","title":{"rendered":"B16.2 \/ Images"},"content":{"rendered":"\r\n<p style=\"text-align: center;\"><span style=\"font-size: 14pt; font-family: 'comic sans ms', sans-serif;\">B16. Les vendeurs chass\u00e9s du temple \/\u00a0 Images<\/span><\/p>\r\n<p><img loading=\"lazy\" decoding=\"async\" class=\"alignnone  wp-image-6803\" src=\"http:\/\/image-bible.ch\/wp-content\/uploads\/16a_Vendeurs-chasses-temple_Mt17-199x300.jpg\" alt=\"\" width=\"596\" height=\"898\" srcset=\"http:\/\/image-bible.ch\/wp-content\/uploads\/16a_Vendeurs-chasses-temple_Mt17-199x300.jpg 199w, http:\/\/image-bible.ch\/wp-content\/uploads\/16a_Vendeurs-chasses-temple_Mt17-768x1159.jpg 768w\" sizes=\"(max-width: 596px) 100vw, 596px\" \/><\/p>\r\n<p><em>Les vendeurs du Temple chass\u00e9 par J\u00e9sus<\/em><\/p>\r\n<p><img loading=\"lazy\" decoding=\"async\" class=\"alignnone  wp-image-9006\" src=\"http:\/\/image-bible.ch\/wp-content\/uploads\/12a_Reconstuction-Temple-Jerusalem_-Esd-6-1-5-225x300.jpg\" alt=\"\" width=\"596\" height=\"795\" srcset=\"http:\/\/image-bible.ch\/wp-content\/uploads\/12a_Reconstuction-Temple-Jerusalem_-Esd-6-1-5-225x300.jpg 225w, http:\/\/image-bible.ch\/wp-content\/uploads\/12a_Reconstuction-Temple-Jerusalem_-Esd-6-1-5-768x1024.jpg 768w, http:\/\/image-bible.ch\/wp-content\/uploads\/12a_Reconstuction-Temple-Jerusalem_-Esd-6-1-5-1152x1536.jpg 1152w, http:\/\/image-bible.ch\/wp-content\/uploads\/12a_Reconstuction-Temple-Jerusalem_-Esd-6-1-5.jpg 1403w\" sizes=\"(max-width: 596px) 100vw, 596px\" \/><\/p>\r\n<p><em>La reconstruction du Temple<\/em><\/p>\r\n<p><img loading=\"lazy\" decoding=\"async\" class=\"alignnone  wp-image-9007\" src=\"http:\/\/image-bible.ch\/wp-content\/uploads\/12b_Purification-Temple-par-Maccabes_Ma-4-36-60-225x300.jpg\" alt=\"\" width=\"597\" height=\"796\" srcset=\"http:\/\/image-bible.ch\/wp-content\/uploads\/12b_Purification-Temple-par-Maccabes_Ma-4-36-60-225x300.jpg 225w, http:\/\/image-bible.ch\/wp-content\/uploads\/12b_Purification-Temple-par-Maccabes_Ma-4-36-60-769x1024.jpg 769w, http:\/\/image-bible.ch\/wp-content\/uploads\/12b_Purification-Temple-par-Maccabes_Ma-4-36-60-768x1023.jpg 768w, http:\/\/image-bible.ch\/wp-content\/uploads\/12b_Purification-Temple-par-Maccabes_Ma-4-36-60-1153x1536.jpg 1153w, http:\/\/image-bible.ch\/wp-content\/uploads\/12b_Purification-Temple-par-Maccabes_Ma-4-36-60.jpg 1514w\" sizes=\"(max-width: 597px) 100vw, 597px\" \/><\/p>\r\n<p><em>Purification du Temple par les Maccab\u00e9es.<\/em><\/p>\r\n<p>&nbsp;<\/p>\r\n","protected":false},"excerpt":{"rendered":"<p>B16. Les vendeurs chass\u00e9s du temple \/\u00a0 Images Les vendeurs du Temple chass\u00e9 par J\u00e9sus La reconstruction du Temple Purification du Temple par les Maccab\u00e9es. &nbsp;<\/p>\n","protected":false},"author":1,"featured_media":0,"parent":72,"menu_order":2,"comment_status":"closed","ping_status":"closed","template":"","meta":{"footnotes":""},"_links":{"self":[{"href":"http:\/\/image-bible.ch\/index.php?rest_route=\/wp\/v2\/pages\/974"}],"collection":[{"href":"http:\/\/image-bible.ch\/index.php?rest_route=\/wp\/v2\/pages"}],"about":[{"href":"http:\/\/image-bible.ch\/index.php?rest_route=\/wp\/v2\/types\/page"}],"author":[{"embeddable":true,"href":"http:\/\/image-bible.ch\/index.php?rest_route=\/wp\/v2\/users\/1"}],"replies":[{"embeddable":true,"href":"http:\/\/image-bible.ch\/index.php?rest_route=%2Fwp%2Fv2%2Fcomments&post=974"}],"version-history":[{"count":5,"href":"http:\/\/image-bible.ch\/index.php?rest_route=\/wp\/v2\/pages\/974\/revisions"}],"predecessor-version":[{"id":9008,"href":"http:\/\/image-bible.ch\/index.php?rest_route=\/wp\/v2\/pages\/974\/revisions\/9008"}],"up":[{"embeddable":true,"href":"http:\/\/image-bible.ch\/index.php?rest_route=\/wp\/v2\/pages\/72"}],"wp:attachment":[{"href":"http:\/\/image-bible.ch\/index.php?rest_route=%2Fwp%2Fv2%2Fmedia&parent=974"}],"curies":[{"name":"wp","href":"https:\/\/api.w.org\/{rel}","templated":true}]}}