{"id":976,"date":"2021-03-05T16:53:00","date_gmt":"2021-03-05T15:53:00","guid":{"rendered":"http:\/\/image-bible.ch\/?page_id=976"},"modified":"2024-11-05T17:24:52","modified_gmt":"2024-11-05T16:24:52","slug":"b16-3-bible-nouveau-testament","status":"publish","type":"page","link":"http:\/\/image-bible.ch\/?page_id=976","title":{"rendered":"B16.3 \/ Bible Nouveau-Testament"},"content":{"rendered":"\r\n<p style=\"text-align: center;\"><span style=\"font-size: 14pt; font-family: 'comic sans ms', sans-serif;\">B16. Les vendeurs chass\u00e9s du temple \/\u00a0 Bible Nouveau-Testament<\/span><\/p>\r\n<p><img loading=\"lazy\" decoding=\"async\" class=\"alignnone size-medium wp-image-5589\" src=\"http:\/\/image-bible.ch\/wp-content\/uploads\/2021\/05\/16.-Les-vendeurs-chasses-du-Temple-C-194x300.jpg\" alt=\"\" width=\"194\" height=\"300\" srcset=\"http:\/\/image-bible.ch\/wp-content\/uploads\/2021\/05\/16.-Les-vendeurs-chasses-du-Temple-C-194x300.jpg 194w, http:\/\/image-bible.ch\/wp-content\/uploads\/2021\/05\/16.-Les-vendeurs-chasses-du-Temple-C.jpg 330w\" sizes=\"(max-width: 194px) 100vw, 194px\" \/><\/p>\r\n<p><span style=\"color: #0000ff;\">Mt 21,12-13 :<\/span><\/p>\r\n<p><span style=\"color: #0000ff;\"><sup>12<\/sup><\/span> <strong>J\u00e9sus<\/strong> entra dans<span style=\"color: #008000;\"> le Temple<\/span>, et il <strong><span style=\"color: #ff0000;\">expulsa<\/span><\/strong> tous ceux qui <em>vendaient et achetaient<\/em> dans<span style=\"color: #008000;\"> le Temple<\/span> ; il <em>renversa les comptoirs<\/em> des<strong> changeurs<\/strong> et <em>les si\u00e8ges<\/em> des <strong>marchands de colombes<\/strong>.<\/p>\r\n<p><span style=\"color: #0000ff;\"><sup>13<\/sup><\/span> Il leur dit : \u00ab Il est <em>\u00e9crit<\/em> : Ma maison sera appel\u00e9e <strong><span style=\"color: #ff0000;\">maison de pri\u00e8re<\/span><\/strong>. Or vous, vous en faites <em>une caverne de bandits<\/em>. \u00bb<\/p>\r\n<p><span style=\"color: #993300;\"><strong>Vocabulaire :<\/strong><\/span><\/p>\r\n<p>&nbsp;<\/p>\r\n<p><span style=\"color: #0000ff;\"><strong>Questions :<\/strong><\/span><\/p>\r\n<p>&nbsp;<\/p>\r\n<h4>Commentaire :<\/h4>\r\n<table>\r\n<tbody>\r\n<tr>\r\n<td>\r\n<p>J\u00e9sus rappelle la fonction premi\u00e8re du Temple\u00a0: lieu de la rencontre de Dieu, et de la pri\u00e8re. Le Temple est le c\u0153ur du peuple Juif\u00a0: le grand lieu de la pri\u00e8re, des sacrifices et des grandes f\u00eates liturgiques. Les disciples s&rsquo;extasient devant son architecture imposante\u00a0: <em>\u00ab<\/em><em>\u00a0Ma\u00eetre, regarde\u00a0: quelles pierres, quelles constructions\u00a0!<\/em><em>\u00a0\u00bb<\/em> (Mc 13,1).<\/p>\r\n<p>Cet \u00e9pisode de la vie de J\u00e9sus s&rsquo;est s\u00fbrement pass\u00e9 quelques jours avant sa mort, \u00e0 la fin de son minist\u00e8re public, comme le rapporte les trois premiers \u00c9vangiles (Mt, Mc, et Lc). Lorsque J\u00e9sus se met en col\u00e8re dans le Temple \u00e0 J\u00e9rusalem, c\u2019est contre un syst\u00e8me religieux, mais aussi contre un syst\u00e8me \u00e9conomique qui affaiblit davantage les pauvres.<\/p>\r\n<\/td>\r\n<\/tr>\r\n<\/tbody>\r\n<\/table>\r\n<p>Est-ce le commerce qui est vis\u00e9\u00a0? Non, mais plut\u00f4t la mani\u00e8re de rendre un culte \u00e0 Dieu. \u00ab\u00a0Je t\u2019offre un b\u0153uf donc tu me dois ce que je te demande.\u00a0\u00bb Le culte devient un trafic o\u00f9 je pense avoir prise sur Dieu. Symboliquement, J\u00e9sus d\u00e9clare ainsi la fin des rites sacrificiels. Ceux-ci seront remplac\u00e9s par l\u2019offrande que J\u00e9sus fait de sa vie. C\u2019est bien ainsi que le comprendront les disciples apr\u00e8s la mort de J\u00e9sus, comme en t\u00e9moigne la citation d\u2019un psaume tr\u00e8s utilis\u00e9 dans le r\u00e9cit de la Passion\u00a0: \u00ab\u00a0Le z\u00e8le de ta maison me d\u00e9vorera\u00a0\u00bb (Ps 68,10).<\/p>\r\n<p>&nbsp;<\/p>\r\n","protected":false},"excerpt":{"rendered":"<p>B16. Les vendeurs chass\u00e9s du temple \/\u00a0 Bible Nouveau-Testament Mt 21,12-13 : 12 J\u00e9sus entra dans le Temple, et il expulsa tous ceux qui vendaient et achetaient dans le Temple ; il renversa les comptoirs des changeurs et les si\u00e8ges<\/p>\n","protected":false},"author":1,"featured_media":0,"parent":72,"menu_order":3,"comment_status":"closed","ping_status":"closed","template":"","meta":{"footnotes":""},"_links":{"self":[{"href":"http:\/\/image-bible.ch\/index.php?rest_route=\/wp\/v2\/pages\/976"}],"collection":[{"href":"http:\/\/image-bible.ch\/index.php?rest_route=\/wp\/v2\/pages"}],"about":[{"href":"http:\/\/image-bible.ch\/index.php?rest_route=\/wp\/v2\/types\/page"}],"author":[{"embeddable":true,"href":"http:\/\/image-bible.ch\/index.php?rest_route=\/wp\/v2\/users\/1"}],"replies":[{"embeddable":true,"href":"http:\/\/image-bible.ch\/index.php?rest_route=%2Fwp%2Fv2%2Fcomments&post=976"}],"version-history":[{"count":7,"href":"http:\/\/image-bible.ch\/index.php?rest_route=\/wp\/v2\/pages\/976\/revisions"}],"predecessor-version":[{"id":9009,"href":"http:\/\/image-bible.ch\/index.php?rest_route=\/wp\/v2\/pages\/976\/revisions\/9009"}],"up":[{"embeddable":true,"href":"http:\/\/image-bible.ch\/index.php?rest_route=\/wp\/v2\/pages\/72"}],"wp:attachment":[{"href":"http:\/\/image-bible.ch\/index.php?rest_route=%2Fwp%2Fv2%2Fmedia&parent=976"}],"curies":[{"name":"wp","href":"https:\/\/api.w.org\/{rel}","templated":true}]}}