{"id":980,"date":"2021-03-05T16:53:51","date_gmt":"2021-03-05T15:53:51","guid":{"rendered":"http:\/\/image-bible.ch\/?page_id=980"},"modified":"2024-11-19T12:28:52","modified_gmt":"2024-11-19T11:28:52","slug":"b16-5-interpretation","status":"publish","type":"page","link":"http:\/\/image-bible.ch\/?page_id=980","title":{"rendered":"B16.5 \/ Interpr\u00e9tation"},"content":{"rendered":"\r\n<p style=\"text-align: center;\"><span style=\"font-size: 14pt; font-family: 'comic sans ms', sans-serif;\">B16. Les vendeurs chass\u00e9s du temple \/\u00a0 Interpr\u00e9tation<\/span><\/p>\r\n<h3><strong>Les liens entre Esdras 6,1-5 et Matthieu 21,12-13<\/strong><\/h3>\r\n<p style=\"text-align: justify;\">Comme le roi Darius ordonna au scribe Esdras de retourner \u00e0 J\u00e9rusalem pour purifier et reconstruire le Temple. Ainsi le Christ a renvoy\u00e9 du temple du Seigneur les vendeurs et acheteurs et purifie le temple de tous les fraudeurs. Car il faut comprendre que le Temple est un lieu de pri\u00e8re et non de trafic.<\/p>\r\n<p>Le lien entre <strong>Esdras 6,1-5<\/strong> (la restauration du Temple apr\u00e8s l\u2019exil) et <strong>Matthieu 21,12-13<\/strong> (la purification du Temple par J\u00e9sus) repose sur l\u2019importance du Temple comme lieu de la pr\u00e9sence de Dieu et sur la d\u00e9fense de sa saintet\u00e9. Ces deux passages soulignent un engagement \u00e0 pr\u00e9server le Temple pour sa v\u00e9ritable vocation : un lieu consacr\u00e9 \u00e0 Dieu, et non d\u00e9tourn\u00e9 de sa finalit\u00e9.<\/p>\r\n<div class=\"flex max-w-full flex-col flex-grow\">\r\n<div class=\"min-h-8 text-message flex w-full flex-col items-end gap-2 whitespace-normal break-words [.text-message+&amp;]:mt-5\" dir=\"auto\" data-message-author-role=\"assistant\" data-message-id=\"7be5afea-0f0b-4473-a928-ee89791f9b5e\" data-message-model-slug=\"gpt-4o\">\r\n<div class=\"flex w-full flex-col gap-1 empty:hidden first:pt-[3px]\">\r\n<div class=\"markdown prose w-full break-words dark:prose-invert light\"><br \/>\r\n<ol>\r\n<li>\r\n<p><strong>L\u2019importance du Temple comme lieu sacr\u00e9 :<\/strong><\/p>\r\n<ul>\r\n<li>Dans Esdras, la restauration du Temple vise \u00e0 en faire de nouveau un lieu de culte digne de Dieu.<\/li>\r\n<li>Dans Matthieu, J\u00e9sus d\u00e9fend cette vocation sacr\u00e9e du Temple en d\u00e9non\u00e7ant les pratiques qui le profanent.<\/li>\r\n<\/ul>\r\n<\/li>\r\n<li>\r\n<p><strong>Une action pour restaurer l\u2019int\u00e9grit\u00e9 du Temple :<\/strong><\/p>\r\n<ul>\r\n<li>Esdras t\u00e9moigne de l\u2019effort collectif, sous l\u2019autorit\u00e9 de Darius, pour restaurer physiquement le Temple et reprendre le culte.<\/li>\r\n<li>J\u00e9sus, quant \u00e0 lui, restaure spirituellement le Temple en en chassant les abus et en rappelant sa v\u00e9ritable fonction.<\/li>\r\n<\/ul>\r\n<\/li>\r\n<li>\r\n<p><strong>La fid\u00e9lit\u00e9 \u00e0 Dieu et au culte :<\/strong><\/p>\r\n<ul>\r\n<li>Esdras montre que le Temple est au c\u0153ur de la relation entre Dieu et son peuple, symbolis\u00e9 par les sacrifices.<\/li>\r\n<li>J\u00e9sus insiste sur la n\u00e9cessit\u00e9 de prier et d\u2019adorer Dieu dans un lieu qui lui est consacr\u00e9, sans compromission.<\/li>\r\n<\/ul>\r\n<\/li>\r\n<li>\r\n<p><strong>L\u2019intervention divine par des figures humaines :<\/strong><\/p>\r\n<ul>\r\n<li>Dans Esdras, Dieu agit \u00e0 travers un roi pa\u00efen (Darius) pour accomplir son projet.<\/li>\r\n<li>Dans Matthieu, J\u00e9sus, le Fils de Dieu, agit directement pour d\u00e9fendre la saintet\u00e9 du Temple.<\/li>\r\n<\/ul>\r\n<\/li>\r\n<\/ol>\r\n<hr \/>\r\n<h3><strong>Les diff\u00e9rences :<\/strong><\/h3>\r\n<ul>\r\n<li><strong>Contexte historique :<\/strong>\r\n<ul>\r\n<li>Esdras se situe dans un moment de reconstruction nationale et religieuse apr\u00e8s l\u2019exil, dans un esprit de retour \u00e0 Dieu.<\/li>\r\n<li>Matthieu d\u00e9crit un moment de confrontation et de jugement spirituel contre les pratiques corrompues du juda\u00efsme de l\u2019\u00e9poque.<\/li>\r\n<\/ul>\r\n<\/li>\r\n<li><strong>Nature de l\u2019intervention :<\/strong>\r\n<ul>\r\n<li>Dans Esdras, l\u2019intervention est administrative et politique (un d\u00e9cret royal).<\/li>\r\n<li>Dans Matthieu, l\u2019intervention est proph\u00e9tique et radicale (un acte direct de J\u00e9sus).<\/li>\r\n<\/ul>\r\n<\/li>\r\n<\/ul>\r\n<hr \/>\r\n<h3><strong>Conclusion<\/strong><\/h3>\r\n<p>Les deux passages mettent en lumi\u00e8re la centralit\u00e9 du Temple comme lieu de rencontre entre Dieu et son peuple, mais aussi la n\u00e9cessit\u00e9 de le prot\u00e9ger contre toute forme de profanation. Tandis que <strong>Esdras 6,1-5<\/strong> illustre une restauration physique et cultuelle du Temple apr\u00e8s une p\u00e9riode de destruction, <strong>Matthieu 21,12-13<\/strong> montre une restauration spirituelle, accomplie par J\u00e9sus, pour rappeler sa vocation essentielle : \u00eatre une maison de pri\u00e8re, consacr\u00e9e exclusivement \u00e0 Dieu. Ces textes t\u00e9moignent de l\u2019importance de la saintet\u00e9 du Temple dans le projet de salut de Dieu.<\/p>\r\n<\/div>\r\n<\/div>\r\n<\/div>\r\n<\/div>\r\n<h3><strong>Les liens entre 1 Maccab\u00e9es 4,36-60 et Matthieu 21,12-13<\/strong><\/h3>\r\n<p style=\"text-align: justify;\">Comme Judas Maccab\u00e9es ordonna au peuple de purifier et sanctifier le temple de tous les fraudeurs, car contre la loi il fut souill\u00e9. Ainsi le Christ, qui avec un fouet chasse du temple les vendeurs et acheteurs avec les mots : \u00ab ne faites pas de la maison de mon p\u00e8re une maison de trafic \u00bb.<\/p>\r\n<p>Le lien entre <strong>1 Maccab\u00e9es 4,36-60<\/strong> (la purification et la d\u00e9dicace du Temple par Judas Maccab\u00e9e) et <strong>Matthieu 21,12-13<\/strong> (la purification du Temple par J\u00e9sus) r\u00e9side dans le th\u00e8me commun de la restauration de la saintet\u00e9 du Temple. Ces deux passages illustrent un souci de pr\u00e9server le Temple comme un lieu consacr\u00e9 \u00e0 Dieu, en le purifiant des profanations et en r\u00e9tablissant son r\u00f4le central dans le culte divin.<\/p>\r\n<ol>\r\n<li>\r\n<p><strong>La purification du Temple :<\/strong><\/p>\r\n<ul>\r\n<li>Dans 1 Maccab\u00e9es, le Temple est physiquement purifi\u00e9 des objets impurs et reconstruit apr\u00e8s des profanations pa\u00efennes.<\/li>\r\n<li>Dans Matthieu, J\u00e9sus agit pour purifier spirituellement le Temple des abus \u00e9conomiques et religieux.<\/li>\r\n<\/ul>\r\n<\/li>\r\n<li>\r\n<p><strong>La restauration de la vocation du Temple :<\/strong><\/p>\r\n<ul>\r\n<li>Judas Maccab\u00e9e restaure le Temple pour qu\u2019il redevienne un lieu de culte selon la Loi mosa\u00efque.<\/li>\r\n<li>J\u00e9sus rappelle que le Temple est avant tout une maison de pri\u00e8re, en conformit\u00e9 avec la volont\u00e9 de Dieu.<\/li>\r\n<\/ul>\r\n<\/li>\r\n<li>\r\n<p><strong>L\u2019opposition \u00e0 la profanation :<\/strong><\/p>\r\n<ul>\r\n<li>Les Maccab\u00e9es s\u2019opposent \u00e0 l\u2019imposition de pratiques pa\u00efennes et idol\u00e2tres dans le Temple.<\/li>\r\n<li>J\u00e9sus s\u2019oppose \u00e0 la transformation du Temple en un lieu de commerce et d\u2019exploitation.<\/li>\r\n<\/ul>\r\n<\/li>\r\n<li>\r\n<p><strong>Un acte d\u2019autorit\u00e9 religieuse :<\/strong><\/p>\r\n<ul>\r\n<li>Judas Maccab\u00e9e agit comme un chef spirituel et militaire pour d\u00e9fendre la foi juive.<\/li>\r\n<li>J\u00e9sus agit comme le Messie, avec une autorit\u00e9 proph\u00e9tique et divine, pour d\u00e9fendre la puret\u00e9 du Temple.<\/li>\r\n<\/ul>\r\n<\/li>\r\n<li>\r\n<p><strong>Un appel au v\u00e9ritable culte :<\/strong><\/p>\r\n<ul>\r\n<li>Dans 1 Maccab\u00e9es, le culte est restaur\u00e9 avec des sacrifices en conformit\u00e9 avec la Loi.<\/li>\r\n<li>Dans Matthieu, J\u00e9sus appelle \u00e0 une relation avec Dieu fond\u00e9e sur la pri\u00e8re et l\u2019int\u00e9grit\u00e9 spirituelle.<\/li>\r\n<\/ul>\r\n<\/li>\r\n<\/ol>\r\n<hr \/>\r\n<h3><strong>Les diff\u00e9rences :<\/strong><\/h3>\r\n<ul>\r\n<li>\r\n<p><strong>Contexte historique :<\/strong><\/p>\r\n<ul>\r\n<li>1 Maccab\u00e9es se situe dans un contexte de lutte nationale et religieuse contre l\u2019hell\u00e9nisation impos\u00e9e par les Grecs.<\/li>\r\n<li>Matthieu d\u00e9crit un moment o\u00f9 J\u00e9sus critique les pratiques corrompues \u00e0 l\u2019int\u00e9rieur m\u00eame du juda\u00efsme.<\/li>\r\n<\/ul>\r\n<\/li>\r\n<li>\r\n<p><strong>Nature de la profanation :<\/strong><\/p>\r\n<ul>\r\n<li>Dans 1 Maccab\u00e9es, la profanation est externe (influence pa\u00efenne).<\/li>\r\n<li>Dans Matthieu, la profanation est interne (abus des autorit\u00e9s religieuses et des marchands).<\/li>\r\n<\/ul>\r\n<\/li>\r\n<li>\r\n<p><strong>Approche de la purification :<\/strong><\/p>\r\n<ul>\r\n<li>Judas Maccab\u00e9e agit collectivement avec son peuple pour restaurer le Temple.<\/li>\r\n<li>J\u00e9sus agit seul, en tant que figure messianique, pour d\u00e9noncer la corruption.<\/li>\r\n<\/ul>\r\n<\/li>\r\n<\/ul>\r\n<hr \/>\r\n<h3><strong>Conclusion<\/strong><\/h3>\r\n<p>Les deux passages mettent en \u00e9vidence le Temple comme lieu central de la rencontre entre Dieu et son peuple. <strong>1 Maccab\u00e9es 4,36-60<\/strong> illustre une restauration mat\u00e9rielle et cultuelle apr\u00e8s une profanation pa\u00efenne, tandis que <strong>Matthieu 21,12-13<\/strong> souligne une purification spirituelle n\u00e9cessaire face \u00e0 une corruption interne. Dans les deux cas, la volont\u00e9 de pr\u00e9server la saintet\u00e9 du Temple refl\u00e8te le d\u00e9sir de fid\u00e9lit\u00e9 \u00e0 Dieu et \u00e0 sa vocation pour le lieu saint.<\/p>\r\n","protected":false},"excerpt":{"rendered":"<p>B16. Les vendeurs chass\u00e9s du temple \/\u00a0 Interpr\u00e9tation Les liens entre Esdras 6,1-5 et Matthieu 21,12-13 Comme le roi Darius ordonna au scribe Esdras de retourner \u00e0 J\u00e9rusalem pour purifier et reconstruire le Temple. Ainsi le Christ a renvoy\u00e9 du<\/p>\n","protected":false},"author":1,"featured_media":0,"parent":72,"menu_order":5,"comment_status":"closed","ping_status":"closed","template":"","meta":{"footnotes":""},"_links":{"self":[{"href":"http:\/\/image-bible.ch\/index.php?rest_route=\/wp\/v2\/pages\/980"}],"collection":[{"href":"http:\/\/image-bible.ch\/index.php?rest_route=\/wp\/v2\/pages"}],"about":[{"href":"http:\/\/image-bible.ch\/index.php?rest_route=\/wp\/v2\/types\/page"}],"author":[{"embeddable":true,"href":"http:\/\/image-bible.ch\/index.php?rest_route=\/wp\/v2\/users\/1"}],"replies":[{"embeddable":true,"href":"http:\/\/image-bible.ch\/index.php?rest_route=%2Fwp%2Fv2%2Fcomments&post=980"}],"version-history":[{"count":7,"href":"http:\/\/image-bible.ch\/index.php?rest_route=\/wp\/v2\/pages\/980\/revisions"}],"predecessor-version":[{"id":9516,"href":"http:\/\/image-bible.ch\/index.php?rest_route=\/wp\/v2\/pages\/980\/revisions\/9516"}],"up":[{"embeddable":true,"href":"http:\/\/image-bible.ch\/index.php?rest_route=\/wp\/v2\/pages\/72"}],"wp:attachment":[{"href":"http:\/\/image-bible.ch\/index.php?rest_route=%2Fwp%2Fv2%2Fmedia&parent=980"}],"curies":[{"name":"wp","href":"https:\/\/api.w.org\/{rel}","templated":true}]}}