{"id":109,"date":"2021-03-01T16:35:51","date_gmt":"2021-03-01T15:35:51","guid":{"rendered":"http:\/\/image-bible.ch\/?page_id=109"},"modified":"2024-08-20T14:48:51","modified_gmt":"2024-08-20T12:48:51","slug":"lavement-des-pieds","status":"publish","type":"page","link":"https:\/\/image-bible.ch\/?page_id=109","title":{"rendered":"C19. Le fils prodigue"},"content":{"rendered":"<p style=\"text-align: center;\"><span style=\"font-size: 14pt; font-family: 'comic sans ms', sans-serif;\">C19 &#8211; Parabole : le fils prodigue<\/span><\/p>\n<p><span style=\"font-family: 'comic sans ms', sans-serif;\">| <a href=\"http:\/\/image-bible.ch\/?page_id=1072\" target=\"_blank\" rel=\"noreferrer noopener\">La Bible des Pauvres<\/a> | <a href=\"http:\/\/image-bible.ch\/?page_id=1074\" target=\"_blank\" rel=\"noopener\"> Images<\/a> | <a href=\"http:\/\/image-bible.ch\/?page_id=1076\" target=\"_blank\" rel=\"noreferrer noopener\">Nouveau-Testament<\/a> | <a href=\"http:\/\/image-bible.ch\/?page_id=1078\" target=\"_blank\" rel=\"noreferrer noopener\">Ancien-Testament<\/a> | <a href=\"http:\/\/image-bible.ch\/?page_id=1080\" target=\"_blank\" rel=\"noreferrer noopener\">Interpr\u00e9tation<\/a> | <a href=\"http:\/\/image-bible.ch\/?page_id=1082\" target=\"_blank\" rel=\"noreferrer noopener\">Ic\u00f4ne<\/a> | <a href=\"http:\/\/image-bible.ch\/?page_id=1084\" target=\"_blank\" rel=\"noreferrer noopener\">F\u00eate juive et chr\u00e9tienne<\/a> | <a href=\"http:\/\/image-bible.ch\/?page_id=1086\" target=\"_blank\" rel=\"noreferrer noopener\">KT enfants<\/a> | <a href=\"http:\/\/image-bible.ch\/?page_id=1088\" target=\"_blank\" rel=\"noreferrer noopener\">Jeunes<\/a> | <a href=\"http:\/\/image-bible.ch\/?page_id=1090\" target=\"_blank\" rel=\"noreferrer noopener\">Divers Vid\u00e9o &#8211; R\u00e9f\u00e9rences<\/a> |<\/span><\/p>\n<hr \/>\n<p style=\"text-align: center;\"><strong><span style=\"font-family: 'book antiqua', palatino, serif;\">Page de pr\u00e9sentation<\/span><\/strong><\/p>\n<p class=\"Normallivre\"><i>Le message de cette parabole porte sur l\u2019image du P\u00e8re. Elle r\u00e9v\u00e8le un P\u00e8re plein de tendresse, de pardon et de mis\u00e9ricorde. Nous, comme les deux fils, nous devons d\u00e9couvrir le vrai visage du P\u00e8re, que nous r\u00e9v\u00e8le la vie du Fils\u00a0: J\u00e9sus-Christ.<\/i><\/p>\n<p>Du livre les 40 clefs pour rencontrer J\u00e9sus : <a href=\"http:\/\/image-bible.ch\/wp-content\/uploads\/13.-Parabole-du-Fils-prodigue-Rembrandt.pdf\">13. Parabole du Fils prodigue Rembrandt<\/a><\/p>\n<p><img loading=\"lazy\" decoding=\"async\" class=\"alignnone size-medium wp-image-7243\" src=\"http:\/\/image-bible.ch\/wp-content\/uploads\/Fils-prodigue-Rembrandt-217x300.jpg\" alt=\"\" width=\"217\" height=\"300\" srcset=\"https:\/\/image-bible.ch\/wp-content\/uploads\/Fils-prodigue-Rembrandt-217x300.jpg 217w, https:\/\/image-bible.ch\/wp-content\/uploads\/Fils-prodigue-Rembrandt-742x1024.jpg 742w, https:\/\/image-bible.ch\/wp-content\/uploads\/Fils-prodigue-Rembrandt-768x1061.jpg 768w, https:\/\/image-bible.ch\/wp-content\/uploads\/Fils-prodigue-Rembrandt-1112x1536.jpg 1112w, https:\/\/image-bible.ch\/wp-content\/uploads\/Fils-prodigue-Rembrandt-1483x2048.jpg 1483w, https:\/\/image-bible.ch\/wp-content\/uploads\/Fils-prodigue-Rembrandt.jpg 1777w\" sizes=\"(max-width: 217px) 100vw, 217px\" \/><\/p>\n<p>Fils prodigue Rembrandt<\/p>\n<p>Vitrail du fils prodigue : <a href=\"http:\/\/image-bible.ch\/wp-content\/uploads\/2.-La-parabole-des-2-fils-revelation-du-Pere.pdf\">2. La parabole des 2 fils &#8211; r\u00e9v\u00e9lation du P\u00e8re<\/a><\/p>\n<hr \/>\n<table style=\"border-collapse: collapse; width: 100%; height: 24px;\">\n<tbody>\n<tr style=\"height: 24px;\">\n<td style=\"width: 100%; height: 24px;\"><span style=\"font-size: 10pt;\">C18. <a href=\"http:\/\/image-bible.ch\/?page_id=111\" target=\"_blank\" rel=\"noopener\">Parabole: le riche et Lazare<\/a> \u2013 C19.<a href=\"http:\/\/image-bible.ch\/?page_id=109\" target=\"_blank\" rel=\"noopener\">Le fils prodigue<\/a> \u2013 C20. <a href=\"http:\/\/image-bible.ch\/?page_id=107\" target=\"_blank\" rel=\"noopener\">Parabole du bon samaritain<\/a>\u00a0 \u2013 C21. <a href=\"http:\/\/image-bible.ch\/?page_id=105\" target=\"_blank\" rel=\"noopener\">Parabole de la semence de la Parole<\/a>\u00a0<\/span><\/td>\n<\/tr>\n<\/tbody>\n<\/table>\n","protected":false},"excerpt":{"rendered":"<p>C19 &#8211; Parabole : le fils prodigue | La Bible des Pauvres | Images | Nouveau-Testament | Ancien-Testament | Interpr\u00e9tation | Ic\u00f4ne | F\u00eate juive et chr\u00e9tienne | KT enfants | Jeunes | Divers Vid\u00e9o &#8211; R\u00e9f\u00e9rences | Page de<\/p>\n","protected":false},"author":1,"featured_media":0,"parent":0,"menu_order":0,"comment_status":"closed","ping_status":"closed","template":"","meta":{"footnotes":""},"_links":{"self":[{"href":"https:\/\/image-bible.ch\/index.php?rest_route=\/wp\/v2\/pages\/109"}],"collection":[{"href":"https:\/\/image-bible.ch\/index.php?rest_route=\/wp\/v2\/pages"}],"about":[{"href":"https:\/\/image-bible.ch\/index.php?rest_route=\/wp\/v2\/types\/page"}],"author":[{"embeddable":true,"href":"https:\/\/image-bible.ch\/index.php?rest_route=\/wp\/v2\/users\/1"}],"replies":[{"embeddable":true,"href":"https:\/\/image-bible.ch\/index.php?rest_route=%2Fwp%2Fv2%2Fcomments&post=109"}],"version-history":[{"count":14,"href":"https:\/\/image-bible.ch\/index.php?rest_route=\/wp\/v2\/pages\/109\/revisions"}],"predecessor-version":[{"id":7306,"href":"https:\/\/image-bible.ch\/index.php?rest_route=\/wp\/v2\/pages\/109\/revisions\/7306"}],"wp:attachment":[{"href":"https:\/\/image-bible.ch\/index.php?rest_route=%2Fwp%2Fv2%2Fmedia&parent=109"}],"curies":[{"name":"wp","href":"https:\/\/api.w.org\/{rel}","templated":true}]}}