{"id":1943,"date":"2021-03-15T16:38:07","date_gmt":"2021-03-15T15:38:07","guid":{"rendered":"http:\/\/image-bible.ch\/?page_id=1943"},"modified":"2024-08-21T14:42:35","modified_gmt":"2024-08-21T12:42:35","slug":"resurrection-et-gloire-de-jesus","status":"publish","type":"page","link":"https:\/\/image-bible.ch\/?page_id=1943","title":{"rendered":"G &#8211; R\u00e9surrection et Gloire de J\u00e9sus"},"content":{"rendered":"<table style=\"border-collapse: collapse; width: 100%;\">\n<tbody>\n<tr>\n<td style=\"width: 100%;\"><span style=\"font-size: 10pt;\"><em>G44. <a href=\"http:\/\/image-bible.ch\/?page_id=150\">La R\u00e9surrection<\/a> &#8211; G45. <a href=\"http:\/\/image-bible.ch\/?page_id=148\">Apparition aux femmes au tombeau<\/a> &#8211; G46. <a href=\"http:\/\/image-bible.ch\/?page_id=146\">Apparition \u00e0 Marie-Madeleine<\/a>\u00a0 &#8211; G47. <a href=\"http:\/\/image-bible.ch\/?page_id=144\">Apparition au c\u00e9nacle devant la Vierge et les Ap\u00f4tres<\/a> &#8211; G48. <a href=\"http:\/\/image-bible.ch\/?page_id=142\">Apparition \u00e0 Thomas<\/a> &#8211; G49. <a href=\"http:\/\/image-bible.ch\/?page_id=140\">Ascension<\/a> &#8211; G50. <a href=\"http:\/\/image-bible.ch\/?page_id=137\">Pentec\u00f4te\u00a0<\/a> &#8211; G51. <a href=\"http:\/\/image-bible.ch\/?page_id=134\">Jugement dernier<\/a> &#8211; G52. <a href=\"http:\/\/image-bible.ch\/?page_id=4427\">Assomption de la Vierge Marie<\/a>&#8211; G53. <a href=\"http:\/\/image-bible.ch\/?page_id=132\">Couronnement de la Vierge Marie<\/a><\/em><\/span><\/td>\n<\/tr>\n<\/tbody>\n<\/table>\n<h2 style=\"text-align: center;\"><span style=\"font-family: 'book antiqua', palatino, serif;\"><strong>G &#8211; R\u00e9surrection et Gloire<\/strong><\/span><\/h2>\n<h4 style=\"text-align: center;\"><span style=\"font-family: 'book antiqua', palatino, serif;\">Pr\u00e9sentation<\/span><\/h4>\n<p class=\"Normallivre\"><i>Nous entrons dans le chemin de gloire de J\u00e9sus, il commence par sa r\u00e9surrection et se termine par l\u2019envoi de l\u2019Esprit saint sur les ap\u00f4tres<\/i><\/p>\n<p>&nbsp;<\/p>\n","protected":false},"excerpt":{"rendered":"<p>G44. La R\u00e9surrection &#8211; G45. Apparition aux femmes au tombeau &#8211; G46. Apparition \u00e0 Marie-Madeleine\u00a0 &#8211; G47. Apparition au c\u00e9nacle devant la Vierge et les Ap\u00f4tres &#8211; G48. Apparition \u00e0 Thomas &#8211; G49. Ascension &#8211; G50. Pentec\u00f4te\u00a0 &#8211; G51. Jugement<\/p>\n","protected":false},"author":1,"featured_media":0,"parent":0,"menu_order":0,"comment_status":"closed","ping_status":"closed","template":"","meta":{"footnotes":""},"_links":{"self":[{"href":"https:\/\/image-bible.ch\/index.php?rest_route=\/wp\/v2\/pages\/1943"}],"collection":[{"href":"https:\/\/image-bible.ch\/index.php?rest_route=\/wp\/v2\/pages"}],"about":[{"href":"https:\/\/image-bible.ch\/index.php?rest_route=\/wp\/v2\/types\/page"}],"author":[{"embeddable":true,"href":"https:\/\/image-bible.ch\/index.php?rest_route=\/wp\/v2\/users\/1"}],"replies":[{"embeddable":true,"href":"https:\/\/image-bible.ch\/index.php?rest_route=%2Fwp%2Fv2%2Fcomments&post=1943"}],"version-history":[{"count":13,"href":"https:\/\/image-bible.ch\/index.php?rest_route=\/wp\/v2\/pages\/1943\/revisions"}],"predecessor-version":[{"id":7384,"href":"https:\/\/image-bible.ch\/index.php?rest_route=\/wp\/v2\/pages\/1943\/revisions\/7384"}],"wp:attachment":[{"href":"https:\/\/image-bible.ch\/index.php?rest_route=%2Fwp%2Fv2%2Fmedia&parent=1943"}],"curies":[{"name":"wp","href":"https:\/\/api.w.org\/{rel}","templated":true}]}}