{"id":21,"date":"2021-03-01T09:11:10","date_gmt":"2021-03-01T08:11:10","guid":{"rendered":"http:\/\/image-bible.ch\/?page_id=21"},"modified":"2024-11-20T17:37:51","modified_gmt":"2024-11-20T16:37:51","slug":"1-lannonciation-a-marie","status":"publish","type":"page","link":"https:\/\/image-bible.ch\/?page_id=21","title":{"rendered":"A1 &#8211; L&rsquo;annonciation \u00e0 Marie"},"content":{"rendered":"<p style=\"text-align: center;\"><strong><span style=\"font-family: 'comic sans ms', sans-serif; font-size: 14pt;\">A1 \u2013 L\u2019 annonciation \u00e0 Marie<\/span><\/strong><\/p>\n<p><span style=\"font-family: 'comic sans ms', sans-serif;\">| <a href=\"http:\/\/image-bible.ch\/?page_id=248\" target=\"_blank\" rel=\"noreferrer noopener\">La Bible des Pauvres<\/a> | <a href=\"http:\/\/image-bible.ch\/?page_id=266\" target=\"_blank\" rel=\"noopener noreferrer\"> Images<\/a> | <a href=\"http:\/\/image-bible.ch\/?page_id=268\" target=\"_blank\" rel=\"noreferrer noopener\">Nouveau-Testament<\/a> | <a href=\"http:\/\/image-bible.ch\/?page_id=270\" target=\"_blank\" rel=\"noreferrer noopener\">Ancien-Testament<\/a> | <a href=\"http:\/\/image-bible.ch\/?page_id=272\" target=\"_blank\" rel=\"noreferrer noopener\">Interpr\u00e9tation<\/a> | <a href=\"http:\/\/image-bible.ch\/?page_id=275\" target=\"_blank\" rel=\"noreferrer noopener\">Ic\u00f4ne<\/a> | <a href=\"http:\/\/image-bible.ch\/?page_id=277\" target=\"_blank\" rel=\"noreferrer noopener\">F\u00eate juive et chr\u00e9tienne<\/a> | <a href=\"http:\/\/image-bible.ch\/?page_id=279\" target=\"_blank\" rel=\"noreferrer noopener\">KT enfants<\/a> | <a href=\"http:\/\/image-bible.ch\/?page_id=281\" target=\"_blank\" rel=\"noreferrer noopener\">Jeunes<\/a> | <a href=\"http:\/\/image-bible.ch\/?page_id=285\" target=\"_blank\" rel=\"noreferrer noopener\">Divers Vid\u00e9o &#8211; R\u00e9f\u00e9rences<\/a> |<\/span><\/p>\n<hr \/>\n<p style=\"text-align: center;\"><strong><span style=\"font-family: 'book antiqua', palatino, serif;\">Page de pr\u00e9sentation<\/span><\/strong><\/p>\n<p>Le diaporama de la bible des pauvres : <a href=\"http:\/\/image-bible.ch\/wp-content\/uploads\/1.-Annonciation.pptx\">1. Annonciation<\/a><\/p>\n<p>Du livre les 40 clefs pour rencontrer J\u00e9sus : <a href=\"http:\/\/image-bible.ch\/wp-content\/uploads\/1.-Annonciation.pdf\">1. Annonciation<\/a><\/p>\n<p><img loading=\"lazy\" decoding=\"async\" class=\"alignnone wp-image-5356\" src=\"http:\/\/image-bible.ch\/wp-content\/uploads\/2021\/05\/1.-Annonciation-201x300.png\" alt=\"\" width=\"279\" height=\"416\" srcset=\"https:\/\/image-bible.ch\/wp-content\/uploads\/2021\/05\/1.-Annonciation-201x300.png 201w, https:\/\/image-bible.ch\/wp-content\/uploads\/2021\/05\/1.-Annonciation.png 269w\" sizes=\"(max-width: 279px) 100vw, 279px\" \/><\/p>\n<p>Is 7,14 Ps 133,3 Eve et le serpent &#8211; Gn 3,14f <strong>Annonciation<\/strong> Le flux de G\u00e9d\u00e9on &#8211; <em><span class=\"has-inline-color has-vivid-red-color\">Ju 6,37-40<\/span><\/em> Ez 44,2 Jr 31,22.<\/p>\n<p><img loading=\"lazy\" decoding=\"async\" class=\"alignnone size-medium wp-image-7059\" src=\"http:\/\/image-bible.ch\/wp-content\/uploads\/1.-Annonciation-Eve-serpent-Toison-300x286.jpg\" alt=\"\" width=\"300\" height=\"286\" srcset=\"https:\/\/image-bible.ch\/wp-content\/uploads\/1.-Annonciation-Eve-serpent-Toison-300x286.jpg 300w, https:\/\/image-bible.ch\/wp-content\/uploads\/1.-Annonciation-Eve-serpent-Toison-1024x976.jpg 1024w, https:\/\/image-bible.ch\/wp-content\/uploads\/1.-Annonciation-Eve-serpent-Toison-768x732.jpg 768w, https:\/\/image-bible.ch\/wp-content\/uploads\/1.-Annonciation-Eve-serpent-Toison-1536x1464.jpg 1536w, https:\/\/image-bible.ch\/wp-content\/uploads\/1.-Annonciation-Eve-serpent-Toison-2048x1952.jpg 2048w\" sizes=\"(max-width: 300px) 100vw, 300px\" \/> Tapisserie de l&rsquo;abbaye de la Chaise-Dieu (France)<\/p>\n<hr \/>\n<table style=\"border-collapse: collapse; width: 100%;\">\n<tbody>\n<tr>\n<td style=\"width: 100%;\"><span style=\"font-size: 10pt;\">A1. <a href=\"http:\/\/image-bible.ch\/?page_id=21\">L&rsquo;annonciation \u00e0 Marie<\/a> &#8211; A2. <a href=\"http:\/\/image-bible.ch\/?page_id=23\">La naissance de J\u00e9sus<\/a> &#8211; A3. <a href=\"http:\/\/image-bible.ch\/?page_id=25\">La circoncision<\/a>\u00a0 &#8211; A4. <a href=\"http:\/\/image-bible.ch\/?page_id=27\">L&rsquo;adoration des mages<\/a> &#8211; A5. <a href=\"http:\/\/image-bible.ch\/?page_id=29\">La Pr\u00e9sentation au Temple<\/a> &#8211; A6. <a href=\"http:\/\/image-bible.ch\/?page_id=31\">La fuite en Egypte<\/a> &#8211; A7. <a href=\"http:\/\/image-bible.ch\/?page_id=33\">La chute des idoles\u00a0<\/a> &#8211; A8. <a href=\"http:\/\/image-bible.ch\/?page_id=35\">Le massacre des innocents<\/a> &#8211; A9. <a href=\"http:\/\/image-bible.ch\/?page_id=37\">J\u00e9sus revient d&rsquo;Egypte<\/a><\/span><\/td>\n<\/tr>\n<\/tbody>\n<\/table>\n","protected":false},"excerpt":{"rendered":"<p>A1 \u2013 L\u2019 annonciation \u00e0 Marie | La Bible des Pauvres | Images | Nouveau-Testament | Ancien-Testament | Interpr\u00e9tation | Ic\u00f4ne | F\u00eate juive et chr\u00e9tienne | KT enfants | Jeunes | Divers Vid\u00e9o &#8211; R\u00e9f\u00e9rences | Page de pr\u00e9sentation<\/p>\n","protected":false},"author":1,"featured_media":0,"parent":0,"menu_order":1,"comment_status":"closed","ping_status":"closed","template":"","meta":{"footnotes":""},"_links":{"self":[{"href":"https:\/\/image-bible.ch\/index.php?rest_route=\/wp\/v2\/pages\/21"}],"collection":[{"href":"https:\/\/image-bible.ch\/index.php?rest_route=\/wp\/v2\/pages"}],"about":[{"href":"https:\/\/image-bible.ch\/index.php?rest_route=\/wp\/v2\/types\/page"}],"author":[{"embeddable":true,"href":"https:\/\/image-bible.ch\/index.php?rest_route=\/wp\/v2\/users\/1"}],"replies":[{"embeddable":true,"href":"https:\/\/image-bible.ch\/index.php?rest_route=%2Fwp%2Fv2%2Fcomments&post=21"}],"version-history":[{"count":134,"href":"https:\/\/image-bible.ch\/index.php?rest_route=\/wp\/v2\/pages\/21\/revisions"}],"predecessor-version":[{"id":9547,"href":"https:\/\/image-bible.ch\/index.php?rest_route=\/wp\/v2\/pages\/21\/revisions\/9547"}],"wp:attachment":[{"href":"https:\/\/image-bible.ch\/index.php?rest_route=%2Fwp%2Fv2%2Fmedia&parent=21"}],"curies":[{"name":"wp","href":"https:\/\/api.w.org\/{rel}","templated":true}]}}