{"id":23,"date":"2021-03-01T09:11:33","date_gmt":"2021-03-01T08:11:33","guid":{"rendered":"http:\/\/image-bible.ch\/?page_id=23"},"modified":"2024-11-20T17:37:07","modified_gmt":"2024-11-20T16:37:07","slug":"2-la-naissance-de-jesus","status":"publish","type":"page","link":"https:\/\/image-bible.ch\/?page_id=23","title":{"rendered":"A2. La naissance de J\u00e9sus"},"content":{"rendered":"<p style=\"text-align: center;\"><strong><span style=\"font-family: 'comic sans ms', sans-serif; font-size: 14pt;\">A2 \u2013 La naissance de J\u00e9sus<\/span><\/strong><\/p>\n<p><span style=\"font-family: 'comic sans ms', sans-serif;\">| <a href=\"http:\/\/image-bible.ch\/?page_id=388\" target=\"_blank\" rel=\"noreferrer noopener\">La Bible des Pauvres<\/a> | <a href=\"http:\/\/image-bible.ch\/?page_id=390\" target=\"_blank\" rel=\"noopener noreferrer\">Images <\/a> | <a href=\"http:\/\/image-bible.ch\/?page_id=399\" target=\"_blank\" rel=\"noreferrer noopener\">Nouveau-Testament<\/a> | <a href=\"http:\/\/image-bible.ch\/?page_id=401\" target=\"_blank\" rel=\"noreferrer noopener\">Ancien-Testament<\/a> | <a href=\"http:\/\/image-bible.ch\/?page_id=403\" target=\"_blank\" rel=\"noreferrer noopener\">Interpr\u00e9tation<\/a> | <a href=\"http:\/\/image-bible.ch\/?page_id=405\" target=\"_blank\" rel=\"noreferrer noopener\">Ic\u00f4ne<\/a> | <a href=\"http:\/\/image-bible.ch\/?page_id=407\" target=\"_blank\" rel=\"noreferrer noopener\">No\u00ebl et Anoukah &#8211; Avent<\/a> | <a href=\"http:\/\/image-bible.ch\/?page_id=409\" target=\"_blank\" rel=\"noreferrer noopener\">KT enfants<\/a> | <a href=\"http:\/\/image-bible.ch\/?page_id=411\" target=\"_blank\" rel=\"noreferrer noopener\">Jeunes<\/a> | <a href=\"http:\/\/image-bible.ch\/?page_id=413\" target=\"_blank\" rel=\"noreferrer noopener\">Divers Vid\u00e9o &#8211; R\u00e9f\u00e9rences<\/a> |<\/span><\/p>\n<hr \/>\n<p>Diaporama de la bible des pauvres : <a href=\"http:\/\/image-bible.ch\/wp-content\/uploads\/2.-Naissance.pptx\">2. Naissance<\/a><\/p>\n<p>Du livre les 40 clefs pour rencontrer J\u00e9sus : <a href=\"http:\/\/image-bible.ch\/wp-content\/uploads\/2.-Nativite.pdf\">2. Nativit\u00e9<\/a><\/p>\n<p><img loading=\"lazy\" decoding=\"async\" class=\"alignnone wp-image-5378\" src=\"http:\/\/image-bible.ch\/wp-content\/uploads\/2021\/05\/Nativite-scan-livre-201x300.jpg\" alt=\"\" width=\"317\" height=\"473\" srcset=\"https:\/\/image-bible.ch\/wp-content\/uploads\/2021\/05\/Nativite-scan-livre-201x300.jpg 201w, https:\/\/image-bible.ch\/wp-content\/uploads\/2021\/05\/Nativite-scan-livre-685x1024.jpg 685w, https:\/\/image-bible.ch\/wp-content\/uploads\/2021\/05\/Nativite-scan-livre-768x1148.jpg 768w, https:\/\/image-bible.ch\/wp-content\/uploads\/2021\/05\/Nativite-scan-livre-1027x1536.jpg 1027w, https:\/\/image-bible.ch\/wp-content\/uploads\/2021\/05\/Nativite-scan-livre-1370x2048.jpg 1370w, https:\/\/image-bible.ch\/wp-content\/uploads\/2021\/05\/Nativite-scan-livre-scaled.jpg 1712w\" sizes=\"(max-width: 317px) 100vw, 317px\" \/><\/p>\n<p>&nbsp;<\/p>\n<p><img loading=\"lazy\" decoding=\"async\" class=\"alignnone wp-image-4069\" src=\"http:\/\/image-bible.ch\/wp-content\/uploads\/2021\/03\/2-Cpg-148-fol-9r-208x300.jpg\" alt=\"\" width=\"200\" height=\"288\" srcset=\"https:\/\/image-bible.ch\/wp-content\/uploads\/2021\/03\/2-Cpg-148-fol-9r-208x300.jpg 208w, https:\/\/image-bible.ch\/wp-content\/uploads\/2021\/03\/2-Cpg-148-fol-9r-711x1024.jpg 711w, https:\/\/image-bible.ch\/wp-content\/uploads\/2021\/03\/2-Cpg-148-fol-9r-e1617044612525-104x150.jpg 104w, https:\/\/image-bible.ch\/wp-content\/uploads\/2021\/03\/2-Cpg-148-fol-9r-768x1106.jpg 768w, https:\/\/image-bible.ch\/wp-content\/uploads\/2021\/03\/2-Cpg-148-fol-9r-1067x1536.jpg 1067w, https:\/\/image-bible.ch\/wp-content\/uploads\/2021\/03\/2-Cpg-148-fol-9r.jpg 1111w\" sizes=\"(max-width: 200px) 100vw, 200px\" \/><\/p>\n<p><img loading=\"lazy\" decoding=\"async\" class=\"alignnone size-medium wp-image-7060\" src=\"http:\/\/image-bible.ch\/wp-content\/uploads\/2.-Nativite-Moise-le-buisson-ardent-Aaron-le-baton-verdoyant--278x300.jpg\" alt=\"\" width=\"278\" height=\"300\" srcset=\"https:\/\/image-bible.ch\/wp-content\/uploads\/2.-Nativite-Moise-le-buisson-ardent-Aaron-le-baton-verdoyant--278x300.jpg 278w, https:\/\/image-bible.ch\/wp-content\/uploads\/2.-Nativite-Moise-le-buisson-ardent-Aaron-le-baton-verdoyant--949x1024.jpg 949w, https:\/\/image-bible.ch\/wp-content\/uploads\/2.-Nativite-Moise-le-buisson-ardent-Aaron-le-baton-verdoyant--768x829.jpg 768w, https:\/\/image-bible.ch\/wp-content\/uploads\/2.-Nativite-Moise-le-buisson-ardent-Aaron-le-baton-verdoyant--1423x1536.jpg 1423w, https:\/\/image-bible.ch\/wp-content\/uploads\/2.-Nativite-Moise-le-buisson-ardent-Aaron-le-baton-verdoyant--1897x2048.jpg 1897w\" sizes=\"(max-width: 278px) 100vw, 278px\" \/> Tapisserie de l\u2019abbaye de la Chaise-Dieu (France)<\/p>\n<hr \/>\n<table style=\"border-collapse: collapse; width: 100%;\">\n<tbody>\n<tr>\n<td style=\"width: 100%;\"><span style=\"font-size: 10pt;\">A1. <a href=\"http:\/\/image-bible.ch\/?page_id=21\">L&rsquo;annonciation \u00e0 Marie<\/a> &#8211; A2. <a href=\"http:\/\/image-bible.ch\/?page_id=23\">La naissance de J\u00e9sus<\/a> &#8211; A3. <a href=\"http:\/\/image-bible.ch\/?page_id=25\">La circoncision<\/a>\u00a0 &#8211; A4. <a href=\"http:\/\/image-bible.ch\/?page_id=27\">L&rsquo;adoration des mages<\/a> &#8211; A5. <a href=\"http:\/\/image-bible.ch\/?page_id=29\">La Pr\u00e9sentation au Temple<\/a> &#8211; A6. <a href=\"http:\/\/image-bible.ch\/?page_id=31\">La fuite en Egypte<\/a> &#8211; A7. <a href=\"http:\/\/image-bible.ch\/?page_id=33\">La chute des idoles\u00a0<\/a> &#8211; A8. <a href=\"http:\/\/image-bible.ch\/?page_id=35\">Le massacre des innocents<\/a> &#8211; A9. <a href=\"http:\/\/image-bible.ch\/?page_id=37\">J\u00e9sus revient d&rsquo;Egypte<\/a><\/span><\/td>\n<\/tr>\n<\/tbody>\n<\/table>\n<p><!-- \/wp:paragraph --><\/p>\n","protected":false},"excerpt":{"rendered":"<p>A2 \u2013 La naissance de J\u00e9sus | La Bible des Pauvres | Images | Nouveau-Testament | Ancien-Testament | Interpr\u00e9tation | Ic\u00f4ne | No\u00ebl et Anoukah &#8211; Avent | KT enfants | Jeunes | Divers Vid\u00e9o &#8211; R\u00e9f\u00e9rences | Diaporama de<\/p>\n","protected":false},"author":1,"featured_media":0,"parent":0,"menu_order":2,"comment_status":"closed","ping_status":"closed","template":"","meta":{"footnotes":""},"_links":{"self":[{"href":"https:\/\/image-bible.ch\/index.php?rest_route=\/wp\/v2\/pages\/23"}],"collection":[{"href":"https:\/\/image-bible.ch\/index.php?rest_route=\/wp\/v2\/pages"}],"about":[{"href":"https:\/\/image-bible.ch\/index.php?rest_route=\/wp\/v2\/types\/page"}],"author":[{"embeddable":true,"href":"https:\/\/image-bible.ch\/index.php?rest_route=\/wp\/v2\/users\/1"}],"replies":[{"embeddable":true,"href":"https:\/\/image-bible.ch\/index.php?rest_route=%2Fwp%2Fv2%2Fcomments&post=23"}],"version-history":[{"count":60,"href":"https:\/\/image-bible.ch\/index.php?rest_route=\/wp\/v2\/pages\/23\/revisions"}],"predecessor-version":[{"id":9546,"href":"https:\/\/image-bible.ch\/index.php?rest_route=\/wp\/v2\/pages\/23\/revisions\/9546"}],"wp:attachment":[{"href":"https:\/\/image-bible.ch\/index.php?rest_route=%2Fwp%2Fv2%2Fmedia&parent=23"}],"curies":[{"name":"wp","href":"https:\/\/api.w.org\/{rel}","templated":true}]}}