{"id":2304,"date":"2021-03-16T16:32:27","date_gmt":"2021-03-16T15:32:27","guid":{"rendered":"http:\/\/image-bible.ch\/?page_id=2304"},"modified":"2024-08-20T14:57:20","modified_gmt":"2024-08-20T12:57:20","slug":"d-les-guerisons","status":"publish","type":"page","link":"https:\/\/image-bible.ch\/?page_id=2304","title":{"rendered":"D &#8211; Les gu\u00e9risons"},"content":{"rendered":"<table style=\"border-collapse: collapse; width: 100%;\">\n<tbody>\n<tr>\n<td><span style=\"font-size: 10pt;\"><em>D22. <a href=\"http:\/\/image-bible.ch\/?page_id=2347\">Gu\u00e9rison du paralytique <\/a>\u2013 D23. <a href=\"http:\/\/image-bible.ch\/?page_id=2349\">Gu\u00e9rison de l&rsquo;aveugle de naissance<\/a> &#8211; D24.<a href=\"http:\/\/image-bible.ch\/?page_id=6971\">La gu\u00e9rison du l\u00e9preux<\/a><br \/>\n<\/em><\/span><\/td>\n<\/tr>\n<\/tbody>\n<\/table>\n<h2 style=\"text-align: center;\"><span style=\"font-family: 'book antiqua', palatino, serif;\"><strong>D &#8211; Les gu\u00e9risons<\/strong><\/span><\/h2>\n<h4 style=\"text-align: center;\"><span style=\"font-family: 'book antiqua', palatino, serif;\">Pr\u00e9sentation<\/span><\/h4>\n<p class=\"Normallivre\">Il n&rsquo;y a pas tellement de r\u00e9cits de miracles dans l&rsquo;Ancien Testament. On les trouve surtout \u00e0 deux endroits, dans l&rsquo;Exode et dans les cycles d&rsquo;\u00c9lie et \u00c9lis\u00e9e. Et encore moins de gu\u00e9risons ! Lors du temps de l\u2019exode au d\u00e9sert, les prodiges continuent : l&rsquo;eau douce \u00e0 Mara (Ex 15,22-26), la manne et les cailles (Ex 16; cf. Nb 11), l&rsquo;eau du rocher (Ex 17,1-7; cf. Nb 20,1-13), le ch\u00e2timent de Cor\u00e9 et de sa bande (Nb 16), le b\u00e2ton d&rsquo;Aaron (Nb 17), le serpent d&rsquo;airain (Nb 21). Au total, la tradition juive compte dix merveilles lors de l&rsquo;Exode. Qui r\u00e9pondent aux dix plaies d\u2019\u00c9gypte (Ex 7-12).<\/p>\n<p class=\"Normallivre\">Par contre les \u00e9vangiles comptent de nombreuses gu\u00e9risons. J\u00e9sus manifeste sa pr\u00e9sence, son action et la gloire de Dieu \u00e0 travers ces nombreux signes. Chaque gu\u00e9rison est une illustration du discours suit ou pr\u00e9c\u00e8de celle-ci<\/p>\n<p>Nous en avons retenu trois :<\/p>\n<p>D22 la gu\u00e9rison du paralytique<\/p>\n<p>D23 la gu\u00e9rison de l&rsquo;aveugle de naissance Jn 11<\/p>\n<p>D24 la gu\u00e9rison du l\u00e9preux<\/p>\n<p>&nbsp;<\/p>\n","protected":false},"excerpt":{"rendered":"<p>D22. Gu\u00e9rison du paralytique \u2013 D23. Gu\u00e9rison de l&rsquo;aveugle de naissance &#8211; D24.La gu\u00e9rison du l\u00e9preux D &#8211; Les gu\u00e9risons Pr\u00e9sentation Il n&rsquo;y a pas tellement de r\u00e9cits de miracles dans l&rsquo;Ancien Testament. On les trouve surtout \u00e0 deux endroits,<\/p>\n","protected":false},"author":1,"featured_media":0,"parent":0,"menu_order":0,"comment_status":"closed","ping_status":"closed","template":"","meta":{"footnotes":""},"_links":{"self":[{"href":"https:\/\/image-bible.ch\/index.php?rest_route=\/wp\/v2\/pages\/2304"}],"collection":[{"href":"https:\/\/image-bible.ch\/index.php?rest_route=\/wp\/v2\/pages"}],"about":[{"href":"https:\/\/image-bible.ch\/index.php?rest_route=\/wp\/v2\/types\/page"}],"author":[{"embeddable":true,"href":"https:\/\/image-bible.ch\/index.php?rest_route=\/wp\/v2\/users\/1"}],"replies":[{"embeddable":true,"href":"https:\/\/image-bible.ch\/index.php?rest_route=%2Fwp%2Fv2%2Fcomments&post=2304"}],"version-history":[{"count":12,"href":"https:\/\/image-bible.ch\/index.php?rest_route=\/wp\/v2\/pages\/2304\/revisions"}],"predecessor-version":[{"id":7310,"href":"https:\/\/image-bible.ch\/index.php?rest_route=\/wp\/v2\/pages\/2304\/revisions\/7310"}],"wp:attachment":[{"href":"https:\/\/image-bible.ch\/index.php?rest_route=%2Fwp%2Fv2%2Fmedia&parent=2304"}],"curies":[{"name":"wp","href":"https:\/\/api.w.org\/{rel}","templated":true}]}}