{"id":2353,"date":"2021-03-16T16:49:02","date_gmt":"2021-03-16T15:49:02","guid":{"rendered":"http:\/\/image-bible.ch\/?page_id=2353"},"modified":"2024-08-20T15:27:25","modified_gmt":"2024-08-20T13:27:25","slug":"e25-rencontre-de-nuit-avec-nicodeme","status":"publish","type":"page","link":"https:\/\/image-bible.ch\/?page_id=2353","title":{"rendered":"E25 &#8211; Rencontre de nuit avec Nicod\u00e8me"},"content":{"rendered":"<p style=\"text-align: center;\"><span style=\"font-size: 14pt; font-family: 'comic sans ms', sans-serif;\">E25 &#8211; Rencontre de nuit avec Nicod\u00e8me<\/span><\/p>\n<p><span style=\"font-family: 'comic sans ms', sans-serif;\">| <a href=\"http:\/\/image-bible.ch\/?page_id=2355\" target=\"_blank\" rel=\"noreferrer noopener\">La Bible des Pauvres<\/a> | <a href=\"http:\/\/image-bible.ch\/?page_id=2357\" target=\"_blank\" rel=\"noopener\"> Images<\/a> | <a href=\"http:\/\/image-bible.ch\/?page_id=2359\" target=\"_blank\" rel=\"noreferrer noopener\">Nouveau-Testament<\/a> | <a href=\"http:\/\/image-bible.ch\/?page_id=2361\" target=\"_blank\" rel=\"noreferrer noopener\">Ancien-Testament<\/a> | <a href=\"http:\/\/image-bible.ch\/?page_id=2363\" target=\"_blank\" rel=\"noreferrer noopener\">Interpr\u00e9tation<\/a> | <a href=\"http:\/\/image-bible.ch\/?page_id=2365\" target=\"_blank\" rel=\"noreferrer noopener\">Ic\u00f4ne<\/a> | <a href=\"http:\/\/image-bible.ch\/?page_id=2367\" target=\"_blank\" rel=\"noreferrer noopener\">F\u00eate juive et chr\u00e9tienne<\/a> | <a href=\"http:\/\/image-bible.ch\/?page_id=2369\" target=\"_blank\" rel=\"noreferrer noopener\">KT enfants<\/a> | <a href=\"http:\/\/image-bible.ch\/?page_id=2371\" target=\"_blank\" rel=\"noreferrer noopener\">Jeunes<\/a> | <a href=\"http:\/\/image-bible.ch\/?page_id=2373\" target=\"_blank\" rel=\"noreferrer noopener\">Divers Vid\u00e9o &#8211; R\u00e9f\u00e9rences<\/a> |<\/span><\/p>\n<hr \/>\n<p style=\"text-align: center;\"><strong><span style=\"font-family: 'book antiqua', palatino, serif;\">Page de pr\u00e9sentation<\/span><\/strong><\/p>\n<p>Du livre les 40 clefs pour rencontrer J\u00e9sus : <a href=\"http:\/\/image-bible.ch\/wp-content\/uploads\/17.-Jesus-rencontre-Nicodeme.pdf\">17. J\u00e9sus rencontre Nicod\u00e8me<\/a><\/p>\n<p><img loading=\"lazy\" decoding=\"async\" class=\"alignnone size-medium wp-image-5825\" src=\"http:\/\/image-bible.ch\/wp-content\/uploads\/2021\/06\/Jesus-rencontre-Nicodeme-300x254.jpg\" alt=\"\" width=\"300\" height=\"254\" \/><\/p>\n<p>J\u00e9sus rencontre Nicod\u00e8me de nuit (Jn 3)<\/p>\n<p><em>La rencontre de J\u00e9sus avec Nicod\u00e8me met l\u2019accent sur la n\u00e9cessit\u00e9 de rena\u00eetre d\u2019en haut\u00a0: na\u00eetre de l\u2019eau et de l\u2019Esprit, c\u2019est le bapt\u00eame, \u00e0 la fois conversion et don de la force de Dieu, pour devenir enfant de Dieu.<\/em><\/p>\n<p>Psaume 138,11-14<\/p>\n<p>J&rsquo;avais dit\u00a0: \u00ab\u00a0Les t\u00e9n\u00e8bres m&rsquo;\u00e9crasent\u00a0!\u00a0\u00bb mais la nuit devient lumi\u00e8re autour de moi.<\/p>\n<p>M\u00eame la t\u00e9n\u00e8bre pour toi n&rsquo;est point t\u00e9n\u00e8bre, et la nuit comme le jour est lumi\u00e8re\u00a0!<\/p>\n<p>C&rsquo;est toi qui as cr\u00e9\u00e9 mes reins, qui m&rsquo;as tiss\u00e9 dans le sein de ma m\u00e8re.<\/p>\n<p>Je reconnais devant toi le prodige, l&rsquo;\u00eatre \u00e9tonnant que je suis\u00a0:<\/p>\n<p>\u00e9tonnantes sont tes \u0153uvres toute mon \u00e2me le sait.<\/p>\n<p><strong>Pri\u00e8re<\/strong><\/p>\n<table>\n<tbody>\n<tr>\n<td width=\"321\">Seigneur, je suis comme Nicod\u00e8me.<\/p>\n<p>Je viens \u00e0 toi, secr\u00e8tement, de nuit.<\/p>\n<p>Je suis quelqu\u2019un de connu.<\/p>\n<p>J\u2019ai beaucoup \u00e0 perdre.<\/p>\n<p>Je tiens \u00e0 ce que personne ne me voie !<\/p>\n<p>Seigneur, je tiens \u00e0 rester ce que je suis,<\/p>\n<p>Croyant distant, acteur prudent.<\/p>\n<p>Je ne puis, tu le sais,<\/p>\n<p>rentrer dans le sein de ma m\u00e8re<\/p>\n<p>Et na\u00eetre de cet Esprit dont tu parles.<\/p>\n<p>Seigneur, je viens \u00e0 toi,<\/p>\n<p>&nbsp;<\/td>\n<td width=\"321\">Mais ta Parole est trop forte, trop exigeante.<\/p>\n<p>Je viens n\u00e9gocier avec toi,<\/p>\n<p>Pour qu\u2019elle m\u00e9nage ma tranquillit\u00e9.<\/p>\n<p>Seigneur, je me tiens \u00e0 c\u00f4t\u00e9 de cette porte<\/p>\n<p>que tu as ouverte,<\/p>\n<p>Mais je n\u2019ai pas le courage<\/p>\n<p>de regarder ton Royaume.<\/p>\n<p>Le bapt\u00eame d\u2019eau m\u2019a suffi !<\/p>\n<p>L\u2019effusion de ton Esprit me fait peur.<\/p>\n<p>Aie piti\u00e9 de moi, Aie piti\u00e9 de nous !<\/p>\n<p>Donne-moi tout de m\u00eame ton Esprit\u00a0!<\/p>\n<p>&nbsp;<\/td>\n<\/tr>\n<\/tbody>\n<\/table>\n<p>&nbsp;<\/p>\n<hr \/>\n<table style=\"border-collapse: collapse; width: 100%; height: 24px;\">\n<tbody>\n<tr style=\"height: 24px;\">\n<td style=\"width: 100%; height: 24px;\"><span style=\"font-size: 10pt;\">E25. <a href=\"http:\/\/image-bible.ch\/?page_id=2353\">Rencontre de nuit avec Nicod\u00e8me<\/a> \u2013 E26. <a href=\"http:\/\/image-bible.ch\/?page_id=2375\" target=\"_blank\" rel=\"noopener\">Rencontre avec\u00a0 la samaritaine<\/a> \u2013 E27. <a href=\"http:\/\/image-bible.ch\/?page_id=2398\" target=\"_blank\" rel=\"noopener\">Rencontre avec\u00a0 Zach\u00e9e<\/a><\/span><\/td>\n<\/tr>\n<\/tbody>\n<\/table>\n","protected":false},"excerpt":{"rendered":"<p>E25 &#8211; Rencontre de nuit avec Nicod\u00e8me | La Bible des Pauvres | Images | Nouveau-Testament | Ancien-Testament | Interpr\u00e9tation | Ic\u00f4ne | F\u00eate juive et chr\u00e9tienne | KT enfants | Jeunes | Divers Vid\u00e9o &#8211; R\u00e9f\u00e9rences | Page de<\/p>\n","protected":false},"author":1,"featured_media":0,"parent":0,"menu_order":0,"comment_status":"closed","ping_status":"closed","template":"","meta":{"footnotes":""},"_links":{"self":[{"href":"https:\/\/image-bible.ch\/index.php?rest_route=\/wp\/v2\/pages\/2353"}],"collection":[{"href":"https:\/\/image-bible.ch\/index.php?rest_route=\/wp\/v2\/pages"}],"about":[{"href":"https:\/\/image-bible.ch\/index.php?rest_route=\/wp\/v2\/types\/page"}],"author":[{"embeddable":true,"href":"https:\/\/image-bible.ch\/index.php?rest_route=\/wp\/v2\/users\/1"}],"replies":[{"embeddable":true,"href":"https:\/\/image-bible.ch\/index.php?rest_route=%2Fwp%2Fv2%2Fcomments&post=2353"}],"version-history":[{"count":8,"href":"https:\/\/image-bible.ch\/index.php?rest_route=\/wp\/v2\/pages\/2353\/revisions"}],"predecessor-version":[{"id":7323,"href":"https:\/\/image-bible.ch\/index.php?rest_route=\/wp\/v2\/pages\/2353\/revisions\/7323"}],"wp:attachment":[{"href":"https:\/\/image-bible.ch\/index.php?rest_route=%2Fwp%2Fv2%2Fmedia&parent=2353"}],"curies":[{"name":"wp","href":"https:\/\/api.w.org\/{rel}","templated":true}]}}