{"id":2375,"date":"2021-03-16T16:53:01","date_gmt":"2021-03-16T15:53:01","guid":{"rendered":"http:\/\/image-bible.ch\/?page_id=2375"},"modified":"2024-08-20T15:34:21","modified_gmt":"2024-08-20T13:34:21","slug":"e26-rencontre-avec-la-samaritaine","status":"publish","type":"page","link":"https:\/\/image-bible.ch\/?page_id=2375","title":{"rendered":"E26 &#8211; Rencontre avec la samaritaine"},"content":{"rendered":"<p style=\"text-align: center;\"><span style=\"font-size: 14pt; font-family: 'comic sans ms', sans-serif;\">E26 &#8211; Rencontre avec la samaritaine<\/span><\/p>\n<p><span style=\"font-family: 'comic sans ms', sans-serif;\">| <a href=\"http:\/\/image-bible.ch\/?page_id=2378\" target=\"_blank\" rel=\"noreferrer noopener\">La Bible des Pauvres<\/a> | <a href=\"http:\/\/image-bible.ch\/?page_id=2380\" target=\"_blank\" rel=\"noopener\"> Images<\/a> | <a href=\"http:\/\/image-bible.ch\/?page_id=2382\" target=\"_blank\" rel=\"noreferrer noopener\">Nouveau-Testament<\/a> | <a href=\"http:\/\/image-bible.ch\/?page_id=2384\" target=\"_blank\" rel=\"noreferrer noopener\">Ancien-Testament<\/a> | <a href=\"http:\/\/image-bible.ch\/?page_id=2386\" target=\"_blank\" rel=\"noreferrer noopener\">Interpr\u00e9tation<\/a> | <a href=\"http:\/\/image-bible.ch\/?page_id=2388\" target=\"_blank\" rel=\"noreferrer noopener\">Ic\u00f4ne<\/a> | <a href=\"http:\/\/image-bible.ch\/?page_id=2390\" target=\"_blank\" rel=\"noreferrer noopener\">F\u00eate juive et chr\u00e9tienne<\/a> | <a href=\"http:\/\/image-bible.ch\/?page_id=2392\" target=\"_blank\" rel=\"noreferrer noopener\">KT enfants<\/a> | <a href=\"http:\/\/image-bible.ch\/?page_id=2394\" target=\"_blank\" rel=\"noreferrer noopener\">Jeunes<\/a> | <a href=\"http:\/\/image-bible.ch\/?page_id=2396\" target=\"_blank\" rel=\"noreferrer noopener\">Divers Vid\u00e9o &#8211; R\u00e9f\u00e9rences<\/a> |<\/span><\/p>\n<hr \/>\n<p style=\"text-align: center;\"><strong><span style=\"font-family: 'book antiqua', palatino, serif;\">Page de pr\u00e9sentation<\/span><\/strong><\/p>\n<p>Du livre les 40 clefs pour rencontrer J\u00e9sus : <a href=\"http:\/\/image-bible.ch\/wp-content\/uploads\/18.-Jesus-rencontre-la-samaritaine.pdf\">18. J\u00e9sus rencontre la samaritaine<\/a><\/p>\n<p><img loading=\"lazy\" decoding=\"async\" class=\"alignnone wp-image-7190\" src=\"http:\/\/image-bible.ch\/wp-content\/uploads\/La-Samaritaine-300x225.jpg\" alt=\"\" width=\"441\" height=\"331\" srcset=\"https:\/\/image-bible.ch\/wp-content\/uploads\/La-Samaritaine-300x225.jpg 300w, https:\/\/image-bible.ch\/wp-content\/uploads\/La-Samaritaine.jpg 483w\" sizes=\"(max-width: 441px) 100vw, 441px\" \/><\/p>\n<hr \/>\n<table style=\"border-collapse: collapse; width: 100%; height: 24px;\">\n<tbody>\n<tr style=\"height: 24px;\">\n<td style=\"width: 100%; height: 24px;\"><span style=\"font-size: 10pt;\">E25. <a href=\"http:\/\/image-bible.ch\/?page_id=2353\">Rencontre de nuit avec Nicod\u00e8me<\/a> \u2013 E26. <a href=\"http:\/\/image-bible.ch\/?page_id=2375\" target=\"_blank\" rel=\"noopener\">Rencontre avec\u00a0 la samaritaine<\/a> \u2013 E27. <a href=\"http:\/\/image-bible.ch\/?page_id=2398\" target=\"_blank\" rel=\"noopener\">Rencontre avec\u00a0 Zach\u00e9e<\/a><\/span><\/td>\n<\/tr>\n<\/tbody>\n<\/table>\n","protected":false},"excerpt":{"rendered":"<p>E26 &#8211; Rencontre avec la samaritaine | La Bible des Pauvres | Images | Nouveau-Testament | Ancien-Testament | Interpr\u00e9tation | Ic\u00f4ne | F\u00eate juive et chr\u00e9tienne | KT enfants | Jeunes | Divers Vid\u00e9o &#8211; R\u00e9f\u00e9rences | Page de pr\u00e9sentation<\/p>\n","protected":false},"author":1,"featured_media":0,"parent":0,"menu_order":0,"comment_status":"closed","ping_status":"closed","template":"","meta":{"footnotes":""},"_links":{"self":[{"href":"https:\/\/image-bible.ch\/index.php?rest_route=\/wp\/v2\/pages\/2375"}],"collection":[{"href":"https:\/\/image-bible.ch\/index.php?rest_route=\/wp\/v2\/pages"}],"about":[{"href":"https:\/\/image-bible.ch\/index.php?rest_route=\/wp\/v2\/types\/page"}],"author":[{"embeddable":true,"href":"https:\/\/image-bible.ch\/index.php?rest_route=\/wp\/v2\/users\/1"}],"replies":[{"embeddable":true,"href":"https:\/\/image-bible.ch\/index.php?rest_route=%2Fwp%2Fv2%2Fcomments&post=2375"}],"version-history":[{"count":7,"href":"https:\/\/image-bible.ch\/index.php?rest_route=\/wp\/v2\/pages\/2375\/revisions"}],"predecessor-version":[{"id":7325,"href":"https:\/\/image-bible.ch\/index.php?rest_route=\/wp\/v2\/pages\/2375\/revisions\/7325"}],"wp:attachment":[{"href":"https:\/\/image-bible.ch\/index.php?rest_route=%2Fwp%2Fv2%2Fmedia&parent=2375"}],"curies":[{"name":"wp","href":"https:\/\/api.w.org\/{rel}","templated":true}]}}