{"id":25,"date":"2021-03-01T09:11:53","date_gmt":"2021-03-01T08:11:53","guid":{"rendered":"http:\/\/image-bible.ch\/?page_id=25"},"modified":"2024-11-20T17:36:17","modified_gmt":"2024-11-20T16:36:17","slug":"la-circoncision","status":"publish","type":"page","link":"https:\/\/image-bible.ch\/?page_id=25","title":{"rendered":"A3. La circoncision"},"content":{"rendered":"<p style=\"text-align: center;\"><span style=\"font-family: 'comic sans ms', sans-serif; font-size: 14pt;\"><strong>A3 \u2013 La circoncision<\/strong><\/span><\/p>\n<p><span style=\"font-family: 'comic sans ms', sans-serif;\">| <a href=\"http:\/\/image-bible.ch\/?page_id=459\" target=\"_blank\" rel=\"noreferrer noopener\">La Bible des Pauvres<\/a> | <a href=\"http:\/\/image-bible.ch\/?page_id=431\" target=\"_blank\" rel=\"noopener\">Images <\/a> | <a href=\"http:\/\/image-bible.ch\/?page_id=433\" target=\"_blank\" rel=\"noreferrer noopener\">Nouveau-Testament<\/a> | <a href=\"http:\/\/image-bible.ch\/?page_id=435\" target=\"_blank\" rel=\"noreferrer noopener\">Ancien-Testament<\/a> | <a href=\"http:\/\/image-bible.ch\/?page_id=438\" target=\"_blank\" rel=\"noreferrer noopener\">Interpr\u00e9tation<\/a> | <a href=\"http:\/\/image-bible.ch\/?page_id=440\" target=\"_blank\" rel=\"noreferrer noopener\">Ic\u00f4ne<\/a> | <a href=\"http:\/\/image-bible.ch\/?page_id=442\" target=\"_blank\" rel=\"noreferrer noopener\">F\u00eate juive et chr\u00e9tienne<\/a> | <a href=\"http:\/\/image-bible.ch\/?page_id=444\" target=\"_blank\" rel=\"noreferrer noopener\">KT enfants<\/a> | <a href=\"http:\/\/image-bible.ch\/?page_id=446\" target=\"_blank\" rel=\"noreferrer noopener\">Jeunes<\/a> | <a href=\"http:\/\/image-bible.ch\/?page_id=448\" target=\"_blank\" rel=\"noreferrer noopener\">Divers Vid\u00e9o &#8211; R\u00e9f\u00e9rences<\/a> |<\/span><\/p>\n<hr \/>\n<p style=\"text-align: center;\"><strong><span style=\"font-family: 'book antiqua', palatino, serif;\">Page de pr\u00e9sentation<\/span><\/strong><\/p>\n<p>Le diaporama de la bible des pauvres : <a href=\"http:\/\/image-bible.ch\/wp-content\/uploads\/3.-Circoncision.pptx\">3. Circoncision<\/a><\/p>\n<p><img loading=\"lazy\" decoding=\"async\" class=\"alignnone wp-image-5414\" src=\"http:\/\/image-bible.ch\/wp-content\/uploads\/2021\/05\/3.-Circoncision-188x300.jpg\" alt=\"\" width=\"295\" height=\"471\" srcset=\"https:\/\/image-bible.ch\/wp-content\/uploads\/2021\/05\/3.-Circoncision-188x300.jpg 188w, https:\/\/image-bible.ch\/wp-content\/uploads\/2021\/05\/3.-Circoncision.jpg 598w\" sizes=\"(max-width: 295px) 100vw, 295px\" \/><\/p>\n<p><b>Pr\u00e9figuration : <\/b><\/p>\n<p><b>Circoncision d\u2019Isaac fils d\u2019Abraham :<\/b><\/p>\n<p><i>Gn 21,3-4<\/i><\/p>\n<p><i>Et Abraham donna un nom au fils que Sara lui avait enfant\u00e9 : il l\u2019appela <\/i><b><i>Isaac<\/i><\/b><i> (c\u2019est-\u00e0-dire : <\/i><b><i>Il rit<\/i><\/b><i>).<\/i><\/p>\n<p><i>Quand Isaac eut <\/i><b><i>huit jours<\/i><\/b><i>, Abraham <\/i><b><i>le circoncit<\/i><\/b><i>, comme Dieu le lui avait ordonn\u00e9.<\/i><\/p>\n<p><b>Pr\u00e9figuration :\u00a0 Circoncision d\u2019un juif :<br \/>\n<\/b><b>Gn<\/b><b> 17,14<\/b><\/p>\n<p><i>Dieu dit \u00e0 Abraham : \u00ab Toi, tu observeras mon alliance, toi et ta descendance apr\u00e8s toi, de g\u00e9n\u00e9ration en g\u00e9n\u00e9ration.<\/i><\/p>\n<p><i>\u00a0Et voici l\u2019alliance qui sera observ\u00e9e entre moi et vous, c\u2019est-\u00e0-dire toi et ta descendance apr\u00e8s toi : tous vos enfants m\u00e2les seront circoncis.<\/i><\/p>\n<p><i>La chair de votre pr\u00e9puce sera circoncise, et cela deviendra le signe de l\u2019alliance entre moi et vous.<\/i><\/p>\n<p><i>\u00c0 chaque g\u00e9n\u00e9ration, tous vos enfants m\u00e2les \u00e2g\u00e9s de huit jours seront circoncis, les enfants n\u00e9s dans la maison, ou les enfants \u00e9trangers qui ne sont pas de ta descendance mais sont acquis \u00e0 prix d\u2019argent.<\/i><\/p>\n<p><b>Mo\u00efse : <\/b><\/p>\n<p><i>Dt<\/i><i> 10,16 Pratiquez la circoncision du c\u0153ur, n\u2019ayez plus la nuque raide (d\u00e9j\u00e0 dans l&rsquo;A.T. les proph\u00e8tes insiste sur la circoncision &#8211; purification int\u00e9rieure du c\u0153ur)<br \/>\n<\/i><\/p>\n<p><b>Mo\u00efse<\/b><b> : Jos 5,2-3<\/b><\/p>\n<p><em>En ce temps-l\u00e0, le Seigneur dit \u00e0 Josu\u00e9\u00a0: \u00ab\u00a0Fais-toi des couteaux de silex et circoncis la deuxi\u00e8me g\u00e9n\u00e9ration des fils d\u2019Isra\u00ebl.\u00a0\u00bb\u00a0Josu\u00e9 se fit des couteaux de silex et circoncit les fils d\u2019Isra\u00ebl sur la colline des Pr\u00e9puces.<\/em><\/p>\n<p><b>J\u00e9r\u00e9mie : <\/b><b>Jr<\/b> <b>\u00a0<\/b><b>4,4 <\/b><\/p>\n<p><i>Soyez circoncis pour le Seigneur, enlevez le pr\u00e9puce de votre c\u0153ur, gens de Juda et habitants de J\u00e9rusalem, de peur que ma col\u00e8re n\u2019\u00e9clate comme un feu et ne br\u00fble, sans personne pour l\u2019\u00e9teindre, \u00e0 cause de la malice de vos actes.<\/i><\/p>\n<p>&nbsp;<\/p>\n<p>&nbsp;<\/p>\n<hr \/>\n<table style=\"border-collapse: collapse; width: 100%;\">\n<tbody>\n<tr>\n<td style=\"width: 100%;\"><span style=\"font-size: 10pt;\">A1. <a href=\"http:\/\/image-bible.ch\/?page_id=21\">L&rsquo;annonciation \u00e0 Marie<\/a> &#8211; A2. <a href=\"http:\/\/image-bible.ch\/?page_id=23\">La naissance de J\u00e9sus<\/a> &#8211; A3. <a href=\"http:\/\/image-bible.ch\/?page_id=25\">La circoncision<\/a>\u00a0 &#8211; A4. <a href=\"http:\/\/image-bible.ch\/?page_id=27\">L&rsquo;adoration des mages<\/a> &#8211; A5. <a href=\"http:\/\/image-bible.ch\/?page_id=29\">La Pr\u00e9sentation au Temple<\/a> &#8211; A6. <a href=\"http:\/\/image-bible.ch\/?page_id=31\">La fuite en Egypte<\/a> &#8211; A7. <a href=\"http:\/\/image-bible.ch\/?page_id=33\">La chute des idoles\u00a0<\/a> &#8211; A8. <a href=\"http:\/\/image-bible.ch\/?page_id=35\">Le massacre des innocents<\/a> &#8211; A9. <a href=\"http:\/\/image-bible.ch\/?page_id=37\">J\u00e9sus revient d&rsquo;Egypte<\/a><\/span><\/td>\n<\/tr>\n<\/tbody>\n<\/table>\n","protected":false},"excerpt":{"rendered":"<p>A3 \u2013 La circoncision | La Bible des Pauvres | Images | Nouveau-Testament | Ancien-Testament | Interpr\u00e9tation | Ic\u00f4ne | F\u00eate juive et chr\u00e9tienne | KT enfants | Jeunes | Divers Vid\u00e9o &#8211; R\u00e9f\u00e9rences | Page de pr\u00e9sentation Le diaporama<\/p>\n","protected":false},"author":1,"featured_media":0,"parent":0,"menu_order":3,"comment_status":"closed","ping_status":"closed","template":"","meta":{"footnotes":""},"_links":{"self":[{"href":"https:\/\/image-bible.ch\/index.php?rest_route=\/wp\/v2\/pages\/25"}],"collection":[{"href":"https:\/\/image-bible.ch\/index.php?rest_route=\/wp\/v2\/pages"}],"about":[{"href":"https:\/\/image-bible.ch\/index.php?rest_route=\/wp\/v2\/types\/page"}],"author":[{"embeddable":true,"href":"https:\/\/image-bible.ch\/index.php?rest_route=\/wp\/v2\/users\/1"}],"replies":[{"embeddable":true,"href":"https:\/\/image-bible.ch\/index.php?rest_route=%2Fwp%2Fv2%2Fcomments&post=25"}],"version-history":[{"count":30,"href":"https:\/\/image-bible.ch\/index.php?rest_route=\/wp\/v2\/pages\/25\/revisions"}],"predecessor-version":[{"id":9545,"href":"https:\/\/image-bible.ch\/index.php?rest_route=\/wp\/v2\/pages\/25\/revisions\/9545"}],"wp:attachment":[{"href":"https:\/\/image-bible.ch\/index.php?rest_route=%2Fwp%2Fv2%2Fmedia&parent=25"}],"curies":[{"name":"wp","href":"https:\/\/api.w.org\/{rel}","templated":true}]}}