{"id":27,"date":"2021-03-01T09:12:28","date_gmt":"2021-03-01T08:12:28","guid":{"rendered":"http:\/\/image-bible.ch\/?page_id=27"},"modified":"2024-11-20T17:35:17","modified_gmt":"2024-11-20T16:35:17","slug":"4-ladoration-des-3-mages-epiphanie","status":"publish","type":"page","link":"https:\/\/image-bible.ch\/?page_id=27","title":{"rendered":"A4. L&rsquo;adoration des 3 Mages (Epiphanie)"},"content":{"rendered":"<p style=\"text-align: center;\"><span style=\"font-size: 14pt;\"><strong><span style=\"font-family: 'comic sans ms', sans-serif;\">A4 \u2013 L\u2019 adoration des 3 Mages<\/span><\/strong><\/span><\/p>\n<p><span style=\"font-family: 'comic sans ms', sans-serif;\">| <a href=\"http:\/\/image-bible.ch\/?page_id=496\" target=\"_blank\" rel=\"noreferrer noopener\">La Bible des Pauvres<\/a> | <a href=\"http:\/\/image-bible.ch\/?page_id=498\" target=\"_blank\" rel=\"noopener noreferrer\"> Images<\/a> | <a href=\"http:\/\/image-bible.ch\/?page_id=500\" target=\"_blank\" rel=\"noreferrer noopener\">Nouveau-Testament<\/a> | <a href=\"http:\/\/image-bible.ch\/?page_id=503\" target=\"_blank\" rel=\"noreferrer noopener\">Ancien-Testament<\/a> | <a href=\"http:\/\/image-bible.ch\/?page_id=505\" target=\"_blank\" rel=\"noreferrer noopener\">Interpr\u00e9tation<\/a> | <a href=\"http:\/\/image-bible.ch\/?page_id=507\" target=\"_blank\" rel=\"noreferrer noopener\">Ic\u00f4ne<\/a> | <a href=\"http:\/\/image-bible.ch\/?page_id=509\" target=\"_blank\" rel=\"noreferrer noopener\">F\u00eate juive et Epiphanie<\/a> | <a href=\"http:\/\/image-bible.ch\/?page_id=511\" target=\"_blank\" rel=\"noreferrer noopener\">KT enfants<\/a> | <a href=\"http:\/\/image-bible.ch\/?page_id=513\" target=\"_blank\" rel=\"noreferrer noopener\">Jeunes<\/a> | <a href=\"http:\/\/image-bible.ch\/?page_id=515\" target=\"_blank\" rel=\"noreferrer noopener\">Divers Vid\u00e9o &#8211; R\u00e9f\u00e9rences<\/a> |<\/span><\/p>\n<hr \/>\n<p style=\"text-align: center;\"><strong><span style=\"font-family: 'book antiqua', palatino, serif;\">Page de pr\u00e9sentation<\/span><\/strong><\/p>\n<p>Le diaporama de la bible des pauvres : <a href=\"http:\/\/image-bible.ch\/wp-content\/uploads\/4.-Adoration-des-mages.pptx\">4. Adoration des mages<\/a><\/p>\n<p>Du livre les 40 clefs pour rencontrer J\u00e9sus : <a href=\"http:\/\/image-bible.ch\/wp-content\/uploads\/3.-Ladoration-des-mages.pdf\">3. L&rsquo;adoration des mages<\/a><\/p>\n<p><img loading=\"lazy\" decoding=\"async\" class=\"alignnone wp-image-5419\" src=\"http:\/\/image-bible.ch\/wp-content\/uploads\/2021\/05\/4.-Adoration-des-mages-189x300.jpg\" alt=\"\" width=\"265\" height=\"421\" srcset=\"https:\/\/image-bible.ch\/wp-content\/uploads\/2021\/05\/4.-Adoration-des-mages-189x300.jpg 189w, https:\/\/image-bible.ch\/wp-content\/uploads\/2021\/05\/4.-Adoration-des-mages.jpg 619w\" sizes=\"(max-width: 265px) 100vw, 265px\" \/><\/p>\n<p><img loading=\"lazy\" decoding=\"async\" class=\"alignnone size-medium wp-image-7061\" src=\"http:\/\/image-bible.ch\/wp-content\/uploads\/3.-Adoration-des-mages-Abner-devant-David-La-reine-de-Saba-devant-Salomon-300x256.jpg\" alt=\"\" width=\"300\" height=\"256\" srcset=\"https:\/\/image-bible.ch\/wp-content\/uploads\/3.-Adoration-des-mages-Abner-devant-David-La-reine-de-Saba-devant-Salomon-300x256.jpg 300w, https:\/\/image-bible.ch\/wp-content\/uploads\/3.-Adoration-des-mages-Abner-devant-David-La-reine-de-Saba-devant-Salomon-1024x872.jpg 1024w, https:\/\/image-bible.ch\/wp-content\/uploads\/3.-Adoration-des-mages-Abner-devant-David-La-reine-de-Saba-devant-Salomon-768x654.jpg 768w, https:\/\/image-bible.ch\/wp-content\/uploads\/3.-Adoration-des-mages-Abner-devant-David-La-reine-de-Saba-devant-Salomon-1536x1308.jpg 1536w, https:\/\/image-bible.ch\/wp-content\/uploads\/3.-Adoration-des-mages-Abner-devant-David-La-reine-de-Saba-devant-Salomon-2048x1744.jpg 2048w\" sizes=\"(max-width: 300px) 100vw, 300px\" \/> Tapisserie de l\u2019abbaye de la Chaise-Dieu (France)<\/p>\n<p>&nbsp;<\/p>\n<hr \/>\n<table style=\"border-collapse: collapse; width: 100%;\">\n<tbody>\n<tr>\n<td style=\"width: 100%;\"><span style=\"font-size: 10pt;\">A1. <a href=\"http:\/\/image-bible.ch\/?page_id=21\">L&rsquo;annonciation \u00e0 Marie<\/a> &#8211; A2. <a href=\"http:\/\/image-bible.ch\/?page_id=23\">La naissance de J\u00e9sus<\/a> &#8211; A3. <a href=\"http:\/\/image-bible.ch\/?page_id=25\">La circoncision<\/a>\u00a0 &#8211; A4. <a href=\"http:\/\/image-bible.ch\/?page_id=27\">L&rsquo;adoration des mages<\/a> &#8211; A5. <a href=\"http:\/\/image-bible.ch\/?page_id=29\">La Pr\u00e9sentation au Temple<\/a> &#8211; A6. <a href=\"http:\/\/image-bible.ch\/?page_id=31\">La fuite en Egypte<\/a> &#8211; A7. <a href=\"http:\/\/image-bible.ch\/?page_id=33\">La chute des idoles\u00a0<\/a> &#8211; A8. <a href=\"http:\/\/image-bible.ch\/?page_id=35\">Le massacre des innocents<\/a> &#8211; A9. <a href=\"http:\/\/image-bible.ch\/?page_id=37\">J\u00e9sus revient d&rsquo;Egypte<\/a><\/span><\/td>\n<\/tr>\n<\/tbody>\n<\/table>\n","protected":false},"excerpt":{"rendered":"<p>A4 \u2013 L\u2019 adoration des 3 Mages | La Bible des Pauvres | Images | Nouveau-Testament | Ancien-Testament | Interpr\u00e9tation | Ic\u00f4ne | F\u00eate juive et Epiphanie | KT enfants | Jeunes | Divers Vid\u00e9o &#8211; R\u00e9f\u00e9rences | Page de<\/p>\n","protected":false},"author":1,"featured_media":0,"parent":0,"menu_order":4,"comment_status":"closed","ping_status":"closed","template":"","meta":{"footnotes":""},"_links":{"self":[{"href":"https:\/\/image-bible.ch\/index.php?rest_route=\/wp\/v2\/pages\/27"}],"collection":[{"href":"https:\/\/image-bible.ch\/index.php?rest_route=\/wp\/v2\/pages"}],"about":[{"href":"https:\/\/image-bible.ch\/index.php?rest_route=\/wp\/v2\/types\/page"}],"author":[{"embeddable":true,"href":"https:\/\/image-bible.ch\/index.php?rest_route=\/wp\/v2\/users\/1"}],"replies":[{"embeddable":true,"href":"https:\/\/image-bible.ch\/index.php?rest_route=%2Fwp%2Fv2%2Fcomments&post=27"}],"version-history":[{"count":36,"href":"https:\/\/image-bible.ch\/index.php?rest_route=\/wp\/v2\/pages\/27\/revisions"}],"predecessor-version":[{"id":9544,"href":"https:\/\/image-bible.ch\/index.php?rest_route=\/wp\/v2\/pages\/27\/revisions\/9544"}],"wp:attachment":[{"href":"https:\/\/image-bible.ch\/index.php?rest_route=%2Fwp%2Fv2%2Fmedia&parent=27"}],"curies":[{"name":"wp","href":"https:\/\/api.w.org\/{rel}","templated":true}]}}