{"id":31,"date":"2021-03-01T09:13:23","date_gmt":"2021-03-01T08:13:23","guid":{"rendered":"http:\/\/image-bible.ch\/?page_id=31"},"modified":"2024-11-20T17:30:38","modified_gmt":"2024-11-20T16:30:38","slug":"6-la-fuite-en-egypte","status":"publish","type":"page","link":"https:\/\/image-bible.ch\/?page_id=31","title":{"rendered":"A6. La fuite en Egypte"},"content":{"rendered":"<p style=\"text-align: center;\"><span style=\"font-family: 'comic sans ms', sans-serif; font-size: 14pt;\"><strong>A6 \u2013 La fuite en Egypte<\/strong><\/span><\/p>\n<p><span style=\"font-family: 'comic sans ms', sans-serif;\">| <a href=\"http:\/\/image-bible.ch\/?page_id=578\" target=\"_blank\" rel=\"noreferrer noopener\">La Bible des Pauvres<\/a> | <a href=\"http:\/\/image-bible.ch\/?page_id=580\" target=\"_blank\" rel=\"noopener noreferrer\"> Images<\/a> | <a href=\"http:\/\/image-bible.ch\/?page_id=582\" target=\"_blank\" rel=\"noreferrer noopener\">Nouveau-Testament<\/a> | <a href=\"http:\/\/image-bible.ch\/?page_id=584\" target=\"_blank\" rel=\"noreferrer noopener\">Ancien-Testament<\/a> | <a href=\"http:\/\/image-bible.ch\/?page_id=586\" target=\"_blank\" rel=\"noreferrer noopener\">Interpr\u00e9tation<\/a> | <a href=\"http:\/\/image-bible.ch\/?page_id=588\" target=\"_blank\" rel=\"noreferrer noopener\">Ic\u00f4ne<\/a> | <a href=\"http:\/\/image-bible.ch\/?page_id=590\" target=\"_blank\" rel=\"noreferrer noopener\">F\u00eate juive et chr\u00e9tienne<\/a> | <a href=\"http:\/\/image-bible.ch\/?page_id=592\" target=\"_blank\" rel=\"noreferrer noopener\">KT enfants<\/a> | <a href=\"http:\/\/image-bible.ch\/?page_id=594\" target=\"_blank\" rel=\"noreferrer noopener\">Jeunes<\/a> | <a href=\"http:\/\/image-bible.ch\/?page_id=596\" target=\"_blank\" rel=\"noreferrer noopener\">Divers Vid\u00e9o &#8211; R\u00e9f\u00e9rences<\/a> |<\/span><\/p>\n<hr \/>\n<p style=\"text-align: center;\"><strong><span style=\"font-family: 'book antiqua', palatino, serif;\">Page de pr\u00e9sentation<\/span><\/strong><\/p>\n<p>Le diaporama de la bible des pauvres : <a href=\"http:\/\/image-bible.ch\/wp-content\/uploads\/2021\/05\/6.-BP-Fuite-en-Egypte.pptx\">6. Fuite en Egypte<\/a><\/p>\n<p>Du livre les 40 clefs pour rencontrer J\u00e9sus : <a href=\"http:\/\/image-bible.ch\/wp-content\/uploads\/5.-Fuite-en-Egypte.pdf\">5. Fuite en Egypte<\/a><\/p>\n<p><img loading=\"lazy\" decoding=\"async\" class=\"alignnone wp-image-5443\" src=\"http:\/\/image-bible.ch\/wp-content\/uploads\/2021\/05\/5.-Fuite-en-Egypte-192x300.jpg\" alt=\"\" width=\"336\" height=\"525\" srcset=\"https:\/\/image-bible.ch\/wp-content\/uploads\/2021\/05\/5.-Fuite-en-Egypte-192x300.jpg 192w, https:\/\/image-bible.ch\/wp-content\/uploads\/2021\/05\/5.-Fuite-en-Egypte.jpg 625w\" sizes=\"(max-width: 336px) 100vw, 336px\" \/><\/p>\n<p style=\"text-align: center;\"><a href=\"http:\/\/image-bible.ch\/wp-content\/uploads\/2021\/04\/fuite-egypte.png\"><img loading=\"lazy\" decoding=\"async\" class=\"alignnone wp-image-4425 size-large\" src=\"http:\/\/image-bible.ch\/wp-content\/uploads\/2021\/04\/fuite-egypte-1024x434.png\" alt=\"\" width=\"750\" height=\"318\" srcset=\"https:\/\/image-bible.ch\/wp-content\/uploads\/2021\/04\/fuite-egypte-1024x434.png 1024w, https:\/\/image-bible.ch\/wp-content\/uploads\/2021\/04\/fuite-egypte-300x127.png 300w, https:\/\/image-bible.ch\/wp-content\/uploads\/2021\/04\/fuite-egypte-768x326.png 768w, https:\/\/image-bible.ch\/wp-content\/uploads\/2021\/04\/fuite-egypte.png 1266w\" sizes=\"(max-width: 750px) 100vw, 750px\" \/><\/a><\/p>\n<p><img loading=\"lazy\" decoding=\"async\" class=\"alignnone size-medium wp-image-7062\" src=\"http:\/\/image-bible.ch\/wp-content\/uploads\/4.-La-fuite-en-Egypte-David-fuit-Saul-La-decapitation-des-pretres-de-Dagon-294x300.jpg\" alt=\"\" width=\"294\" height=\"300\" srcset=\"https:\/\/image-bible.ch\/wp-content\/uploads\/4.-La-fuite-en-Egypte-David-fuit-Saul-La-decapitation-des-pretres-de-Dagon-294x300.jpg 294w, https:\/\/image-bible.ch\/wp-content\/uploads\/4.-La-fuite-en-Egypte-David-fuit-Saul-La-decapitation-des-pretres-de-Dagon-1002x1024.jpg 1002w, https:\/\/image-bible.ch\/wp-content\/uploads\/4.-La-fuite-en-Egypte-David-fuit-Saul-La-decapitation-des-pretres-de-Dagon-768x785.jpg 768w, https:\/\/image-bible.ch\/wp-content\/uploads\/4.-La-fuite-en-Egypte-David-fuit-Saul-La-decapitation-des-pretres-de-Dagon-1503x1536.jpg 1503w, https:\/\/image-bible.ch\/wp-content\/uploads\/4.-La-fuite-en-Egypte-David-fuit-Saul-La-decapitation-des-pretres-de-Dagon-2005x2048.jpg 2005w\" sizes=\"(max-width: 294px) 100vw, 294px\" \/> Tapisserie de l\u2019abbaye de la Chaise-Dieu (France)<\/p>\n<hr \/>\n<table style=\"border-collapse: collapse; width: 100%;\">\n<tbody>\n<tr>\n<td style=\"width: 100%;\"><span style=\"font-size: 10pt;\">A1. <a href=\"http:\/\/image-bible.ch\/?page_id=21\">L&rsquo;annonciation \u00e0 Marie<\/a> &#8211; A2. <a href=\"http:\/\/image-bible.ch\/?page_id=23\">La naissance de J\u00e9sus<\/a> &#8211; A3. <a href=\"http:\/\/image-bible.ch\/?page_id=25\">La circoncision<\/a>\u00a0 &#8211; A4. <a href=\"http:\/\/image-bible.ch\/?page_id=27\">L&rsquo;adoration des mages<\/a> &#8211; A5. <a href=\"http:\/\/image-bible.ch\/?page_id=29\">La Pr\u00e9sentation au Temple<\/a> &#8211; A6. <a href=\"http:\/\/image-bible.ch\/?page_id=31\">La fuite en Egypte<\/a> &#8211; A7. <a href=\"http:\/\/image-bible.ch\/?page_id=33\">La chute des idoles\u00a0<\/a> &#8211; A8. <a href=\"http:\/\/image-bible.ch\/?page_id=35\">Le massacre des innocents<\/a> &#8211; A9. <a href=\"http:\/\/image-bible.ch\/?page_id=37\">J\u00e9sus revient d&rsquo;Egypte<\/a><\/span><\/td>\n<\/tr>\n<\/tbody>\n<\/table>\n","protected":false},"excerpt":{"rendered":"<p>A6 \u2013 La fuite en Egypte | La Bible des Pauvres | Images | Nouveau-Testament | Ancien-Testament | Interpr\u00e9tation | Ic\u00f4ne | F\u00eate juive et chr\u00e9tienne | KT enfants | Jeunes | Divers Vid\u00e9o &#8211; R\u00e9f\u00e9rences | Page de pr\u00e9sentation<\/p>\n","protected":false},"author":1,"featured_media":0,"parent":0,"menu_order":6,"comment_status":"closed","ping_status":"closed","template":"","meta":{"footnotes":""},"_links":{"self":[{"href":"https:\/\/image-bible.ch\/index.php?rest_route=\/wp\/v2\/pages\/31"}],"collection":[{"href":"https:\/\/image-bible.ch\/index.php?rest_route=\/wp\/v2\/pages"}],"about":[{"href":"https:\/\/image-bible.ch\/index.php?rest_route=\/wp\/v2\/types\/page"}],"author":[{"embeddable":true,"href":"https:\/\/image-bible.ch\/index.php?rest_route=\/wp\/v2\/users\/1"}],"replies":[{"embeddable":true,"href":"https:\/\/image-bible.ch\/index.php?rest_route=%2Fwp%2Fv2%2Fcomments&post=31"}],"version-history":[{"count":22,"href":"https:\/\/image-bible.ch\/index.php?rest_route=\/wp\/v2\/pages\/31\/revisions"}],"predecessor-version":[{"id":9537,"href":"https:\/\/image-bible.ch\/index.php?rest_route=\/wp\/v2\/pages\/31\/revisions\/9537"}],"wp:attachment":[{"href":"https:\/\/image-bible.ch\/index.php?rest_route=%2Fwp%2Fv2%2Fmedia&parent=31"}],"curies":[{"name":"wp","href":"https:\/\/api.w.org\/{rel}","templated":true}]}}