{"id":35,"date":"2021-03-01T09:14:11","date_gmt":"2021-03-01T08:14:11","guid":{"rendered":"http:\/\/image-bible.ch\/?page_id=35"},"modified":"2022-08-09T16:01:45","modified_gmt":"2022-08-09T14:01:45","slug":"8-le-massacre-des-innocents","status":"publish","type":"page","link":"https:\/\/image-bible.ch\/?page_id=35","title":{"rendered":"A8. Le massacre des innocents"},"content":{"rendered":"<p style=\"text-align: center;\"><span style=\"font-size: 14pt;\"><strong><span style=\"font-family: 'comic sans ms', sans-serif;\">A8 \u2013 Le massacre des innocents<\/span><\/strong><\/span><\/p>\n<p><span style=\"font-family: 'comic sans ms', sans-serif;\">| <a href=\"http:\/\/image-bible.ch\/?page_id=649\" target=\"_blank\" rel=\"noreferrer noopener\">La Bible des Pauvres<\/a> | <a href=\"http:\/\/image-bible.ch\/?page_id=651\" target=\"_blank\" rel=\"noopener noreferrer\"> Images<\/a> | <a href=\"http:\/\/image-bible.ch\/?page_id=653\" target=\"_blank\" rel=\"noreferrer noopener\">Nouveau-Testament<\/a> | <a href=\"http:\/\/image-bible.ch\/?page_id=655\" target=\"_blank\" rel=\"noreferrer noopener\">Ancien-Testament<\/a> | <a href=\"http:\/\/image-bible.ch\/?page_id=657\" target=\"_blank\" rel=\"noreferrer noopener\">Interpr\u00e9tation<\/a> | <a href=\"http:\/\/image-bible.ch\/?page_id=659\" target=\"_blank\" rel=\"noreferrer noopener\">Ic\u00f4ne<\/a> | <a href=\"http:\/\/image-bible.ch\/?page_id=661\" target=\"_blank\" rel=\"noreferrer noopener\">F\u00eate juive et chr\u00e9tienne<\/a> | <a href=\"http:\/\/image-bible.ch\/?page_id=663\" target=\"_blank\" rel=\"noreferrer noopener\">KT enfants<\/a> | <a href=\"http:\/\/image-bible.ch\/?page_id=665\" target=\"_blank\" rel=\"noreferrer noopener\">Jeunes<\/a> | <a href=\"http:\/\/image-bible.ch\/?page_id=667\" target=\"_blank\" rel=\"noreferrer noopener\">Divers Vid\u00e9o &#8211; R\u00e9f\u00e9rences<\/a> |<\/span><\/p>\n<hr \/>\n<p style=\"text-align: center;\"><strong><span style=\"font-family: 'book antiqua', palatino, serif;\">Page de pr\u00e9sentation<\/span><\/strong><\/p>\n<p>Le diaporama de la bible des pauvres : <a href=\"http:\/\/image-bible.ch\/wp-content\/uploads\/2021\/05\/8.-Massacre-des-innocents.pptx\">8. Massacre des innocents<\/a><\/p>\n<p><img loading=\"lazy\" decoding=\"async\" class=\"alignnone wp-image-5499\" src=\"http:\/\/image-bible.ch\/wp-content\/uploads\/2021\/05\/8.-Massacre-des-innocents--195x300.jpg\" alt=\"\" width=\"222\" height=\"342\" srcset=\"https:\/\/image-bible.ch\/wp-content\/uploads\/2021\/05\/8.-Massacre-des-innocents--195x300.jpg 195w, https:\/\/image-bible.ch\/wp-content\/uploads\/2021\/05\/8.-Massacre-des-innocents--666x1024.jpg 666w, https:\/\/image-bible.ch\/wp-content\/uploads\/2021\/05\/8.-Massacre-des-innocents--768x1180.jpg 768w, https:\/\/image-bible.ch\/wp-content\/uploads\/2021\/05\/8.-Massacre-des-innocents-.jpg 844w\" sizes=\"(max-width: 222px) 100vw, 222px\" \/><\/p>\n<p><img loading=\"lazy\" decoding=\"async\" class=\"alignnone size-medium wp-image-7063\" src=\"http:\/\/image-bible.ch\/wp-content\/uploads\/5.-Massacre-des-innocents-Les-pretres-massacre-par-Saul-Attalie-fait-tuer-ses-petts-enfants-300x300.jpg\" alt=\"\" width=\"300\" height=\"300\" srcset=\"https:\/\/image-bible.ch\/wp-content\/uploads\/5.-Massacre-des-innocents-Les-pretres-massacre-par-Saul-Attalie-fait-tuer-ses-petts-enfants-300x300.jpg 300w, https:\/\/image-bible.ch\/wp-content\/uploads\/5.-Massacre-des-innocents-Les-pretres-massacre-par-Saul-Attalie-fait-tuer-ses-petts-enfants-1022x1024.jpg 1022w, https:\/\/image-bible.ch\/wp-content\/uploads\/5.-Massacre-des-innocents-Les-pretres-massacre-par-Saul-Attalie-fait-tuer-ses-petts-enfants-150x150.jpg 150w, https:\/\/image-bible.ch\/wp-content\/uploads\/5.-Massacre-des-innocents-Les-pretres-massacre-par-Saul-Attalie-fait-tuer-ses-petts-enfants-768x770.jpg 768w, https:\/\/image-bible.ch\/wp-content\/uploads\/5.-Massacre-des-innocents-Les-pretres-massacre-par-Saul-Attalie-fait-tuer-ses-petts-enfants-1533x1536.jpg 1533w, https:\/\/image-bible.ch\/wp-content\/uploads\/5.-Massacre-des-innocents-Les-pretres-massacre-par-Saul-Attalie-fait-tuer-ses-petts-enfants-2044x2048.jpg 2044w, https:\/\/image-bible.ch\/wp-content\/uploads\/5.-Massacre-des-innocents-Les-pretres-massacre-par-Saul-Attalie-fait-tuer-ses-petts-enfants-270x270.jpg 270w, https:\/\/image-bible.ch\/wp-content\/uploads\/5.-Massacre-des-innocents-Les-pretres-massacre-par-Saul-Attalie-fait-tuer-ses-petts-enfants-230x230.jpg 230w\" sizes=\"(max-width: 300px) 100vw, 300px\" \/> Tapisserie de l\u2019abbaye de la Chaise-Dieu (France)<\/p>\n<p>&nbsp;<\/p>\n<hr \/>\n<table style=\"border-collapse: collapse; width: 100%;\">\n<tbody>\n<tr>\n<td style=\"width: 100%;\"><span style=\"font-size: 10pt;\">A1. <a href=\"http:\/\/image-bible.ch\/?page_id=21\">L&rsquo;annonciation \u00e0 Marie<\/a> &#8211; A2. <a href=\"http:\/\/image-bible.ch\/?page_id=23\">La naissance de J\u00e9sus<\/a> &#8211; A3. <a href=\"http:\/\/image-bible.ch\/?page_id=25\">La circoncision<\/a>\u00a0 &#8211; A4. <a href=\"http:\/\/image-bible.ch\/?page_id=27\">L&rsquo;adoration des mages<\/a> &#8211; A5. <a href=\"http:\/\/image-bible.ch\/?page_id=29\">La Pr\u00e9sentation au Temple<\/a> &#8211; A6. <a href=\"http:\/\/image-bible.ch\/?page_id=31\">La fuite en Egypte<\/a> &#8211; A7. <a href=\"http:\/\/image-bible.ch\/?page_id=33\">La chute des idoles\u00a0<\/a> &#8211; A8. <a href=\"http:\/\/image-bible.ch\/?page_id=35\">Le massacre des innocents<\/a> &#8211; A9. <a href=\"http:\/\/image-bible.ch\/?page_id=37\">J\u00e9sus revient d&rsquo;Egypte<\/a><\/span><\/td>\n<\/tr>\n<\/tbody>\n<\/table>\n","protected":false},"excerpt":{"rendered":"<p>A8 \u2013 Le massacre des innocents | La Bible des Pauvres | Images | Nouveau-Testament | Ancien-Testament | Interpr\u00e9tation | Ic\u00f4ne | F\u00eate juive et chr\u00e9tienne | KT enfants | Jeunes | Divers Vid\u00e9o &#8211; R\u00e9f\u00e9rences | Page de pr\u00e9sentation<\/p>\n","protected":false},"author":1,"featured_media":0,"parent":0,"menu_order":8,"comment_status":"closed","ping_status":"closed","template":"","meta":{"footnotes":""},"_links":{"self":[{"href":"https:\/\/image-bible.ch\/index.php?rest_route=\/wp\/v2\/pages\/35"}],"collection":[{"href":"https:\/\/image-bible.ch\/index.php?rest_route=\/wp\/v2\/pages"}],"about":[{"href":"https:\/\/image-bible.ch\/index.php?rest_route=\/wp\/v2\/types\/page"}],"author":[{"embeddable":true,"href":"https:\/\/image-bible.ch\/index.php?rest_route=\/wp\/v2\/users\/1"}],"replies":[{"embeddable":true,"href":"https:\/\/image-bible.ch\/index.php?rest_route=%2Fwp%2Fv2%2Fcomments&post=35"}],"version-history":[{"count":26,"href":"https:\/\/image-bible.ch\/index.php?rest_route=\/wp\/v2\/pages\/35\/revisions"}],"predecessor-version":[{"id":7069,"href":"https:\/\/image-bible.ch\/index.php?rest_route=\/wp\/v2\/pages\/35\/revisions\/7069"}],"wp:attachment":[{"href":"https:\/\/image-bible.ch\/index.php?rest_route=%2Fwp%2Fv2%2Fmedia&parent=35"}],"curies":[{"name":"wp","href":"https:\/\/api.w.org\/{rel}","templated":true}]}}