{"id":37,"date":"2021-03-01T09:14:40","date_gmt":"2021-03-01T08:14:40","guid":{"rendered":"http:\/\/image-bible.ch\/?page_id=37"},"modified":"2021-05-25T20:45:17","modified_gmt":"2021-05-25T18:45:17","slug":"9-jesus-revient-degypte","status":"publish","type":"page","link":"https:\/\/image-bible.ch\/?page_id=37","title":{"rendered":"A9. J\u00e9sus revient d&rsquo;Egypte"},"content":{"rendered":"<p style=\"text-align: center;\"><strong><span style=\"font-family: 'comic sans ms', sans-serif; font-size: 14pt;\">A9 \u2013 J\u00e9sus revient d&rsquo;Egypte<\/span><\/strong><\/p>\n<p><span style=\"font-family: 'comic sans ms', sans-serif;\">| <a href=\"http:\/\/image-bible.ch\/?page_id=687\" target=\"_blank\" rel=\"noreferrer noopener\">La Bible des Pauvres<\/a> | <a href=\"http:\/\/image-bible.ch\/?page_id=689\" target=\"_blank\" rel=\"noopener\"> Images<\/a> | <a href=\"http:\/\/image-bible.ch\/?page_id=691\" target=\"_blank\" rel=\"noreferrer noopener\">Nouveau-Testament<\/a> | <a href=\"http:\/\/image-bible.ch\/?page_id=693\" target=\"_blank\" rel=\"noreferrer noopener\">Ancien-Testament<\/a> | <a href=\"http:\/\/image-bible.ch\/?page_id=695\" target=\"_blank\" rel=\"noreferrer noopener\">Interpr\u00e9tation<\/a> | <a href=\"http:\/\/image-bible.ch\/?page_id=697\" target=\"_blank\" rel=\"noreferrer noopener\">Ic\u00f4ne<\/a> | <a href=\"http:\/\/image-bible.ch\/?page_id=699\" target=\"_blank\" rel=\"noreferrer noopener\">F\u00eate juive et chr\u00e9tienne<\/a> | <a href=\"http:\/\/image-bible.ch\/?page_id=701\" target=\"_blank\" rel=\"noreferrer noopener\">KT enfants<\/a> | <a href=\"http:\/\/image-bible.ch\/?page_id=704\" target=\"_blank\" rel=\"noreferrer noopener\">Jeunes<\/a> | <a href=\"http:\/\/image-bible.ch\/?page_id=706\" target=\"_blank\" rel=\"noreferrer noopener\">Divers Vid\u00e9o &#8211; R\u00e9f\u00e9rences<\/a> |<\/span><\/p>\n<hr \/>\n<p style=\"text-align: center;\"><strong><span style=\"font-family: 'book antiqua', palatino, serif;\">Page de pr\u00e9sentation<\/span><\/strong><\/p>\n<p>Le diaporama de la bible des pauvres : <a href=\"http:\/\/image-bible.ch\/wp-content\/uploads\/2021\/05\/9.-BP-Retour-dEgypte.pptx\">9. Retour d&rsquo;Egypte<\/a><\/p>\n<p><img loading=\"lazy\" decoding=\"async\" class=\"alignnone size-medium wp-image-5513\" src=\"http:\/\/image-bible.ch\/wp-content\/uploads\/2021\/05\/9.-Retour-de-lEgypte-203x300.jpg\" alt=\"\" width=\"203\" height=\"300\" srcset=\"https:\/\/image-bible.ch\/wp-content\/uploads\/2021\/05\/9.-Retour-de-lEgypte-203x300.jpg 203w, https:\/\/image-bible.ch\/wp-content\/uploads\/2021\/05\/9.-Retour-de-lEgypte.jpg 659w\" sizes=\"(max-width: 203px) 100vw, 203px\" \/><\/p>\n<p>&nbsp;<\/p>\n<hr \/>\n<table style=\"border-collapse: collapse; width: 100%;\">\n<tbody>\n<tr>\n<td style=\"width: 100%;\"><span style=\"font-size: 10pt;\">A1. <a href=\"http:\/\/image-bible.ch\/?page_id=21\">L&rsquo;annonciation \u00e0 Marie<\/a> &#8211; A2. <a href=\"http:\/\/image-bible.ch\/?page_id=23\">La naissance de J\u00e9sus<\/a> &#8211; A3. <a href=\"http:\/\/image-bible.ch\/?page_id=25\">La circoncision<\/a>\u00a0 &#8211; A4. <a href=\"http:\/\/image-bible.ch\/?page_id=27\">L&rsquo;adoration des mages<\/a> &#8211; A5. <a href=\"http:\/\/image-bible.ch\/?page_id=29\">La Pr\u00e9sentation au Temple<\/a> &#8211; A6. <a href=\"http:\/\/image-bible.ch\/?page_id=31\">La fuite en Egypte<\/a> &#8211; A7. <a href=\"http:\/\/image-bible.ch\/?page_id=33\">La chute des idoles\u00a0<\/a> &#8211; A8. <a href=\"http:\/\/image-bible.ch\/?page_id=35\">Le massacre des innocents<\/a> &#8211; A9. <a href=\"http:\/\/image-bible.ch\/?page_id=37\">J\u00e9sus revient d&rsquo;Egypte<\/a><\/span><\/td>\n<\/tr>\n<\/tbody>\n<\/table>\n","protected":false},"excerpt":{"rendered":"<p>A9 \u2013 J\u00e9sus revient d&rsquo;Egypte | La Bible des Pauvres | Images | Nouveau-Testament | Ancien-Testament | Interpr\u00e9tation | Ic\u00f4ne | F\u00eate juive et chr\u00e9tienne | KT enfants | Jeunes | Divers Vid\u00e9o &#8211; R\u00e9f\u00e9rences | Page de pr\u00e9sentation Le<\/p>\n","protected":false},"author":1,"featured_media":0,"parent":0,"menu_order":0,"comment_status":"closed","ping_status":"closed","template":"","meta":{"footnotes":""},"_links":{"self":[{"href":"https:\/\/image-bible.ch\/index.php?rest_route=\/wp\/v2\/pages\/37"}],"collection":[{"href":"https:\/\/image-bible.ch\/index.php?rest_route=\/wp\/v2\/pages"}],"about":[{"href":"https:\/\/image-bible.ch\/index.php?rest_route=\/wp\/v2\/types\/page"}],"author":[{"embeddable":true,"href":"https:\/\/image-bible.ch\/index.php?rest_route=\/wp\/v2\/users\/1"}],"replies":[{"embeddable":true,"href":"https:\/\/image-bible.ch\/index.php?rest_route=%2Fwp%2Fv2%2Fcomments&post=37"}],"version-history":[{"count":20,"href":"https:\/\/image-bible.ch\/index.php?rest_route=\/wp\/v2\/pages\/37\/revisions"}],"predecessor-version":[{"id":5535,"href":"https:\/\/image-bible.ch\/index.php?rest_route=\/wp\/v2\/pages\/37\/revisions\/5535"}],"wp:attachment":[{"href":"https:\/\/image-bible.ch\/index.php?rest_route=%2Fwp%2Fv2%2Fmedia&parent=37"}],"curies":[{"name":"wp","href":"https:\/\/api.w.org\/{rel}","templated":true}]}}