{"id":6971,"date":"2022-07-05T14:31:11","date_gmt":"2022-07-05T12:31:11","guid":{"rendered":"http:\/\/image-bible.ch\/?page_id=6971"},"modified":"2024-08-20T15:11:11","modified_gmt":"2024-08-20T13:11:11","slug":"d-24-la-guerison-du-lepreux","status":"publish","type":"page","link":"https:\/\/image-bible.ch\/?page_id=6971","title":{"rendered":"D.24 La gu\u00e9rison du l\u00e9preux"},"content":{"rendered":"<h1>D. 24 La gu\u00e9rison du l\u00e9preux<\/h1>\n<p>| <a href=\"http:\/\/image-bible.ch\/?page_id=6975\" target=\"_blank\" rel=\"noreferrer noopener\">La Bible des Pauvres<\/a> | <a href=\"http:\/\/image-bible.ch\/?page_id=6979\" target=\"_blank\" rel=\"noopener noreferrer\"> Images<\/a> | <a href=\"http:\/\/image-bible.ch\/?page_id=6981\" target=\"_blank\" rel=\"noreferrer noopener\">Nouveau-Testament<\/a> | <a href=\"http:\/\/image-bible.ch\/?page_id=6983\" target=\"_blank\" rel=\"noreferrer noopener\">Ancien-Testament<\/a> | <a href=\"http:\/\/image-bible.ch\/?page_id=6985\" target=\"_blank\" rel=\"noreferrer noopener\">Interpr\u00e9tation<\/a> | <a href=\"http:\/\/image-bible.ch\/?page_id=6988\" target=\"_blank\" rel=\"noreferrer noopener\">Ic\u00f4ne<\/a> | <a href=\"http:\/\/image-bible.ch\/?page_id=6990\" target=\"_blank\" rel=\"noreferrer noopener\">F\u00eate juive et chr\u00e9tienne<\/a> | <a href=\"http:\/\/image-bible.ch\/?page_id=6994\" target=\"_blank\" rel=\"noreferrer noopener\">KT enfants<\/a> | <a href=\"http:\/\/image-bible.ch\/?page_id=6996\" target=\"_blank\" rel=\"noreferrer noopener\">Jeunes<\/a> | <a href=\"http:\/\/image-bible.ch\/?page_id=6998\" target=\"_blank\" rel=\"noreferrer noopener\">Divers &#8211; Vid\u00e9o &#8211; R\u00e9f\u00e9rences<\/a>|<\/p>\n<p>Du livre les 40 clefs pour rencontrer J\u00e9sus : <a href=\"http:\/\/image-bible.ch\/wp-content\/uploads\/16.-Guerison-du-lepreux.pdf\">16. Gu\u00e9rison du l\u00e9preux<\/a><\/p>\n<p><img loading=\"lazy\" decoding=\"async\" class=\"alignnone  wp-image-7210\" src=\"http:\/\/image-bible.ch\/wp-content\/uploads\/M6-Guerison-du-lepreux-217x300.jpg\" alt=\"\" width=\"365\" height=\"505\" srcset=\"https:\/\/image-bible.ch\/wp-content\/uploads\/M6-Guerison-du-lepreux-217x300.jpg 217w, https:\/\/image-bible.ch\/wp-content\/uploads\/M6-Guerison-du-lepreux-740x1024.jpg 740w, https:\/\/image-bible.ch\/wp-content\/uploads\/M6-Guerison-du-lepreux-768x1063.jpg 768w, https:\/\/image-bible.ch\/wp-content\/uploads\/M6-Guerison-du-lepreux-1110x1536.jpg 1110w, https:\/\/image-bible.ch\/wp-content\/uploads\/M6-Guerison-du-lepreux-1480x2048.jpg 1480w, https:\/\/image-bible.ch\/wp-content\/uploads\/M6-Guerison-du-lepreux-scaled.jpg 1850w\" sizes=\"(max-width: 365px) 100vw, 365px\" \/><\/p>\n<p>La gu\u00e9rison du l\u00e9preux, mosa\u00efque byzantine, Monreale, Sicile.<\/p>\n<p><img loading=\"lazy\" decoding=\"async\" class=\"alignnone  wp-image-7211\" src=\"http:\/\/image-bible.ch\/wp-content\/uploads\/M16-Guerison-des-10-lepreux-209x300.jpg\" alt=\"\" width=\"480\" height=\"689\" srcset=\"https:\/\/image-bible.ch\/wp-content\/uploads\/M16-Guerison-des-10-lepreux-209x300.jpg 209w, https:\/\/image-bible.ch\/wp-content\/uploads\/M16-Guerison-des-10-lepreux-712x1024.jpg 712w, https:\/\/image-bible.ch\/wp-content\/uploads\/M16-Guerison-des-10-lepreux-768x1104.jpg 768w, https:\/\/image-bible.ch\/wp-content\/uploads\/M16-Guerison-des-10-lepreux-1069x1536.jpg 1069w, https:\/\/image-bible.ch\/wp-content\/uploads\/M16-Guerison-des-10-lepreux-1425x2048.jpg 1425w, https:\/\/image-bible.ch\/wp-content\/uploads\/M16-Guerison-des-10-lepreux-scaled.jpg 1781w\" sizes=\"(max-width: 480px) 100vw, 480px\" \/><\/p>\n<p>La gu\u00e9rison des 10 l\u00e9preux, mosa\u00efque byzantine, Monreale, Sicile.<\/p>\n<p>&nbsp;<\/p>\n<hr \/>\n<table>\n<tbody>\n<tr>\n<td style=\"width: 718.817px;\">D22. <a href=\"http:\/\/image-bible.ch\/?page_id=2347\" target=\"_blank\" rel=\"noopener noreferrer\">Gu\u00e9rison du paralytique<\/a> \u2013 D23. <a href=\"http:\/\/image-bible.ch\/?page_id=2349\" target=\"_blank\" rel=\"noopener noreferrer\">Gu\u00e9rison de l&rsquo;aveugle de naissance<\/a> &#8211; D24 <a href=\"http:\/\/image-bible.ch\/?page_id=6971\">La gu\u00e9rison du l\u00e9preux<\/a><\/td>\n<\/tr>\n<\/tbody>\n<\/table>\n","protected":false},"excerpt":{"rendered":"<p>D. 24 La gu\u00e9rison du l\u00e9preux | La Bible des Pauvres | Images | Nouveau-Testament | Ancien-Testament | Interpr\u00e9tation | Ic\u00f4ne | F\u00eate juive et chr\u00e9tienne | KT enfants | Jeunes | Divers &#8211; Vid\u00e9o &#8211; R\u00e9f\u00e9rences| Du livre les<\/p>\n","protected":false},"author":1,"featured_media":0,"parent":0,"menu_order":0,"comment_status":"closed","ping_status":"closed","template":"","meta":{"footnotes":""},"_links":{"self":[{"href":"https:\/\/image-bible.ch\/index.php?rest_route=\/wp\/v2\/pages\/6971"}],"collection":[{"href":"https:\/\/image-bible.ch\/index.php?rest_route=\/wp\/v2\/pages"}],"about":[{"href":"https:\/\/image-bible.ch\/index.php?rest_route=\/wp\/v2\/types\/page"}],"author":[{"embeddable":true,"href":"https:\/\/image-bible.ch\/index.php?rest_route=\/wp\/v2\/users\/1"}],"replies":[{"embeddable":true,"href":"https:\/\/image-bible.ch\/index.php?rest_route=%2Fwp%2Fv2%2Fcomments&post=6971"}],"version-history":[{"count":11,"href":"https:\/\/image-bible.ch\/index.php?rest_route=\/wp\/v2\/pages\/6971\/revisions"}],"predecessor-version":[{"id":7317,"href":"https:\/\/image-bible.ch\/index.php?rest_route=\/wp\/v2\/pages\/6971\/revisions\/7317"}],"wp:attachment":[{"href":"https:\/\/image-bible.ch\/index.php?rest_route=%2Fwp%2Fv2%2Fmedia&parent=6971"}],"curies":[{"name":"wp","href":"https:\/\/api.w.org\/{rel}","templated":true}]}}