{"id":7466,"date":"2024-08-30T16:36:31","date_gmt":"2024-08-30T14:36:31","guid":{"rendered":"https:\/\/image-bible.ch\/?page_id=7466"},"modified":"2024-09-03T00:09:06","modified_gmt":"2024-09-02T22:09:06","slug":"images-pour-la-catechese","status":"publish","type":"page","link":"https:\/\/image-bible.ch\/?page_id=7466","title":{"rendered":"Images pour la cat\u00e9ch\u00e8se"},"content":{"rendered":"<p><a href=\"https:\/\/image-bible.ch\/?page_id=7472\">Images Ancien Testament<\/a><\/p>\n<p><a href=\"https:\/\/image-bible.ch\/?page_id=7623\">Images Nouveau Testament<\/a><\/p>\n<p><a href=\"https:\/\/image-bible.ch\/?page_id=8355\">La messe<\/a><\/p>\n<p><a href=\"https:\/\/image-bible.ch\/?page_id=8711\">Chemin de croix et croix<\/a><\/p>\n<p>Si vous souhaitez les images en meilleures r\u00e9solution \u00e9crivez en envoyant l&rsquo;image \u00e0 bschubiger@bluewin.ch<\/p>\n","protected":false},"excerpt":{"rendered":"<p>Images Ancien Testament Images Nouveau Testament La messe Chemin de croix et croix Si vous souhaitez les images en meilleures r\u00e9solution \u00e9crivez en envoyant l&rsquo;image \u00e0 bschubiger@bluewin.ch<\/p>\n","protected":false},"author":1,"featured_media":0,"parent":0,"menu_order":0,"comment_status":"closed","ping_status":"closed","template":"","meta":{"footnotes":""},"_links":{"self":[{"href":"https:\/\/image-bible.ch\/index.php?rest_route=\/wp\/v2\/pages\/7466"}],"collection":[{"href":"https:\/\/image-bible.ch\/index.php?rest_route=\/wp\/v2\/pages"}],"about":[{"href":"https:\/\/image-bible.ch\/index.php?rest_route=\/wp\/v2\/types\/page"}],"author":[{"embeddable":true,"href":"https:\/\/image-bible.ch\/index.php?rest_route=\/wp\/v2\/users\/1"}],"replies":[{"embeddable":true,"href":"https:\/\/image-bible.ch\/index.php?rest_route=%2Fwp%2Fv2%2Fcomments&post=7466"}],"version-history":[{"count":8,"href":"https:\/\/image-bible.ch\/index.php?rest_route=\/wp\/v2\/pages\/7466\/revisions"}],"predecessor-version":[{"id":8821,"href":"https:\/\/image-bible.ch\/index.php?rest_route=\/wp\/v2\/pages\/7466\/revisions\/8821"}],"wp:attachment":[{"href":"https:\/\/image-bible.ch\/index.php?rest_route=%2Fwp%2Fv2%2Fmedia&parent=7466"}],"curies":[{"name":"wp","href":"https:\/\/api.w.org\/{rel}","templated":true}]}}