{"id":82,"date":"2021-03-01T16:30:11","date_gmt":"2021-03-01T15:30:11","guid":{"rendered":"http:\/\/image-bible.ch\/?page_id=82"},"modified":"2024-08-21T14:47:10","modified_gmt":"2024-08-21T12:47:10","slug":"descente-au-sejour-des-morts","status":"publish","type":"page","link":"https:\/\/image-bible.ch\/?page_id=82","title":{"rendered":"F43. Descente au s\u00e9jour des morts"},"content":{"rendered":"<p style=\"text-align: center;\"><span style=\"font-size: 14pt; font-family: 'comic sans ms', sans-serif;\">F43 &#8211; Descente au s\u00e9jour des morts (lib\u00e9ration des enfers)<br \/>\n<\/span><\/p>\n<p><span style=\"font-family: 'comic sans ms', sans-serif;\">| <a href=\"http:\/\/image-bible.ch\/?page_id=1553\" target=\"_blank\" rel=\"noreferrer noopener\">La Bible des Pauvres<\/a> | <a href=\"http:\/\/image-bible.ch\/?page_id=1555\" target=\"_blank\" rel=\"noopener noreferrer\"> Images<\/a> | <a href=\"http:\/\/image-bible.ch\/?page_id=1558\" target=\"_blank\" rel=\"noreferrer noopener\">Nouveau-Testament<\/a> | <a href=\"http:\/\/image-bible.ch\/?page_id=1560\" target=\"_blank\" rel=\"noreferrer noopener\">Ancien-Testament<\/a> | <a href=\"http:\/\/image-bible.ch\/?page_id=1562\" target=\"_blank\" rel=\"noreferrer noopener\">Interpr\u00e9tation<\/a> | <a href=\"http:\/\/image-bible.ch\/?page_id=1564\" target=\"_blank\" rel=\"noreferrer noopener\">Ic\u00f4ne<\/a> | <a href=\"http:\/\/image-bible.ch\/?page_id=1566\" target=\"_blank\" rel=\"noreferrer noopener\">F\u00eate juive et chr\u00e9tienne<\/a> | <a href=\"http:\/\/image-bible.ch\/?page_id=1568\" target=\"_blank\" rel=\"noreferrer noopener\">KT enfants<\/a> | <a href=\"http:\/\/image-bible.ch\/?page_id=1570\" target=\"_blank\" rel=\"noreferrer noopener\">Jeunes<\/a> | <a href=\"http:\/\/image-bible.ch\/?page_id=1572\" target=\"_blank\" rel=\"noreferrer noopener\">Divers Vid\u00e9o &#8211; R\u00e9f\u00e9rences<\/a> |<\/span><\/p>\n<hr \/>\n<p style=\"text-align: center;\"><strong><span style=\"font-family: 'book antiqua', palatino, serif;\">Page de pr\u00e9sentation<\/span><\/strong><\/p>\n<p>Biblia pauperum : <a href=\"http:\/\/image-bible.ch\/wp-content\/uploads\/32.-Descente-de-Jesus-au-sejour-des-morts.pptx\">32. Descente de J\u00e9sus au s\u00e9jour des morts<\/a><\/p>\n<p><img loading=\"lazy\" decoding=\"async\" class=\"alignnone wp-image-5701\" src=\"http:\/\/image-bible.ch\/wp-content\/uploads\/2021\/05\/32.-Descente-au-sejour-des-morts-198x300.jpg\" alt=\"\" width=\"260\" height=\"394\" srcset=\"https:\/\/image-bible.ch\/wp-content\/uploads\/2021\/05\/32.-Descente-au-sejour-des-morts-198x300.jpg 198w, https:\/\/image-bible.ch\/wp-content\/uploads\/2021\/05\/32.-Descente-au-sejour-des-morts.jpg 641w\" sizes=\"(max-width: 260px) 100vw, 260px\" \/><\/p>\n<p><img loading=\"lazy\" decoding=\"async\" class=\"alignnone size-medium wp-image-7089\" src=\"http:\/\/image-bible.ch\/wp-content\/uploads\/17.-Jesus-ressuscite-avec-Adam-et-Eve-David-qui-a-tue-Goliath-accueillit-par-les-femmes-Les-3-jeunes-gens-preserve-du-feu-par-un-ange-300x128.jpg\" alt=\"\" width=\"300\" height=\"128\" srcset=\"https:\/\/image-bible.ch\/wp-content\/uploads\/17.-Jesus-ressuscite-avec-Adam-et-Eve-David-qui-a-tue-Goliath-accueillit-par-les-femmes-Les-3-jeunes-gens-preserve-du-feu-par-un-ange-300x128.jpg 300w, https:\/\/image-bible.ch\/wp-content\/uploads\/17.-Jesus-ressuscite-avec-Adam-et-Eve-David-qui-a-tue-Goliath-accueillit-par-les-femmes-Les-3-jeunes-gens-preserve-du-feu-par-un-ange-1024x436.jpg 1024w, https:\/\/image-bible.ch\/wp-content\/uploads\/17.-Jesus-ressuscite-avec-Adam-et-Eve-David-qui-a-tue-Goliath-accueillit-par-les-femmes-Les-3-jeunes-gens-preserve-du-feu-par-un-ange-768x327.jpg 768w, https:\/\/image-bible.ch\/wp-content\/uploads\/17.-Jesus-ressuscite-avec-Adam-et-Eve-David-qui-a-tue-Goliath-accueillit-par-les-femmes-Les-3-jeunes-gens-preserve-du-feu-par-un-ange-1536x654.jpg 1536w, https:\/\/image-bible.ch\/wp-content\/uploads\/17.-Jesus-ressuscite-avec-Adam-et-Eve-David-qui-a-tue-Goliath-accueillit-par-les-femmes-Les-3-jeunes-gens-preserve-du-feu-par-un-ange-2048x872.jpg 2048w\" sizes=\"(max-width: 300px) 100vw, 300px\" \/> Tapisserie de l\u2019abbaye de la Chaise-Dieu (France)<\/p>\n<hr \/>\n<table style=\"border-collapse: collapse; width: 100%; height: 24px;\">\n<tbody>\n<tr style=\"height: 24px;\">\n<td style=\"width: 100%; height: 24px;\"><span style=\"font-size: 10pt;\">F28. <a href=\"http:\/\/image-bible.ch\/?page_id=113\">Entr\u00e9e de J\u00e9sus \u00e0 J\u00e9rusalem<\/a> \u2013 F29. <a href=\"http:\/\/image-bible.ch\/?page_id=2731\" target=\"_blank\" rel=\"noopener noreferrer\">Derni\u00e8re C\u00e8ne<\/a> \u2013 F30. <a href=\"http:\/\/image-bible.ch\/?page_id=2719\" target=\"_blank\" rel=\"noopener noreferrer\">Lavement des pieds<\/a> \u2013 F31. <a href=\"http:\/\/image-bible.ch\/?page_id=2721\" target=\"_blank\" rel=\"noopener noreferrer\">Agonie du Christ \u00e0 Geths\u00e9mani<\/a> \u2013 F32. <a href=\"http:\/\/image-bible.ch\/?page_id=2723\" target=\"_blank\" rel=\"noopener noreferrer\">Judas vend J\u00e9sus<\/a> \u2013 F33. <a href=\"http:\/\/image-bible.ch\/?page_id=2725\" target=\"_blank\" rel=\"noopener noreferrer\">Judas prend l&rsquo;argent<\/a> \u2013 F34. <a href=\"http:\/\/image-bible.ch\/?page_id=2727\" target=\"_blank\" rel=\"noopener noreferrer\">Baiser de Judas &#8211; Arrestation de J\u00e9sus<\/a> \u2013 F35. <a href=\"http:\/\/image-bible.ch\/?page_id=98\" target=\"_blank\" rel=\"noopener noreferrer\">Judas se pend<\/a> \u2013 F36. <a href=\"http:\/\/image-bible.ch\/?page_id=96\" target=\"_blank\" rel=\"noopener noreferrer\">J\u00e9sus devant Pilate<\/a> \u2013 F37. <a href=\"http:\/\/image-bible.ch\/?page_id=94\" target=\"_blank\" rel=\"noopener noreferrer\">Couronne d&rsquo;\u00e9pine &#8211; Moquerie<\/a> \u2013 F38. <a href=\"http:\/\/image-bible.ch\/?page_id=92\" target=\"_blank\" rel=\"noopener noreferrer\">La flagellation<\/a>\u2013 F39. <a href=\"http:\/\/image-bible.ch\/?page_id=90\" target=\"_blank\" rel=\"noopener noreferrer\">J\u00e9sus porte sa croix<\/a> \u2013 F40. <a href=\"http:\/\/image-bible.ch\/?page_id=88\" target=\"_blank\" rel=\"noopener noreferrer\">J\u00e9sus crucifi\u00e9 <\/a>\u00a0\u2013 F41. <a href=\"http:\/\/image-bible.ch\/?page_id=86\" target=\"_blank\" rel=\"noopener noreferrer\">Mort de J\u00e9sus &#8211; C\u00f4t\u00e9 transperc\u00e9<\/a>\u00a0 \u2013 F42. <a href=\"http:\/\/image-bible.ch\/?page_id=84\" target=\"_blank\" rel=\"noopener noreferrer\">Mise au tombeau<\/a> \u2013 F43. <a href=\"http:\/\/image-bible.ch\/?page_id=82\" target=\"_blank\" rel=\"noopener noreferrer\">Descente au s\u00e9jour des morts<\/a><\/span><\/td>\n<\/tr>\n<\/tbody>\n<\/table>\n","protected":false},"excerpt":{"rendered":"<p>F43 &#8211; Descente au s\u00e9jour des morts (lib\u00e9ration des enfers) | La Bible des Pauvres | Images | Nouveau-Testament | Ancien-Testament | Interpr\u00e9tation | Ic\u00f4ne | F\u00eate juive et chr\u00e9tienne | KT enfants | Jeunes | Divers Vid\u00e9o &#8211; R\u00e9f\u00e9rences<\/p>\n","protected":false},"author":1,"featured_media":0,"parent":0,"menu_order":0,"comment_status":"closed","ping_status":"closed","template":"","meta":{"footnotes":""},"_links":{"self":[{"href":"https:\/\/image-bible.ch\/index.php?rest_route=\/wp\/v2\/pages\/82"}],"collection":[{"href":"https:\/\/image-bible.ch\/index.php?rest_route=\/wp\/v2\/pages"}],"about":[{"href":"https:\/\/image-bible.ch\/index.php?rest_route=\/wp\/v2\/types\/page"}],"author":[{"embeddable":true,"href":"https:\/\/image-bible.ch\/index.php?rest_route=\/wp\/v2\/users\/1"}],"replies":[{"embeddable":true,"href":"https:\/\/image-bible.ch\/index.php?rest_route=%2Fwp%2Fv2%2Fcomments&post=82"}],"version-history":[{"count":11,"href":"https:\/\/image-bible.ch\/index.php?rest_route=\/wp\/v2\/pages\/82\/revisions"}],"predecessor-version":[{"id":7386,"href":"https:\/\/image-bible.ch\/index.php?rest_route=\/wp\/v2\/pages\/82\/revisions\/7386"}],"wp:attachment":[{"href":"https:\/\/image-bible.ch\/index.php?rest_route=%2Fwp%2Fv2%2Fmedia&parent=82"}],"curies":[{"name":"wp","href":"https:\/\/api.w.org\/{rel}","templated":true}]}}