{"id":8911,"date":"2024-10-30T18:43:28","date_gmt":"2024-10-30T17:43:28","guid":{"rendered":"https:\/\/image-bible.ch\/?page_id=8911"},"modified":"2024-11-03T21:19:17","modified_gmt":"2024-11-03T20:19:17","slug":"b12-6-icones","status":"publish","type":"page","link":"https:\/\/image-bible.ch\/?page_id=8911","title":{"rendered":"B12.6 Ic\u00f4nes"},"content":{"rendered":"<p>B12. La multiplication des pains \/\u00a0 Ic\u00f4nes<\/p>\n<p><img loading=\"lazy\" decoding=\"async\" class=\"alignnone wp-image-8917\" src=\"http:\/\/image-bible.ch\/wp-content\/uploads\/Multiplication-des-pains-Fresques-icone-Capharnaum-orthodoxe--300x243.jpg\" alt=\"\" width=\"523\" height=\"424\" srcset=\"https:\/\/image-bible.ch\/wp-content\/uploads\/Multiplication-des-pains-Fresques-icone-Capharnaum-orthodoxe--300x243.jpg 300w, https:\/\/image-bible.ch\/wp-content\/uploads\/Multiplication-des-pains-Fresques-icone-Capharnaum-orthodoxe--1024x830.jpg 1024w, https:\/\/image-bible.ch\/wp-content\/uploads\/Multiplication-des-pains-Fresques-icone-Capharnaum-orthodoxe--768x622.jpg 768w, https:\/\/image-bible.ch\/wp-content\/uploads\/Multiplication-des-pains-Fresques-icone-Capharnaum-orthodoxe--1536x1245.jpg 1536w, https:\/\/image-bible.ch\/wp-content\/uploads\/Multiplication-des-pains-Fresques-icone-Capharnaum-orthodoxe--2048x1659.jpg 2048w\" sizes=\"(max-width: 523px) 100vw, 523px\" \/><\/p>\n<p>Multiplication des pains : fresque \u00e9glise orthodoxe de Capharna\u00fcm<\/p>\n<p><img loading=\"lazy\" decoding=\"async\" class=\"alignnone wp-image-8903\" src=\"http:\/\/image-bible.ch\/wp-content\/uploads\/Amour-et-mission-de-Pierre-St-Pierre-en-Galicante-Jerusalem-199x300.jpg\" alt=\"\" width=\"248\" height=\"374\" srcset=\"https:\/\/image-bible.ch\/wp-content\/uploads\/Amour-et-mission-de-Pierre-St-Pierre-en-Galicante-Jerusalem-199x300.jpg 199w, https:\/\/image-bible.ch\/wp-content\/uploads\/Amour-et-mission-de-Pierre-St-Pierre-en-Galicante-Jerusalem-680x1024.jpg 680w, https:\/\/image-bible.ch\/wp-content\/uploads\/Amour-et-mission-de-Pierre-St-Pierre-en-Galicante-Jerusalem-768x1156.jpg 768w, https:\/\/image-bible.ch\/wp-content\/uploads\/Amour-et-mission-de-Pierre-St-Pierre-en-Galicante-Jerusalem-1020x1536.jpg 1020w, https:\/\/image-bible.ch\/wp-content\/uploads\/Amour-et-mission-de-Pierre-St-Pierre-en-Galicante-Jerusalem-1360x2048.jpg 1360w, https:\/\/image-bible.ch\/wp-content\/uploads\/Amour-et-mission-de-Pierre-St-Pierre-en-Galicante-Jerusalem-scaled.jpg 1700w\" sizes=\"(max-width: 248px) 100vw, 248px\" \/><img loading=\"lazy\" decoding=\"async\" class=\" wp-image-8905 alignright\" src=\"http:\/\/image-bible.ch\/wp-content\/uploads\/Amour-et-mission-de-Pierre-feu-multiplication-pain-St-Pierre-en-Galicante-300x199.jpg\" alt=\"\" width=\"346\" height=\"230\" srcset=\"https:\/\/image-bible.ch\/wp-content\/uploads\/Amour-et-mission-de-Pierre-feu-multiplication-pain-St-Pierre-en-Galicante-300x199.jpg 300w, https:\/\/image-bible.ch\/wp-content\/uploads\/Amour-et-mission-de-Pierre-feu-multiplication-pain-St-Pierre-en-Galicante-1024x680.jpg 1024w, https:\/\/image-bible.ch\/wp-content\/uploads\/Amour-et-mission-de-Pierre-feu-multiplication-pain-St-Pierre-en-Galicante-768x510.jpg 768w, https:\/\/image-bible.ch\/wp-content\/uploads\/Amour-et-mission-de-Pierre-feu-multiplication-pain-St-Pierre-en-Galicante-1536x1020.jpg 1536w, https:\/\/image-bible.ch\/wp-content\/uploads\/Amour-et-mission-de-Pierre-feu-multiplication-pain-St-Pierre-en-Galicante-2048x1360.jpg 2048w\" sizes=\"(max-width: 346px) 100vw, 346px\" \/><\/p>\n<p>Mission de Pierre : transmettre le feu de l&rsquo;amour et le multiplier : Ic\u00f4ne de l&rsquo;\u00e9glise St Pierre en Alicante \u00e0 J\u00e9rusalem<\/p>\n<p><img loading=\"lazy\" decoding=\"async\" class=\"alignnone  wp-image-6566\" src=\"http:\/\/image-bible.ch\/wp-content\/uploads\/La-multiplication-des-pains-et-poissons-Mt16-B9-Mosaique-byzantine-Monreale-227x300.jpg\" alt=\"\" width=\"283\" height=\"374\" srcset=\"https:\/\/image-bible.ch\/wp-content\/uploads\/La-multiplication-des-pains-et-poissons-Mt16-B9-Mosaique-byzantine-Monreale-227x300.jpg 227w, https:\/\/image-bible.ch\/wp-content\/uploads\/La-multiplication-des-pains-et-poissons-Mt16-B9-Mosaique-byzantine-Monreale-775x1024.jpg 775w, https:\/\/image-bible.ch\/wp-content\/uploads\/La-multiplication-des-pains-et-poissons-Mt16-B9-Mosaique-byzantine-Monreale-768x1015.jpg 768w, https:\/\/image-bible.ch\/wp-content\/uploads\/La-multiplication-des-pains-et-poissons-Mt16-B9-Mosaique-byzantine-Monreale-1163x1536.jpg 1163w, https:\/\/image-bible.ch\/wp-content\/uploads\/La-multiplication-des-pains-et-poissons-Mt16-B9-Mosaique-byzantine-Monreale-1550x2048.jpg 1550w, https:\/\/image-bible.ch\/wp-content\/uploads\/La-multiplication-des-pains-et-poissons-Mt16-B9-Mosaique-byzantine-Monreale.jpg 1617w\" sizes=\"(max-width: 283px) 100vw, 283px\" \/><\/p>\n<p>Mosa\u00efque byzantine cath\u00e9drale de Monreale (Sicile)<\/p>\n<p><img loading=\"lazy\" decoding=\"async\" class=\"alignnone  wp-image-7790\" src=\"http:\/\/image-bible.ch\/wp-content\/uploads\/Multiplication-des-pains-et-poissons-300x199.jpg\" alt=\"\" width=\"579\" height=\"384\" srcset=\"https:\/\/image-bible.ch\/wp-content\/uploads\/Multiplication-des-pains-et-poissons-300x199.jpg 300w, https:\/\/image-bible.ch\/wp-content\/uploads\/Multiplication-des-pains-et-poissons-1024x680.jpg 1024w, https:\/\/image-bible.ch\/wp-content\/uploads\/Multiplication-des-pains-et-poissons-768x510.jpg 768w, https:\/\/image-bible.ch\/wp-content\/uploads\/Multiplication-des-pains-et-poissons-1536x1020.jpg 1536w, https:\/\/image-bible.ch\/wp-content\/uploads\/Multiplication-des-pains-et-poissons.jpg 1600w\" sizes=\"(max-width: 579px) 100vw, 579px\" \/><\/p>\n<p>&nbsp;<\/p>\n","protected":false},"excerpt":{"rendered":"<p>B12. La multiplication des pains \/\u00a0 Ic\u00f4nes Multiplication des pains : fresque \u00e9glise orthodoxe de Capharna\u00fcm Mission de Pierre : transmettre le feu de l&rsquo;amour et le multiplier : Ic\u00f4ne de l&rsquo;\u00e9glise St Pierre en Alicante \u00e0 J\u00e9rusalem Mosa\u00efque byzantine<\/p>\n","protected":false},"author":1,"featured_media":0,"parent":0,"menu_order":0,"comment_status":"closed","ping_status":"closed","template":"","meta":{"footnotes":""},"_links":{"self":[{"href":"https:\/\/image-bible.ch\/index.php?rest_route=\/wp\/v2\/pages\/8911"}],"collection":[{"href":"https:\/\/image-bible.ch\/index.php?rest_route=\/wp\/v2\/pages"}],"about":[{"href":"https:\/\/image-bible.ch\/index.php?rest_route=\/wp\/v2\/types\/page"}],"author":[{"embeddable":true,"href":"https:\/\/image-bible.ch\/index.php?rest_route=\/wp\/v2\/users\/1"}],"replies":[{"embeddable":true,"href":"https:\/\/image-bible.ch\/index.php?rest_route=%2Fwp%2Fv2%2Fcomments&post=8911"}],"version-history":[{"count":6,"href":"https:\/\/image-bible.ch\/index.php?rest_route=\/wp\/v2\/pages\/8911\/revisions"}],"predecessor-version":[{"id":8962,"href":"https:\/\/image-bible.ch\/index.php?rest_route=\/wp\/v2\/pages\/8911\/revisions\/8962"}],"wp:attachment":[{"href":"https:\/\/image-bible.ch\/index.php?rest_route=%2Fwp%2Fv2%2Fmedia&parent=8911"}],"curies":[{"name":"wp","href":"https:\/\/api.w.org\/{rel}","templated":true}]}}