{"id":92,"date":"2021-03-01T16:32:12","date_gmt":"2021-03-01T15:32:12","guid":{"rendered":"http:\/\/image-bible.ch\/?page_id=92"},"modified":"2024-08-20T17:06:36","modified_gmt":"2024-08-20T15:06:36","slug":"la-flagellation","status":"publish","type":"page","link":"https:\/\/image-bible.ch\/?page_id=92","title":{"rendered":"F38. La flagellation"},"content":{"rendered":"<p style=\"text-align: center;\"><span style=\"font-size: 14pt; font-family: 'comic sans ms', sans-serif;\">F38 &#8211; La flagellation<\/span><\/p>\n<p><span style=\"font-family: 'comic sans ms', sans-serif;\">| <a href=\"http:\/\/image-bible.ch\/?page_id=1386\" target=\"_blank\" rel=\"noreferrer noopener\">La Bible des Pauvres<\/a> | <a href=\"http:\/\/image-bible.ch\/?page_id=1388\" target=\"_blank\" rel=\"noopener noreferrer\"> Images<\/a> | <a href=\"http:\/\/image-bible.ch\/?page_id=1390\" target=\"_blank\" rel=\"noreferrer noopener\">Nouveau-Testament<\/a> | <a href=\"http:\/\/image-bible.ch\/?page_id=1392\" target=\"_blank\" rel=\"noreferrer noopener\">Ancien-Testament<\/a> | <a href=\"http:\/\/image-bible.ch\/?page_id=1394\" target=\"_blank\" rel=\"noreferrer noopener\">Interpr\u00e9tation<\/a> | <a href=\"http:\/\/image-bible.ch\/?page_id=1396\" target=\"_blank\" rel=\"noreferrer noopener\">Ic\u00f4ne<\/a> | <a href=\"http:\/\/image-bible.ch\/?page_id=1398\" target=\"_blank\" rel=\"noreferrer noopener\">F\u00eate juive et chr\u00e9tienne<\/a> | <a href=\"http:\/\/image-bible.ch\/?page_id=1400\" target=\"_blank\" rel=\"noreferrer noopener\">KT enfants<\/a> | <a href=\"http:\/\/image-bible.ch\/?page_id=1402\" target=\"_blank\" rel=\"noreferrer noopener\">Jeunes<\/a> | <a href=\"http:\/\/image-bible.ch\/?page_id=1404\" target=\"_blank\" rel=\"noreferrer noopener\">Divers Vid\u00e9o &#8211; R\u00e9f\u00e9rences<\/a> |<\/span><\/p>\n<hr \/>\n<p style=\"text-align: center;\"><strong><span style=\"font-family: 'book antiqua', palatino, serif;\">Page de pr\u00e9sentation<\/span><\/strong><\/p>\n<p>Du livre les 40 clefs pour rencontrer J\u00e9sus : <a href=\"http:\/\/image-bible.ch\/wp-content\/uploads\/30-Jesus-flagelle.pdf\">30 J\u00e9sus flagell\u00e9<\/a><\/p>\n<p>Biblia pauperum : <a href=\"http:\/\/image-bible.ch\/wp-content\/uploads\/26-27.-Jesus-couronne-et-flagelle-1.pptx\">26-27. J\u00e9sus couronn\u00e9 et flagell\u00e9<\/a><\/p>\n<p><img loading=\"lazy\" decoding=\"async\" class=\"alignnone size-medium wp-image-5668\" src=\"http:\/\/image-bible.ch\/wp-content\/uploads\/2021\/05\/27.-Flagellation-de-Jesus-196x300.jpg\" alt=\"\" width=\"196\" height=\"300\" srcset=\"https:\/\/image-bible.ch\/wp-content\/uploads\/2021\/05\/27.-Flagellation-de-Jesus-196x300.jpg 196w, https:\/\/image-bible.ch\/wp-content\/uploads\/2021\/05\/27.-Flagellation-de-Jesus.jpg 646w\" sizes=\"(max-width: 196px) 100vw, 196px\" \/><\/p>\n<p><img loading=\"lazy\" decoding=\"async\" class=\"alignnone size-medium wp-image-7081\" src=\"http:\/\/image-bible.ch\/wp-content\/uploads\/13.-Jesus-est-flagelle-Pashur-flagelle-Jeremie-300x266.jpg\" alt=\"\" width=\"300\" height=\"266\" srcset=\"https:\/\/image-bible.ch\/wp-content\/uploads\/13.-Jesus-est-flagelle-Pashur-flagelle-Jeremie-300x266.jpg 300w, https:\/\/image-bible.ch\/wp-content\/uploads\/13.-Jesus-est-flagelle-Pashur-flagelle-Jeremie-1024x908.jpg 1024w, https:\/\/image-bible.ch\/wp-content\/uploads\/13.-Jesus-est-flagelle-Pashur-flagelle-Jeremie-768x681.jpg 768w, https:\/\/image-bible.ch\/wp-content\/uploads\/13.-Jesus-est-flagelle-Pashur-flagelle-Jeremie-1536x1362.jpg 1536w, https:\/\/image-bible.ch\/wp-content\/uploads\/13.-Jesus-est-flagelle-Pashur-flagelle-Jeremie-2048x1815.jpg 2048w\" sizes=\"(max-width: 300px) 100vw, 300px\" \/> Tapisserie de l\u2019abbaye de la Chaise-Dieu (France)<\/p>\n<hr \/>\n<table style=\"border-collapse: collapse; width: 100%; height: 24px;\">\n<tbody>\n<tr style=\"height: 24px;\">\n<td style=\"width: 100%; height: 24px;\"><span style=\"font-size: 10pt;\">F28. <a href=\"http:\/\/image-bible.ch\/?page_id=113\">Entr\u00e9e de J\u00e9sus \u00e0 J\u00e9rusalem<\/a> \u2013 F29. <a href=\"http:\/\/image-bible.ch\/?page_id=2731\" target=\"_blank\" rel=\"noopener noreferrer\">Derni\u00e8re C\u00e8ne<\/a> \u2013 F30. <a href=\"http:\/\/image-bible.ch\/?page_id=2719\" target=\"_blank\" rel=\"noopener noreferrer\">Lavement des pieds<\/a> \u2013 F31. <a href=\"http:\/\/image-bible.ch\/?page_id=2721\" target=\"_blank\" rel=\"noopener noreferrer\">Agonie du Christ \u00e0 Geths\u00e9mani<\/a> \u2013 F32. <a href=\"http:\/\/image-bible.ch\/?page_id=2723\" target=\"_blank\" rel=\"noopener noreferrer\">Judas vend J\u00e9sus<\/a> \u2013 F33. <a href=\"http:\/\/image-bible.ch\/?page_id=2725\" target=\"_blank\" rel=\"noopener noreferrer\">Judas prend l&rsquo;argent<\/a> \u2013 F34. <a href=\"http:\/\/image-bible.ch\/?page_id=2727\" target=\"_blank\" rel=\"noopener noreferrer\">Baiser de Judas &#8211; Arrestation de J\u00e9sus<\/a> \u2013 F35. <a href=\"http:\/\/image-bible.ch\/?page_id=98\" target=\"_blank\" rel=\"noopener noreferrer\">Judas se pend<\/a> \u2013 F36. <a href=\"http:\/\/image-bible.ch\/?page_id=96\" target=\"_blank\" rel=\"noopener noreferrer\">J\u00e9sus devant Pilate<\/a> \u2013 F37. <a href=\"http:\/\/image-bible.ch\/?page_id=94\" target=\"_blank\" rel=\"noopener noreferrer\">Couronne d&rsquo;\u00e9pine &#8211; Moquerie<\/a> \u2013 F38. <a href=\"http:\/\/image-bible.ch\/?page_id=92\" target=\"_blank\" rel=\"noopener noreferrer\">La flagellation<\/a>\u2013 F39. <a href=\"http:\/\/image-bible.ch\/?page_id=90\" target=\"_blank\" rel=\"noopener noreferrer\">J\u00e9sus porte sa croix<\/a> \u2013 F40. <a href=\"http:\/\/image-bible.ch\/?page_id=88\" target=\"_blank\" rel=\"noopener noreferrer\">J\u00e9sus crucifi\u00e9 <\/a>\u00a0\u2013 F41. <a href=\"http:\/\/image-bible.ch\/?page_id=86\" target=\"_blank\" rel=\"noopener noreferrer\">Mort de J\u00e9sus &#8211; C\u00f4t\u00e9 transperc\u00e9<\/a>\u00a0 \u2013 F42. <a href=\"http:\/\/image-bible.ch\/?page_id=84\" target=\"_blank\" rel=\"noopener noreferrer\">Mise au tombeau<\/a> \u2013 F43. <a href=\"http:\/\/image-bible.ch\/?page_id=82\" target=\"_blank\" rel=\"noopener noreferrer\">Descente au s\u00e9jour des morts<\/a><\/span><\/td>\n<\/tr>\n<\/tbody>\n<\/table>\n","protected":false},"excerpt":{"rendered":"<p>F38 &#8211; La flagellation | La Bible des Pauvres | Images | Nouveau-Testament | Ancien-Testament | Interpr\u00e9tation | Ic\u00f4ne | F\u00eate juive et chr\u00e9tienne | KT enfants | Jeunes | Divers Vid\u00e9o &#8211; R\u00e9f\u00e9rences | Page de pr\u00e9sentation Du livre<\/p>\n","protected":false},"author":1,"featured_media":0,"parent":0,"menu_order":0,"comment_status":"closed","ping_status":"closed","template":"","meta":{"footnotes":""},"_links":{"self":[{"href":"https:\/\/image-bible.ch\/index.php?rest_route=\/wp\/v2\/pages\/92"}],"collection":[{"href":"https:\/\/image-bible.ch\/index.php?rest_route=\/wp\/v2\/pages"}],"about":[{"href":"https:\/\/image-bible.ch\/index.php?rest_route=\/wp\/v2\/types\/page"}],"author":[{"embeddable":true,"href":"https:\/\/image-bible.ch\/index.php?rest_route=\/wp\/v2\/users\/1"}],"replies":[{"embeddable":true,"href":"https:\/\/image-bible.ch\/index.php?rest_route=%2Fwp%2Fv2%2Fcomments&post=92"}],"version-history":[{"count":12,"href":"https:\/\/image-bible.ch\/index.php?rest_route=\/wp\/v2\/pages\/92\/revisions"}],"predecessor-version":[{"id":7370,"href":"https:\/\/image-bible.ch\/index.php?rest_route=\/wp\/v2\/pages\/92\/revisions\/7370"}],"wp:attachment":[{"href":"https:\/\/image-bible.ch\/index.php?rest_route=%2Fwp%2Fv2%2Fmedia&parent=92"}],"curies":[{"name":"wp","href":"https:\/\/api.w.org\/{rel}","templated":true}]}}