{"id":96,"date":"2021-03-01T16:32:59","date_gmt":"2021-03-01T15:32:59","guid":{"rendered":"http:\/\/image-bible.ch\/?page_id=96"},"modified":"2024-11-21T13:37:54","modified_gmt":"2024-11-21T12:37:54","slug":"jesus-devant-pilate","status":"publish","type":"page","link":"https:\/\/image-bible.ch\/?page_id=96","title":{"rendered":"F36. J\u00e9sus devant Pilate"},"content":{"rendered":"<p style=\"text-align: center;\"><span style=\"font-size: 14pt; font-family: 'comic sans ms', sans-serif;\">F36 &#8211; J\u00e9sus devant Pilate<\/span><\/p>\n<p><span style=\"font-family: 'comic sans ms', sans-serif;\">| <a href=\"http:\/\/image-bible.ch\/?page_id=1305\" target=\"_blank\" rel=\"noreferrer noopener\">La Bible des Pauvres<\/a> | <a href=\"http:\/\/image-bible.ch\/?page_id=1307\" target=\"_blank\" rel=\"noopener noreferrer\"> Images<\/a> | <a href=\"http:\/\/image-bible.ch\/?page_id=1309\" target=\"_blank\" rel=\"noreferrer noopener\">Nouveau-Testament<\/a> | <a href=\"http:\/\/image-bible.ch\/?page_id=1311\" target=\"_blank\" rel=\"noreferrer noopener\">Ancien-Testament<\/a> | <a href=\"http:\/\/image-bible.ch\/?page_id=1313\" target=\"_blank\" rel=\"noreferrer noopener\">Interpr\u00e9tation<\/a> | <a href=\"http:\/\/image-bible.ch\/?page_id=1317\" target=\"_blank\" rel=\"noreferrer noopener\">Ic\u00f4ne<\/a> | <a href=\"http:\/\/image-bible.ch\/?page_id=1319\" target=\"_blank\" rel=\"noreferrer noopener\">F\u00eate juive et chr\u00e9tienne<\/a> | <a href=\"http:\/\/image-bible.ch\/?page_id=1321\" target=\"_blank\" rel=\"noreferrer noopener\">KT enfants<\/a> | <a href=\"http:\/\/image-bible.ch\/?page_id=1323\" target=\"_blank\" rel=\"noreferrer noopener\">Jeunes<\/a> | <a href=\"http:\/\/image-bible.ch\/?page_id=1325\" target=\"_blank\" rel=\"noreferrer noopener\">Divers Vid\u00e9o &#8211; R\u00e9f\u00e9rences<\/a> |<\/span><\/p>\n<hr \/>\n<p style=\"text-align: center;\"><strong><span style=\"font-family: 'book antiqua', palatino, serif;\">Page de pr\u00e9sentation<\/span><\/strong><\/p>\n<p>Du livre les 40 clefs pour rencontrer J\u00e9sus : <a href=\"http:\/\/image-bible.ch\/wp-content\/uploads\/29.-Condamnation.pdf\">29. Condamnation<\/a><\/p>\n<p>Biblia pauperum : <a href=\"http:\/\/image-bible.ch\/wp-content\/uploads\/25.-Jesus-devant-Pilate.pptx\">25. J\u00e9sus devant Pilate<\/a><\/p>\n<p><img loading=\"lazy\" decoding=\"async\" class=\"alignnone wp-image-5658\" src=\"http:\/\/image-bible.ch\/wp-content\/uploads\/2021\/05\/25.-Jesus-devant-Pilate-191x300.jpg\" alt=\"\" width=\"334\" height=\"524\" srcset=\"https:\/\/image-bible.ch\/wp-content\/uploads\/2021\/05\/25.-Jesus-devant-Pilate-191x300.jpg 191w, https:\/\/image-bible.ch\/wp-content\/uploads\/2021\/05\/25.-Jesus-devant-Pilate.jpg 611w\" sizes=\"(max-width: 334px) 100vw, 334px\" \/><\/p>\n<p><img loading=\"lazy\" decoding=\"async\" class=\"alignnone wp-image-7083\" src=\"http:\/\/image-bible.ch\/wp-content\/uploads\/15.-Jesus-devant-Pilate-les-babyloniens-demande-a-Nabuchodonosor-la-mort-de-Daniel-Jezabel-accuse-Elie-300x264.jpg\" alt=\"\" width=\"583\" height=\"513\" srcset=\"https:\/\/image-bible.ch\/wp-content\/uploads\/15.-Jesus-devant-Pilate-les-babyloniens-demande-a-Nabuchodonosor-la-mort-de-Daniel-Jezabel-accuse-Elie-300x264.jpg 300w, https:\/\/image-bible.ch\/wp-content\/uploads\/15.-Jesus-devant-Pilate-les-babyloniens-demande-a-Nabuchodonosor-la-mort-de-Daniel-Jezabel-accuse-Elie-1024x901.jpg 1024w, https:\/\/image-bible.ch\/wp-content\/uploads\/15.-Jesus-devant-Pilate-les-babyloniens-demande-a-Nabuchodonosor-la-mort-de-Daniel-Jezabel-accuse-Elie-768x676.jpg 768w, https:\/\/image-bible.ch\/wp-content\/uploads\/15.-Jesus-devant-Pilate-les-babyloniens-demande-a-Nabuchodonosor-la-mort-de-Daniel-Jezabel-accuse-Elie-1536x1351.jpg 1536w, https:\/\/image-bible.ch\/wp-content\/uploads\/15.-Jesus-devant-Pilate-les-babyloniens-demande-a-Nabuchodonosor-la-mort-de-Daniel-Jezabel-accuse-Elie-2048x1802.jpg 2048w\" sizes=\"(max-width: 583px) 100vw, 583px\" \/> Tapisserie de l\u2019abbaye de la Chaise-Dieu (France)<\/p>\n<hr \/>\n<table style=\"border-collapse: collapse; width: 100%; height: 24px;\">\n<tbody>\n<tr style=\"height: 24px;\">\n<td style=\"width: 100%; height: 24px;\"><span style=\"font-size: 10pt;\">F28. <a href=\"http:\/\/image-bible.ch\/?page_id=113\">Entr\u00e9e de J\u00e9sus \u00e0 J\u00e9rusalem<\/a> \u2013 F29. <a href=\"http:\/\/image-bible.ch\/?page_id=2731\" target=\"_blank\" rel=\"noopener noreferrer\">Derni\u00e8re C\u00e8ne<\/a> \u2013 F30. <a href=\"http:\/\/image-bible.ch\/?page_id=2719\" target=\"_blank\" rel=\"noopener noreferrer\">Lavement des pieds<\/a> \u2013 F31. <a href=\"http:\/\/image-bible.ch\/?page_id=2721\" target=\"_blank\" rel=\"noopener noreferrer\">Agonie du Christ \u00e0 Geths\u00e9mani<\/a> \u2013 F32. <a href=\"http:\/\/image-bible.ch\/?page_id=2723\" target=\"_blank\" rel=\"noopener noreferrer\">Judas vend J\u00e9sus<\/a> \u2013 F33. <a href=\"http:\/\/image-bible.ch\/?page_id=2725\" target=\"_blank\" rel=\"noopener noreferrer\">Judas prend l&rsquo;argent<\/a> \u2013 F34. <a href=\"http:\/\/image-bible.ch\/?page_id=2727\" target=\"_blank\" rel=\"noopener noreferrer\">Baiser de Judas &#8211; Arrestation de J\u00e9sus<\/a> \u2013 F35. <a href=\"http:\/\/image-bible.ch\/?page_id=98\" target=\"_blank\" rel=\"noopener noreferrer\">Judas se pend<\/a> \u2013 F36. <a href=\"http:\/\/image-bible.ch\/?page_id=96\" target=\"_blank\" rel=\"noopener noreferrer\">J\u00e9sus devant Pilate<\/a> \u2013 F37. <a href=\"http:\/\/image-bible.ch\/?page_id=94\" target=\"_blank\" rel=\"noopener noreferrer\">Couronne d&rsquo;\u00e9pine &#8211; Moquerie<\/a> \u2013 F38. <a href=\"http:\/\/image-bible.ch\/?page_id=92\" target=\"_blank\" rel=\"noopener noreferrer\">La flagellation<\/a>\u2013 F39. <a href=\"http:\/\/image-bible.ch\/?page_id=90\" target=\"_blank\" rel=\"noopener noreferrer\">J\u00e9sus porte sa croix<\/a> \u2013 F40. <a href=\"http:\/\/image-bible.ch\/?page_id=88\" target=\"_blank\" rel=\"noopener noreferrer\">J\u00e9sus crucifi\u00e9 <\/a>\u00a0\u2013 F41. <a href=\"http:\/\/image-bible.ch\/?page_id=86\" target=\"_blank\" rel=\"noopener noreferrer\">Mort de J\u00e9sus &#8211; C\u00f4t\u00e9 transperc\u00e9<\/a>\u00a0 \u2013 F42. <a href=\"http:\/\/image-bible.ch\/?page_id=84\" target=\"_blank\" rel=\"noopener noreferrer\">Mise au tombeau<\/a> \u2013 F43. <a href=\"http:\/\/image-bible.ch\/?page_id=82\" target=\"_blank\" rel=\"noopener noreferrer\">Descente au s\u00e9jour des morts<\/a><\/span><\/td>\n<\/tr>\n<\/tbody>\n<\/table>\n","protected":false},"excerpt":{"rendered":"<p>F36 &#8211; J\u00e9sus devant Pilate | La Bible des Pauvres | Images | Nouveau-Testament | Ancien-Testament | Interpr\u00e9tation | Ic\u00f4ne | F\u00eate juive et chr\u00e9tienne | KT enfants | Jeunes | Divers Vid\u00e9o &#8211; R\u00e9f\u00e9rences | Page de pr\u00e9sentation Du<\/p>\n","protected":false},"author":1,"featured_media":0,"parent":0,"menu_order":0,"comment_status":"closed","ping_status":"closed","template":"","meta":{"footnotes":""},"_links":{"self":[{"href":"https:\/\/image-bible.ch\/index.php?rest_route=\/wp\/v2\/pages\/96"}],"collection":[{"href":"https:\/\/image-bible.ch\/index.php?rest_route=\/wp\/v2\/pages"}],"about":[{"href":"https:\/\/image-bible.ch\/index.php?rest_route=\/wp\/v2\/types\/page"}],"author":[{"embeddable":true,"href":"https:\/\/image-bible.ch\/index.php?rest_route=\/wp\/v2\/users\/1"}],"replies":[{"embeddable":true,"href":"https:\/\/image-bible.ch\/index.php?rest_route=%2Fwp%2Fv2%2Fcomments&post=96"}],"version-history":[{"count":13,"href":"https:\/\/image-bible.ch\/index.php?rest_route=\/wp\/v2\/pages\/96\/revisions"}],"predecessor-version":[{"id":9549,"href":"https:\/\/image-bible.ch\/index.php?rest_route=\/wp\/v2\/pages\/96\/revisions\/9549"}],"wp:attachment":[{"href":"https:\/\/image-bible.ch\/index.php?rest_route=%2Fwp%2Fv2%2Fmedia&parent=96"}],"curies":[{"name":"wp","href":"https:\/\/api.w.org\/{rel}","templated":true}]}}